{"id":110,"date":"2015-04-10T14:02:36","date_gmt":"2015-04-10T12:02:36","guid":{"rendered":"https:\/\/webs.uab.cat\/cieu\/presentacio-3\/"},"modified":"2023-11-15T11:37:38","modified_gmt":"2023-11-15T09:37:38","slug":"presentacio-3","status":"publish","type":"page","link":"https:\/\/webs.uab.cat\/cieu\/ca\/","title":{"rendered":"Presentaci\u00f3"},"content":{"rendered":"\n<p>Benvinguts i benvingudes a la Web del&nbsp;Centre d\u2019Iniciatives Emprenedores Universit\u00e0ries (CIEU)<\/p>\n\n\n\n<p>El CIEU neix a finals del 2008 en el context de l\u2019Escola Universit\u00e0ria de Turisme i Direcci\u00f3 Hotelera (EUTDH, ara part de l&#8217;Escola FUAB formaci\u00f3) de la UAB, amb l\u2019\u00e0nim de fomentar l\u2019esperit emprenedor i la innovaci\u00f3 entre els membres de la comunitat universit\u00e0ria en general. A l&#8217;actualitat el CIEU ofereix els seus serveis especialment a l&#8217;alumnat&nbsp;de&nbsp;l&#8217;Escola FUAB formaci\u00f3 (Turisme i Direcci\u00f3 Hotelera, Prevenci\u00f3 i Seguretat Integral i Arxiv\u00edstica i Gesti\u00f3 de Documents).<\/p>\n\n\n\n<p><strong>\u00bfQu\u00e8 fem?<\/strong><\/p>\n\n\n\n<p>La finalitat principal del CIEU \u00e9s donar el suport necessari a aquells emprenedors i emprenedores de l\u2019\u00e0mbit universitari i especialment de l&#8217;Escola FUAB formaci\u00f3 que vulguin iniciar-se en el m\u00f3n de l\u2019emprenedoria, ja sigui a partir de la creaci\u00f3 d\u2019una empresa o a trav\u00e9s del desenvolupament de les seves actituds emprenedores.<\/p>\n\n\n\n<p>Alhora, el CIEU es proposa analitzar i mesurar l\u2019activitat emprenedora sorgida des de la universitat a trav\u00e9s de la recollida de dades quantitatives.<\/p>\n\n\n\n<p>Finalment, des del CIEU es duen a terme diferents accions encaminades a la formaci\u00f3 i sensibilitzaci\u00f3 de les actituds emprenedores mitjant\u00e7ant diferents activitats (xerrades, pon\u00e8ncies, sessions de formaci\u00f3 o lliuraments de premis).<\/p>\n\n\n\n<p><strong>\u00bfQu\u00e8 oferim?<\/strong><\/p>\n\n\n\n<p>Espec\u00edficament, les accions que es duen a terme des del CIEU es centren en donar informaci\u00f3, assessorament i formaci\u00f3 a aquelles persones que vulguin engegar una iniciativa empresarial, aix\u00ed com oferir activitats i cursos relacionats amb la millora de les compet\u00e8ncies d\u2019emprenedoria i innovaci\u00f3.&nbsp;<\/p>\n\n\n\n<p>Malgrat que els serveis del CIEU s\u00f3n gratu\u00efts per als membres de la comunitat de la UAB, tamb\u00e9 oferim serveis de consultoria a mida (consultar tarifes) per a empreses de nova creaci\u00f3 fent el seguiment dels primers passos en el seu proc\u00e9s de creaci\u00f3 i ajudant a la consolidaci\u00f3.<\/p>\n\n\n\n<p><strong>Per contactar amb nosaltres:<\/strong><\/p>\n\n\n\n<p>E-mail:&nbsp;<a href=\"mailto:cieu.eutdh@uab.cat\">cieu.fuab@uab.cat<\/a><\/p>\n\n\n\n<p>Tel\u00e8fon: 663.090.323&nbsp;<\/p>\n\n\n\n<p>Horari: De dilluns a dijous de 9.00 a 17.00h (concertar cita pr\u00e8via)&nbsp;<\/p>\n\n\n\n<p>Edifici Blanc. Vila Universit\u00e0ria. 08193<br>Bellaterra (Barcelona).<\/p>\n\n\n\n<figure class=\"wp-block-table\"><table><tbody><tr><td><span class=\"inline inline-center\"><img loading=\"lazy\" decoding=\"async\" class=\" size-full wp-image-55\" src=\"https:\/\/webs.uab.cat\/cieu\/wp-content\/uploads\/sites\/219\/2015\/04\/facultadeconomiaempresa-uab_0.jpg\" alt=\"\" width=\"240\" height=\"62\" srcset=\"https:\/\/webs.uab.cat\/cieu\/wp-content\/uploads\/sites\/219\/2015\/04\/facultadeconomiaempresa-uab_0.jpg 438w, https:\/\/webs.uab.cat\/cieu\/wp-content\/uploads\/sites\/219\/2015\/04\/facultadeconomiaempresa-uab_0-300x78.jpg 300w\" sizes=\"auto, (max-width: 240px) 100vw, 240px\" \/><\/span><\/td><td><span style=\"background-color: #ffffcc\"><strong><span class=\"inline inline-center\"><img loading=\"lazy\" decoding=\"async\" class=\" size-full wp-image-58\" src=\"https:\/\/webs.uab.cat\/cieu\/wp-content\/uploads\/sites\/219\/2015\/04\/UABEmpren.jpg\" alt=\"\" width=\"265\" height=\"65\"><\/span><\/strong><\/span><\/td><td><span class=\"inline inline-center\"><img loading=\"lazy\" decoding=\"async\" class=\" size-full wp-image-61\" src=\"https:\/\/webs.uab.cat\/cieu\/wp-content\/uploads\/sites\/219\/2015\/04\/departament_de_empresa-coneixement.png\" alt=\"\" width=\"250\" height=\"61\"><\/span><\/td><td><span style=\"background-color: #ffffcc\"><strong><span class=\"inline inline-center\"><img loading=\"lazy\" decoding=\"async\" class=\" size-full wp-image-64\" src=\"https:\/\/webs.uab.cat\/cieu\/wp-content\/uploads\/sites\/219\/2015\/04\/UnioEuropea.jpg\" alt=\"\" width=\"250\" height=\"59\"><\/span><\/strong><\/span><\/td><\/tr><\/tbody><\/table><\/figure>\n\n\n\n<p><a href=\"https:\/\/clustrmaps.com\/site\/1bsm7\"><img decoding=\"async\" src=\"https:\/\/www3.clustrmaps.com\/stats\/maps-no_clusters\/pagines.uab.cat-cieu--thumb.jpg\" alt=\"Locations of visitors to this page\"><\/a><\/p>\n","protected":false},"excerpt":{"rendered":"<p>Benvinguts i benvingudes a la Web del&nbsp;Centre d\u2019Iniciatives Emprenedores Universit\u00e0ries (CIEU) El CIEU neix a finals del 2008 en el context de l\u2019Escola Universit\u00e0ria de Turisme i Direcci\u00f3 Hotelera (EUTDH, ara part de l&#8217;Escola FUAB formaci\u00f3) de la UAB, amb l\u2019\u00e0nim de fomentar l\u2019esperit emprenedor i la innovaci\u00f3 entre els membres de la comunitat universit\u00e0ria [&hellip;]<\/p>\n","protected":false},"author":20,"featured_media":0,"parent":0,"menu_order":0,"comment_status":"closed","ping_status":"closed","template":"","meta":{"footnotes":""},"class_list":["post-110","page","type-page","status-publish","hentry"],"_links":{"self":[{"href":"https:\/\/webs.uab.cat\/cieu\/ca\/wp-json\/wp\/v2\/pages\/110","targetHints":{"allow":["GET"]}}],"collection":[{"href":"https:\/\/webs.uab.cat\/cieu\/ca\/wp-json\/wp\/v2\/pages"}],"about":[{"href":"https:\/\/webs.uab.cat\/cieu\/ca\/wp-json\/wp\/v2\/types\/page"}],"author":[{"embeddable":true,"href":"https:\/\/webs.uab.cat\/cieu\/ca\/wp-json\/wp\/v2\/users\/20"}],"replies":[{"embeddable":true,"href":"https:\/\/webs.uab.cat\/cieu\/ca\/wp-json\/wp\/v2\/comments?post=110"}],"version-history":[{"count":10,"href":"https:\/\/webs.uab.cat\/cieu\/ca\/wp-json\/wp\/v2\/pages\/110\/revisions"}],"predecessor-version":[{"id":420,"href":"https:\/\/webs.uab.cat\/cieu\/ca\/wp-json\/wp\/v2\/pages\/110\/revisions\/420"}],"wp:attachment":[{"href":"https:\/\/webs.uab.cat\/cieu\/ca\/wp-json\/wp\/v2\/media?parent=110"}],"curies":[{"name":"wp","href":"https:\/\/api.w.org\/{rel}","templated":true}]}}