{"id":36,"date":"2015-03-17T15:51:59","date_gmt":"2015-03-17T13:51:59","guid":{"rendered":"https:\/\/webs.uab.cat\/cieu\/equip-de-treball\/"},"modified":"2022-12-20T17:56:00","modified_gmt":"2022-12-20T15:56:00","slug":"equip-de-treball","status":"publish","type":"page","link":"https:\/\/webs.uab.cat\/cieu\/ca\/equip-de-treball\/","title":{"rendered":"Equip de treball"},"content":{"rendered":"\n<p>El CIEU compta amb un equip de sis persones expertes en emprenedoria.<\/p>\n\n\n\n<figure class=\"wp-block-table\"><table><tbody><tr><td><strong>Andreu Turr\u00f3<\/strong> (Director)<\/td><\/tr><tr><td><span class=\"caption\"><span class=\"inline inline-center\"><img loading=\"lazy\" decoding=\"async\" class=\" size-full wp-image-18\" src=\"https:\/\/webs.uab.cat\/cieu\/wp-content\/uploads\/sites\/219\/2015\/03\/Andreu-Turro.jpg\" alt=\"\" width=\"150\" height=\"113\" srcset=\"https:\/\/webs.uab.cat\/cieu\/wp-content\/uploads\/sites\/219\/2015\/03\/Andreu-Turro.jpg 313w, https:\/\/webs.uab.cat\/cieu\/wp-content\/uploads\/sites\/219\/2015\/03\/Andreu-Turro-300x225.jpg 300w\" sizes=\"auto, (max-width: 150px) 100vw, 150px\" \/><\/span><\/span><\/td><td>Professor Serra-Hunter al Departament d\u2019Empresa de la Universitat Aut\u00f2noma de Barcelona (UAB). Anteriorment va treballar com a professor assistent a la Universitat d\u2019Utrecht (Pa\u00efsos Baixos). Va obtenir el seu Doctorat (International Doctorate in Entrepreneurship and Management -IDEM) a la UAB. \u00c9s llicenciat en Administraci\u00f3 i Direcci\u00f3 d\u2019Empreses i en Investigaci\u00f3 i T\u00e8cniques de Mercat per la UAB, a m\u00e9s va cursar un M\u00e0ster en \u201cMarketing Management\u201d a l\u2019escola de negocis ESADE. La seva recerca estudia els factors condicionants de l\u2019emprenedoria corporativa a trav\u00e9s d\u2019un an\u00e0lisi quantitatiu. T\u00e9 diverses publicacions cient\u00edfiques en aquest camp. Actualment, participa en diversos projectes espanyols i internacionals sobre emprenedoria corporativa. <a href=\"https:\/\/www.researchgate.net\/profile\/Andreu_Turro\" target=\"_blank\" rel=\"noopener\">La seva p\u00e0gina web<\/a>.<\/td><\/tr><tr><td><strong>Maria Noguera<\/strong> (Coordinadora)<\/td><\/tr><tr><td><span class=\"inline inline-center\"><img loading=\"lazy\" decoding=\"async\" class=\" size-full wp-image-21\" src=\"https:\/\/webs.uab.cat\/cieu\/wp-content\/uploads\/sites\/219\/2015\/03\/Maria-Noguera.png\" alt=\"\" width=\"150\" height=\"186\"><\/span><\/td><td>Directora i professora de Turisme i Direcci\u00f3 Hotelera a l\u2019Escola FUAB formaci\u00f3 de la Universitat Aut\u00f2noma de Barcelona (UAB). Va obtenir el seu Doctorat (International Doctorate in Entrepreneurship and Management -IDEM) a la UAB. Les seves \u00e0rees d\u2019investigaci\u00f3 estan focalitzades en la creaci\u00f3 d\u2019empreses i m\u00e9s espec\u00edficament en els factors de l\u2019entorn que condicionen l\u2019emprenedoria femenina, utilitzant una aproximaci\u00f3 institucional. T\u00e9 diverses publicacions cient\u00edfiques en aquest camp. Forma part del Centre d\u2019Iniciatives Emprenedores (CIEU) des de la seva creaci\u00f3, participant activament en projectes relacionats amb la creaci\u00f3 d\u2019empreses. <a href=\"https:\/\/www.researchgate.net\/profile\/Maria_Noguera4\" target=\"_blank\" rel=\"noopener\">La seva p\u00e0gina web<\/a>.<\/td><\/tr><tr><td><strong>Sebastian Aparicio<\/strong> (Membre del Equip t\u00e8cnic)<\/td><\/tr><tr><td><span class=\"inline inline-center\"><img loading=\"lazy\" decoding=\"async\" class=\" size-full wp-image-24\" src=\"https:\/\/webs.uab.cat\/cieu\/wp-content\/uploads\/sites\/219\/2015\/03\/Sebastian-Aparicio.jpg\" alt=\"\" width=\"150\" height=\"145\"><\/span><\/td><td>Professor Serra-Hunter al Departament d\u2019Empresa de la Universitat Aut\u00f2noma de Barcelona (UAB). Anteriorment va treballar com a professor assistent a Durham University Business School (Regne Unit). Va obtenir el seu Doctorat (International Doctorate in Entrepreneurship and Management -IDEM) a la UAB. \u00c9s llicenciat en Economia per la Universidad de Antioquia (Col\u00f2mbia), t\u00e9 un M\u00e0ster en Economia per la Universidad EAFIT (Col\u00f2mbia) i un M\u00e0ster en Economia i Empresa (MAREB) per la UAB. La seva recerca estudia els factors condicionants de l\u2019activitat emprenedora i els seus impactes en el creixement i desenvolupament econ\u00f2mic. Posseeix diverses publicacions acad\u00e8miques en aquest camp. Actualment, \u00e9s el T\u00e8cnic d\u2019Emprenedoria al CIEU. <a href=\"https:\/\/sebastian-aparicio.com\" target=\"_blank\" rel=\"noopener\">La seva p\u00e0gina web<\/a>.<\/td><\/tr><tr><td><strong>Tatiana L\u00f3pez<\/strong> (Membre del Equip t\u00e8cnic)<\/td><\/tr><tr><td><span class=\"inline inline-center\"><img loading=\"lazy\" decoding=\"async\" class=\" size-full wp-image-27\" src=\"https:\/\/webs.uab.cat\/cieu\/wp-content\/uploads\/sites\/219\/2015\/03\/tatiana_lopez.jpg\" alt=\"\" width=\"150\" height=\"186\"><\/span><\/td><td>Professora de la Escola FUAB Formaci\u00f3. Va obtenir el seu Doctorat (International Doctorate in Entrepreneurship and Management -IDEM) a la UAB. \u00c9s Economista i M\u00e0ster en Ci\u00e8ncies de l&#8217;Administraci\u00f3 per la Universitat EAFIT (Col\u00f2mbia). La seva recerca es centra en l&#8217;estudi de l&#8217;impacte de les dimensions institucionals en l&#8217;activitat emprenedora en diferents contextos, a trav\u00e9s d&#8217;una an\u00e0lisi quantitativa. A m\u00e9s, tamb\u00e9 est\u00e0 interessada en l&#8217;an\u00e0lisi de la influ\u00e8ncia de l&#8217;educaci\u00f3 en les intencions emprenedores dels estudiants universitaris. T\u00e9 diverses publicacions cient\u00edfiques en aquest camp. Actualment participa en diversos projectes internacionals i \u00e9s membre de l&#8217;equip t\u00e8cnic del CIEU.&nbsp;<a href=\"https:\/\/www.researchgate.net\/profile\/Tatiana_Lopez15\" target=\"_blank\" rel=\"noopener\">La seva p\u00e0gina web<\/a>.<\/td><\/tr><tr><td><strong>Jairo Orozco<\/strong> (Membre del Equip t\u00e8cnico &#8211; Facultat d&#8217;Economia i Empresa)<\/td><\/tr><tr><td><span class=\"caption\"><span class=\"inline inline-center\"><img loading=\"lazy\" decoding=\"async\" class=\" size-full wp-image-30\" src=\"https:\/\/webs.uab.cat\/cieu\/wp-content\/uploads\/sites\/219\/2015\/03\/jairo_orozco.png\" alt=\"\" width=\"150\" height=\"113\"><\/span><\/span><\/td><td>Estudiant de l&#8217;International Doctorate in Entrepreneurship and Management (IDEM) a la UAB. Treballa com a professor de l&#8217;Institut per l\u2019Emprenedoria Sostenible de la Universitat EAN. \u00c9s economista de la Universitat de Cartagena, M\u00e0ster en Innovaci\u00f3 de la Universitat Tecnol\u00f2gica de Bol\u00edvar i M\u00e0ster en Applied Research in Economics and Business de la Universitat Aut\u00f2noma de Barcelona. La seva recerca se centra en l&#8217;emprenedoria corporatiu i els seus determinants institucionals. T\u00e9 experi\u00e8ncia en disseny i execuci\u00f3 de programes d&#8217;incubaci\u00f3 d&#8217;empreses i d&#8217;estrat\u00e8gia de negocis.&nbsp;<a href=\"https:\/\/www.researchgate.net\/profile\/Jairo_Orozco2\" target=\"_blank\" rel=\"noopener\">La seva p\u00e0gina web<\/a>.<\/td><\/tr><tr><td><strong>David Urbano<\/strong> (Membre honorari i Fundador)<\/td><\/tr><tr><td><img loading=\"lazy\" decoding=\"async\" class=\" size-full wp-image-33\" src=\"https:\/\/webs.uab.cat\/cieu\/wp-content\/uploads\/sites\/219\/2015\/03\/davidurbano_picture_sent.jpg\" alt=\"\" width=\"156\" height=\"231\" srcset=\"https:\/\/webs.uab.cat\/cieu\/wp-content\/uploads\/sites\/219\/2015\/03\/davidurbano_picture_sent.jpg 810w, https:\/\/webs.uab.cat\/cieu\/wp-content\/uploads\/sites\/219\/2015\/03\/davidurbano_picture_sent-203x300.jpg 203w, https:\/\/webs.uab.cat\/cieu\/wp-content\/uploads\/sites\/219\/2015\/03\/davidurbano_picture_sent-691x1024.jpg 691w, https:\/\/webs.uab.cat\/cieu\/wp-content\/uploads\/sites\/219\/2015\/03\/davidurbano_picture_sent-768x1138.jpg 768w\" sizes=\"auto, (max-width: 156px) 100vw, 156px\" \/><\/td><td>Professor Catedr\u00e0tic i ICREA-Academia (Departament d\u2019Empresa, Facultat d&#8217;Economia i Empresa). Tamb\u00e9 \u00e9s Sotsdirector del Centre d&#8217;Estudis i de Recerca en Emprenedoria i Innovaci\u00f3 Social (CREIS) i actualment forma part de la junta directiva del l&#8217;European Council for Small Business and Entrepreneurship (ECSB). La seva recerca es centra principalment en la creaci\u00f3 d\u2019empreses, concretament en els factors que condicionen l\u2019activitat emprenedora en diferents contextos, des d&#8217;una perspectiva institucional i utilitzant tant metodologia quantitativa com qualitativa. Compta amb un gran nombre de publicacions en revistes internacionals, participa en varis projectes internacionals (GEM, PSED, GUESSS) i visita regularment la Haas School of Business (University of California, Berkeley). &nbsp;<a href=\"https:\/\/www.davidurbano.eu\" target=\"_blank\" rel=\"noopener\">La seva p\u00e0gina web<\/a>.<\/td><\/tr><\/tbody><\/table><\/figure>\n\n\n\n<p>Directora serveis docents: Maria Espadal\u00e9<\/p>\n\n\n\n<p><span style=\"line-height: 20.799999237060547px;\">A m\u00e9s, des de la seva creaci\u00f3, el CIEU ha comptat amb la col\u00b7laboraci\u00f3 i participaci\u00f3 de varis&nbsp;<\/span><span style=\"line-height: 20.799999237060547px;\">col\u00b7laboradors\/es:<\/span><\/p>\n\n\n\n<p>Claudia \u00c1lvarez i Eduardo G\u00f3mez&nbsp;(co-fundadors), N\u00faria Toledano,&nbsp;Francesc Uroz, Marc Bernadich,&nbsp;Elisabet Ferri i Victor Querol.<\/p>\n","protected":false},"excerpt":{"rendered":"<p>El CIEU compta amb un equip de sis persones expertes en emprenedoria. Andreu Turr\u00f3 (Director) Professor Serra-Hunter al Departament d\u2019Empresa de la Universitat Aut\u00f2noma de Barcelona (UAB). Anteriorment va treballar com a professor assistent a la Universitat d\u2019Utrecht (Pa\u00efsos Baixos). Va obtenir el seu Doctorat (International Doctorate in Entrepreneurship and Management -IDEM) a la UAB. [&hellip;]<\/p>\n","protected":false},"author":20,"featured_media":0,"parent":0,"menu_order":0,"comment_status":"closed","ping_status":"closed","template":"","meta":{"footnotes":""},"class_list":["post-36","page","type-page","status-publish","hentry"],"_links":{"self":[{"href":"https:\/\/webs.uab.cat\/cieu\/ca\/wp-json\/wp\/v2\/pages\/36","targetHints":{"allow":["GET"]}}],"collection":[{"href":"https:\/\/webs.uab.cat\/cieu\/ca\/wp-json\/wp\/v2\/pages"}],"about":[{"href":"https:\/\/webs.uab.cat\/cieu\/ca\/wp-json\/wp\/v2\/types\/page"}],"author":[{"embeddable":true,"href":"https:\/\/webs.uab.cat\/cieu\/ca\/wp-json\/wp\/v2\/users\/20"}],"replies":[{"embeddable":true,"href":"https:\/\/webs.uab.cat\/cieu\/ca\/wp-json\/wp\/v2\/comments?post=36"}],"version-history":[{"count":1,"href":"https:\/\/webs.uab.cat\/cieu\/ca\/wp-json\/wp\/v2\/pages\/36\/revisions"}],"predecessor-version":[{"id":208,"href":"https:\/\/webs.uab.cat\/cieu\/ca\/wp-json\/wp\/v2\/pages\/36\/revisions\/208"}],"wp:attachment":[{"href":"https:\/\/webs.uab.cat\/cieu\/ca\/wp-json\/wp\/v2\/media?parent=36"}],"curies":[{"name":"wp","href":"https:\/\/api.w.org\/{rel}","templated":true}]}}