{"id":37,"date":"2015-03-17T16:54:45","date_gmt":"2015-03-17T14:54:45","guid":{"rendered":"https:\/\/webs.uab.cat\/cieu\/linies-de-recerca\/"},"modified":"2024-06-15T17:17:34","modified_gmt":"2024-06-15T15:17:34","slug":"linies-de-recerca","status":"publish","type":"page","link":"https:\/\/webs.uab.cat\/cieu\/ca\/linies-de-recerca\/","title":{"rendered":"L\u00ednies de recerca"},"content":{"rendered":"<p>Aquestes s\u00f3n les l\u00ednies de recerca que ha desenvolupat el quipo del CIEU juntament amb col\u00b7laboradors.<\/p>\n<p><span class=\"doclink\">* <a href=\"https:\/\/webs.uab.cat\/cieu\/ca\/factors-condicionants-de-lactivitat-emprenedora\/\" target=\"_blank\" rel=\"noopener\">Factors condicionants de l&#8217;activitat emprenedora<\/a>.<\/span><\/p>\n<p><span style=\"line-height: 20.799999237060547px\">* <a href=\"https:\/\/webs.uab.cat\/cieu\/ca\/universitats-emprenedores-i-actituds-cap-lemprenedoria\/\" target=\"_blank\" rel=\"noopener\">Universitats emprenedores i actituds cap a l&#8217;emprenedoria<\/a>.\u00a0<\/span><\/p>\n<p><span style=\"line-height: 20.799999237060547px\">* <a href=\"https:\/\/webs.uab.cat\/cieu\/ca\/emprenedoria-social-i-empresariat-immigrant\/\" target=\"_blank\" rel=\"noopener\">Emprenedoria social i empresariat immigrant<\/a>.<\/span><\/p>\n<p><span style=\"line-height: 20.799999237060547px\">* <a href=\"https:\/\/webs.uab.cat\/cieu\/ca\/dona-emprenedora\/\" target=\"_blank\" rel=\"noopener\">Dona emprenedora<\/a>.<\/span><\/p>\n<p><span style=\"line-height: 20.799999237060547px\">* <a href=\"https:\/\/webs.uab.cat\/cieu\/ca\/empresa-familiar\/\" target=\"_blank\" rel=\"noopener\">Empresa familiar<\/a>.<\/span><\/p>\n<p><span style=\"line-height: 20.799999237060547px\">* <a href=\"https:\/\/webs.uab.cat\/cieu\/ca\/intraemprenedoria\/\" target=\"_blank\" rel=\"noopener\">Intraemprenedoria<\/a>.<\/span><\/p>\n<p><span style=\"line-height: 20.799999237060547px\">* <a href=\"https:\/\/webs.uab.cat\/cieu\/ca\/activitat-emprenedora-i-desenvolupament-economic\/\" target=\"_blank\" rel=\"noopener\">Activitat emprenedora i desenvolupament econ\u00f2mic<\/a>.<\/span><\/p>\n<p><span style=\"line-height: 20.799999237060547px\">* Activitat emprenedora en Turisme.<\/span><\/p>\n<p><span style=\"line-height: 20.799999237060547px\">* <a href=\"https:\/\/webs.uab.cat\/cieu\/ca\/tesi-de-doctorat-defensades\/\" target=\"_blank\" rel=\"noopener\">Tesi de doctorat defensades<\/a>.<\/span><\/p>\n","protected":false},"excerpt":{"rendered":"<p>Aquestes s\u00f3n les l\u00ednies de recerca que ha desenvolupat el quipo del CIEU juntament amb col\u00b7laboradors. * Factors condicionants de l&#8217;activitat emprenedora. * Universitats emprenedores i actituds cap a l&#8217;emprenedoria.\u00a0 * Emprenedoria social i empresariat immigrant. * Dona emprenedora. * Empresa familiar. * Intraemprenedoria. * Activitat emprenedora i desenvolupament econ\u00f2mic. * Activitat emprenedora en Turisme. [&hellip;]<\/p>\n","protected":false},"author":20,"featured_media":0,"parent":0,"menu_order":0,"comment_status":"closed","ping_status":"closed","template":"","meta":{"footnotes":""},"class_list":["post-37","page","type-page","status-publish","hentry"],"_links":{"self":[{"href":"https:\/\/webs.uab.cat\/cieu\/ca\/wp-json\/wp\/v2\/pages\/37","targetHints":{"allow":["GET"]}}],"collection":[{"href":"https:\/\/webs.uab.cat\/cieu\/ca\/wp-json\/wp\/v2\/pages"}],"about":[{"href":"https:\/\/webs.uab.cat\/cieu\/ca\/wp-json\/wp\/v2\/types\/page"}],"author":[{"embeddable":true,"href":"https:\/\/webs.uab.cat\/cieu\/ca\/wp-json\/wp\/v2\/users\/20"}],"replies":[{"embeddable":true,"href":"https:\/\/webs.uab.cat\/cieu\/ca\/wp-json\/wp\/v2\/comments?post=37"}],"version-history":[{"count":1,"href":"https:\/\/webs.uab.cat\/cieu\/ca\/wp-json\/wp\/v2\/pages\/37\/revisions"}],"predecessor-version":[{"id":501,"href":"https:\/\/webs.uab.cat\/cieu\/ca\/wp-json\/wp\/v2\/pages\/37\/revisions\/501"}],"wp:attachment":[{"href":"https:\/\/webs.uab.cat\/cieu\/ca\/wp-json\/wp\/v2\/media?parent=37"}],"curies":[{"name":"wp","href":"https:\/\/api.w.org\/{rel}","templated":true}]}}