{"id":45,"date":"2015-03-18T11:14:33","date_gmt":"2015-03-18T09:14:33","guid":{"rendered":"https:\/\/webs.uab.cat\/cieu\/recursos-bibliografics\/"},"modified":"2015-03-18T11:14:33","modified_gmt":"2015-03-18T09:14:33","slug":"recursos-bibliografics","status":"publish","type":"page","link":"https:\/\/webs.uab.cat\/cieu\/ca\/recursos-bibliografics\/","title":{"rendered":"Recursos bibliogr\u00e0fics"},"content":{"rendered":"<p>En aquesta p\u00e0gina trobareu una serie de fitxers que serveixen para la creaci\u00f3 d&#8217;una empresa i per entendre el fenomen de l&#8217;emprenedoria.<\/p>\n<p>* <a href=\"https:\/\/1drv.ms\/b\/s!Ar8hUi6ayNTcgQD8eYxltW5ewwEE\" target=\"_blank\" rel=\"noopener\">Guia per a l&#8217;elaboraci\u00f3 del pla d&#8217;empresa<\/a>.<\/p>\n<p>*&nbsp;<a href=\"https:\/\/onedrive.live.com\/redir?resid=DCD4C89A2E5221BF!132&amp;authkey=!AEkXWVeT3FLbHnc&amp;ithint=file%2cpdf\" target=\"_blank\" rel=\"noopener\">Guia per a l&#8217;elaboraci\u00f3 del pla d&#8217;empresa (versi\u00f3 adaptada al castell\u00e0)<\/a>.<\/p>\n<p>*&nbsp;<a href=\"https:\/\/1drv.ms\/b\/s!Ar8hUi6ayNTcfI3jstY8DMtjPrM\" target=\"_blank\" rel=\"noopener\">Formes Societ\u00e0ries. Pros i Contres<\/a>.<\/p>\n<p>*&nbsp;<a href=\"https:\/\/onedrive.live.com\/redir?resid=DCD4C89A2E5221BF!125&amp;authkey=!ADUXi_qlDVv5kaw&amp;ithint=file%2cpdf\" target=\"_blank\" rel=\"noopener\">Elecci\u00f3 de la forma societ\u00e0ria<\/a>.<\/p>\n<p>*&nbsp;<a href=\"https:\/\/onedrive.live.com\/redir?resid=DCD4C89A2E5221BF!129&amp;authkey=!ACgbVYSCxEe9okY&amp;ithint=file%2cpdf\" target=\"_blank\" rel=\"noopener\">El Pla de mercat (I Part)<\/a>.<\/p>\n<p>*&nbsp;<a href=\"https:\/\/onedrive.live.com\/redir?resid=DCD4C89A2E5221BF!130&amp;authkey=!APe7RgQ4qt7OCEc&amp;ithint=file%2cpdf\" target=\"_blank\" rel=\"noopener\">El Pla de mercat (II Part)<\/a>.<\/p>\n<p>*&nbsp;<a href=\"https:\/\/onedrive.live.com\/redir?resid=DCD4C89A2E5221BF!136&amp;authkey=!AGiqdLrQH_nWBkE&amp;ithint=file%2cpdf\" target=\"_blank\" rel=\"noopener\">La Idea Emprenedora<\/a>.<\/p>\n<p>*&nbsp;<a href=\"https:\/\/1drv.ms\/b\/s!Ar8hUi6ayNTcgQVw7PK9FNsQRjLd\" target=\"_blank\" rel=\"noopener\">Tr\u00e0mits legals per a la creaci\u00f3 d&#8217;una empresa<\/a>.<\/p>\n<p>*&nbsp;<a href=\"https:\/\/1drv.ms\/b\/s!Ar8hUi6ayNTcgQaNd0fWCX75FMk7\" target=\"_blank\" rel=\"noopener\">La tributaci\u00f3 dels beneficis a l&#8217;IRPF<\/a>.<\/p>\n<p>*&nbsp;<a href=\"https:\/\/1drv.ms\/b\/s!Ar8hUi6ayNTcf2Sf-FUttWVFz-M\" target=\"_blank\" rel=\"noopener\">Eines per elaborar el model de negoci<\/a>.<\/p>\n<p>*&nbsp;<a href=\"https:\/\/1drv.ms\/x\/s!Ar8hUi6ayNTcgQpnx7ljklhXuvNp\" target=\"_blank\" rel=\"noopener\">Pla econ\u00f2mic &#8211; financer<\/a>.<\/p>\n<p>*&nbsp;<a href=\"https:\/\/1drv.ms\/x\/s!Ar8hUi6ayNTcgQpnx7ljklhXuvNp\" target=\"_blank\" rel=\"noopener\">Exemple de pla econ\u00f2mic &#8211; financer<\/a>.<\/p>\n<p>*&nbsp;<a href=\"https:\/\/1drv.ms\/b\/s!Ar8hUi6ayNTcgQQN_r_JC3CqnPHV\" target=\"_blank\" rel=\"noopener\">Exemple de pla d&#8217;empresa (versi\u00f3 castell\u00e0)<\/a>.<\/p>\n<p>*&nbsp;<a href=\"https:\/\/1drv.ms\/b\/s!Ar8hUi6ayNTcgQOylj5onUHjCFdx\" target=\"_blank\" rel=\"noopener\">Exemple de pla d&#8217;empresa (versi\u00f3 angl\u00e8s)<\/a>.<\/p>\n<p>&nbsp;<\/p>\n<p><strong>Documents CIEU<\/strong><\/p>\n<p><span>*&nbsp;<\/span><a href=\"https:\/\/1drv.ms\/b\/s!Ar8hUi6ayNTcgQ7yMh7kHNtpobm0\" target=\"_blank\" rel=\"noopener\">Formes Jur\u00eddiques<\/a>.<\/p>\n<p>*&nbsp;<a href=\"https:\/\/1drv.ms\/b\/s!Ar8hUi6ayNTcgQ9AtOv-ja_URrV3\" target=\"_blank\" rel=\"noopener\">Recursos Financers<\/a>.<\/p>\n<p>*&nbsp;<a href=\"https:\/\/1drv.ms\/b\/s!Ar8hUi6ayNTcgRC7c9SDFxY6GAYU\" target=\"_blank\" rel=\"noopener\">El model de negoci CANVAS<\/a>.<\/p>\n<p>*&nbsp;<a href=\"https:\/\/1drv.ms\/b\/s!Ar8hUi6ayNTcgQy893YOR5PhxwMo\" target=\"_blank\" rel=\"noopener\">Consells per crear una empresa<\/a>.<\/p>\n<p>*&nbsp;<a href=\"https:\/\/1drv.ms\/x\/s!Ar8hUi6ayNTcgQ2nbdAM6_c3TMLW\" target=\"_blank\" rel=\"noopener\">Pla econ\u00f2mic &#8211; financer (versi\u00f3 modificable)<\/a>.<\/p>\n<p>&nbsp;<\/p>\n<p><strong>Glossaris<\/strong><\/p>\n<p><span>*&nbsp;<\/span><a href=\"https:\/\/1drv.ms\/b\/s!Ar8hUi6ayNTcgRMctquaHi-kG71Q\" target=\"_blank\" rel=\"noopener\">Glossari d&#8217;Emprenedoria i Innovaci\u00f3<\/a>.<\/p>\n<p>*&nbsp;<a href=\"https:\/\/1drv.ms\/b\/s!Ar8hUi6ayNTcgRIwFjV_1OOYLuN5\" target=\"_blank\" rel=\"noopener\">Glossari d&#8217;Instruments Financers<\/a>.<\/p>\n<p>*&nbsp;<a href=\"https:\/\/www.ccsenet.org\/journal\/index.php\/ijel\/article\/viewFile\/69436\/38496\" target=\"_blank\" rel=\"noopener\">Conceptualitzant l&#8217;Emprenedoria en la literatura de l&#8217;Economia Cl\u00e0ssica\u200b, per&nbsp;Petur&nbsp;O. Jonsson<\/a>.<\/p>\n<p>&nbsp;<\/p>\n<p><strong>Llibres i informes<\/strong><\/p>\n<p><strong>*&nbsp;<\/strong><a href=\"https:\/\/1drv.ms\/b\/s!Ar8hUi6ayNTcgRZnSsXHsjEQtnD0\" target=\"_blank\" rel=\"noopener\">La creaci\u00f3 d&#8217;empreses a Catalunya<\/a>.<\/p>\n<p>* <a href=\"https:\/\/gemspain-my.sharepoint.com\/:b:\/g\/personal\/comunicacion_gem-spain_com\/ESjLJkgxAMFCjgSR36vLH1MB2VcrzsWTgGq-vqwuskAZRA?e=fZjaqu\" target=\"_blank\" rel=\"noopener\">Informe executiu GEM 2021-2022. Espanya<\/a>.<\/p>\n<p>* <a href=\"https:\/\/gemspain-my.sharepoint.com\/:b:\/g\/personal\/comunicacion_gem-spain_com\/EZzkSTqa9u9JiVa2-KWI9XoBAICth0TkVXSGmaWp5Bdisg?e=HaRipq\" target=\"_blank\" rel=\"noopener\">Informe executiu GEM 2020-2021. Espanya<\/a>.<\/p>\n<p>* <a href=\"https:\/\/gemspain-my.sharepoint.com\/:b:\/g\/personal\/comunicacion_gem-spain_com\/EQSqmQ34SntJqXsm3VFmKQMBnL3LMa293n7w48lgA_quGA?e=gYo1Cc\" target=\"_blank\" rel=\"noopener\">Informe executiu GEM 2019-2020. Espanya<\/a>.<\/p>\n<p>* <a href=\"https:\/\/gemspain-my.sharepoint.com\/personal\/comunicacion_gem-spain_com\/_layouts\/15\/onedrive.aspx?ga=1&amp;id=%2Fpersonal%2Fcomunicacion%5Fgem%2Dspain%5Fcom%2FDocuments%2FINFORMES%2FNACIONALES%2FInformes%2FInforme%20GEM%20Espa\u00f1a%202018%2D2019%2Epdf&amp;parent=%2Fpersonal%2Fcomunicacion%5Fgem%2Dspain%5Fcom%2FDocuments%2FINFORMES%2FNACIONALES%2FInformes\" target=\"_blank\" rel=\"noopener\">Informe executiu GEM 2018-2019. Espanya.<\/a><\/p>\n<p><span>*&nbsp;<\/span><a href=\"https:\/\/1drv.ms\/b\/s!Ao0Ind4CAWeygqhLq1gidHdOaIvDkg\" target=\"_blank\" rel=\"noopener\">Informe executiu GEM 2017-2018. Espanya<\/a><span>.<\/span><\/p>\n<p><span>*&nbsp;<\/span><a href=\"https:\/\/1drv.ms\/b\/s!Ao0Ind4CAWeygp0oYZeDl5f7L3Hc2Q\" target=\"_blank\" rel=\"noopener\">Informe executiu GEM 2016. Espanya<\/a><span>.<\/span><\/p>\n<p><span>*&nbsp;<\/span><a href=\"https:\/\/1drv.ms\/b\/s!Ar8hUi6ayNTcgkn4jIkAeT0Q0BJx\" target=\"_blank\" rel=\"noopener\">Informe executiu GEM 2015. Espanya<\/a><span>.<\/span><\/p>\n<p>* <a href=\"https:\/\/1drv.ms\/b\/s!Ar8hUi6ayNTcgSHDNo2V_i52IWCe\" target=\"_blank\" rel=\"noopener\">Informe executiu GEM 2014. Espanya<\/a>.<\/p>\n<p>*&nbsp;<a href=\"https:\/\/onedrive.live.com\/redir?resid=DCD4C89A2E5221BF!158&amp;authkey=!AAmdu0qyfBg9TG8&amp;ithint=file%2cpdf\" target=\"_blank\" rel=\"noopener\">Informe executiu GEM 2013. Espanya<\/a>.<\/p>\n<p>*&nbsp;<a href=\"https:\/\/1drv.ms\/b\/s!Ar8hUi6ayNTcgRzm7mX3txKP2RIF\" target=\"_blank\" rel=\"noopener\">Informe executiu GEM 2012. Espanya<\/a>.<\/p>\n<p>*&nbsp;<a href=\"https:\/\/1drv.ms\/b\/s!Ar8hUi6ayNTcgRt0wGH4k2rG7vXq\" target=\"_blank\" rel=\"noopener\">Informe executiu GEM 2011. Espanya<\/a>.<\/p>\n<p>*&nbsp;<a href=\"https:\/\/1drv.ms\/b\/s!Ar8hUi6ayNTcgRcI7MQ6GJTBegjS\" target=\"_blank\" rel=\"noopener\">Informe executiu GEM 2010. Espanya<\/a>.<\/p>\n<p>* <a href=\"https:\/\/gemspain-my.sharepoint.com\/personal\/comunicacion_gem-spain_com\/_layouts\/15\/onedrive.aspx?ga=1&amp;id=%2Fpersonal%2Fcomunicacion%5Fgem%2Dspain%5Fcom%2FDocuments%2FINFORMES%2FREGIONALES%2FCatalu\u00f1a%2FInforme%5FGEM%5FCatalu\u00f1a%5F2020%2D2021%2Epdf&amp;parent=%2Fpersonal%2Fcomunicacion%5Fgem%2Dspain%5Fcom%2FDocuments%2FINFORMES%2FREGIONALES%2FCatalu\u00f1a\" target=\"_blank\" rel=\"noopener\">Informe executiu GEM 2020-2021. Catalunya.<\/a><\/p>\n<p>* <a href=\"https:\/\/gemspain-my.sharepoint.com\/personal\/comunicacion_gem-spain_com\/_layouts\/15\/onedrive.aspx?ga=1&amp;id=%2Fpersonal%2Fcomunicacion%5Fgem%2Dspain%5Fcom%2FDocuments%2FINFORMES%2FREGIONALES%2FCatalu\u00f1a%2FInforme%5FGEM%5FCatalu\u00f1a%5F2018%2D2019%2Epdf&amp;parent=%2Fpersonal%2Fcomunicacion%5Fgem%2Dspain%5Fcom%2FDocuments%2FINFORMES%2FREGIONALES%2FCatalu\u00f1a\" target=\"_blank\" rel=\"noopener\">Informe executiu GEM 2018-2019. Catalunya.<\/a><\/p>\n<p><a href=\"https:\/\/1drv.ms\/b\/s!Ao0Ind4CAWeygqhKLDJAkpjEAo0XvQ\" target=\"_blank\" rel=\"noopener\"><span>*&nbsp;<\/span>Informe executiu GEM 2016. Catalunya<span>.<\/span><\/a><\/p>\n<p><a href=\"https:\/\/1drv.ms\/b\/s!Ar8hUi6ayNTcgkrZQJeOC4TzhR1b\" target=\"_blank\" rel=\"noopener\"><span>*&nbsp;<\/span>Informe executiu GEM 2015. Catalunya<span>.<\/span><\/a><\/p>\n<p><a href=\"https:\/\/1drv.ms\/b\/s!Ar8hUi6ayNTcgSLLt-mNidOwm-G7\" target=\"_blank\" rel=\"noopener\"><span>*&nbsp;<\/span>Informe executiu GEM 2014. Catalunya<span>.<\/span><\/a><\/p>\n<p><a href=\"https:\/\/vk8qzw.bn1301.livefilestore.com\/y3mR71QU4CvQbM0PX0vephiaivS_MgoAIK7hN6ZH4uSvor4t1IXIVyr58XYJsgYtnjmj-LpoiIoyfK6FykE3QwNCzzDMfcTv30EcWVxcosugiEbP3j8G54NY7r65QoEXhqk-9vkd4nptR5sL_7vx66gNQ\/Informe_GEM_cataluna_2014.pdf?psid=1\">*&nbsp;<\/a><a href=\"https:\/\/onedrive.live.com\/redir?resid=DCD4C89A2E5221BF!157&amp;authkey=!AOToGc9kFwPKB9M&amp;ithint=file%2cpdf\" target=\"_blank\" rel=\"noopener\">Informe executiu GEM 2013. Catalunya<\/a><a href=\"https:\/\/vk8qzw.bn1301.livefilestore.com\/y3mR71QU4CvQbM0PX0vephiaivS_MgoAIK7hN6ZH4uSvor4t1IXIVyr58XYJsgYtnjmj-LpoiIoyfK6FykE3QwNCzzDMfcTv30EcWVxcosugiEbP3j8G54NY7r65QoEXhqk-9vkd4nptR5sL_7vx66gNQ\/Informe_GEM_cataluna_2014.pdf?psid=1\">.<\/a><\/p>\n<p>*&nbsp;<a href=\"https:\/\/1drv.ms\/b\/s!Ar8hUi6ayNTcgRcI7MQ6GJTBegjS\" target=\"_blank\" rel=\"noopener\">Informe executiu GEM 2012. Catalunya<\/a>.<\/p>\n<p>*&nbsp;<a href=\"https:\/\/1drv.ms\/b\/s!Ar8hUi6ayNTcgRcI7MQ6GJTBegjS\" target=\"_blank\" rel=\"noopener\">Informe executiu GEM 2011. Catalunya<\/a>.<\/p>\n<p>*&nbsp;<a href=\"https:\/\/1drv.ms\/b\/s!Ar8hUi6ayNTcgRrm4vknR6HxJLDH\" target=\"_blank\" rel=\"noopener\">Informe executiu GEM 2010. Catalunya<\/a>.<\/p>\n<p>*&nbsp;<a href=\"https:\/\/1drv.ms\/b\/s!Ar8hUi6ayNTcggbN5dfwh1OeHx7U\" target=\"_blank\" rel=\"noopener\">Butllet\u00ed demografia empresarial. 4rt Trim 2015<\/a>.<\/p>\n<p>*&nbsp;<span class=\"doclink\"><a href=\"https:\/\/1drv.ms\/b\/s!Ar8hUi6ayNTcgR_p7XHpPl5NB1-l\" target=\"_blank\" rel=\"noopener\">Resum executiu. Observatori d&#8217;emprenedoria universit\u00e0ria 2011<\/a>.<\/span><\/p>\n<p>*&nbsp;<a href=\"https:\/\/1drv.ms\/b\/s!Ar8hUi6ayNTcgSAGBCLZECSLA3bs\" target=\"_blank\" rel=\"noopener\">Resum executiu. Llibre blanc de la iniciativa emprenedora a Espanya<\/a><\/p>\n","protected":false},"excerpt":{"rendered":"<p>En aquesta p\u00e0gina trobareu una serie de fitxers que serveixen para la creaci\u00f3 d&#8217;una empresa i per entendre el fenomen de l&#8217;emprenedoria. * Guia per a l&#8217;elaboraci\u00f3 del pla d&#8217;empresa. *&nbsp;Guia per a l&#8217;elaboraci\u00f3 del pla d&#8217;empresa (versi\u00f3 adaptada al castell\u00e0). *&nbsp;Formes Societ\u00e0ries. Pros i Contres. *&nbsp;Elecci\u00f3 de la forma societ\u00e0ria. *&nbsp;El Pla de mercat [&hellip;]<\/p>\n","protected":false},"author":20,"featured_media":0,"parent":0,"menu_order":0,"comment_status":"closed","ping_status":"closed","template":"","meta":{"footnotes":""},"class_list":["post-45","page","type-page","status-publish","hentry"],"_links":{"self":[{"href":"https:\/\/webs.uab.cat\/cieu\/ca\/wp-json\/wp\/v2\/pages\/45","targetHints":{"allow":["GET"]}}],"collection":[{"href":"https:\/\/webs.uab.cat\/cieu\/ca\/wp-json\/wp\/v2\/pages"}],"about":[{"href":"https:\/\/webs.uab.cat\/cieu\/ca\/wp-json\/wp\/v2\/types\/page"}],"author":[{"embeddable":true,"href":"https:\/\/webs.uab.cat\/cieu\/ca\/wp-json\/wp\/v2\/users\/20"}],"replies":[{"embeddable":true,"href":"https:\/\/webs.uab.cat\/cieu\/ca\/wp-json\/wp\/v2\/comments?post=45"}],"version-history":[{"count":0,"href":"https:\/\/webs.uab.cat\/cieu\/ca\/wp-json\/wp\/v2\/pages\/45\/revisions"}],"wp:attachment":[{"href":"https:\/\/webs.uab.cat\/cieu\/ca\/wp-json\/wp\/v2\/media?parent=45"}],"curies":[{"name":"wp","href":"https:\/\/api.w.org\/{rel}","templated":true}]}}