{"id":47,"date":"2015-03-19T19:07:33","date_gmt":"2015-03-19T17:07:33","guid":{"rendered":"https:\/\/webs.uab.cat\/cieu\/videos\/"},"modified":"2015-03-19T19:07:33","modified_gmt":"2015-03-19T17:07:33","slug":"videos","status":"publish","type":"page","link":"https:\/\/webs.uab.cat\/cieu\/ca\/videos\/","title":{"rendered":"V\u00eddeos"},"content":{"rendered":"<p>* <a href=\"https:\/\/www.youtube.com\/watch?v=Lc4-2cVKxp0&amp;t=1s\">Breu explicaci\u00f3 sobre el concepte d&#8217;economia circular<\/a><\/p>\n<p>*&nbsp;<a href=\"https:\/\/www.youtube.com\/watch?v=GSZKdbJDZIU\" target=\"_blank\" rel=\"noopener\">Experi\u00e8ncies emprenedores: de la idea al negoci (Catalunya Empr\u00e8n)<\/a>.<\/p>\n<p>*&nbsp;<a href=\"https:\/\/www.youtube.com\/watch?v=qR1wZGZyF2k\" target=\"_blank\" rel=\"noopener\">Hist\u00f2ries d&#8217;emprenedors &#8211; Entrevistem Almudena Castillo (Catalunya Empr\u00e8n)<\/a>.<\/p>\n<p>*&nbsp;<a href=\"https:\/\/youtu.be\/L_3cAtGaowI\" target=\"_blank\" rel=\"noopener\">\u201cComp(sh)are\u201d guanya el premi CIEU-FUABformaci\u00f3 2016 a la idea m\u00e9s emprenedora<\/a>.<\/p>\n<p>*&nbsp;<a href=\"https:\/\/youtu.be\/jrh5xdprbYw\" target=\"_blank\" rel=\"noopener\">&#8220;LOC-ME, no lo pierdas&#8221; guanya el premi CIEU-FUABformaci\u00f3 2016 a la idea m\u00e9s emprenedora<\/a>.<\/p>\n<p>* <a href=\"https:\/\/www.youtube.com\/watch?v=cP6T0wDfnCY\" target=\"_blank\" rel=\"noopener\">Projecte d&#8217;emprenedoria Les Alzines<\/a>.<\/p>\n<p>* <a href=\"https:\/\/www.youtube.com\/watch?v=0mFTKq5Pf08\" target=\"_blank\" rel=\"noopener\">Persones emprenedores, voluntat transformadora<\/a>.<\/p>\n<p>* <a href=\"https:\/\/www.youtube.com\/watch?v=vZDleSn-tsU\" target=\"_blank\" rel=\"noopener\">Referent de l&#8217;emprenedoria social a Catalunya<\/a>.<\/p>\n<p>* <a href=\"https:\/\/www.youtube.com\/watch?v=S9TJRK68G4k&amp;feature=youtu.be\" target=\"_blank\" rel=\"noopener\">Experi\u00e8ncia al Silicon Valley. Xavier Verdaguer, Fundador Innovalley<\/a>.<\/p>\n<p>*&nbsp;<a href=\"http:\/\/www.youtube.com\/watch?v=rHv4qLkToGg\" target=\"_blank\" rel=\"noopener\">M\u00edtic discurs d&#8217;Steve Jobs<\/a>.<\/p>\n<p>*&nbsp;<a href=\"http:\/\/www.youtube.com\/watch?v=i07qz_6Mk7g\" target=\"_blank\" rel=\"noopener\">T&#8217;atreveixes a somiar?<\/a>.<\/p>\n<p>*&nbsp;<a href=\"http:\/\/www.youtube.com\/watch?v=OoshJr_cEgY\" target=\"_blank\" rel=\"noopener\">Business Model Canvas<\/a>.<\/p>\n<p>*&nbsp;<a href=\"http:\/\/www.rtve.es\/alacarta\/videos\/tinc-una-idea\/\" target=\"_blank\" rel=\"noopener\">Tinc una idea<\/a>.<\/p>\n<p>*&nbsp;<a href=\"https:\/\/www.youtube.com\/watch?v=1b8YLBFQy44\" target=\"_blank\" rel=\"noopener\">7 aspectes rellevants sobre Business Angels<\/a>.<\/p>\n","protected":false},"excerpt":{"rendered":"<p>* Breu explicaci\u00f3 sobre el concepte d&#8217;economia circular *&nbsp;Experi\u00e8ncies emprenedores: de la idea al negoci (Catalunya Empr\u00e8n). *&nbsp;Hist\u00f2ries d&#8217;emprenedors &#8211; Entrevistem Almudena Castillo (Catalunya Empr\u00e8n). *&nbsp;\u201cComp(sh)are\u201d guanya el premi CIEU-FUABformaci\u00f3 2016 a la idea m\u00e9s emprenedora. *&nbsp;&#8220;LOC-ME, no lo pierdas&#8221; guanya el premi CIEU-FUABformaci\u00f3 2016 a la idea m\u00e9s emprenedora. * Projecte d&#8217;emprenedoria Les Alzines. [&hellip;]<\/p>\n","protected":false},"author":20,"featured_media":0,"parent":0,"menu_order":0,"comment_status":"closed","ping_status":"closed","template":"","meta":{"footnotes":""},"class_list":["post-47","page","type-page","status-publish","hentry"],"_links":{"self":[{"href":"https:\/\/webs.uab.cat\/cieu\/ca\/wp-json\/wp\/v2\/pages\/47","targetHints":{"allow":["GET"]}}],"collection":[{"href":"https:\/\/webs.uab.cat\/cieu\/ca\/wp-json\/wp\/v2\/pages"}],"about":[{"href":"https:\/\/webs.uab.cat\/cieu\/ca\/wp-json\/wp\/v2\/types\/page"}],"author":[{"embeddable":true,"href":"https:\/\/webs.uab.cat\/cieu\/ca\/wp-json\/wp\/v2\/users\/20"}],"replies":[{"embeddable":true,"href":"https:\/\/webs.uab.cat\/cieu\/ca\/wp-json\/wp\/v2\/comments?post=47"}],"version-history":[{"count":0,"href":"https:\/\/webs.uab.cat\/cieu\/ca\/wp-json\/wp\/v2\/pages\/47\/revisions"}],"wp:attachment":[{"href":"https:\/\/webs.uab.cat\/cieu\/ca\/wp-json\/wp\/v2\/media?parent=47"}],"curies":[{"name":"wp","href":"https:\/\/api.w.org\/{rel}","templated":true}]}}