{"id":48,"date":"2015-03-19T19:14:06","date_gmt":"2015-03-19T17:14:06","guid":{"rendered":"https:\/\/webs.uab.cat\/cieu\/premi-cieu\/"},"modified":"2024-05-11T19:16:02","modified_gmt":"2024-05-11T17:16:02","slug":"premi-cieu","status":"publish","type":"page","link":"https:\/\/webs.uab.cat\/cieu\/ca\/premi-cieu\/","title":{"rendered":"Premi CIEU"},"content":{"rendered":"\n<p>Els&nbsp;<strong><em>Premis CIEU (a la idea m\u00e9s emprenedora i<\/em><\/strong><strong><em>&nbsp;a la persona m\u00e9s emprenedora) <\/em><\/strong>s\u00f3n una iniciativa del Centre d\u2019Iniciatives Emprenedores Universit\u00e0ries (CIEU) dirigit a tots els estudiants de la UAB i particularment a l&#8217;alumnat de l&#8217;escola FUAB formaci\u00f3 (Turisme i Direcci\u00f3 Hotelera, Prevenci\u00f3 i Seguretat Integral i Arxiv\u00edstica i Gesti\u00f3 de Documents). En els seg\u00fcents enlla\u00e7os podeu trobar m\u00e9s informaci\u00f3 sobre cada premi.<\/p>\n\n\n\n<p>* <a href=\"https:\/\/webs.uab.cat\/cieu\/ca\/la-persona-mes-emprenedora\/\" target=\"_blank\" rel=\"noreferrer noopener\">La persona m\u00e9s emprenedora<\/a>.<\/p>\n\n\n\n<p>* <a href=\"https:\/\/webs.uab.cat\/cieu\/ca\/idea-mes-emprenedora-2\/\" target=\"_blank\" rel=\"noreferrer noopener\">La idea m\u00e9s emprenedora<\/a>.<\/p>\n\n\n\n<p><\/p>\n","protected":false},"excerpt":{"rendered":"<p>Els&nbsp;Premis CIEU (a la idea m\u00e9s emprenedora i&nbsp;a la persona m\u00e9s emprenedora) s\u00f3n una iniciativa del Centre d\u2019Iniciatives Emprenedores Universit\u00e0ries (CIEU) dirigit a tots els estudiants de la UAB i particularment a l&#8217;alumnat de l&#8217;escola FUAB formaci\u00f3 (Turisme i Direcci\u00f3 Hotelera, Prevenci\u00f3 i Seguretat Integral i Arxiv\u00edstica i Gesti\u00f3 de Documents). En els seg\u00fcents enlla\u00e7os [&hellip;]<\/p>\n","protected":false},"author":20,"featured_media":0,"parent":0,"menu_order":0,"comment_status":"closed","ping_status":"closed","template":"","meta":{"footnotes":""},"class_list":["post-48","page","type-page","status-publish","hentry"],"_links":{"self":[{"href":"https:\/\/webs.uab.cat\/cieu\/ca\/wp-json\/wp\/v2\/pages\/48","targetHints":{"allow":["GET"]}}],"collection":[{"href":"https:\/\/webs.uab.cat\/cieu\/ca\/wp-json\/wp\/v2\/pages"}],"about":[{"href":"https:\/\/webs.uab.cat\/cieu\/ca\/wp-json\/wp\/v2\/types\/page"}],"author":[{"embeddable":true,"href":"https:\/\/webs.uab.cat\/cieu\/ca\/wp-json\/wp\/v2\/users\/20"}],"replies":[{"embeddable":true,"href":"https:\/\/webs.uab.cat\/cieu\/ca\/wp-json\/wp\/v2\/comments?post=48"}],"version-history":[{"count":3,"href":"https:\/\/webs.uab.cat\/cieu\/ca\/wp-json\/wp\/v2\/pages\/48\/revisions"}],"predecessor-version":[{"id":471,"href":"https:\/\/webs.uab.cat\/cieu\/ca\/wp-json\/wp\/v2\/pages\/48\/revisions\/471"}],"wp:attachment":[{"href":"https:\/\/webs.uab.cat\/cieu\/ca\/wp-json\/wp\/v2\/media?parent=48"}],"curies":[{"name":"wp","href":"https:\/\/api.w.org\/{rel}","templated":true}]}}