{"id":50,"date":"2015-03-19T19:22:11","date_gmt":"2015-03-19T17:22:11","guid":{"rendered":"https:\/\/webs.uab.cat\/cieu\/memoria-dactivitats\/"},"modified":"2025-10-03T19:48:25","modified_gmt":"2025-10-03T17:48:25","slug":"memoria-dactivitats","status":"publish","type":"page","link":"https:\/\/webs.uab.cat\/cieu\/ca\/memoria-dactivitats\/","title":{"rendered":"Mem\u00f2ria d&#8217;activitats"},"content":{"rendered":"<p>* <a href=\"https:\/\/1drv.ms\/b\/c\/b2670102de9d088d\/EZ1C7SvC4IpCiDfiovh_pJcBNqXswgghitRaJxWOah2kDw?e=12oV9U\" target=\"_blank\" rel=\"noopener\">Mem\u00f2ria CIEU 2024 (Gener 2025)<\/a>.<\/p>\n<p>* <a href=\"https:\/\/1drv.ms\/b\/s!Ao0Ind4CAWeygrdTb8rwcFkCAuOgJA?e=yk7WRJ\" target=\"_blank\" rel=\"noopener\">Mem\u00f2ria CIEU 2023 (Gener 2024)<\/a>.<\/p>\n<p>* <a href=\"https:\/\/1drv.ms\/b\/s!Ao0Ind4CAWeygrA-vNL6xecsDOMCVA?e=hzYokF\" target=\"_blank\" rel=\"noopener\">Mem\u00f2ria CIEU 2022 (Gener 2023)<\/a>.<\/p>\n<p>* <a href=\"https:\/\/1drv.ms\/b\/s!Ao0Ind4CAWeygrA94N4i7BU9SyrsMw?e=o0Ou9I\" target=\"_blank\" rel=\"noopener\">Mem\u00f2ria CIEU 2021 (Gener 2022)<\/a>.<\/p>\n<p>* <a href=\"https:\/\/1drv.ms\/b\/s!Ao0Ind4CAWeygrBBS5DfmIlk-0oF0A?e=XPlSA7\" target=\"_blank\" rel=\"noopener\">Mem\u00f2ria CIEU 2020 (Gener 2021)<\/a>.<\/p>\n<p>*\u00a0<a href=\"https:\/\/1drv.ms\/b\/s!Ao0Ind4CAWeygqs1Q_-HeENsOAFC_A?e=FOKwcz\" target=\"_blank\" rel=\"noopener\">Mem\u00f2ria CIEU 2019 (Gener 2020)<\/a>.<\/p>\n<p>*\u00a0<a href=\"https:\/\/1drv.ms\/b\/s!Ao0Ind4CAWeygqszM2omPxqQ5toPJQ?e=9ThQ8C\" target=\"_blank\" rel=\"noopener\">Mem\u00f2ria CIEU 2018 (Gener 2019)<\/a>.<\/p>\n<p>*\u00a0<a href=\"https:\/\/1drv.ms\/b\/s!Ao0Ind4CAWeygqsx1nHxIzuJAEgy2A?e=YGNvRi\" target=\"_blank\" rel=\"noopener\">Mem\u00f2ria CIEU 2017 (Gener 2018)<\/a>.<\/p>\n<p>*\u00a0<a href=\"https:\/\/1drv.ms\/b\/s!Ao0Ind4CAWeygp1A5M9Q-ZawY9aIuA\" target=\"_blank\" rel=\"noopener\">Mem\u00f2ria CIEU 2016 (Gener 2017)<\/a>.<\/p>\n<p>* <a href=\"https:\/\/1drv.ms\/b\/s!Ao0Ind4CAWeygp0_RiWKol6IWkMadg\" target=\"_blank\" rel=\"noopener\">Mem\u00f2ria CIEU 2015 (Gener 2016)<\/a>.<\/p>\n<p>*\u00a0<a href=\"https:\/\/onedrive.live.com\/redir?resid=b2670102de9d088d!21578&amp;authkey=!AC0Ve13wkG6ZZLk&amp;ithint=file%2cpdf\" target=\"_blank\" rel=\"noopener\">Mem\u00f2ria CIEU 2014 (Gener 2015)<\/a>.<\/p>\n<p>*\u00a0<a href=\"https:\/\/onedrive.live.com\/redir?resid=b2670102de9d088d!19375&amp;authkey=!AGRw2CtSwTK8obA&amp;ithint=file%2cpdf\" target=\"_blank\" rel=\"noopener\">Mem\u00f2ria CIEU-EUTDH 2013 (Gener 2014)<\/a>.<\/p>\n<p>*\u00a0<a href=\"https:\/\/onedrive.live.com\/redir?resid=b2670102de9d088d!19373&amp;authkey=!AG0gQ4XcMXAKdyM&amp;ithint=file%2cpdf\" target=\"_blank\" rel=\"noopener\">Mem\u00f2ria CIEU-EUTDH 2011-2012 (Gener 2013)<\/a>.<\/p>\n<p>*\u00a0<a href=\"https:\/\/onedrive.live.com\/redir?resid=b2670102de9d088d!19376&amp;authkey=!AFDCx_Gh7eipv3I&amp;ithint=file%2cpdf\" target=\"_blank\" rel=\"noopener\">Mem\u00f2ria CIEU-EUTDH 2010 (Gener 2011)<\/a>.<\/p>\n<p>*\u00a0<a href=\"https:\/\/onedrive.live.com\/redir?resid=b2670102de9d088d!19374&amp;authkey=!ABLp5_zBc8Ir0Fk&amp;ithint=file%2cpdf\" target=\"_blank\" rel=\"noopener\">Mem\u00f2ria CIEU-EUTDH 2009 (Gener 2010)<\/a>.<\/p>\n","protected":false},"excerpt":{"rendered":"<p>* Mem\u00f2ria CIEU 2024 (Gener 2025). * Mem\u00f2ria CIEU 2023 (Gener 2024). * Mem\u00f2ria CIEU 2022 (Gener 2023). * Mem\u00f2ria CIEU 2021 (Gener 2022). * Mem\u00f2ria CIEU 2020 (Gener 2021). *\u00a0Mem\u00f2ria CIEU 2019 (Gener 2020). *\u00a0Mem\u00f2ria CIEU 2018 (Gener 2019). *\u00a0Mem\u00f2ria CIEU 2017 (Gener 2018). *\u00a0Mem\u00f2ria CIEU 2016 (Gener 2017). * Mem\u00f2ria CIEU 2015 (Gener [&hellip;]<\/p>\n","protected":false},"author":20,"featured_media":0,"parent":0,"menu_order":0,"comment_status":"closed","ping_status":"closed","template":"","meta":{"footnotes":""},"class_list":["post-50","page","type-page","status-publish","hentry"],"_links":{"self":[{"href":"https:\/\/webs.uab.cat\/cieu\/ca\/wp-json\/wp\/v2\/pages\/50","targetHints":{"allow":["GET"]}}],"collection":[{"href":"https:\/\/webs.uab.cat\/cieu\/ca\/wp-json\/wp\/v2\/pages"}],"about":[{"href":"https:\/\/webs.uab.cat\/cieu\/ca\/wp-json\/wp\/v2\/types\/page"}],"author":[{"embeddable":true,"href":"https:\/\/webs.uab.cat\/cieu\/ca\/wp-json\/wp\/v2\/users\/20"}],"replies":[{"embeddable":true,"href":"https:\/\/webs.uab.cat\/cieu\/ca\/wp-json\/wp\/v2\/comments?post=50"}],"version-history":[{"count":3,"href":"https:\/\/webs.uab.cat\/cieu\/ca\/wp-json\/wp\/v2\/pages\/50\/revisions"}],"predecessor-version":[{"id":601,"href":"https:\/\/webs.uab.cat\/cieu\/ca\/wp-json\/wp\/v2\/pages\/50\/revisions\/601"}],"wp:attachment":[{"href":"https:\/\/webs.uab.cat\/cieu\/ca\/wp-json\/wp\/v2\/media?parent=50"}],"curies":[{"name":"wp","href":"https:\/\/api.w.org\/{rel}","templated":true}]}}