{"id":53,"date":"2015-03-27T12:20:26","date_gmt":"2015-03-27T10:20:26","guid":{"rendered":"https:\/\/webs.uab.cat\/cieu\/la-persona-mes-emprenedora\/"},"modified":"2026-03-10T14:44:41","modified_gmt":"2026-03-10T12:44:41","slug":"la-persona-mes-emprenedora","status":"publish","type":"page","link":"https:\/\/webs.uab.cat\/cieu\/ca\/la-persona-mes-emprenedora\/","title":{"rendered":"La persona m\u00e9s emprenedora"},"content":{"rendered":"\n<p><strong>XIV Premi CIEU-FEiE 2026 a la persona m\u00e9s emprenedora<\/strong><\/p>\n\n\n\n<p>L\u2019<strong><em>XIV Premi CIEU-FEiE 2026 a la persona m\u00e9s emprenedora<\/em><\/strong> \u00e9s una iniciativa del Centre d&#8217;Iniciatives Emprenedores Universit\u00e0ries (CIEU) adre\u00e7ada a tot l&#8217;alumnat de l&#8217;Escola FUAB Formaci\u00f3 (Arxiv\u00edstica i Gesti\u00f3 de Documents, Prevenci\u00f3 i Seguretat Integral, Turisme i Direcci\u00f3 Hotelera), de la Facultat d&#8217;Economia i Empresa i de la UAB en general, incloent tamb\u00e9 els\/les ex-alumnes. L&#8217;objectiu del premi \u00e9s fomentar l&#8217;esperit emprenedor i la innovaci\u00f3 entre els membres de la comunitat universit\u00e0ria.<\/p>\n\n\n\n<p><strong>Qui pot participar?<\/strong> <\/p>\n\n\n\n<ul class=\"wp-block-list\">\n<li>Al Premi hi poden participar:<\/li>\n\n\n\n<li>Estudiants de l&#8217; Escola FUAB Formaci\u00f3.<\/li>\n\n\n\n<li>Estudiants de la Facultat d&#8217;Economia i Empresa.<\/li>\n\n\n\n<li>Estudiants de la resta de la UAB.<\/li>\n\n\n\n<li>Ex-alumnes<\/li>\n<\/ul>\n\n\n\n<p><strong>Qu\u00e8 s&#8217;ha de fer per optar al Premi?<\/strong><br>Formalitzar la participaci\u00f3 al Premi a trav\u00e9s del seg\u00fcent enlla\u00e7: <a href=\"https:\/\/forms.gle\/6bUUosecAW293XGo9\">fitxa de participaci\u00f3<\/a>, aix\u00ed com mitjan\u00e7ant el <a href=\"https:\/\/forms.gle\/LB8FSHtjeQgKfjyZA\">registre d\u2019emprenedors\/es.<\/a> En la sol\u00b7licitud caldr\u00e0 explicar les raons per les quals penseu que sou mereixedors\/es del Premi en funci\u00f3 dels criteris d&#8217;avaluaci\u00f3 anteriors i adjuntant tamb\u00e9 un breu CV (m\u00e0x. 1-2 p\u00e0gs.) i una carta de recomanaci\u00f3 d&#8217;alguna persona que us avali. <\/p>\n\n\n\n<p><em>Data l\u00edmit de recepci\u00f3 de propostes: <strong>24 d&#8217;abril del 2026.<\/strong><\/em><\/p>\n\n\n\n<p><strong>Acte de celebraci\u00f3 del Premi i reconeixements<\/strong><br>L&#8217;acte de lliurament del Premi se celebrar\u00e0 el proper<strong><u> dilluns 4 de maig de 2026<\/u><\/strong> a les 11.30h, a la Sala d&#8217;Actes de la Facultat d&#8217;Economia i Empresa.<\/p>\n\n\n\n<p><a href=\"https:\/\/uab-my.sharepoint.com\/:b:\/g\/personal\/1486345_uab_cat\/IQDReD5xIlY-QIgnOMh6vTMgAajGXUDlhfzuX9z6pA8xwwE?e=fYRdNN\">Bases del premi en PDF<\/a><\/p>\n\n\n\n<p><\/p>\n\n\n\n<p><strong>XIII Premi CIEU-FEiE 2025 a la persona m\u00e9s emprenedora<\/strong><\/p>\n\n\n\n<p>Acte celebrat el dia 5 de maig de 2025 a la Sala d\u2019Actes de la Facultat d\u2019Economia i Empresa, UAB.<\/p>\n\n\n\n<p>Persones guanyadores: Adri\u00e0 Creixell Tarr\u00e9s &nbsp;(Categoria Turisme), Hugo Palomar (Categoria Direcci\u00f3 Hotelera), Albert Fillol (Categoria Prevenci\u00f3 i Seguretat Integral), Enric Ans\u00f3 (Categoria Arxiv\u00edstica i Gesti\u00f3 de Documents), Dennis Ram\u00edrez (Categoria Facultat d\u2019Economia i Empresa), i Carolina Buil (Categoria General UAB).<\/p>\n\n\n\n<p>Jurat: Maria Noguera, Tatiana L\u00f3pez, Andreu Turr\u00f3, Sebasti\u00e1n Aparicio, David Urbano.<\/p>\n\n\n\n<p>La confer\u00e8ncia del Premi la va dur a terme la B\u00e0rbara Segura, fundadora d&#8217;<a href=\"https:\/\/invitaem.com\" target=\"_blank\" rel=\"noreferrer noopener\">Invita<\/a>.<\/p>\n\n\n\n<p><a href=\"https:\/\/www.flickr.com\/photos\/131531959@N04\/albums\/72177720326056662\/\" target=\"_blank\" rel=\"noreferrer noopener\">Fotos del premi<\/a>.<\/p>\n\n\n\n<p><a href=\"https:\/\/1drv.ms\/b\/s!Ao0Ind4CAWeygr47Y6Unph439pO8Qw?e=V5l4sE\" target=\"_blank\" rel=\"noreferrer noopener\">Bases del premi en PDF<\/a>. <a href=\"https:\/\/1drv.ms\/b\/c\/b2670102de9d088d\/EXivkagRV5dDnuJEYCYQWqkBF5rknUMW3L-WX41i5KLBAg?e=1e0lAj\" target=\"_blank\" rel=\"noreferrer noopener\">Acta del premi<\/a>.<\/p>\n\n\n\n<p><a href=\"https:\/\/www.uab.cat\/web\/sala-de-prensa\/detalle-noticia\/hugo-palomar-y-adria-creixell-premios-cieu-feie-2025-a-la-persona-mas-emprendedora-en-direccion-hotelera-y-en-turismo-1345830290069.html?detid=1345953133999\" target=\"_blank\" rel=\"noreferrer noopener\">Nota de premsa Escola FUABformaci\u00f3<\/a>.<\/p>\n\n\n\n<p><a href=\"https:\/\/www.uab.cat\/web\/sala-de-prensa\/detalle-noticia\/los-xiii-premios-cieu-feie-2025-reconocen-a-las-personas-mas-emprendedoras-de-la-uab-1345830290069.html?detid=1345953049367\" target=\"_blank\" rel=\"noreferrer noopener\">Nota de premsa FEiE<\/a>.<\/p>\n\n\n\n<p><\/p>\n\n\n\n<p><\/p>\n\n\n\n<p><strong>XII Premi CIEU-FEiE 2024 a la persona m\u00e9s emprenedora<\/strong><\/p>\n\n\n\n<p>Acte celebrat el dia 9 de maig de 2024 a la Sala d\u2019Actes de la Facultat d\u2019Economia i Empresa, UAB.<\/p>\n\n\n\n<p>Persones guanyadores: D\u00e9sir\u00e9e L\u00f3pez Parram\u00f3n (Categoria Turisme), Ruth Dom\u00e8nech Fuentesauco (Categoria Direcci\u00f3 Hotelera), Eduard Dom\u00e8nech Ruda (Categoria Prevenci\u00f3 i Seguretat Integral), Merc\u00e8 L\u00e1zaro Garc\u00eda (Categoria Arxiv\u00edstica i Gesti\u00f3 de Documents), Daniel Clusellas i Vicen\u00e7 Altimira (Categoria Facultat d\u2019Economia i Empresa), i In\u00e9s Lecuona (Categor\u00eda General UAB).<\/p>\n\n\n\n<p>Jurat: Maria Noguera, Tatiana L\u00f3pez, Andreu Turr\u00f3, Sebasti\u00e1n Aparicio, David Urbano.<\/p>\n\n\n\n<p>La confer\u00e8ncia del Premi la va dur a terme Alan Fust\u00e9, fundador de <a href=\"https:\/\/mathew.ai\" target=\"_blank\" rel=\"noreferrer noopener\">Mathew<\/a>.<\/p>\n\n\n\n<p><a href=\"https:\/\/flic.kr\/s\/aHBqjBpFCX\" target=\"_blank\" rel=\"noreferrer noopener\">Fotos del Premi 2024<\/a>.<\/p>\n\n\n\n<p><a href=\"https:\/\/1drv.ms\/b\/s!Ao0Ind4CAWeygrdDecVZd0TzjXIYfQ?e=0hDj24\">Bases del premi en PDF<\/a>. <a href=\"https:\/\/1drv.ms\/b\/s!Ao0Ind4CAWeygrkA8PYGp0BY04bGHQ?e=RiHMRy\" target=\"_blank\" rel=\"noreferrer noopener\">Acte del Premi 2024<\/a>.<\/p>\n\n\n\n<p><a href=\"https:\/\/www.uab.cat\/web\/sobre-la-corporacio-uab\/detall-de-noticia\/els-xii-premis-cieu-feie-2024-reconeixen-les-persones-mes-emprenedores-de-la-uab-1345779147521.html?noticiaid=1345916362218\" target=\"_blank\" rel=\"noreferrer noopener\">Nota de premsa Escola FUAB Formaci\u00f3<\/a>.<\/p>\n\n\n\n<p><a href=\"https:\/\/www.uab.cat\/web\/detall-de-noticia\/els-xii-premis-cieu-feie-2024-reconeixen-les-persones-mes-emprenedores-de-la-uab-1345697198279.html?noticiaid=1345916657837\" target=\"_blank\" rel=\"noreferrer noopener\">Nota de premsa FEiE<\/a>.<\/p>\n\n\n\n<p><\/p>\n\n\n\n<p><strong>XI Premi CIEU-FEiE 2023 a la persona m\u00e9s emprenedora<\/strong><\/p>\n\n\n\n<p>Acte celebrat el dia 8&nbsp;de maig de 2023 a la Sala d&#8217;Actes&nbsp;de la Facultat d&#8217;Economia i Empresa, UAB.<\/p>\n\n\n\n<p>Persones guanyadores: Sarah Sams\u00f3 (categoria Turisme), Albert P\u00e9rez Llanos (categoria Direcci\u00f3 Hotelera), Manel Pascual S\u00e1nchez (Categoria Prevenci\u00f3 i Seguretat Integral), Bernat Munt\u00e9s (categoria Arxiv\u00edstica i Gesti\u00f3 de Documents), &nbsp;&nbsp;&nbsp;&nbsp;&nbsp;&nbsp;&nbsp; Oriol Abad Campins (categoria Facultat d\u2019Economia i Empresa), N\u00faria Canellas Terradellas (categoria General UAB), i Alan Fust\u00e9 (categoria Impacte social i Sostenibilitat).<\/p>\n\n\n\n<p>Jurat: Maria Noguera, Tatiana L\u00f3pez, Andreu Turr\u00f3, Sebasti\u00e1n Aparicio, Eva Miquel, David Urbano.<\/p>\n\n\n\n<p>La confer\u00e8ncia del Premi la va dur a terme Magda Cebri\u00e1n Alumni de la Facultat de Ci\u00e8ncies de la Comunicaci\u00f3 de la UAB i Cofundadora de <a href=\"https:\/\/gozerowaste.app\/\">GoZeroWaste<\/a>. <\/p>\n\n\n\n<p><a href=\"https:\/\/1drv.ms\/b\/s!Ao0Ind4CAWeygrBHro1umNc2Uf-yoA?e=jd1P2c\" target=\"_blank\" rel=\"noreferrer noopener\">Bases del Premi 2023<\/a>.<\/p>\n\n\n\n<p><a href=\"https:\/\/1drv.ms\/b\/s!Ao0Ind4CAWeygrIgkQo0uo3kVNVHXQ?e=Qyrhvh\" target=\"_blank\" rel=\"noreferrer noopener\">Acta del Premi 2023<\/a>.<\/p>\n\n\n\n<p><a href=\"https:\/\/flic.kr\/s\/aHBqjAJjhu\" data-type=\"URL\" data-id=\"https:\/\/flic.kr\/s\/aHBqjAJjhu\" target=\"_blank\" rel=\"noreferrer noopener\">Fotos del Premi 2023<\/a>.<\/p>\n\n\n\n<p>Nota de premsa: <a href=\"https:\/\/www.uab.cat\/web\/sobre-la-corporacio-uab\/detall-de-noticia\/set-emprenedors-guardonats-amb-el-xi-premi-cieu-feie-2023-per-les-seves-trajectories-en-innovacio-1345779147521.html?noticiaid=1345887594036\">FUAB<\/a><\/p>\n\n\n\n<p><strong>X Premi CIEU-FEiE 2022 a la persona m\u00e9s emprenedora<\/strong><\/p>\n\n\n\n<p>Acte celebrat el dia 9&nbsp;de maig de 2022 a la Sala d&#8217;Actes&nbsp;de la Facultat d&#8217;Economia i Empresa, UAB.<\/p>\n\n\n\n<p>Persones guanyadores: Marta Mas (categoria &#8220;Direcci\u00f3 Hotelera&#8221; (EUTDH)),&nbsp;Xavier Ruiz (categoria &#8220;EPSI&#8221;),&nbsp;Sandra Orihuela (categoria &#8220;ESAGED&#8221;),&nbsp;Sergi Rostoll (categoria &#8220;Turisme&#8221; (EUTDH)),&nbsp;Omar Moreno (categoria &#8220;Facultat d\u2019Economia i Empresa&#8221;),&nbsp;Carles Flaquer (categoria &#8220;General UAB&#8221;),&nbsp;Marta Oreja (categoria &#8220;Alumni \u2013 impacte social i sostenibilitat\u201d)<\/p>\n\n\n\n<p>Jurat: Maria Noguera, Tatiana L\u00f3pez, Andreu Turr\u00f3, Sebasti\u00e1n Aparicio, Eva Miquel, David Urbano.<\/p>\n\n\n\n<p>La confer\u00e8ncia del Premi la va dur a terme Josep Maria Margarit Taul\u00e9, del <a href=\"https:\/\/www.imb-cnm.csic.es\/es\" target=\"_blank\" rel=\"noopener\">Institute of Microelectronics of Barcelona IMB-CNM CSIC<\/a>.<\/p>\n\n\n\n<p><a href=\"https:\/\/1drv.ms\/b\/s!Ao0Ind4CAWeygq45vwGaeH_XWRRWLQ?e=9YJjOj\" target=\"_blank\" rel=\"noopener\">Bases del Premi 2022<\/a><\/p>\n\n\n\n<p><a href=\"https:\/\/1drv.ms\/b\/s!Ar8hUi6ayNTcgwggMYCNn8G2pddT?e=ayFwNR\" target=\"_blank\" rel=\"noopener\">Acta del Premi<\/a><a href=\"https:\/\/1drv.ms\/b\/s!Ar8hUi6ayNTcgwggMYCNn8G2pddT?e=ayFwNR\" target=\"_blank\" rel=\"noopener\">&nbsp;2022<\/a><\/p>\n\n\n\n<p><a href=\"https:\/\/flic.kr\/s\/aHBqjzPKBC\" target=\"_blank\" rel=\"noopener\">Fotos del Premi 2022<\/a><\/p>\n\n\n\n<p><a href=\"https:\/\/youtu.be\/oxaYBMwRtQc\" target=\"_blank\" rel=\"noopener\">Video del Premi 2022<\/a><\/p>\n\n\n\n<p>Nota&nbsp;de premsa: <a href=\"https:\/\/www.uab.cat\/web\/detall-de-noticia\/sergi-rostoll-i-marta-mas-guardonats-amb-el-premi-cieu-feie-2022-de-turisme-i-direccio-hotelera-1345715733026.html?noticiaid=1345859560667\" target=\"_blank\" rel=\"noopener\">FUAB<\/a><\/p>\n\n\n\n<p><strong>IX Premi CIEU-FEiE 2021 a la persona m\u00e9s emprenedora<\/strong><\/p>\n\n\n\n<p>Acte celebrat el dia 12&nbsp;de maig de 2021&nbsp;via Microsoft Teams.<\/p>\n\n\n\n<p>Persones guanyadores: Joana Bonet Tresens (categoria &#8220;Direcci\u00f3 Hotelera&#8221; (EUTDH)),&nbsp;Jaume Soler Pedrola (categoria &#8220;EPSI&#8221;),&nbsp;Gemma Cuj\u00f3 Beca (categoria &#8220;ESAGED&#8221;),&nbsp;Esther Querol Castillo (categoria &#8220;Turisme&#8221; (EUTDH)),&nbsp;Josep Mentruit (categoria &#8220;Facultat d\u2019Economia i Empresa&#8221;),&nbsp;Pol Llonch (categoria &#8220;General UAB&#8221;),&nbsp;Germ\u00e1n Bartolom\u00e9 (categoria &#8220;Alumni \u2013 impacte social i sostenibilitat\u201d)<\/p>\n\n\n\n<p>Jurat: Maria Noguera, Tatiana L\u00f3pez, Andreu Turr\u00f3, Sebasti\u00e1n Aparicio, Eva Miquel, David Urbano.<\/p>\n\n\n\n<p>La confer\u00e8ncia del Premi la va dur a terme Jordi Gusi, cofundador de&nbsp;<a href=\"https:\/\/www.tandemsocial.coop\/es\/\" target=\"_blank\" rel=\"noopener\">Tandem Social<\/a>.<\/p>\n\n\n\n<p><a href=\"https:\/\/1drv.ms\/b\/s!Ao0Ind4CAWeygqwZFRaLLhtJy0vZuQ?e=wi4PPi\" target=\"_blank\" rel=\"noopener\">Bases del Premi<\/a><a href=\"https:\/\/1drv.ms\/b\/s!Ao0Ind4CAWeygqwZFRaLLhtJy0vZuQ?e=wi4PPi\">&nbsp;2021<\/a><\/p>\n\n\n\n<p><a href=\"https:\/\/1drv.ms\/b\/s!Ar8hUi6ayNTcgwggMYCNn8G2pddT?e=ayFwNR\">Acta del Premi<\/a><a href=\"https:\/\/1drv.ms\/b\/s!Ar8hUi6ayNTcgwggMYCNn8G2pddT?e=ayFwNR\">&nbsp;2021<\/a><\/p>\n\n\n\n<p><a href=\"https:\/\/www.youtube.com\/watch?v=5iytKIj9u4w&amp;ab_channel=Fundaci%C3%B3UAB\">V\u00eddeo del Premi 2021<\/a><\/p>\n\n\n\n<p><strong>Premis anteriors<\/strong><\/p>\n\n\n\n<p><strong>L&#8217;Edici\u00f3 2020 va ser cancelada degut al COVID-19.<\/strong><\/p>\n\n\n\n<p><strong>VIII Premi CIEU-2019 a la persona m\u00e9s emprenedora<\/strong><\/p>\n\n\n\n<p>Acte celebrat el dia 15 de maig de 2019 a la Sala d&#8217;Actes de la Facultat d&#8217;Economia i Empresa, UAB.<\/p>\n\n\n\n<p><strong>Persones guanyadores<\/strong>: Toni Cardona Mart\u00ednez (categoria &#8220;Direcci\u00f3 Hotelera&#8221; (EUTDH)),&nbsp;Marc Garc\u00eda Di\u00e9guez (categoria &#8220;EPSI&#8221;),&nbsp;Laura Tienda Mart\u00ednez (categoria &#8220;ESAGED&#8221;),&nbsp;Judit Esteban Garcia (categoria &#8220;Turisme&#8221; (EUTDH)),&nbsp;Esther Bueno Fern\u00e1ndez (categoria &#8220;Facultat d\u2019Economia i Empresa&#8221;),&nbsp;Jofre Ferrer-Dalmau (categoria &#8220;resta UAB&#8221;),&nbsp;Cesc Sierra Mart\u00ednez (categoria &#8220;Alumni \u2013 impacte social i sostenibilitat\u201d).<\/p>\n\n\n\n<p><strong>Jurat:&nbsp;<\/strong>Maria Noguera, Tatiana L\u00f3pez, Andreu Turr\u00f3, Sebasti\u00e1n Aparicio, Eva Miquel, David Urbano.<\/p>\n\n\n\n<p>La confer\u00e8ncia del Premi la va dur a terme <a href=\"https:\/\/www.linkedin.com\/in\/miriam-mauri-72275757\/\" target=\"_blank\" rel=\"noopener\">Miriam Mauri<\/a>, experta en business development i l\u00edder del programa Hotusa Ventures.<\/p>\n\n\n\n<p><a href=\"https:\/\/1drv.ms\/b\/s!Ao0Ind4CAWeygqlQSbhYvP4NcVZXgw\" target=\"_blank\" rel=\"noopener\">Bases del Premi 2019<\/a><\/p>\n\n\n\n<p><a href=\"https:\/\/1drv.ms\/b\/s!Ao0Ind4CAWeygqoilTossqdI0icP1Q\" target=\"_blank\" rel=\"noopener\">Acta del Premi 2019<\/a><\/p>\n\n\n\n<p><a href=\"https:\/\/flic.kr\/s\/aHsmyk4f1w\" target=\"_blank\" rel=\"noopener\">Fotos del Premi 2019<\/a><\/p>\n\n\n\n<p><a href=\"https:\/\/youtu.be\/MyBItCoBIms\" target=\"_blank\" rel=\"noopener\">Video del Premi 2019<\/a><\/p>\n\n\n\n<p><strong>VII Premi CIEU-FUABformaci\u00f3 2018 a la persona m\u00e9s emprenedora<\/strong><\/p>\n\n\n\n<p>Acte celebrat el dia 15 de mar\u00e7 de 2018 a l&#8217;Hotel Campus, Sala Llu\u00eds Vives II.<\/p>\n\n\n\n<p><strong>Persones guanyadores<\/strong>: Mayra Peromingo Galego (categoria \u201cTurisme-EUTDH\u201d), Francesc Gonz\u00e1lez Garc\u00eda (categoria \u201cDirecci\u00f3 Hotelera-EUTDH\u201d), Pere Miralles Mestre (categoria \u201cEPSI i ESAGED\u201d), Georgina Vidal-Gavilan (categoria \u201cAlumni impacte social i sostenibilitat\u201d), Daniel Sim\u00f3n i Pablo Abram (categoria \u201cResta de la UAB\u201d).<\/p>\n\n\n\n<p><strong>Jurat:&nbsp;<\/strong>Maria Noguera, Andreu Turr\u00f3, Sebasti\u00e1n Aparicio, David Urbano.<\/p>\n\n\n\n<p>La confer\u00e8ncia del Premi la va dur a terme <a href=\"https:\/\/silviabueso.com\" target=\"_blank\" rel=\"noopener\">Silvia Bueso<\/a>, Coach en funding raising, i <a href=\"https:\/\/www.momalab.com\" target=\"_blank\" rel=\"noopener\">Montse Marin<\/a>, fundadora de momaLAB.<\/p>\n\n\n\n<p><a href=\"https:\/\/1drv.ms\/b\/s!Ao0Ind4CAWeygqg-W0qxh9UNUgFqgA\" target=\"_blank\" rel=\"noopener\">Acta del Premi 2018<\/a><\/p>\n\n\n\n<p><a href=\"https:\/\/flic.kr\/s\/aHsmg8nfgL\" target=\"_blank\" rel=\"noopener\">Fotos del Premi 2018<\/a><\/p>\n\n\n\n<p><a href=\"https:\/\/www.youtube.com\/watch?v=Ma3Zru2wL48&amp;feature=youtu.be\" target=\"_blank\" rel=\"noopener\">Video&nbsp;del Premi 2018<\/a><\/p>\n\n\n\n<p><strong>VI Premi CIEU-FUABformaci\u00f3 2017 a la persona m\u00e9s emprenedora<\/strong><\/p>\n\n\n\n<p>Acte celebrat el dia 30 de mar\u00e7 de 2017 a l&#8217;Edifici Blanc (Escoles de la FUAB).<\/p>\n\n\n\n<p><strong>Persones guanyadores<\/strong>: Neus Escarr\u00e9 Castillo (categoria Turisme (EUTDH)), Richard Glezmar (categoria Direcci\u00f3 Hotelera (EUTDH)), Sergio L\u00f3pez Rodr\u00edguez (categoria EPSI), Marta Saiz Montero (categoria ESAGED), Carlos Alonso Mart\u00ednez (categoria Resta de la UAB).<\/p>\n\n\n\n<p><strong>Jurat:&nbsp;<\/strong>Maria Noguera, Andreu Turr\u00f3, Sebasti\u00e1n Aparicio, David Urbano.<\/p>\n\n\n\n<p>La confer\u00e8ncia del Premi la va dur a terme Rafa Serra, fundador de&nbsp;<a href=\"https:\/\/www.gruppit.com\" target=\"_blank\" rel=\"noopener\">Gruppit<\/a>&nbsp;i <a href=\"https:\/\/www.tempsdoci.com\" target=\"_blank\" rel=\"noopener\">Temps d&#8217;Oci Viatges<\/a>, entre d&#8217;altres empreses.<\/p>\n\n\n\n<p><a href=\"https:\/\/1drv.ms\/b\/s!Ao0Ind4CAWeygpxS4VFjWM_BBinn5g\" target=\"_blank\" rel=\"noopener\">Acta del Premi 2017<\/a><\/p>\n\n\n\n<p><a href=\"https:\/\/flic.kr\/s\/aHskSnxVkM\" target=\"_blank\" rel=\"noopener\">Fotos del Premi 2017<\/a><\/p>\n\n\n\n<p><a href=\"https:\/\/www.youtube.com\/watch?v=3omBOtLvVGs&amp;feature=youtu.be\" target=\"_blank\" rel=\"noopener\">Video&nbsp;del Premi 2017<\/a><\/p>\n\n\n\n<p><strong>V Premi CIEU-FUAB 2016 a la persona m\u00e9s emprenedora<\/strong><\/p>\n\n\n\n<p>Acte celebrat el dia 10 de mar\u00e7 de 2016 a l&#8217;Edifici Blanc (Escoles de la FUAB).<\/p>\n\n\n\n<p><strong>Persones guanyadores<\/strong>: Adri\u00e0 Flor (categoria &#8220;Turisme-EUTDH&#8221;), Samuel Guill\u00e9n i Noem\u00ed Garc\u00eda (categoria &#8220;Direcci\u00f3 Hotelera-EUTDH&#8221;), Fernando Olivares i Eduard Pujol (categoria &#8220;EPSI&#8221;), Alberto Biarge (categoria &#8220;ESAGED&#8221;) i Jes\u00fas Lara (categoria &#8220;resta UAB&#8221;).<\/p>\n\n\n\n<p><strong>Jurat:&nbsp;<\/strong>Maria Noguera, Andreu Turr\u00f3, Sebasti\u00e1n Aparicio, David Urbano.<\/p>\n\n\n\n<p>La confer\u00e8ncia del Premi la van dur a terme Toni Miret (CEO de <a href=\"https:\/\/www.timtul.com\/\" target=\"_blank\" rel=\"noopener\">timtul<\/a>), aix\u00ed com Sergi Verdejo (co-ownwer i COO de <a href=\"https:\/\/www.padcelona.com\/\" target=\"_blank\" rel=\"noopener\">Padcelona<\/a>) i Abel Delgado (Director of marketing and communications de <a href=\"https:\/\/www.padcelona.com\/\" target=\"_blank\" rel=\"noopener\">Padcelona<\/a>).<\/p>\n\n\n\n<p><a href=\"https:\/\/1drv.ms\/b\/s!Ar8hUi6ayNTcgXzC7RDtDjNCsEYX\" target=\"_blank\" rel=\"noopener\">Acta del Premi 2016<\/a><\/p>\n\n\n\n<p><a href=\"https:\/\/flic.kr\/s\/aHskwvyDbp\" target=\"_blank\" rel=\"noopener\">Fotos del Premi 2016<\/a><\/p>\n\n\n\n<p><strong><strong><strong>IV Premi CIEU-FUAB 2015 a la persona m\u00e9s emprenedora<\/strong><\/strong><\/strong><\/p>\n\n\n\n<p>Acte celebrat el dia 12 de maig de 2015 al Edifi Blanc (Escoles de la FUAB).<\/p>\n\n\n\n<p><strong>Persones guanyadores<\/strong>: Ver\u00f3nica Luna i Ricard Marin (&#8220;Emprenedor\/a naixent&#8221; Escoles de la FUAB), X\u00e8nia Ortiz (&#8220;Emprenedor\/a consolidat\/da&#8221; Escoles de la FUAB), &nbsp;i Daniel Romero (&#8220;Emprenedor\/a UAB&#8221;).<\/p>\n\n\n\n<p><strong>Jurat:&nbsp;<\/strong>Maria Noguera, Andreu Turr\u00f3, Sebasti\u00e1n Aparicio, David Urbano.<\/p>\n\n\n\n<p><strong><span class=\"style1\">Anna Ca\u00f1adell<\/span><\/strong>, co-fundadora de <a href=\"https:\/\/es.trip4real.com\" target=\"_blank\" rel=\"noopener\">trip4real<\/a>, va pronunciar la confer\u00e8ncia del Premi.<\/p>\n\n\n\n<p><a href=\"https:\/\/onedrive.live.com\/redir?resid=b2670102de9d088d!21537&amp;authkey=!AIklySpe9MB0JrM&amp;ithint=file%2cpdf\" target=\"_blank\" rel=\"noopener\">Acta del Premi 2015<\/a><\/p>\n\n\n\n<p><a href=\"https:\/\/www.flickr.com\/gp\/131531959@N04\/56JT32\" target=\"_blank\" rel=\"noopener\">Fotos del Premi 2015<\/a><\/p>\n\n\n\n<p><strong><strong>III Premi CIEU a la Persona m\u00e9s Emprenedora 2014<\/strong><\/strong><\/p>\n\n\n\n<p>Acte celebrat el dia 12 de maig de 2014 a l\u2019EUTDH<\/p>\n\n\n\n<p><strong>Persones guanyadores<\/strong>: Adri\u00e0 Creixell (Turisme) i Joana Vi\u00f1as (Direcci\u00f3 Hotelera).<\/p>\n\n\n\n<p><strong>Jurat:&nbsp;<\/strong>Maria Noguera, Andreu Turr\u00f3, David Urbano, Francesc Uroz.<\/p>\n\n\n\n<p><strong><span class=\"style1\">Sergi Verdejo i Richard Fridh<\/span><\/strong>, fundadors de&nbsp;<span class=\"style4\"><span class=\"style1\"><strong><a href=\"https:\/\/padcelona.com\/\" target=\"_blank\" rel=\"noopener\">Padcelona<\/a><\/strong><\/span><\/span>, van pronunciar la confer\u00e8ncia del Premi<\/p>\n\n\n\n<p><a href=\"https:\/\/onedrive.live.com\/redir?resid=b2670102de9d088d!21073&amp;authkey=!ADZf1d4OP32j4WM&amp;ithint=file%2cpdf\" target=\"_blank\" rel=\"noopener\">Acta del Premi 2014<\/a><\/p>\n\n\n\n<p><a href=\"https:\/\/www.flickr.com\/photos\/131531959@N04\/sets\/72157651280944330\/\" target=\"_blank\" rel=\"noopener\">Fotos del Premi 2014<\/a><\/p>\n\n\n\n<p><strong><strong>II Premi CIEU a la Persona m\u00e9s Emprenedora 2013<\/strong><\/strong><\/p>\n\n\n\n<p>Acte celebrat el dia 7 de maig de 2013 a l\u2019EUTDH<\/p>\n\n\n\n<p><strong>Persones guanyadores:&nbsp;<\/strong>Laia Canut (Turisme), David Salses (Direcci\u00f3 Hotelera), Oriol Mu\u00f1oz (UAB).<\/p>\n\n\n\n<p><strong>Jurat:&nbsp;<\/strong>Elisabeth Ferri, Maria Noguera, Andreu Turr\u00f3, David Urbano i Francesc Uroz.<\/p>\n\n\n\n<p><strong><span class=\"style1\">Tom\u00e0s Casals i Nam Nguyen<\/span><\/strong>, fundadors de&nbsp;<span class=\"style4\"><span class=\"style1\"><strong><a href=\"https:\/\/es.tiching.com\/\" target=\"_blank\" rel=\"noopener\">Tiching<\/a><\/strong><\/span><\/span>, van pronunciar la confer\u00e8ncia del Premi.<\/p>\n\n\n\n<p><strong><strong><a href=\"https:\/\/onedrive.live.com\/redir?resid=b2670102de9d088d!21071&amp;authkey=!AENnMJrjzyGP_9w&amp;ithint=file%2cpdf\" target=\"_blank\" rel=\"noopener\">Acta del Premi 2013<\/a><\/strong><\/strong><\/p>\n\n\n\n<p><strong><strong><a href=\"https:\/\/www.flickr.com\/photos\/131531959@N04\/sets\/72157651699966485\/\" target=\"_blank\" rel=\"noopener\">Fotos del Premi 2013<\/a><\/strong><\/strong><\/p>\n\n\n\n<p><strong>I Premi CIEU a la Persona m\u00e9s Emprenedora 2012<\/strong><\/p>\n\n\n\n<p>Acte celebrat el dia 8 de maig de 2012 a l\u2019EUTDH<\/p>\n\n\n\n<p><strong>Persones guanyadores:&nbsp;<\/strong>Xavier Castells (Turisme), Anna Mart\u00ednez (Direcci\u00f3 Hotelera).<\/p>\n\n\n\n<p><strong>Jurat:&nbsp;<\/strong>Elisabeth Ferri, Maria Noguera, Andreu Turr\u00f3, David Urbano i Francesc Uroz.<\/p>\n\n\n\n<p><strong><span class=\"style1\">Xavier Fermoso i Carlos Felipe<\/span>,&nbsp;<\/strong>fundadors de <a href=\"https:\/\/www.dinamiks.cat\/ca\/\" target=\"_blank\" rel=\"noopener\">Dinamiks<\/a>,&nbsp;van pronunciar la confer\u00e8ncia del Premi.<\/p>\n\n\n\n<p><a href=\"https:\/\/onedrive.live.com\/redir?resid=b2670102de9d088d!21069&amp;authkey=!AG5vmxg3d0puncI&amp;ithint=file%2cpdf\" target=\"_blank\" rel=\"noopener\">Acta del Premi 2012<\/a><\/p>\n\n\n\n<p><a href=\"https:\/\/www.flickr.com\/photos\/131531959@N04\/sets\/72157651280659910\/\" target=\"_blank\" rel=\"noopener\">Fotos del Premi 2012<\/a><\/p>\n","protected":false},"excerpt":{"rendered":"<p>XIV Premi CIEU-FEiE 2026 a la persona m\u00e9s emprenedora L\u2019XIV Premi CIEU-FEiE 2026 a la persona m\u00e9s emprenedora \u00e9s una iniciativa del Centre d&#8217;Iniciatives Emprenedores Universit\u00e0ries (CIEU) adre\u00e7ada a tot l&#8217;alumnat de l&#8217;Escola FUAB Formaci\u00f3 (Arxiv\u00edstica i Gesti\u00f3 de Documents, Prevenci\u00f3 i Seguretat Integral, Turisme i Direcci\u00f3 Hotelera), de la Facultat d&#8217;Economia i Empresa i [&hellip;]<\/p>\n","protected":false},"author":20,"featured_media":0,"parent":0,"menu_order":0,"comment_status":"closed","ping_status":"closed","template":"","meta":{"footnotes":""},"class_list":["post-53","page","type-page","status-publish","hentry"],"_links":{"self":[{"href":"https:\/\/webs.uab.cat\/cieu\/ca\/wp-json\/wp\/v2\/pages\/53","targetHints":{"allow":["GET"]}}],"collection":[{"href":"https:\/\/webs.uab.cat\/cieu\/ca\/wp-json\/wp\/v2\/pages"}],"about":[{"href":"https:\/\/webs.uab.cat\/cieu\/ca\/wp-json\/wp\/v2\/types\/page"}],"author":[{"embeddable":true,"href":"https:\/\/webs.uab.cat\/cieu\/ca\/wp-json\/wp\/v2\/users\/20"}],"replies":[{"embeddable":true,"href":"https:\/\/webs.uab.cat\/cieu\/ca\/wp-json\/wp\/v2\/comments?post=53"}],"version-history":[{"count":18,"href":"https:\/\/webs.uab.cat\/cieu\/ca\/wp-json\/wp\/v2\/pages\/53\/revisions"}],"predecessor-version":[{"id":624,"href":"https:\/\/webs.uab.cat\/cieu\/ca\/wp-json\/wp\/v2\/pages\/53\/revisions\/624"}],"wp:attachment":[{"href":"https:\/\/webs.uab.cat\/cieu\/ca\/wp-json\/wp\/v2\/media?parent=53"}],"curies":[{"name":"wp","href":"https:\/\/api.w.org\/{rel}","templated":true}]}}