{"id":105,"date":"2015-04-24T19:15:47","date_gmt":"2015-04-24T17:15:47","guid":{"rendered":"https:\/\/webs.uab.cat\/cieu\/most-entrepreneurial-idea\/"},"modified":"2023-01-24T12:42:15","modified_gmt":"2023-01-24T10:42:15","slug":"most-entrepreneurial-idea","status":"publish","type":"page","link":"https:\/\/webs.uab.cat\/cieu\/en\/most-entrepreneurial-idea\/","title":{"rendered":"The most entrepreneurial idea"},"content":{"rendered":"<div class=\"grammarly-disable-indicator\"><\/div>\n<p><!--more--><\/p>\n<p><strong>XIII CIEU-FEiE 2022 Award to the most entrepreneurial idea<\/strong><\/p>\n\n\n<p><strong>Winners:<\/strong>&nbsp;<strong>Alejandra Criado, Andrea Casta\u00f1o, Natalia D\u00edaz&nbsp;(1st place, category FUABformaci\u00f3)<\/strong>;&nbsp;Ana Paula Figueroa, Vessela Ilieva, Natascha Muller (2nd place, category FUABformaci\u00f3);&nbsp;Joan Villagrasa (3rd place, category FUABformaci\u00f3);&nbsp;<strong>Natalia Bertinelli, Nat\u00e0lia Esteve, Magnolia Pi\u00f1eros&nbsp;(1st place, category&nbsp;Facultat d\u2019Economia i Empresa)<\/strong>;&nbsp;Diego Vali\u00f1o, Anabel Fajardo, Daniela Mac\u00edas (2nd place, category Facultat d\u2019Economia i Empresa);&nbsp;Angel Sevilla, Jan Granell, Enric Ve\u00e0, Naia Vidal, Oscar Aguilar (3rd place, category Facultat d\u2019Economia i Empresa);<strong>&nbsp;Jordi Jov\u00e9, Sergio Moreno, Alejandro Romero\u200b (1st place,<\/strong>&nbsp;<strong>category&nbsp;General UAB)<\/strong>;&nbsp;Monzerrath Valera, Ramon Merino, Wijdane Almoussaoui, Heidy Melissa Mena (2nd place, category General UAB);&nbsp;Nil Masalles, Nat\u00e0lia Pastor (3rd place, category General UAB);&nbsp;<strong>Marina S\u00e1nchez Calleja, Sara Pel\u00e1ez de la Rocha, Francesc Toro Puig, Yasmina Fernandez Henriquez, Blanca Mendez Cervera, Selene Gil Sanchez, Helena Garvi Casas&nbsp;(category Alumni UAB &#8211; General)<\/strong>;&nbsp;<strong>Zixuan Yang, Fan Ye&nbsp;(category Alumni UAB \u2013 Impacte Social i Sostenibilitat)<\/strong>.<\/p>\n\n\n\n<p>Jury:&nbsp;Sebasti\u00e1n Aparicio (CIEU i FEiE)\u200b,&nbsp;Eva Miquel (Alumni UAB)\u200b,&nbsp;Maria Noguera (CIEU-EUTDH), Andreu Turr\u00f3 (CIEU i FEiE)&nbsp;i David Urbano (CIEU i FEiE).<\/p>\n\n\n\n<p>Oriol Barat, from <a href=\"https:\/\/enment.cat\/es\/inici-espanol\/\" target=\"_blank\" rel=\"noreferrer noopener\">En ment<\/a>&nbsp;was the keynote speaker.<\/p>\n\n\n\n<p><a href=\"https:\/\/1drv.ms\/b\/s!Ao0Ind4CAWeygq8x1NPHJZrUF7PGeg?e=6MQmKY\" target=\"_blank\" rel=\"noopener\">Award guidelines (Spanish version)<\/a>\n\n<a href=\"https:\/\/1drv.ms\/b\/s!Ao0Ind4CAWeygrA3IgANqdQsBmPZ7A?e=fckj1D\" target=\"_blank\" rel=\"noreferrer noopener\">Award notice<\/a><\/p>\n\n\n\n<p><a href=\"https:\/\/flic.kr\/s\/aHBqjApndp\" target=\"_blank\" rel=\"noreferrer noopener\">Award photos<\/a><\/p>\n\n\n<p><\/p>\n<p><u><strong>PREVIOUS AWARDS<\/strong><\/u><\/p>\n<p><strong>XII CIEU-FEiE 2021 Award to the most entrepreneurial idea<\/strong><\/p>\n<p><strong>Winners:<\/strong>&nbsp;<strong>Judith Morales and D\u00eddac Ce\u00f1a<\/strong><strong>&nbsp;(1st place, category FUABformaci\u00f3)<\/strong>;&nbsp;J\u00falia Dauder and Ainhoa Lozano (2nd&nbsp;place, category FUABformaci\u00f3);&nbsp;Pol Barniol, J\u00falia Almagro and Carmen Gonz\u00e1lez (3rd place, category FUABformaci\u00f3);&nbsp;<strong>Al\u00edcia Caballero and&nbsp;Pau Garcia&nbsp;(1st place, category<\/strong><strong>&nbsp;Facultat d\u2019Economia i Empresa)<\/strong>;&nbsp;Cristina L\u00f3pez, Lorena Otero and Bruna Carreras (2nd&nbsp;place, category&nbsp;Facultat d\u2019Economia i Empresa);&nbsp;Aleix Prat and Marc Villagrasa (3rd place, category Facultat d\u2019Economia i Empresa);<strong>&nbsp;Martin Tupper, Sergi Lachkar and Roberto Brito\u200b (1st&nbsp;<\/strong><strong>place, category<\/strong><strong>&nbsp;General UAB)<\/strong>;&nbsp;Susana Eguiguren and Valent\u00edn Vi\u00f1ales (2nd place, category General UAB);&nbsp;Linett G\u00f3mez and Carla Bornay (3rd place, category General UAB);&nbsp;<strong>Oriol Barat, Sergi Novell, Gerard Abad, Ariadna Fons, Carlota V\u00e1zquez, Gen\u00eds Cald\u00e9s, S\u00edlvia Crespo and Aida Garcia<\/strong><strong>&nbsp;(category&nbsp;Alumni UAB &#8211; General)<\/strong>;&nbsp;<strong>Laura Franco and Mirko Greco<\/strong><strong>&nbsp;(category&nbsp;Alumni UAB \u2013 Impacte Social i Sostenibilitat)<\/strong>.<\/p>\n<p>Jury:&nbsp;Sebasti\u00e1n Aparicio (CIEU i FEiE)\u200b,&nbsp;Eva Miquel (Alumni UAB)\u200b,&nbsp;Maria Noguera (CIEU-EUTDH), Andreu Turr\u00f3 (CIEU i FEiE)&nbsp;and&nbsp;David Urbano (CIEU i FEiE).<\/p>\n<p>Aleix Caussa, from&nbsp;<a href=\"https:\/\/www.spora.ws\/es\" target=\"_blank\" rel=\"noopener\">Social Spora<\/a>&nbsp;was the keynote speaker.<\/p>\n<p><a href=\"https:\/\/1drv.ms\/b\/s!Ao0Ind4CAWeygq4XoWvjuiI6LLWNKA?e=OV1Qa3\" target=\"_blank\" rel=\"noopener\">Guidelines&nbsp;(Spanish version)<\/a><\/p>\n<p><a href=\"https:\/\/1drv.ms\/b\/s!Ao0Ind4CAWeygq8g66eDHK7k5pGqOg?e=5ED0OY\" target=\"_blank\" rel=\"noopener\">Award Notice<\/a>.<\/p>\n<p><a href=\"https:\/\/flic.kr\/s\/aHBqjzPHw2\" target=\"_blank\" rel=\"noopener\">Award photos<\/a>.<\/p>\n<p>Media coverage&nbsp;<a href=\"https:\/\/www.uab.cat\/web\/detalle-de-noticia\/mas-de-un-centenar-de-proyectos-participan-en-el-xii-premio-cieu-feie-2021-a-la-idea-mas-emprendedora-1345715733050.html?noticiaid=1345852507679\">FUAB<\/a>,&nbsp;<a href=\"https:\/\/www.uab.cat\/web\/detalle-de-noticia\/xii-edicion-del-premio-cieu-feie-2021-a-la-idea-mas-emprendedora-1345697198445.html?noticiaid=1345853064752\">FEiE<\/a>.<\/p>\n<p><\/p>\n<p><strong>XI CIEU-FEiE 2020 Award to the most entrepreneurial idea<\/strong><\/p>\n<p><strong>Winners:<\/strong>&nbsp;<strong>\u00c0nnia Macipe, Pau Canals and Armand T\u00fanez (1st&nbsp;place, category&nbsp;FUABformaci\u00f3)<\/strong>;&nbsp;Paula Herranz Palon\u00e9s (2nd place, category&nbsp;FUABformaci\u00f3);&nbsp;Ariadna Avell\u00ed and Judit Costa (3rd place, category&nbsp;FUABformaci\u00f3);&nbsp;<strong>\u00c1lvaro Salas Blasco, Andr\u00e9s Felipe R\u00edos, Carlos Yecora and&nbsp;Paloma Zagal Lillo (1st&nbsp;place, category&nbsp;Facultat d\u2019Economia i Empresa)<\/strong>;&nbsp;\u00c0lex Ortega Rodr\u00edguez and Roser Montfort Chipell (2nd place, category&nbsp;Facultat d\u2019Economia i Empresa);&nbsp;Vict\u00f2ria Guirao and Claudia Torner (3rd&nbsp;place, category&nbsp;Facultat d\u2019Economia i Empresa);<strong>&nbsp;Julia Rodas Quintero (1st place, category&nbsp;General UAB)<\/strong>;&nbsp;Gisela Punsola Ligero (2nd&nbsp;place, category&nbsp;General UAB);&nbsp;Guillemette Cartier (3rd place, category&nbsp;General UAB);&nbsp;<strong>Josep Arguimbau Marqu\u00e9s, Jonathan Ponce Bedmar, Pablo Canet Mir and Laura Gausa Rom (category&nbsp;Alumni UAB &#8211; General)<\/strong>;&nbsp;<strong>Alba Tobella, Lorenzo Marini, Carola Soler, Roser Toll and&nbsp;Carina Bellver (category&nbsp;Alumni UAB \u2013 Impacte Social i Sostenibilitat)<\/strong>.<\/p>\n<p>Jury:&nbsp;Sebasti\u00e1n Aparicio (CIEU)\u200b,&nbsp;Eva Miquel (Alumni UAB)\u200b,&nbsp;Maria Noguera (CIEU-EUTDH), Andreu Turr\u00f3 (CIEU and FEiE)&nbsp;and David Urbano (CIEU and FEiE).<\/p>\n<p>D\u00e9bora Alasraki, from&nbsp;<a href=\"https:\/\/www.3dclick.com\" target=\"_blank\" rel=\"noopener\">3D Click<\/a>&nbsp;was the keynote speaker.<\/p>\n<p><a href=\"https:\/\/1drv.ms\/b\/s!Ao0Ind4CAWeygqtA38cIctUa1C9Ebg?e=6SdxhB\">Guidelines&nbsp;(Spanish version)<\/a>.<\/p>\n<p><a href=\"https:\/\/1drv.ms\/b\/s!Ao0Ind4CAWeygqt2HpmZZv8XkVHTgQ?e=vI20Lq\" target=\"_blank\" rel=\"noopener\">Award Notice<\/a>.<\/p>\n<p><a href=\"https:\/\/flic.kr\/s\/aHsmSVNKtV\" target=\"_blank\" rel=\"noopener\">Award photos<\/a>.<\/p>\n<p><a href=\"https:\/\/www.youtube.com\/watch?v=Va7b_TwzodQ\" target=\"_blank\" rel=\"noopener\">Award video<\/a>.<\/p>\n<p>Medica coverage <a href=\"https:\/\/www.uab.cat\/web\/detalle-de-noticia\/cerca-de-150-proyectos-participan-en-el-xi-premio-cieu-feie-a-la-idea-mas-emprendedora-2020-1345715733050.html?noticiaid=1345831130972\">FUAB<\/a>,&nbsp;<a href=\"https:\/\/www.uab.cat\/web\/detalle-de-noticia\/xi-edicion-del-premio-cieu-feie-2020-a-la-idea-mas-emprendedora-1345697198445.html?noticiaid=1345831275033\">FEiE<\/a>.<\/p>\n<p><\/p>\n<p><strong>X CIEU-2019 Award to the most entrepreneurial idea<\/strong><\/p>\n<p><strong>Winners:&nbsp;<\/strong><strong>Lissette Cruz and Judit Granados (1st place, FUABformaci\u00f3 category)<\/strong>;&nbsp;Laura S\u00e1nchez and Phuong Dang Lan (2nd place, FUABformaci\u00f3 category);&nbsp;Luciano Hildebrand Pe\u00f1uela, Anna Seidl and&nbsp;F\u00e1tima Maroun (3rd&nbsp;place, FUABformaci\u00f3&nbsp;category);&nbsp;<strong>Luis Manuel Blanco Moreno, Tito Campos Chanca and Xavier Vergara Ruiz (1st place, Facultat d\u2019Economia i Empresa category<\/strong><strong>)<\/strong>;&nbsp;Abril Aguilar,Emma Costa and \u00c0lex Garc\u00eda (2nd place, Facultat d\u2019Economia i Empresa category);&nbsp;Francesc Sebastianes Raposo and David Guti\u00e9rrez Teva (3rd place, Facultat d\u2019Economia i Empresa category);&nbsp;<strong>Roger Castellnou Pascual, Laura Mart\u00edn Duarte and Mar\u00eda Urquizu Garc\u00eda (1st place, Resta de la UAB category<\/strong><strong>)<\/strong>;&nbsp;Salvador de Sitjar de Togores (2nd place, Resta de la UAB&nbsp;category);&nbsp;Raquel Mir, Xavi Domingo and Marc Ballest\u00e9 (3rd&nbsp;place, Resta de la UAB&nbsp;category);&nbsp;<strong>Eduard Blasi Casagran, Avent\u00ed Bonson and Joan L\u00f3pez (Alumni UAB category)<\/strong>;&nbsp;<strong>Jordi Ba\u00f1eras (Alumni UAB \u2013 Impacte Social i Sostenibilitat category).<\/strong><\/p>\n<p><strong>Jury:&nbsp;<\/strong>Sebasti\u00e1n Aparicio (CIEU)\u200b,&nbsp;Eva Miquel (Alumni UAB)\u200b,&nbsp;Maria Noguera (CIEU-EUTDH), Andreu Turr\u00f3 (CIEU)&nbsp;and David Urbano (CIEU i Facultat d&#8217;Economia i Empresa).<\/p>\n<p>Ricard Castellet, from&nbsp;<a href=\"https:\/\/barcelonatechcity.com\" target=\"_blank\" rel=\"noopener\">Barcelona Tech City<\/a>, as well as&nbsp;B\u00e0rbara Ruiz, entrepreneur from&nbsp;<a href=\"https:\/\/www.livingit.cat\" target=\"_blank\" rel=\"noopener\">Livingit<\/a>&nbsp;were the keynote speakers.<\/p>\n<p><a href=\"https:\/\/1drv.ms\/b\/s!Ar8hUi6ayNTcgnV3x9tW24UYNYdH\" target=\"_blank\" rel=\"noopener\">Award Guidelines<\/a>.<\/p>\n<p><a href=\"https:\/\/1drv.ms\/b\/s!Ao0Ind4CAWeygqp-WkjkiLsoRtGbsw?e=3xqtB6\" target=\"_blank\" rel=\"noopener\">Award Notice<\/a>.<\/p>\n<p><a href=\"https:\/\/flic.kr\/s\/aHsmK6KCbv\" target=\"_blank\" rel=\"noopener\">Award Pictures<\/a>.<\/p>\n<p>Media coverage&nbsp;<a href=\"https:\/\/www.uab.cat\/web\/detalle-de-noticia-1345715733050.html?noticiaid=1345803568205\" target=\"_blank\" rel=\"noopener\">FUAB<\/a>,&nbsp;<a href=\"https:\/\/www.uab.cat\/web\/detalle-de-noticia-1345697198445.html?noticiaid=1345803752969\" target=\"_blank\" rel=\"noopener\">FEiE<\/a>.<\/p>\n<p><\/p>\n<p><strong>IX CIEU-2018 Award to the most entrepreneurial idea<\/strong><\/p>\n<p><strong>Winners:&nbsp;Luciano Hildebrand Pe\u00f1uela (1st place, category FUABformaci\u00f3)<\/strong>; Ziyi Zeng, Anna Pirotti and Antonio D\u00edaz (2nd place, category FUABformaci\u00f3); Paula Santos Guarch, \u00d2scar Montes Recasens and S\u00edlvia V\u00e0zquez Figuerola (3rd place, category FUABformaci\u00f3);&nbsp;<strong>Jessica Navarro, Adri\u00e1n Rodr\u00edguez, Gemma Guerrero, Carla Ribas and Jordi Josep Fern\u00e1ndez (1st place, category <\/strong> <strong>Facultat d\u2019Economia i Empresa)<\/strong>; Elisabet Tena Alarcon, Sara Pacheco Bl\u00e1zquez, Javier Gonz\u00e1lez Mec\u00edas and Lamia Elaouni (2nd place, category Facultat d\u2019Economia i Empresa); Josep Arguimbau Marques (3rd place, category Facultat d\u2019Economia i Empresa);&nbsp;<strong>Alba Arnal Madrid, Isaac Taberner, Shuyi Meng, Sicong Xu, Sara Manso Cano and Uxue Derteano Guinea (1st place, category Resta de la UAB)<\/strong>; Jiaqi Zhou (Lisa) and Jos\u00e9 Andr\u00e9s Aguilar Pizarro (2nd place, category Resta de la UAB); Ariana del Pilar Garc\u00eda Bardales and Jorge Alexander Garc\u00eda D\u00edaz (3rd place, category Resta de la UAB);&nbsp;<strong>Gerard Vilanova Godoy (Alumni UAB category)<\/strong>;&nbsp;<strong>Elena Trias de Bes Agell and Marta Ubach Palou (Alumni UAB \u2013 Impacte Social i Sostenibilitat category)<\/strong>.<\/p>\n<p><strong>Jury:&nbsp;<\/strong>Sebasti\u00e1n Aparicio (CIEU) ,&nbsp;Eva Miquel (Alumni UAB) ,&nbsp;Maria Noguera (CIEU-EUTDH), Andreu Turr\u00f3 (CIEU)&nbsp;and David Urbano (CIEU and Facultat d&#8217;Economia i Empresa).<\/p>\n<p>Anna Ca\u00f1adell, who was part of initial team of&nbsp;<a href=\"https:\/\/www.airbnb.es\" target=\"_blank\" rel=\"noopener\">Trip4real<\/a>&nbsp;and co-founder alongside Alba Garcia from&nbsp;<a href=\"https:\/\/www.bcomestudio.com\" target=\"_blank\" rel=\"noopener\">B\u00b7COME<\/a>, as well as Manuel Alfranca and Clara Torralbas, entrepreneurs from&nbsp;<a href=\"https:\/\/www.mondragon.edu\/es\/grado-liderazgo-emprendedor-innovacion\" target=\"_blank\" rel=\"noopener\">Grau LEINN, Universitat de Mondrag\u00f3n<\/a>&nbsp;were the keynote speakers.<\/p>\n<p><a href=\"https:\/\/1drv.ms\/b\/s!Ao0Ind4CAWeygqhrX0aRnYJdFyd8lg\" target=\"_blank\" rel=\"noopener\">Award Guidelines<\/a>.<\/p>\n<p><a href=\"https:\/\/1drv.ms\/b\/s!Ao0Ind4CAWeygqk6TOijdhHsnYyDkg\" target=\"_blank\" rel=\"noopener\">Award Notice<\/a>.<\/p>\n<p><a href=\"https:\/\/flic.kr\/s\/aHsmwVV2Tu\" target=\"_blank\" rel=\"noopener\">Award Picture<\/a>.<\/p>\n<p>Media converage&nbsp;<a href=\"https:\/\/www.uab.cat\/web\/detalle-de-noticia-1345715733050.html?noticiaid=1345778416347\" target=\"_blank\" rel=\"noopener\">FUAB<\/a>, FEiE,&nbsp;<a href=\"https:\/\/www.uab.cat\/web\/detall-noticia-1345676773644.html?noticiaid=1345778418289\" target=\"_blank\" rel=\"noopener\">Alumni<\/a>.<\/p>\n<p><\/p>\n<p><strong>VIII CIEU-FUABformaci\u00f3 2017 Award to The most entrepreneurial idea<\/strong><\/p>\n<p>Ceremony held on December 14th, 2017 at&nbsp;Hotel Campus UAB, Sala Llu\u00eds Vives I<\/p>\n<p><strong>Winners:&nbsp;Victoria Peco, Julia Marun, Leonardo Eskenazi and Gabriel D\u00e9lano (1st place, category FUABformaci\u00f3)<\/strong>;&nbsp;Patricia Brito, Nataly D\u00edaz, Dongyang Li and Katerina Sotiriou (2nd place, category FUABformaci\u00f3);&nbsp;Judith Mulleras, Vianibelis Santana and Esther Nualart (3rd place, category FUABformaci\u00f3);&nbsp;<strong>Joan Oller and Omar Moreno (1st place, category Resta de la UAB)<\/strong>;&nbsp;Ariadna Aguilera, Mariluz Garz\u00f3n, Ariadna Mora and Carlos Zarallo (2nd place, category Resta de la UAB);&nbsp;Alex Allan, Marta Garrido and Laia Suelves (3rd place, category Resta de la UAB).<\/p>\n<p><strong>Jury:&nbsp;<\/strong>Maria Noguera (CIEU-EUTDH), Andreu Turr\u00f3 (CIEU), Sebasti\u00e1n Aparicio (CIEU) and David Urbano (CIEU).<\/p>\n<p>Xavier Cod\u00f3, CEO of&nbsp;<a href=\"https:\/\/www.icarvision.com\" target=\"_blank\" rel=\"noopener\">iCar Vision<\/a>, as well as Aitana Lorenzo and Jairo V\u00e1zquez, Founders of&nbsp;<a href=\"https:\/\/www.instagram.com\/somnis.dancestudio\/\" target=\"_blank\" rel=\"noopener\">Escola Somnis<\/a>&nbsp;and&nbsp;<a href=\"https:\/\/www.facebook.com\/crossfitcerdanyola\/\" target=\"_blank\" rel=\"noopener\">CrossFit <\/a><a href=\"https:\/\/www.facebook.com\/crossfitcerdanyola\/\" target=\"_blank\" rel=\"noopener\">Cerdanyola<\/a> were the keynote speakers.<\/p>\n<p><a href=\"https:\/\/1drv.ms\/b\/s!Ao0Ind4CAWeygqgRcgl9UNJKaPIExg\" target=\"_blank\" rel=\"noopener\">Award Notice<\/a>.<\/p>\n<p><a href=\"https:\/\/flic.kr\/s\/aHsmcaaVD8\" target=\"_blank\" rel=\"noopener\">Award Pictures<\/a>.<\/p>\n<p><a href=\"https:\/\/www.uab.cat\/web\/detalle-de-noticia\/mas-de-un-centenar-de-proyectos-se-presentan-al-viii-premio-cieu-fuabformacio-a-la-idea-mas-emprendedora-de-2017-1345715733050.html?noticiaid=1345741017401\" target=\"_blank\" rel=\"noopener\">Media Coverage (UAB Newsroom -in Spanish)<\/a>.<\/p>\n<p><\/p>\n<p><strong>VII CIEU-FUABformaci\u00f3 2016 Award to The most entrepeneurial idea<\/strong><\/p>\n<p>Ceremony held on December 1st, 2016 at&nbsp;Hotel Campus UAB, Sala Llu\u00eds Vives I<\/p>\n<p><strong>Winners:&nbsp;Federico Cristallini, Veranika Hancharyk, Ziyue Jiang, Huiling Wang and Lucy Velasco (1st place, category FUABformaci\u00f3)<\/strong>;&nbsp;\u00d2scar Mas Sanz and Miquel Bravo P\u00e9rez (2nd place, category FUABformaci\u00f3);&nbsp;Mar\u00eda Nieves Ferrer Riera, Patricia Ochoa Virreira, Wang Junyou, Lin Lin and MengXue Wang (3rd place, category FUABformaci\u00f3);&nbsp;<strong>Carlos Alonso Mart\u00ednez, Ivan Bruzzoni Flores, Maria Alejandra Ca\u00f1as Cuartas and Amador Guitart Estany (1st place, category Resta de la UAB)<\/strong>;&nbsp;Maria Urquizu Garc\u00eda, Olga Mart\u00ednez Meli\u00e1, Carolina Rubio Mondejar, Laura Mart\u00edn Duarte and Marina Torres Torres (2nd place, category Resta de la UAB);&nbsp;Guillermo Alcover Andreu, Randy Lucas Dotel, Eric S\u00e1nchez Mart\u00ednez, Enrique S\u00e1nchez Murillo and Sergio Yeste Sarrias (3rd place, category Resta de la UAB).<\/p>\n<p><strong>Jury:&nbsp;<\/strong>Maria Noguera (CIEU-EUTDH), Andreu Turr\u00f3 (CIEU), Sebasti\u00e1n Aparicio (CIEU) and David Urbano (CIEU).<\/p>\n<p>Joan Iniesta, CEO of&nbsp;<a href=\"https:\/\/ubiqme.com\" target=\"_blank\" rel=\"noopener\">Ubiqme<\/a>, and Ernest Lara, Executive Director of&nbsp;<a href=\"https:\/\/www.richisocialentrepreneurs.org\/#home-1\" target=\"_blank\" rel=\"noopener\">Richi Social Entrepreneurs (RSE)<\/a>,&nbsp;were the keynote speakers.<\/p>\n<p><a href=\"https:\/\/1drv.ms\/b\/s!Ao0Ind4CAWeygpshOCksUs6qy3wh1w\" target=\"_blank\" rel=\"noopener\">Award Notice<\/a>.<\/p>\n<p><a href=\"https:\/\/flic.kr\/s\/aHskQycCy3\" target=\"_blank\" rel=\"noopener\">Award Pictures<\/a>.<\/p>\n<p><a href=\"https:\/\/ecoaula.eleconomista.es\/ecoaula-emprendedores\/noticias\/7992946\/11\/16\/7-edicion-del-Premio-CIEUFUABformacio-2016-a-la-idea-mas-emprendedora-un-impulso-al-emprendimiento-universitario-desde-la-UAB.html\" target=\"_blank\" rel=\"noopener\">Media Coverage (elEconomista.es)<\/a>.<\/p>\n<p><a href=\"https:\/\/www.uab.cat\/web\/sala-de-prensa\/detalle-noticia-1345667994339.html?noticiaid=1345716229778\" target=\"_blank\" rel=\"noopener\">Media Coverage (UAB Newsroom -in Spanish)<\/a>.<\/p>\n<p><\/p>\n<p><strong>VI CIEU-FUABformaci\u00f3 2015 Award&nbsp;<strong>to The most entrepreneurial idea<\/strong><\/strong><\/p>\n<p>Ceremony held on december 1st\/2015 at&nbsp;Hotel Campus UAB, Sala Llu\u00eds Vives I<\/p>\n<p><strong>Winners:<\/strong>&nbsp;Miriam Ben\u00edtez; Julia Mateos; Natalia Mu\u00f1oz; Yumara Molina; Sandra Rodr\u00edguez; Andrea P\u00e9rez i Sarah Horvath (category FUABformaci\u00f3 a la \u201cmillor idea&nbsp;<em>naixent<\/em>\u201d);&nbsp;Francisca Herrera; Beatriz Serrano Rodado; Javier de Diego; Carles Sayegh Farran i Chaxxiraxi R. M\u00e9ndez (category FUABformaci\u00f3 a la \u201cmillor idea&nbsp;<em>consolidada<\/em>\u201d);&nbsp;Daniel Melench\u00f3n Ib\u00e1\u00f1ez i Irene Moreiro Mart\u00ednez (category Resta de la UAB a la \u201cmillor idea&nbsp;<em>naixent<\/em>\u201d); i Albert \u00c1vila Catal\u00e0; Jonathan Ayala Gonz\u00e1lez; Marc Gorrea Pi\u00f1ol; Arnau Guix i Santandreu i Yeray P\u00e9rez Mart\u00ednez (category Resta de la UAB a la \u201cmillor idea&nbsp;<em>consolidada<\/em>\u201d).<\/p>\n<p><strong>Jury:&nbsp;<\/strong>Maria Noguera (CIEU-EUTDH), Andreu Turr\u00f3 (CIEU), Sebasti\u00e1n Aparicio (CIEU) i David Urbano (CIEU).<\/p>\n<p>Igansi Capell\u00e0 Ballb\u00e9,&nbsp;Corporate Communication&nbsp;VP of&nbsp;<a href=\"https:\/\/www.broomx.com\" target=\"_blank\" rel=\"noopener\">Broomx.com<\/a>,&nbsp;was the keynote speaker.<\/p>\n<p><a href=\"https:\/\/onedrive.live.com\/redir?resid=B2670102DE9D088D!24676&amp;authkey=!APBcjtOo1jSV_iQ&amp;ithint=file%2cpdf\" target=\"_blank\" rel=\"noopener\">Award Notice<\/a>.<\/p>\n<p><a href=\"https:\/\/flic.kr\/s\/aHskrnrCNd\" target=\"_blank\" rel=\"noopener\">Award Pictures<\/a>.<\/p>\n<p><a href=\"https:\/\/onedrive.live.com\/redir?resid=B2670102DE9D088D!24819&amp;authkey=!AM57hZ637v7qf8Q&amp;ithint=file%2cpdf\" target=\"_blank\" rel=\"noopener\">Press releases<\/a>&nbsp;(in spanish).<\/p>\n<p><\/p>\n<p><strong>V CIEU Award to The most entrepreneurial idea 2014<\/strong><\/p>\n<p class=\"Estilo1\">Ceremony held on December 15th, 2014 at FUAB Schools Building.<\/p>\n<p><strong>Winners<\/strong>: Marta Olivella, Jordi Roca and Anna Ib\u00e1\u00f1ez (EUTDH); \u00c1ngel Garc\u00eda, Daniel Gonz\u00e1lez and Cristian Moreno (UAB).<\/p>\n<p><strong>Jury:&nbsp;<\/strong>Maria Noguera (CIEU-EUTDH), Andreu Turr\u00f3 (CIEU), David Urbano (CIEU).<\/p>\n<p><strong><span class=\"style1\">Eduard Agut<\/span><\/strong>, Founder, among others, of<span class=\"style4\">&nbsp;<span class=\"style1\"><strong><a href=\"https:\/\/circoviral.com\/\" target=\"_blank\" rel=\"noopener\">circoviral.com<\/a><\/strong><\/span><\/span>, was the keynote speaker.<\/p>\n<p><a href=\"https:\/\/onedrive.live.com\/redir?resid=b2670102de9d088d!19446&amp;authkey=!ADQYiHNI7M56pt8&amp;ithint=file%2cpdf\" target=\"_blank\" rel=\"noopener\">Award Notice<\/a>.<\/p>\n<p><a href=\"https:\/\/www.flickr.com\/photos\/131531959@N04\/sets\/72157652144504962\/\" target=\"_blank\" rel=\"noopener\">Award Pictures<\/a>.<\/p>\n<p><\/p>\n<p><strong>IV&nbsp;<strong>CIEU Award to The most entrepreneurial idea 2013<\/strong><\/strong><\/p>\n<p class=\"Estilo1\">Ceremony held on December 16th, 2013&nbsp;at EUTDH Building.<\/p>\n<p><strong>Winners<\/strong>: Sarah Sams\u00f3 and Valeria Muscatelo (EUTDH), Marc Bohigas, Vito Garcia, Beatriz Nicol\u00e1s and B\u00e0rbara Soler (UAB).<\/p>\n<p><strong>Jury:&nbsp;<\/strong>Maria Noguera (CIEU-EUTDH), Andreu Turr\u00f3 (CIEU-EUTDH), David Urbano (CIEU-EUTDH), Francesc Uroz (CIEU-EUTDH).<\/p>\n<p><strong><span class=\"style1\">Jaume Valldeperas<\/span><\/strong>, Founder of&nbsp;<a href=\"https:\/\/okbarcelonatours.com\/es\/\" target=\"_blank\" rel=\"noopener\"><span class=\"style4\"><strong>OK Barcelona Tours<\/strong><\/span><\/a>,&nbsp;was the keynote speaker.<\/p>\n<p><a href=\"https:\/\/onedrive.live.com\/redir?resid=b2670102de9d088d!19448&amp;authkey=!AKYwJi6b7t50z8o&amp;ithint=file%2cpdf\" target=\"_blank\" rel=\"noopener\">Award Notice<\/a>.<\/p>\n<p><a href=\"https:\/\/www.flickr.com\/photos\/131531959@N04\/sets\/72157652152133241\/\" target=\"_blank\" rel=\"noopener\">Award Pictures<\/a>.<\/p>\n<p><\/p>\n<p><strong>III&nbsp;<strong>CIEU Award to The most entrepreneurial idea 2012<\/strong><\/strong><\/p>\n<p class=\"Estilo1\">Ceremony held on December 11th, 2012&nbsp;at EUTDH Building.<\/p>\n<p><strong>Participants<\/strong>: 13 ideas of EUTDH alumni and 15 ideas of other UAB alimni.<\/p>\n<p><strong>Award<\/strong>: 450 euros to each winner team; one travel to Marocco covered by<span class=\"style4\">&nbsp;<span class=\"style1\"><strong><a href=\"https:\/\/www.xaluca.com\/\" target=\"_blank\" rel=\"noopener\">Xaluca<\/a><\/strong><\/span><\/span>&nbsp;Group for both winner and final teams. Also, certificates were provided to the winners and finalists.<\/p>\n<p><strong>Jury:&nbsp;<\/strong>Elisabeth Ferri (CIEU-EUTDH), Maria Noguera (CIEU-EUTDH), Andreu Turr\u00f3 (CIEU-EUTDH), David Urbano (CIEU-EUTDH), Francesc Uroz (CIEU-EUTDH).<\/p>\n<p><strong><span class=\"style1\">Llu\u00eds Pont<\/span><\/strong>, co-Founder of&nbsp;<span class=\"style4\"><span class=\"style1\"><strong><a href=\"https:\/\/www.xaluca.com\/\" target=\"_blank\" rel=\"noopener\">Xaluca<\/a>&nbsp;Group<\/strong><\/span><\/span>&nbsp;was the keynote speaker.<\/p>\n<p><a href=\"https:\/\/onedrive.live.com\/redir?resid=b2670102de9d088d!19450&amp;authkey=!APJethURhg-m15Y&amp;ithint=file%2cpdf\" target=\"_blank\" rel=\"noopener\">Award Notice<\/a>.<\/p>\n<p><a href=\"https:\/\/www.flickr.com\/photos\/131531959@N04\/sets\/72157652144367292\/\" target=\"_blank\" rel=\"noopener\">Award Pictures<\/a>.<\/p>\n<p><\/p>\n<p><strong>II <strong>CIEU Award to The most entrepreneurial idea 201<\/strong>0<\/strong><\/p>\n<p class=\"Estilo1\">Ceremony held on December 14th, 2010&nbsp;at EUTDH Building.<\/p>\n<p><strong>Participants:&nbsp;14 ideas of EUTDH alumni and 32 ideas of other UAB alumni.<\/strong><\/p>\n<p><strong>Award:&nbsp;450 euros to each winner team<\/strong>; and&nbsp;certificates were provided to the winners and finalists.<\/p>\n<p><strong>Jury:<\/strong>&nbsp;Elisabeth Ferri (CIEU-EUTDH),&nbsp;&nbsp; Maria Noguera (EUTDH), David Urbano (CIEU-EUTDH), Francesc Uroz (EUTDH).<\/p>\n<p><strong><span class=\"style1\">Iv\u00e1n Caballero<\/span>,&nbsp;<\/strong><a href=\"https:\/\/muuby.wordpress.com\/producto\/\" target=\"_blank\" rel=\"noopener\">Muuby&#8217;s<\/a> CEO and cofounder,&nbsp;was the keynote speaker.<\/p>\n<p><a href=\"https:\/\/onedrive.live.com\/redir?resid=b2670102de9d088d!19346&amp;authkey=!AFPMQVx1rI3m2sI&amp;ithint=file%2cpdf\" target=\"_blank\" rel=\"noopener\">Award Notice<\/a>.<\/p>\n<p><a href=\"https:\/\/www.flickr.com\/photos\/131531959@N04\/sets\/72157652144227332\/\" target=\"_blank\" rel=\"noopener\">Award Pictures<\/a>.<\/p>\n<p><\/p>\n<p><strong>I <strong>CIEU Award to The most entrepreneurial idea 20<\/strong>09<\/strong><\/p>\n<p class=\"Estilo1\">Ceremony held on December 15th, 2009&nbsp;at EUTDH Building.<\/p>\n<p><strong>Participants:&nbsp;<strong>19 ideas of EUTDH alumni and 27 ideas of other UAB Alumni.<\/strong><\/strong><\/p>\n<p><strong>Award:&nbsp;<strong>450 euros<\/strong><\/strong>&nbsp;as well as free subscription to&nbsp;<strong><a class=\"style1\" href=\"https:\/\/www.emprendedores.es\/\" target=\"_blank\" rel=\"noopener\">Revista Emprendores<\/a><\/strong>&nbsp;during 2010 <strong><strong>to each winner team<\/strong><\/strong>; and&nbsp;certificates were provided to the winners and finalists.<\/p>\n<p><strong>Jury:<\/strong>&nbsp;Claudia Alvarez (CIEU-EUTDH),&nbsp;&nbsp; Maria Noguera (EUTDH), David Urbano (CIEU-EUTDH), Francesc Uroz (EUTDH).<\/p>\n<p><strong><span class=\"style1\">Jordi Morcillo<\/span>,&nbsp;<\/strong>Marketing Director of&nbsp;<span class=\"style1\"><strong><a href=\"https:\/\/www.skeyndor.com\/\" target=\"_blank\" rel=\"noopener\">Skeyndor<\/a><\/strong><\/span>&nbsp;was the keynote speaker.<\/p>\n<p><a href=\"https:\/\/onedrive.live.com\/redir?resid=b2670102de9d088d!19382&amp;authkey=!AFPtuWimhgNpQ-8&amp;ithint=file%2cpdf\" target=\"_blank\" rel=\"noopener\">Award Notice<\/a>.<\/p>\n<p><a href=\"https:\/\/www.flickr.com\/photos\/131531959@N04\/sets\/72157652144129782\/\" target=\"_blank\" rel=\"noopener\">Award Pictures<\/a>.<\/p>\n<div class=\"grammarly-disable-indicator\">&nbsp;<\/div>","protected":false},"excerpt":{"rendered":"","protected":false},"author":20,"featured_media":0,"parent":0,"menu_order":0,"comment_status":"closed","ping_status":"closed","template":"","meta":{"footnotes":""},"class_list":["post-105","page","type-page","status-publish","hentry"],"_links":{"self":[{"href":"https:\/\/webs.uab.cat\/cieu\/en\/wp-json\/wp\/v2\/pages\/105","targetHints":{"allow":["GET"]}}],"collection":[{"href":"https:\/\/webs.uab.cat\/cieu\/en\/wp-json\/wp\/v2\/pages"}],"about":[{"href":"https:\/\/webs.uab.cat\/cieu\/en\/wp-json\/wp\/v2\/types\/page"}],"author":[{"embeddable":true,"href":"https:\/\/webs.uab.cat\/cieu\/en\/wp-json\/wp\/v2\/users\/20"}],"replies":[{"embeddable":true,"href":"https:\/\/webs.uab.cat\/cieu\/en\/wp-json\/wp\/v2\/comments?post=105"}],"version-history":[{"count":4,"href":"https:\/\/webs.uab.cat\/cieu\/en\/wp-json\/wp\/v2\/pages\/105\/revisions"}],"predecessor-version":[{"id":279,"href":"https:\/\/webs.uab.cat\/cieu\/en\/wp-json\/wp\/v2\/pages\/105\/revisions\/279"}],"wp:attachment":[{"href":"https:\/\/webs.uab.cat\/cieu\/en\/wp-json\/wp\/v2\/media?parent=105"}],"curies":[{"name":"wp","href":"https:\/\/api.w.org\/{rel}","templated":true}]}}