{"id":68,"date":"2015-03-17T15:51:59","date_gmt":"2015-03-17T13:51:59","guid":{"rendered":"https:\/\/webs.uab.cat\/cieu\/equip-de-treball\/"},"modified":"2026-04-15T11:05:25","modified_gmt":"2026-04-15T09:05:25","slug":"equip-de-treball","status":"publish","type":"page","link":"https:\/\/webs.uab.cat\/cieu\/en\/equip-de-treball\/","title":{"rendered":"Staff"},"content":{"rendered":"<p>CIEU has a team of five\u00a0experts in the entrepreneurship field.<\/p>\n<table border=\"0\">\n<tbody>\n<tr>\n<td colspan=\"2\"><strong>Andreu Turr\u00f3<\/strong> (Research Fellow)<\/td>\n<\/tr>\n<tr>\n<td><span class=\"caption\"><span class=\"inline inline-center\"><img loading=\"lazy\" decoding=\"async\" class=\"alignnone size-full wp-image-640\" src=\"https:\/\/webs.uab.cat\/cieu\/wp-content\/uploads\/sites\/219\/2026\/04\/andreu-turro.jpg\" alt=\"\" width=\"300\" height=\"300\" srcset=\"https:\/\/webs.uab.cat\/cieu\/wp-content\/uploads\/sites\/219\/2026\/04\/andreu-turro.jpg 300w, https:\/\/webs.uab.cat\/cieu\/wp-content\/uploads\/sites\/219\/2026\/04\/andreu-turro-150x150.jpg 150w\" sizes=\"auto, (max-width: 300px) 100vw, 300px\" \/><\/span><\/span><\/td>\n<td style=\"width: 796px\">Serra-Hunter fellow at the Universitat Aut\u00f2noma de Barcelona (UAB) Department of Business. Previously, he worked as an assistant professor at the Utrecht University School of Economics (the Netherlands). He received a Ph.D. (International Doctorate in Entrepreneurship and Management -IDEM) from UAB. He has a double degree in Business Administration and Market Research by the UAB and a Master in Marketing Management by ESADE Business School. His research is focused on conditioning factors for corporate entrepreneurship from a quantitative analysis. He published several academic papers in this research field. Currently he is participating in various Spanish and international projects on this topic.\u00a0<a href=\"https:\/\/www.researchgate.net\/profile\/Andreu_Turro\" target=\"_blank\" rel=\"noopener\">His web page<\/a>.<\/td>\n<\/tr>\n<tr>\n<td colspan=\"2\"><strong>Maria Noguera<\/strong> (Research Fellow)<\/td>\n<\/tr>\n<tr>\n<td style=\"width: 278px\"><span class=\"inline inline-center\"><img loading=\"lazy\" decoding=\"async\" class=\"alignnone size-full wp-image-637\" src=\"https:\/\/webs.uab.cat\/cieu\/wp-content\/uploads\/sites\/219\/2026\/04\/image025.jpg\" alt=\"\" width=\"194\" height=\"155\" \/><\/span><\/td>\n<td>Head and Professor of Tourism and Hospitality Management at Escola FUAB formaci\u00f3 at Universitat Aut\u00f2noma de Barcelona (UAB). She received a Ph.D. (International Doctorate in Entrepreneurship and Management -IDEM) from UAB. Her research areas are focused on entrepreneurship, especifically on those environmental factors affecting female entrepreneurship from the institutional approach. She has various academic papers in this research field. Additionally, she has been part of Centre d\u2019Iniciatives Emprenedores (CIEU) since its foundation, participating actively in new business creation projects.\u00a0<a href=\"https:\/\/www.researchgate.net\/profile\/Maria_Noguera4\" target=\"_blank\" rel=\"noopener\">Her web page<\/a>.<\/td>\n<\/tr>\n<tr>\n<td colspan=\"2\"><strong>Sebastian Aparicio<\/strong> (Research Fellow)<\/td>\n<\/tr>\n<tr>\n<td style=\"width: 278px\"><span class=\"inline inline-center\"><img loading=\"lazy\" decoding=\"async\" class=\" size-full wp-image-26\" src=\"https:\/\/webs.uab.cat\/cieu\/wp-content\/uploads\/sites\/219\/2015\/03\/Sebastian-Aparicio.jpg\" alt=\"\" width=\"150\" height=\"145\" \/><\/span><\/td>\n<td style=\"width: 796px\">Serra-Hunter fellow at the Universitat Aut\u00f2noma de Barcelona (UAB) Department of Business. Previously, he worked as an assistant professor at Durham University Business School (UK). He received a Ph.D. (International Doctorate in Entrepreneurship and Management -IDEM) from UAB. He has a Bachelor degree in Economics from Universidad de Antioquia (Colombia), a M.Sc. in Economics from Universidad EAFIT (Colombia) and a M.Phil. in Applied Research in Economics &amp; Business -MAREB- from UAB. His research is focused on conditioning factors for entrepreneurial activity and its effects on economic growth and development. He has various academic papers in this research field. Currently he is Researcher at CIEU.\u00a0<a href=\"https:\/\/sebastian-aparicio.com\" target=\"_blank\" rel=\"noopener\">His web page<\/a>.<\/td>\n<\/tr>\n<tr>\n<td colspan=\"2\"><strong>Tatiana L\u00f3pez<\/strong> (Coordinator)<\/td>\n<\/tr>\n<tr>\n<td style=\"width: 278px\"><span class=\"inline inline-center\"><img loading=\"lazy\" decoding=\"async\" class=\" size-full wp-image-29\" src=\"https:\/\/webs.uab.cat\/cieu\/wp-content\/uploads\/sites\/219\/2015\/03\/tatiana_lopez.jpg\" alt=\"\" width=\"150\" height=\"186\" \/><\/span><\/td>\n<td>Assistant professor of the Escola FUAB Formaci\u00f3. She received a Ph.D. (International Doctorate in Entrepreneurship and Management -IDEM) from UAB. She is an Economist and hold a M.Sc. in Administration from EAFIT University (Colombia). Her research focuses on the study of the impact of institutional dimensions on entrepreneurial activity in different contexts, through a quantitative analysis. In addition, she is also interested in the analysis of the influence of education on the entrepreneurial intentions of university students. She has several scientific publications in this field. Currently participates in various international projects and is a member of the technical team of the CIEU.\u00a0<a href=\"https:\/\/www.researchgate.net\/profile\/Tatiana_Lopez15\" target=\"_blank\" rel=\"noopener\">Her web page<\/a>.<\/td>\n<\/tr>\n<tr>\n<td colspan=\"2\"><strong>Nicol\u00e1s Pacheco<\/strong> (Research Fellow)<\/td>\n<\/tr>\n<tr>\n<td style=\"width: 278px\"><span class=\"caption\"><span class=\"inline inline-center\"><img loading=\"lazy\" decoding=\"async\" class=\"alignnone size-medium wp-image-634\" src=\"https:\/\/webs.uab.cat\/cieu\/wp-content\/uploads\/sites\/219\/2026\/04\/1680728416014-300x300.jpg\" alt=\"\" width=\"300\" height=\"300\" srcset=\"https:\/\/webs.uab.cat\/cieu\/wp-content\/uploads\/sites\/219\/2026\/04\/1680728416014-300x300.jpg 300w, https:\/\/webs.uab.cat\/cieu\/wp-content\/uploads\/sites\/219\/2026\/04\/1680728416014-150x150.jpg 150w, https:\/\/webs.uab.cat\/cieu\/wp-content\/uploads\/sites\/219\/2026\/04\/1680728416014.jpg 424w\" sizes=\"auto, (max-width: 300px) 100vw, 300px\" \/><\/span><\/span><\/td>\n<td style=\"width: 796px\">PhD Candidate in the Entrepreneurship and Management Program at Universitat Aut\u00f2noma de Barcelona (UAB). He holds a Master&#8217;s degree in Industrial Engineering and a Bachelor&#8217;s degree in Industrial Engineering with a minor in Technology Innovation from Universidad de los Andes. His research interests focus on Open Social Innovation, particularly examining its determinants and impacts within entrepreneurial ecosystems. Previously, he worked as a graduate assistant at Universidad de los Andes and served as Director of the Social Innovation Observatory at UNIMINUTO&#8217;s Scientific Park for Social Innovation (PCIS). He has also contributed as a researcher in public policy projects in collaboration with Colombia&#8217;s Ministry of ICT and the Foundation for Education and Social Development (FES). <a href=\"https:\/\/www.researchgate.net\/profile\/Nicolas-Pacheco-9\" target=\"_blank\" rel=\"noopener\">His web page<\/a>.<\/td>\n<\/tr>\n<tr>\n<td colspan=\"2\"><strong>David Urbano<\/strong> (Honorary member and Founder)<\/td>\n<\/tr>\n<tr>\n<td style=\"width: 278px\"><span class=\"inline inline-center\"><img loading=\"lazy\" decoding=\"async\" class=\" size-full wp-image-35\" src=\"https:\/\/webs.uab.cat\/cieu\/wp-content\/uploads\/sites\/219\/2015\/03\/davidurbano_picture_sent.jpg\" alt=\"\" width=\"150\" height=\"222\" srcset=\"https:\/\/webs.uab.cat\/cieu\/wp-content\/uploads\/sites\/219\/2015\/03\/davidurbano_picture_sent.jpg 810w, https:\/\/webs.uab.cat\/cieu\/wp-content\/uploads\/sites\/219\/2015\/03\/davidurbano_picture_sent-203x300.jpg 203w, https:\/\/webs.uab.cat\/cieu\/wp-content\/uploads\/sites\/219\/2015\/03\/davidurbano_picture_sent-691x1024.jpg 691w, https:\/\/webs.uab.cat\/cieu\/wp-content\/uploads\/sites\/219\/2015\/03\/davidurbano_picture_sent-768x1138.jpg 768w\" sizes=\"auto, (max-width: 150px) 100vw, 150px\" \/><\/span><\/td>\n<td style=\"width: 796px\">Professor of Entrepreneurship and ICREA-Academia Research\u00a0Fellow (Department of Business, School of Economics and Business). He is also Associate Director at the Centre for Entrepreneurship and Social Innovation Research (CREIS) and currently serves on the Board of Directors in the European Council for Small Business and Entrepreneurship\u00a0(ECSB). His research focuses on the analysis of factors affecting entrepreneurship in different contexts, using institutional economics as a theoretical framework, and combining quantitative and qualitative methodologies. He has several scholarly international publications,\u00a0participates in various international research projects (e.g. GEM, PSED, GUESSS) and also regularly visits Haas School of Business (University of California, Berkeley).\u00a0<a href=\"https:\/\/www.davidurbano.eu\" target=\"_blank\" rel=\"noopener\">His web page<\/a>.<\/td>\n<\/tr>\n<\/tbody>\n<\/table>\n<p>In addition, since CIEU&#8217;s creation, several collaborators have contributed and participated in different projects:<\/p>\n<p>Claudia \u00c1lvarez and Eduardo G\u00f3mez (co-founders), N\u00faria Toledano,\u00a0Francesc Uroz,\u00a0Marc Bernadich,\u00a0Elisabet Ferri and\u00a0Victor Querol.<\/p>\n","protected":false},"excerpt":{"rendered":"<p>CIEU has a team of five\u00a0experts in the entrepreneurship field. Andreu Turr\u00f3 (Research Fellow) Serra-Hunter fellow at the Universitat Aut\u00f2noma de Barcelona (UAB) Department of Business. Previously, he worked as an assistant professor at the Utrecht University School of Economics (the Netherlands). He received a Ph.D. (International Doctorate in Entrepreneurship and Management -IDEM) from UAB. [&hellip;]<\/p>\n","protected":false},"author":20,"featured_media":0,"parent":0,"menu_order":0,"comment_status":"closed","ping_status":"closed","template":"","meta":{"footnotes":""},"class_list":["post-68","page","type-page","status-publish","hentry"],"_links":{"self":[{"href":"https:\/\/webs.uab.cat\/cieu\/en\/wp-json\/wp\/v2\/pages\/68","targetHints":{"allow":["GET"]}}],"collection":[{"href":"https:\/\/webs.uab.cat\/cieu\/en\/wp-json\/wp\/v2\/pages"}],"about":[{"href":"https:\/\/webs.uab.cat\/cieu\/en\/wp-json\/wp\/v2\/types\/page"}],"author":[{"embeddable":true,"href":"https:\/\/webs.uab.cat\/cieu\/en\/wp-json\/wp\/v2\/users\/20"}],"replies":[{"embeddable":true,"href":"https:\/\/webs.uab.cat\/cieu\/en\/wp-json\/wp\/v2\/comments?post=68"}],"version-history":[{"count":1,"href":"https:\/\/webs.uab.cat\/cieu\/en\/wp-json\/wp\/v2\/pages\/68\/revisions"}],"predecessor-version":[{"id":646,"href":"https:\/\/webs.uab.cat\/cieu\/en\/wp-json\/wp\/v2\/pages\/68\/revisions\/646"}],"wp:attachment":[{"href":"https:\/\/webs.uab.cat\/cieu\/en\/wp-json\/wp\/v2\/media?parent=68"}],"curies":[{"name":"wp","href":"https:\/\/api.w.org\/{rel}","templated":true}]}}