{"id":94,"date":"2015-03-27T12:20:26","date_gmt":"2015-03-27T10:20:26","guid":{"rendered":"https:\/\/webs.uab.cat\/cieu\/la-persona-mes-emprenedora\/"},"modified":"2026-03-10T19:35:57","modified_gmt":"2026-03-10T17:35:57","slug":"la-persona-mes-emprenedora","status":"publish","type":"page","link":"https:\/\/webs.uab.cat\/cieu\/en\/la-persona-mes-emprenedora\/","title":{"rendered":"The most entrepreneurial person"},"content":{"rendered":"\n<div class=\"wp-block-group is-vertical is-layout-flex wp-container-core-group-is-layout-8cf370e7 wp-block-group-is-layout-flex\">\n<p><strong>XIV CIEU-FEiE 2026 Award to the most entrepreneurial person<\/strong><\/p>\n\n\n\n<p><strong><em>Guidelines (in Spanish)<\/em><\/strong><\/p>\n\n\n\n<ol class=\"wp-block-list\">\n<li><strong>Presentaci\u00f3n y objetivos<\/strong><\/li>\n<\/ol>\n\n\n\n<p>El <strong><em>XIV Premio CIEU-FEiE 2026 a la persona m\u00e1s emprendedora<\/em><\/strong> es una iniciativa del Centre d\u2019Iniciatives Emprenedores Universit\u00e0ries (CIEU) dirigida a todo el alumnado de la Escola FUAB Formaci\u00f3 (Archiv\u00edstica y Gesti\u00f3n de Documentos, Prevenci\u00f3n y Seguridad Integral, Turismo y Direcci\u00f3n Hotelera), de la Facultat d\u2019Economia i Empresa, y de la UAB en general, incluyendo tambi\u00e9n los ex-alumnos\/as. El objetivo del premio es fomentar el esp\u00edritu emprendedor y la innovaci\u00f3n entre los miembros de la comunidad universitaria.<\/p>\n\n\n\n<ol start=\"2\" class=\"wp-block-list\">\n<li><strong>Qui\u00e9n puede participar?<\/strong><\/li>\n<\/ol>\n\n\n\n<p>En el Premio pueden participar:<\/p>\n\n\n\n<ul class=\"wp-block-list\">\n<li>Estudiantes de la Escola FUAB Formaci\u00f3.<\/li>\n\n\n\n<li>Estudiantes de la Facultat d\u2019Economia i Empresa.<\/li>\n\n\n\n<li>Estudiantes del resto de la UAB.<\/li>\n\n\n\n<li>Ex-alumnos\/as.<\/li>\n<\/ul>\n\n\n\n<ol start=\"3\" class=\"wp-block-list\">\n<li><strong>Criterios de valoraci\u00f3n<\/strong><\/li>\n<\/ol>\n\n\n\n<p>El jurado considerar\u00e1, entre otros, los siguientes criterios:<\/p>\n\n\n\n<ul class=\"wp-block-list\">\n<li>Esp\u00edritu e iniciativa emprendedora.<\/li>\n\n\n\n<li>Acciones emprendedoras o intraemprendedoras llevadas a cabo.<\/li>\n\n\n\n<li>Originalidad y grado de innovaci\u00f3n de sus acciones.<\/li>\n\n\n\n<li>Viabilidad a mediano y largo plazo (t\u00e9cnica, comercial y econ\u00f3mica) de los proyectos emprendedores.<\/li>\n\n\n\n<li>Trayectoria emprendedora.<\/li>\n<\/ul>\n\n\n\n<ol start=\"4\" class=\"wp-block-list\">\n<li><strong>Qu\u00e9 se debe hacer para optar al Premio?<\/strong><\/li>\n<\/ol>\n\n\n\n<p>Formalizar la participaci\u00f3n en el Premio a trav\u00e9s del siguiente enlace: <a href=\"https:\/\/forms.gle\/6bUUosecAW293XGo9\">ficha de participaci\u00f3n,<\/a> as\u00ed como mediante el <a href=\"https:\/\/forms.gle\/LB8FSHtjeQgKfjyZA\">registro de emprendedores\/as<\/a>.<\/p>\n\n\n\n<p>En la solicitud habr\u00e1 que explicar las razones por las cuales pens\u00e1is que sois merecedores\/as del Premio en funci\u00f3n de los criterios de evaluaci\u00f3n anteriores y adjuntando tambi\u00e9n un breve CV (m\u00e1x. 1-2 p\u00e1gs.) y una carta de recomendaci\u00f3n de alguna persona que os avale. Fecha l\u00edmite de recepci\u00f3n de propuestas: <strong>24 de abril del 2026.<\/strong><\/p>\n\n\n\n<ol start=\"5\" class=\"wp-block-list\">\n<li><strong>Acto de celebraci\u00f3n del Premio y reconocimientos<\/strong><\/li>\n<\/ol>\n\n\n\n<p>El acto de entrega del Premio se celebrar\u00e1 el pr\u00f3ximo <strong><u>Lunes 4 de mayo de 2026<\/u><\/strong> a las 11.30h, en la Sala de Actos de la Facultat d\u2019Economia i Empresa.<\/p>\n\n\n\n<p>El premio consiste en un certificado que acredita al ganador\/a del Premio; el asesoramiento gratuito por parte del CIEU; y una dotaci\u00f3n econ\u00f3mica de 250 euros para cada categor\u00eda:<\/p>\n\n\n\n<p>(a) Categor\u00eda Direcci\u00f3n Hotelera<\/p>\n\n\n\n<p>(b) Categor\u00eda Archiv\u00edstica y Gesti\u00f3n de Documentos<\/p>\n\n\n\n<p>(c) Categor\u00eda Prevenci\u00f3n y Seguridad Integral<\/p>\n\n\n\n<p>(d) Categor\u00eda Turismo<\/p>\n\n\n\n<p>(e) Categor\u00eda Facultat d\u2019Economia i Empresa<\/p>\n\n\n\n<p>(f) Categor\u00eda general UAB<\/p>\n\n\n\n<ol start=\"6\" class=\"wp-block-list\">\n<li><strong>Jurado<\/strong><\/li>\n<\/ol>\n\n\n\n<p>El jurado del Premio est\u00e1 compuesto por expertos\/as reconocidos\/as del mundo universitario y empresarial.<\/p>\n\n\n\n<ol start=\"7\" class=\"wp-block-list\">\n<li><strong>Observaciones<\/strong><\/li>\n<\/ol>\n\n\n\n<p>La presentaci\u00f3n al Premio supone la aceptaci\u00f3n de estas bases. Cualquier aspecto que no est\u00e9 previsto en estas bases ser\u00e1 resuelto por parte del CIEU.<\/p>\n\n\n\n<p><a href=\"https:\/\/1drv.ms\/b\/c\/b2670102de9d088d\/IQBJTAVEcFwiSaBkuYR35SvcAWBSHCahERhU1ijXpcudipc?e=hXFFuU\" target=\"_blank\" rel=\"noreferrer noopener\">Bases del premio<\/a>.<\/p>\n\n\n\n<p><strong>XIII CIEU-FEiE 2025 Award to the most entrepreneurial person<\/strong><\/p>\n\n\n\n<p>Ceremony held on May 5th, 2025, at the Sala d&#8217;Actes in the Facultad d&#8217;Economia i Empresa, UAB.<\/p>\n\n\n\n<p>Winner: Adri\u00e0 Creixell Tarr\u00e9s &nbsp;(Category Turisme), Hugo Palomar (Category Direcci\u00f3 Hotelera), Albert Fillol (Category Prevenci\u00f3 i Seguretat Integral), Enric Ans\u00f3 (Category Arxiv\u00edstica i Gesti\u00f3 de Documents), Dennis Ram\u00edrez (Category Facultat d\u2019Economia i Empresa), and Carolina Buil (Category General UAB).<\/p>\n\n\n\n<p>Jury: Maria Noguera, Tatiana L\u00f3pez, Andreu Turr\u00f3, Sebasti\u00e1n Aparicio, David Urbano.<\/p>\n\n\n\n<p>B\u00e0rbara Segura, founder of&nbsp;<a href=\"https:\/\/invitaem.com\/\" target=\"_blank\" rel=\"noreferrer noopener\">Invita<\/a> was the keynote speaker.<\/p>\n\n\n\n<p><a href=\"https:\/\/www.flickr.com\/photos\/131531959@N04\/albums\/72177720326056662\/\" target=\"_blank\" rel=\"noreferrer noopener\">Award photos 2025<\/a>.<\/p>\n\n\n\n<p><a href=\"https:\/\/1drv.ms\/b\/c\/b2670102de9d088d\/EXivkagRV5dDnuJEYCYQWqkBF5rknUMW3L-WX41i5KLBAg?e=1e0lAj\" target=\"_blank\" rel=\"noreferrer noopener\">Award 2025 Notice<\/a>.<\/p>\n\n\n\n<p>Media coverage: <a href=\"https:\/\/www.uab.cat\/web\/sala-de-prensa\/detalle-noticia\/hugo-palomar-y-adria-creixell-premios-cieu-feie-2025-a-la-persona-mas-emprendedora-en-direccion-hotelera-y-en-turismo-1345830290069.html?detid=1345953133999\" target=\"_blank\" rel=\"noreferrer noopener\">Escola FUABformaci\u00f3<\/a>, <a href=\"https:\/\/www.uab.cat\/web\/sala-de-prensa\/detalle-noticia\/los-xiii-premios-cieu-feie-2025-reconocen-a-las-personas-mas-emprendedoras-de-la-uab-1345830290069.html?detid=1345953049367\" target=\"_blank\" rel=\"noreferrer noopener\">FEiE<\/a><\/p>\n\n\n\n<p><a href=\"https:\/\/1drv.ms\/b\/s!Ao0Ind4CAWeygr46muE70fIhB4wq3A?e=04MNpZ\" target=\"_blank\" rel=\"noreferrer noopener\">Award Guidelines 2025 (in Spanish)<\/a>.<\/p>\n\n\n\n<p><strong>XII CIEU-FEiE 2024 Award to the most entrepreneurial person (in Spanish)<\/strong><\/p>\n\n\n\n<p>Ceremony held on May 9th, 2024, at the Sala d&#8217;Actes in the Facultat d&#8217;Economia i Empresa, UAB.<\/p>\n\n\n\n<p><\/p>\n\n\n\n<p>Winners: D\u00e9sir\u00e9e L\u00f3pez Parram\u00f3n (Category Turisme), Ruth Dom\u00e8nech Fuentesauco (Category Direcci\u00f3 Hotelera), Eduard Dom\u00e8nech Ruda (Category Prevenci\u00f3 i Seguretat Integral), Merc\u00e8 L\u00e1zaro Garc\u00eda (Category Arxiv\u00edstica i Gesti\u00f3 de Documents), Daniel Clusellas and Vicen\u00e7 Altimira (Category Facultat d\u2019Economia i Empresa), and In\u00e9s Lecuona (Category General UAB).<\/p>\n\n\n\n<p><\/p>\n\n\n\n<p>Jury: Maria Noguera, Tatiana L\u00f3pez, Andreu Turr\u00f3, Sebasti\u00e1n Aparicio, David Urbano.<\/p>\n\n\n\n<p><\/p>\n\n\n\n<p>Alan Fust\u00e9, founder of <a href=\"https:\/\/mathew.ai\">Mathew<\/a>, was the keynote speaker.<\/p>\n\n\n\n<p><\/p>\n\n\n\n<p><a href=\"https:\/\/1drv.ms\/b\/s!Ao0Ind4CAWeygrdEVhuP8e0PYDof2g?e=IWyQqC\" target=\"_blank\" rel=\"noreferrer noopener\">Award guidelines 2024 (in Spanish)<\/a>. <a href=\"https:\/\/1drv.ms\/b\/s!Ao0Ind4CAWeygrkA8PYGp0BY04bGHQ?e=x22Rfs\">Award 2024 Notice<\/a>.<\/p>\n\n\n\n<p><\/p>\n\n\n\n<p><a href=\"https:\/\/flic.kr\/s\/aHBqjBpFCX\">Award photos 2024<\/a>.<\/p>\n\n\n\n<p><\/p>\n\n\n\n<p>Media coverage: <a href=\"https:\/\/www.uab.cat\/web\/sobre-la-corporacio-uab\/detall-de-noticia\/els-xii-premis-cieu-feie-2024-reconeixen-les-persones-mes-emprenedores-de-la-uab-1345779147521.html?noticiaid=1345916362218\">Escola FUAB Formaci\u00f3<\/a>. <a href=\"https:\/\/www.uab.cat\/web\/detall-de-noticia\/els-xii-premis-cieu-feie-2024-reconeixen-les-persones-mes-emprenedores-de-la-uab-1345697198279.html?noticiaid=1345916657837\">FEiE<\/a><\/p>\n\n\n\n<p><\/p>\n\n\n\n<p><strong>XI CIEU-FEiE 2023 Award to the most entrepreneurial person<\/strong><\/p>\n<\/div>\n\n\n<p><span style=\"font-size: revert;letter-spacing: 0.05rem\">Ceremony held on May 8th, 2023, at the Sala d&#8217;Actes in the Facultat d&#8217;Economia i Empresa, UAB.<\/span><\/p>\n<p><span style=\"font-size: revert;letter-spacing: 0.05rem\">Winners: Sarah Sams\u00f3 (Category Turisme), Albert P\u00e9rez Llanos (Category Direcci\u00f3 Hotelera), Manel Pascual S\u00e1nchez (Category Prevenci\u00f3 i Seguretat Integral), Bernat Munt\u00e9s (category Arxiv\u00edstica i Gesti\u00f3 de Documents), Oriol Abad Campins (Category Facultat d\u2019Economia i Empresa), N\u00faria Canellas Terradellas (Category General UAB), and Alan Fust\u00e9 (Category Impacte social i Sostenibilitat).<\/span><\/p>\n<div>\n<p><!-- \/wp:post-content --><\/p>\n<p><!-- wp:paragraph -->Jury: Maria Noguera, Tatiana L\u00f3pez, Andreu Turr\u00f3, Sebasti\u00e1n Aparicio, Eva Miquel, David Urbano.<\/p>\n<p><span style=\"font-size: revert;letter-spacing: 0.05rem\">Magda Cebri\u00e1n, Alumni from Facultat de Ci\u00e8ncies de la Comunicaci\u00f3 de la UAB and Co-founder of <\/span><a style=\"font-size: revert;letter-spacing: 0.05rem\" href=\"https:\/\/gozerowaste.app\/\">GoZeroWaste<\/a><span style=\"font-size: revert;letter-spacing: 0.05rem\">\u00a0was the keynote speaker.<\/span><\/p>\n<p><!-- \/wp:paragraph --> <!-- wp:paragraph --><a href=\"https:\/\/1drv.ms\/b\/s!Ao0Ind4CAWeygrBG3VFkPuOnpZx83w?e=h5v85L\" target=\"_blank\" rel=\"noopener\">Award Guidelines 2023 (in Spanish)<\/a>.<\/p>\n<p><a style=\"font-size: revert;letter-spacing: 0.05rem\" href=\"https:\/\/1drv.ms\/b\/s!Ao0Ind4CAWeygrIgkQo0uo3kVNVHXQ?e=Qyrhvh\" target=\"_blank\" rel=\"noreferrer noopener\">Award Notice 2023<\/a><span style=\"font-size: revert;letter-spacing: 0.05rem\">.<\/span><\/p>\n<p><!-- \/wp:paragraph --> <!-- wp:paragraph --><a href=\"https:\/\/flic.kr\/s\/aHBqjAJjhu\" target=\"_blank\" rel=\"noreferrer noopener\" data-type=\"URL\" data-id=\"https:\/\/flic.kr\/s\/aHBqjAJjhu\">Award photos 2023<\/a>.<\/p>\n<p><!-- \/wp:paragraph --> <!-- wp:paragraph -->Media coverage: <a href=\"https:\/\/www.uab.cat\/web\/sobre-la-corporacio-uab\/detalle-de-noticia\/siete-emprendedores-galardonados-con-el-xi-premio-cieu-feie-2023-por-sus-trayectorias-en-innovacion-1345779665646.html?noticiaid=1345887594036\" target=\"_blank\" rel=\"noopener\">FUAB<\/a><\/p>\n<p><strong style=\"font-size: revert;letter-spacing: 0.05rem\">X CIEU-FEiE 2022 Award to the most entrepreneurial person<\/strong><\/p>\n<p><span style=\"font-size: revert;letter-spacing: 0.05rem\">Ceremony held on May 9th, 2022, at\u00a0the Sala d&#8217;Actes\u00a0de la Facultat d&#8217;Economia i Empresa, UAB.<\/span><\/p>\n<\/div>\n<p>Winners: Marta Mas (category\u00a0&#8220;Direcci\u00f3 Hotelera&#8221; (EUTDH)),\u00a0Xavier Ruiz (category &#8220;EPSI&#8221;),\u00a0Sandra Orihuela (category &#8220;ESAGED&#8221;),\u00a0Sergi Rostoll (category &#8220;Turisme&#8221; (EUTDH)),\u00a0Omar Moreno (category &#8220;Facultat d\u2019Economia i Empresa&#8221;),\u00a0Carles Flaquer (category &#8220;General UAB&#8221;),\u00a0Marta Oreja (category &#8220;Alumni \u2013 impacte social i sostenibilitat\u201d)<\/p>\n<p>Jury: Maria Noguera, Tatiana L\u00f3pez, Andreu Turr\u00f3, Sebasti\u00e1n Aparicio, Eva Miquel, David Urbano.<\/p>\n<p>Josep Maria Margarit Taul\u00e9, from\u00a0<a href=\"https:\/\/www.imb-cnm.csic.es\/es\" target=\"_blank\" rel=\"noopener\">Institute of Microelectronics of Barcelona IMB-CNM CSIC<\/a>, was the keynote speaker.<\/p>\n<p><a href=\"https:\/\/1drv.ms\/b\/s!Ao0Ind4CAWeygq46My9IX39tXUNy1A?e=mMLbZK\" target=\"_blank\" rel=\"noopener\">Award Guidelines 2022<\/a><\/p>\n<p><a href=\"https:\/\/1drv.ms\/b\/s!Ar8hUi6ayNTcgwggMYCNn8G2pddT?e=ayFwNR\" target=\"_blank\" rel=\"noopener\">Award Notice<\/a>\u00a0<a href=\"https:\/\/1drv.ms\/b\/s!Ar8hUi6ayNTcgwggMYCNn8G2pddT?e=ayFwNR\" target=\"_blank\" rel=\"noopener\">2022<\/a><\/p>\n<p><a href=\"https:\/\/flic.kr\/s\/aHBqjzPKBC\" target=\"_blank\" rel=\"noopener\">Award photos 2022<\/a><\/p>\n<p><a href=\"https:\/\/youtu.be\/oxaYBMwRtQc\" target=\"_blank\" rel=\"noopener\">Award video 2022<\/a><\/p>\n<p>Media coverage:\u00a0<a href=\"https:\/\/www.uab.cat\/web\/detalle-de-noticia\/sergi-rostoll-y-marta-mas-galardonados-con-el-premio-cieu-feie-2022-de-turismo-y-direccion-hotelera-1345715733050.html?noticiaid=1345859560667\" target=\"_blank\" rel=\"noopener\">FUAB<\/a><\/p>\n<p><strong>IX CIEU-FEiE 2021 Award to the most entrepreneurial person<\/strong><\/p>\n<p>Ceremony held on May 12th, 2021,\u00a0via Microsoft Teams.<\/p>\n<p><strong>Winners:<\/strong> Joana Bonet Tresens (&#8220;Direcci\u00f3 Hotelera&#8221; (EUTDH)),\u00a0Jaume Soler Pedrola (&#8220;EPSI&#8221;),\u00a0Gemma Cuj\u00f3 Beca (&#8220;ESAGED&#8221;),\u00a0Esther Querol Castillo (&#8220;Turisme&#8221; (EUTDH)),\u00a0Josep Mentruit (&#8220;Facultat d\u2019Economia i Empresa&#8221;),\u00a0Pol Llonch (&#8220;General UAB&#8221;),\u00a0Germ\u00e1n Bartolom\u00e9 (&#8220;Alumni \u2013 impacte social i sostenibilitat\u201d)<\/p>\n<p>Jury: Maria Noguera, Tatiana L\u00f3pez, Andreu Turr\u00f3, Sebasti\u00e1n Aparicio, Eva Miquel, David Urbano.<\/p>\n<p>Jordi Gusi, the co-founder of\u00a0<a href=\"https:\/\/www.tandemsocial.coop\/es\/\" target=\"_blank\" rel=\"noopener\">Tandem Social<\/a>, was the keynote speaker.<\/p>\n<p><a href=\"https:\/\/1drv.ms\/b\/s!Ao0Ind4CAWeygqwaxp_KaV2MxSbaDQ?e=czfQDe\" target=\"_blank\" rel=\"noopener\">Award Guidelines<\/a><a href=\"https:\/\/1drv.ms\/b\/s!Ao0Ind4CAWeygqwaxp_KaV2MxSbaDQ?e=czfQDe\">\u00a02021<\/a><\/p>\n<p><a href=\"https:\/\/1drv.ms\/b\/s!Ar8hUi6ayNTcgwggMYCNn8G2pddT?e=ayFwNR\">Award Notice<\/a><a href=\"https:\/\/1drv.ms\/b\/s!Ar8hUi6ayNTcgwggMYCNn8G2pddT?e=ayFwNR\">\u00a02021<\/a><\/p>\n<p><a href=\"https:\/\/www.youtube.com\/watch?v=5iytKIj9u4w&amp;ab_channel=Fundaci%C3%B3UAB\">Award Video 2021<\/a><\/p>\n<p><strong>Previous Awards<\/strong><\/p>\n<p><strong>The 2020 edition was canceled due to COVID-19<\/strong><\/p>\n<p><strong>VIII CIEU-2019 Award to the most entrepreneurial person<\/strong><\/p>\n<p>Ceremony held on May 15th, 2019, at\u00a0Sala d&#8217;Actes, Economics and Business Studies Faculty, UAB.<\/p>\n<p><strong>Winners:\u00a0<\/strong>Toni Cardona Mart\u00ednez (&#8220;Direcci\u00f3 Hotelera&#8221; (EUTDH)),\u00a0Marc Garc\u00eda Di\u00e9guez (&#8220;EPSI&#8221;),\u00a0Laura Tienda Mart\u00ednez (&#8220;ESAGED&#8221;),\u00a0Judit Esteban Garcia (&#8220;Turisme&#8221; (EUTDH)),\u00a0Esther Bueno Fern\u00e1ndez (&#8220;Facultat d\u2019Economia i Empresa&#8221;),\u00a0Jofre Ferrer-Dalmau (&#8220;resta UAB&#8221;),\u00a0Cesc Sierra Mart\u00ednez (&#8220;Alumni \u2013 impacte social i sostenibilitat\u201d).<\/p>\n<p><strong>Jury:<\/strong>\u00a0Maria Noguera, Tatiana L\u00f3pez, Andreu Turr\u00f3, Sebasti\u00e1n Aparicio, Eva Miquel, David Urbano.<\/p>\n<p><a href=\"https:\/\/www.linkedin.com\/in\/miriam-mauri-72275757\/\" target=\"_blank\" rel=\"noopener\">Miriam Mauri<\/a>, who is an expert\u00a0in business development Hotusa Ventures program leader was the keynote speaker.<\/p>\n<p><a href=\"https:\/\/1drv.ms\/b\/s!Ao0Ind4CAWeygqlNHAaimIKM1yB9LQ\" target=\"_blank\" rel=\"noopener\">Award Guidelines 2019<\/a><\/p>\n<p><a href=\"https:\/\/1drv.ms\/b\/s!Ao0Ind4CAWeygqoilTossqdI0icP1Q\" target=\"_blank\" rel=\"noopener\">Award Notice 2019<\/a><\/p>\n<p><a href=\"https:\/\/flic.kr\/s\/aHsmyk4f1w\" target=\"_blank\" rel=\"noopener\">Award Pictures 2019<\/a><\/p>\n<p><a href=\"https:\/\/youtu.be\/MyBItCoBIms\" target=\"_blank\" rel=\"noopener\">Award Video 2019<\/a><\/p>\n<p><strong>VII CIEU-FUABformaci\u00f3 2018 Award to the most entrepreneurial person<\/strong><\/p>\n<p>Ceremony held on March 15th, 2018, at\u00a0Hotel Campus, Lluis Vives Auditorium.<\/p>\n<p><strong>Winners<\/strong>:\u00a0Mayra Peromingo Galego (\u201cTourism-EUTDH\u201d), Francesc Gonz\u00e1lez Garc\u00eda (\u201cHospitality Management-EUTDH\u201d), Pere Miralles Mestre (\u201cEPSI-ESAGED\u201d), Georgina Vidal-Gavilan (\u201cAlumni social and environmental impact\u201d), Daniel Sim\u00f3n and Pablo Abram (\u201cRest\u00a0of UAB\u201d).<\/p>\n<p><strong>Jury:\u00a0<\/strong>Maria Noguera, Andreu Turr\u00f3, Sebasti\u00e1n Aparicio, David Urbano.<\/p>\n<p><a href=\"https:\/\/silviabueso.com\" target=\"_blank\" rel=\"noopener\">Silvia Bueso<\/a>, coaching in fund raising, and <a href=\"https:\/\/www.momalab.com\" target=\"_blank\" rel=\"noopener\">Montse Marin<\/a>, founder of momaLAB,\u00a0were the keynote speakers.<\/p>\n<p><a href=\"https:\/\/1drv.ms\/b\/s!Ao0Ind4CAWeygqg-W0qxh9UNUgFqgA\" target=\"_blank\" rel=\"noopener\">Award Notice<\/a><\/p>\n<p><a href=\"https:\/\/flic.kr\/s\/aHsmg8nfgL\" target=\"_blank\" rel=\"noopener\">Award Pictures<\/a><\/p>\n<p><a href=\"https:\/\/www.youtube.com\/watch?v=Ma3Zru2wL48&amp;feature=youtu.be\" target=\"_blank\" rel=\"noopener\">Award Video<\/a><\/p>\n<p><strong>VI CIEU-FUABformaci\u00f3 2017 Award to the most entrepreneurial person<\/strong><\/p>\n<p>Ceremony held on March 30th, 2017, at\u00a0White Building (FUAB Schools).<\/p>\n<p><strong>Winners<\/strong>:\u00a0Neus Escarr\u00e9 Castillo (Tourism (EUTDH)), Richard Glezmar (Hospitality Management (EUTDH)), Sergio L\u00f3pez Rodr\u00edguez (EPSI), Marta Saiz Montero (ESAGED), Carlos Alonso Mart\u00ednez (Rest of UAB).<\/p>\n<p><strong>Jury:\u00a0<\/strong>Maria Noguera, Andreu Turr\u00f3, Sebasti\u00e1n Aparicio, David Urbano.<\/p>\n<p>Rafa Serra, founder of\u00a0<a href=\"https:\/\/www.gruppit.com\" target=\"_blank\" rel=\"noopener\">Gruppit\u00a0<\/a>\u00a0and\u00a0<a href=\"https:\/\/www.tempsdoci.com\" target=\"_blank\" rel=\"noopener\">Temps d&#8217;Oci Viatges<\/a>, among other businesses, was the keynote speaker.<\/p>\n<p><a href=\"https:\/\/1drv.ms\/b\/s!Ao0Ind4CAWeygpxS4VFjWM_BBinn5g\" target=\"_blank\" rel=\"noopener\">Award Notice<\/a><\/p>\n<p><a href=\"https:\/\/flic.kr\/s\/aHskSnxVkM\" target=\"_blank\" rel=\"noopener\">Award Pictures<\/a><\/p>\n<p><a href=\"https:\/\/www.youtube.com\/watch?v=3omBOtLvVGs&amp;feature=youtu.be\" target=\"_blank\" rel=\"noopener\">Award Video<\/a><\/p>\n<p><strong>V CIEU-FUAB Award 2016 to The most entrepreneurial person<\/strong><\/p>\n<p>Ceremony held on March 10, 2016 at\u00a0White Building (FUAB Schools).<\/p>\n<p><strong>Winners<\/strong>:\u00a0Adri\u00e0 Flor (&#8220;Turisme-EUTDH&#8221;), Samuel Guill\u00e9n and Noem\u00ed Garc\u00eda (&#8220;Direcci\u00f3 Hotelera-EUTDH&#8221;), Fernando Olivares and Eduard Pujol (&#8220;EPSI&#8221;), Alberto Biarge (&#8220;ESAGED&#8221;) and Jes\u00fas Lara (&#8220;resta UAB&#8221;).<\/p>\n<p><strong>Jury:\u00a0<\/strong>Maria Noguera, Andreu Turr\u00f3, Sebasti\u00e1n Aparicio, David Urbano.<\/p>\n<p>Toni Miret (<a href=\"https:\/\/www.timtul.com\/\" target=\"_blank\" rel=\"noopener\">Timtul<\/a>, CEO), Sergi Verdejo (Co-owner and COO, <a href=\"https:\/\/www.padcelona.com\/\" target=\"_blank\" rel=\"noopener\">Padcelona<\/a>) and Abel Delgado (Director of Marketing and Communications, <a href=\"https:\/\/www.padcelona.com\/\" target=\"_blank\" rel=\"noopener\">Padcelona<\/a>), were the keynote speakers.<\/p>\n<p><a href=\"https:\/\/1drv.ms\/b\/s!Ar8hUi6ayNTcgXzC7RDtDjNCsEYX\" target=\"_blank\" rel=\"noopener\">Award Notice<\/a><\/p>\n<p><a href=\"https:\/\/flic.kr\/s\/aHskwvyDbp\" target=\"_blank\" rel=\"noopener\">Award Pictures<\/a><\/p>\n<p><strong><strong><strong>IV CIEU-FUAB Award 2015 to The most entrepreneurial person<\/strong><\/strong><\/strong><\/p>\n<p>Ceremony held on May 12, 2015 at White Building (FUAB Schools).<\/p>\n<p><strong>Winners<\/strong>: Ver\u00f3nica Luna and Ricard Martin (&#8220;Nascent&#8221; entrepreneur FUAB Schools), X\u00e8nia Ortiz (&#8220;Consolidated&#8221; entrepreneur FUAB Schools), and Daniel Romero (General UAB).<\/p>\n<p><strong>Jury:\u00a0<\/strong>Maria Noguera, Andreu Turr\u00f3, Sebasti\u00e1n Aparicio, David Urbano.<\/p>\n<p>Anna Ca\u00f1adell, <a href=\"https:\/\/www.trip4real.com\" target=\"_blank\" rel=\"noopener\">trip4real<\/a> co-founder, was the keynote speaker.<\/p>\n<p><a href=\"https:\/\/onedrive.live.com\/redir?resid=b2670102de9d088d!21537&amp;authkey=!AIklySpe9MB0JrM&amp;ithint=file%2cpdf\" target=\"_blank\" rel=\"noopener\">Award Notice<\/a><\/p>\n<p><a href=\"https:\/\/www.flickr.com\/gp\/131531959@N04\/56JT32\" target=\"_blank\" rel=\"noopener\">Award Pictures<\/a><\/p>\n<p><strong><strong>III CIEU Award to The most entrepreneuriual person 2014<\/strong><\/strong><\/p>\n<p class=\"Estilo1\">Ceremony held on May 12, 2014 at EUTDH.<\/p>\n<p><strong>Winners<\/strong>: Adri\u00e0 Creixell (Turisme) and Joana Vi\u00f1as (Direcci\u00f3 Hotelera).<\/p>\n<p><strong>Jury:\u00a0<\/strong>Maria Noguera, Andreu Turr\u00f3, David Urbano, Francesc Uroz.<\/p>\n<p><strong><span class=\"style1\">Sergi Verdejo and Richard Fridh<\/span><\/strong>, <span class=\"style4\"><span class=\"style1\"><strong><a href=\"https:\/\/padcelona.com\/\" target=\"_blank\" rel=\"noopener\">Padcelona<\/a>\u00a0<\/strong>Founders,<\/span><\/span>\u00a0were the keynote speakers.<\/p>\n<p><a href=\"https:\/\/onedrive.live.com\/redir?resid=b2670102de9d088d!21073&amp;authkey=!ADZf1d4OP32j4WM&amp;ithint=file%2cpdf\" target=\"_blank\" rel=\"noopener\">Award Notice 2014<\/a><\/p>\n<p><a href=\"https:\/\/www.flickr.com\/photos\/131531959@N04\/sets\/72157651280944330\/\" target=\"_blank\" rel=\"noopener\">Award Pictures 2014<\/a><\/p>\n<p><strong><strong>II <strong>CIEU Award to The most entrepreneuriual person 201<\/strong>3<\/strong><\/strong><\/p>\n<p class=\"Estilo1\">Ceremony held on May 7, 2013 at EUTDH.<\/p>\n<p><strong><strong>Winners<\/strong>:\u00a0<\/strong>Laia Canut (Turisme), David Salses (Direcci\u00f3 Hotelera), Oriol Mu\u00f1oz (UAB).<\/p>\n<p><strong>Jury:\u00a0<\/strong>Elisabeth Ferri, Maria Noguera, Andreu Turr\u00f3, David Urbano and Francesc Uroz.<\/p>\n<p><strong><span class=\"style1\">Tom\u00e0s Casals and Nam Nguyen<\/span><\/strong>, <span class=\"style4\"><span class=\"style1\"><strong><a href=\"https:\/\/es.tiching.com\/\" target=\"_blank\" rel=\"noopener\">Tiching<\/a><\/strong><\/span><\/span>\u00a0Founders,\u00a0were the keynote speakers.<\/p>\n<p><strong><strong><a href=\"https:\/\/onedrive.live.com\/redir?resid=b2670102de9d088d!21071&amp;authkey=!AENnMJrjzyGP_9w&amp;ithint=file%2cpdf\" target=\"_blank\" rel=\"noopener\">Award Notice 2013<\/a><\/strong><\/strong><\/p>\n<p><strong><strong><a href=\"https:\/\/www.flickr.com\/photos\/131531959@N04\/sets\/72157651699966485\/\" target=\"_blank\" rel=\"noopener\">Award Pictures 2013<\/a><\/strong><\/strong><\/p>\n<p><strong>I <strong>CIEU Award to The most entrepreneuriual person 201<\/strong>2<\/strong><\/p>\n<p class=\"Estilo1\">Ceremony held on May 8, 2012 at EUTDH.<\/p>\n<p><strong><strong>Winners<\/strong>:\u00a0<\/strong>Xavier Castells (Turisme), Anna Mart\u00ednez (Direcci\u00f3 Hotelera).<\/p>\n<p><strong>Jury:\u00a0<\/strong>Elisabeth Ferri, Maria Noguera, Andreu Turr\u00f3, David Urbano and Francesc Uroz.<\/p>\n<p><strong><span class=\"style1\">Xavier Fermoso and Carlos Felipe<\/span>,\u00a0<\/strong><a href=\"https:\/\/www.dinamiks.cat\/ca\/\" target=\"_blank\" rel=\"noopener\"><strong>Dinamiks<\/strong><\/a> Founders,\u00a0were the keynote speakers.<\/p>\n<p><a href=\"https:\/\/onedrive.live.com\/redir?resid=b2670102de9d088d!21069&amp;authkey=!AG5vmxg3d0puncI&amp;ithint=file%2cpdf\" target=\"_blank\" rel=\"noopener\">Award Notice 2012<\/a><\/p>\n<p><a href=\"https:\/\/www.flickr.com\/photos\/131531959@N04\/sets\/72157651280659910\/\" target=\"_blank\" rel=\"noopener\">Award Pictures 2012<\/a><\/p>","protected":false},"excerpt":{"rendered":"<p>XIV CIEU-FEiE 2026 Award to the most entrepreneurial person Guidelines (in Spanish) El XIV Premio CIEU-FEiE 2026 a la persona m\u00e1s emprendedora es una iniciativa del Centre d\u2019Iniciatives Emprenedores Universit\u00e0ries (CIEU) dirigida a todo el alumnado de la Escola FUAB Formaci\u00f3 (Archiv\u00edstica y Gesti\u00f3n de Documentos, Prevenci\u00f3n y Seguridad Integral, Turismo y Direcci\u00f3n Hotelera), de [&hellip;]<\/p>\n","protected":false},"author":20,"featured_media":0,"parent":0,"menu_order":0,"comment_status":"closed","ping_status":"closed","template":"","meta":{"footnotes":""},"class_list":["post-94","page","type-page","status-publish","hentry"],"_links":{"self":[{"href":"https:\/\/webs.uab.cat\/cieu\/en\/wp-json\/wp\/v2\/pages\/94","targetHints":{"allow":["GET"]}}],"collection":[{"href":"https:\/\/webs.uab.cat\/cieu\/en\/wp-json\/wp\/v2\/pages"}],"about":[{"href":"https:\/\/webs.uab.cat\/cieu\/en\/wp-json\/wp\/v2\/types\/page"}],"author":[{"embeddable":true,"href":"https:\/\/webs.uab.cat\/cieu\/en\/wp-json\/wp\/v2\/users\/20"}],"replies":[{"embeddable":true,"href":"https:\/\/webs.uab.cat\/cieu\/en\/wp-json\/wp\/v2\/comments?post=94"}],"version-history":[{"count":23,"href":"https:\/\/webs.uab.cat\/cieu\/en\/wp-json\/wp\/v2\/pages\/94\/revisions"}],"predecessor-version":[{"id":629,"href":"https:\/\/webs.uab.cat\/cieu\/en\/wp-json\/wp\/v2\/pages\/94\/revisions\/629"}],"wp:attachment":[{"href":"https:\/\/webs.uab.cat\/cieu\/en\/wp-json\/wp\/v2\/media?parent=94"}],"curies":[{"name":"wp","href":"https:\/\/api.w.org\/{rel}","templated":true}]}}