{"id":101,"date":"2015-04-10T19:11:58","date_gmt":"2015-04-10T17:11:58","guid":{"rendered":"https:\/\/webs.uab.cat\/cieu\/enllacos-dinteres\/"},"modified":"2015-04-10T19:11:58","modified_gmt":"2015-04-10T17:11:58","slug":"enllacos-dinteres","status":"publish","type":"page","link":"https:\/\/webs.uab.cat\/cieu\/enllacos-dinteres\/","title":{"rendered":"Enlaces de inter\u00e9s"},"content":{"rendered":"<p>* <a href=\"https:\/\/www.uab.cat\/fundaciouab\/\" target=\"_blank\" rel=\"noopener\">Fundaci\u00f3 UAB<\/a>.<\/p>\n<p>*&nbsp;<a href=\"https:\/\/www.uab.es\/servlet\/Satellite\/uab-empren-1345654929829.html\/\" target=\"_blank\" rel=\"noopener\">UABEmpr\u00e8n<\/a>.<\/p>\n<p>*&nbsp;<a href=\"https:\/\/www.uab.es\/\" target=\"_blank\" rel=\"noopener\">Universitat Aut\u00f2noma de Barcelona<\/a>.<\/p>\n<p>*&nbsp;<a href=\"https:\/\/inicia.gencat.cat\/inicia\/cat\/\" target=\"_blank\" rel=\"noopener\">INICIA: per la creaci\u00f3 d&#8217;empreses<\/a>.<\/p>\n","protected":false},"excerpt":{"rendered":"<p>* Fundaci\u00f3 UAB. *&nbsp;UABEmpr\u00e8n. *&nbsp;Universitat Aut\u00f2noma de Barcelona. *&nbsp;INICIA: per la creaci\u00f3 d&#8217;empreses.<\/p>\n","protected":false},"author":20,"featured_media":0,"parent":0,"menu_order":0,"comment_status":"closed","ping_status":"closed","template":"","meta":{"footnotes":""},"class_list":["post-101","page","type-page","status-publish","hentry"],"_links":{"self":[{"href":"https:\/\/webs.uab.cat\/cieu\/wp-json\/wp\/v2\/pages\/101","targetHints":{"allow":["GET"]}}],"collection":[{"href":"https:\/\/webs.uab.cat\/cieu\/wp-json\/wp\/v2\/pages"}],"about":[{"href":"https:\/\/webs.uab.cat\/cieu\/wp-json\/wp\/v2\/types\/page"}],"author":[{"embeddable":true,"href":"https:\/\/webs.uab.cat\/cieu\/wp-json\/wp\/v2\/users\/20"}],"replies":[{"embeddable":true,"href":"https:\/\/webs.uab.cat\/cieu\/wp-json\/wp\/v2\/comments?post=101"}],"version-history":[{"count":0,"href":"https:\/\/webs.uab.cat\/cieu\/wp-json\/wp\/v2\/pages\/101\/revisions"}],"wp:attachment":[{"href":"https:\/\/webs.uab.cat\/cieu\/wp-json\/wp\/v2\/media?parent=101"}],"curies":[{"name":"wp","href":"https:\/\/api.w.org\/{rel}","templated":true}]}}