{"id":17,"date":"2015-03-04T16:43:36","date_gmt":"2015-03-04T14:43:36","guid":{"rendered":"https:\/\/webs.uab.cat\/cieu\/presentacio\/"},"modified":"2023-01-20T16:54:00","modified_gmt":"2023-01-20T14:54:00","slug":"presentacio","status":"publish","type":"page","link":"https:\/\/webs.uab.cat\/cieu\/presentacio\/","title":{"rendered":""},"content":{"rendered":"<p><span>Benvinguts i benvingudes a la Web del&nbsp;<span>Centre d\u2019Iniciatives Emprenedores Universit\u00e0ries (CIEU)<\/span><\/span><\/p>\n<p><span>El CIEU neix a finals del 2008 en el context de l\u2019Escola Universit\u00e0ria de Turisme i Direcci\u00f3 Hotelera (EUTDH) de la UAB, amb l\u2019\u00e0nim de fomentar l\u2019esperit emprenedor i la innovaci\u00f3 entre els membres de la comunitat universit\u00e0ria en general, i en particular de l\u2019EUTDH. A l&#8217;actualitat el CIEU ofereix els seus serveis especialment a les Escoles de la Fundaci\u00f3 UAB (EPSI, ESAGED i EUTDH).<\/span><\/p>\n<p><strong>\u00bfQu\u00e8 fem?<\/strong><\/p>\n<p><span><span>La finalitat principal del CIEU \u00e9s donar el suport necessari a aquells emprenedors i emprenedores de l\u2019\u00e0mbit universitari i especialment de les Escoles de la Fundaci\u00f3 UAB que vulguin iniciar-se en el m\u00f3n de l\u2019emprenedoria, ja sigui a partir de la creaci\u00f3 d\u2019una empresa o a trav\u00e9s del desenvolupament de les seves actituds emprenedores.<\/span><\/span><\/p>\n<p><span>Alhora, el CIEU es proposa analitzar i mesurar l\u2019activitat emprenedora sorgida des de la universitat a partir d\u2019un Observatori.<\/span><\/p>\n<p><strong>\u00bfQu\u00e8 oferim?<\/strong><\/p>\n<p><span><span>Espec\u00edficament, les accions que es duen a terme des del CIEU es centren en donar informaci\u00f3, assessorament i formaci\u00f3 a aquelles persones que vulguin engegar una iniciativa empresarial, aix\u00ed com oferir activitats i cursos relacionats amb la millora de les compet\u00e8ncies d\u2019emprenedoria i innovaci\u00f3.&nbsp;<\/span><\/span><\/p>\n<p><span>Malgrat que els serveis del CIEU s\u00f3n gratu\u00efts per als membres de la comunitat de la UAB, tamb\u00e9 oferim serveis de consultoria a mida (consultar tarifes) per a empreses de nova creaci\u00f3 fent el seguiment dels primers passos en el seu proc\u00e9s de creaci\u00f3 i ajudant a la consolidaci\u00f3.<\/span><\/p>\n<p><strong>Per contactar amb nosaltres:<\/strong><\/p>\n<p>E-mail:&nbsp;<a href=\"mailto:cieu.eutdh@uab.cat\">cieu.fuab@uab.cat<\/a><\/p>\n<p>Tel\u00e8fon: 663.090.323&nbsp;<\/p>\n<p>Horari: De dilluns a divendres de 10.00 a 18.00h (concertar cita pr\u00e8via)&nbsp;<\/p>\n<p>Edifici Blanc. Vila Universit\u00e0ria. 08193<br \/>\nBellaterra (Barcelona).<\/p>\n<table border=\"0\">\n<tbody>\n<tr>\n<td><strong><span class=\"inline inline-center\"><img decoding=\"async\" alt=\"\" src=\"http:\/\/pagines.uab.cat\/cieu\/sites\/pagines.uab.cat.cieu\/files\/images\/Departament_de_Treball.gif\"><\/span><\/strong><\/td>\n<td><span class=\"inline inline-center\"><img decoding=\"async\" alt=\"\" src=\"http:\/\/pagines.uab.cat\/cieu\/sites\/pagines.uab.cat.cieu\/files\/images\/UABEmpren.jpg\"><\/span><\/td>\n<td><span style=\"background-color: #ffffcc\"><strong><span class=\"inline inline-center\"><img decoding=\"async\" alt=\"\" src=\"http:\/\/pagines.uab.cat\/cieu\/sites\/pagines.uab.cat.cieu\/files\/images\/UnioEuropea.jpg\"><\/span><\/strong><\/span><\/td>\n<\/tr>\n<\/tbody>\n<\/table>\n<p>&nbsp;<\/p>\n<div id=\"clustrmaps-widget\">&nbsp;<\/div>\n<p>var _clustrmaps = {&#8216;url&#8217; : &#8216;http:\/\/pagines.uab.cat\/cieu\/&#8217;, &#8216;user&#8217; : 1173608, &#8216;server&#8217; : &#8216;3&#8217;, &#8216;id&#8217; : &#8216;clustrmaps-widget&#8217;, &#8216;version&#8217; : 1, &#8216;date&#8217; : &#8216;2015-06-30&#8217;, &#8216;lang&#8217; : &#8216;es&#8217;, &#8216;corners&#8217; : &#8216;square&#8217; };(function (){ var s = document.createElement(&#8216;script&#8217;); s.type = &#8216;text\/javascript&#8217;; s.async = true; s.src = &#8216;http:\/\/www3.clustrmaps.com\/counter\/map.js&#8217;; var x = document.getElementsByTagName(&#8216;script&#8217;)[0]; x.parentNode.insertBefore(s, x);})();<a href=\"http:\/\/www3.clustrmaps.com\/user\/6b811e868\"><img decoding=\"async\" src=\"http:\/\/www3.clustrmaps.com\/stats\/maps-no_clusters\/pagines.uab.cat-cieu--thumb.jpg\" alt=\"Locations of visitors to this page\"><\/a><\/p>\n<p>&nbsp;<\/p>\n","protected":false},"excerpt":{"rendered":"<p>Benvinguts i benvingudes a la Web del&nbsp;Centre d\u2019Iniciatives Emprenedores Universit\u00e0ries (CIEU) El CIEU neix a finals del 2008 en el context de l\u2019Escola Universit\u00e0ria de Turisme i Direcci\u00f3 Hotelera (EUTDH) de la UAB, amb l\u2019\u00e0nim de fomentar l\u2019esperit emprenedor i la innovaci\u00f3 entre els membres de la comunitat universit\u00e0ria en general, i en particular de [&hellip;]<\/p>\n","protected":false},"author":20,"featured_media":0,"parent":0,"menu_order":0,"comment_status":"closed","ping_status":"closed","template":"","meta":{"footnotes":""},"class_list":["post-17","page","type-page","status-publish","hentry"],"_links":{"self":[{"href":"https:\/\/webs.uab.cat\/cieu\/wp-json\/wp\/v2\/pages\/17","targetHints":{"allow":["GET"]}}],"collection":[{"href":"https:\/\/webs.uab.cat\/cieu\/wp-json\/wp\/v2\/pages"}],"about":[{"href":"https:\/\/webs.uab.cat\/cieu\/wp-json\/wp\/v2\/types\/page"}],"author":[{"embeddable":true,"href":"https:\/\/webs.uab.cat\/cieu\/wp-json\/wp\/v2\/users\/20"}],"replies":[{"embeddable":true,"href":"https:\/\/webs.uab.cat\/cieu\/wp-json\/wp\/v2\/comments?post=17"}],"version-history":[{"count":2,"href":"https:\/\/webs.uab.cat\/cieu\/wp-json\/wp\/v2\/pages\/17\/revisions"}],"predecessor-version":[{"id":336,"href":"https:\/\/webs.uab.cat\/cieu\/wp-json\/wp\/v2\/pages\/17\/revisions\/336"}],"wp:attachment":[{"href":"https:\/\/webs.uab.cat\/cieu\/wp-json\/wp\/v2\/media?parent=17"}],"curies":[{"name":"wp","href":"https:\/\/api.w.org\/{rel}","templated":true}]}}