{"id":67,"date":"2015-04-10T14:02:36","date_gmt":"2015-04-10T12:02:36","guid":{"rendered":"https:\/\/webs.uab.cat\/cieu\/presentacio-2\/"},"modified":"2023-11-13T16:29:54","modified_gmt":"2023-11-13T14:29:54","slug":"presentacio-2","status":"publish","type":"page","link":"https:\/\/webs.uab.cat\/cieu\/","title":{"rendered":"Presentaci\u00f3n"},"content":{"rendered":"\n<p>Bienvenidos y bienvenidas&nbsp;a la Web del Centre de&nbsp;Iniciativas Emprendedoras Universitarias (CIEU)<\/p>\n\n\n\n<p>El CIEU nace a finales del 2008 en el contexto de la Escuela Universitaria de Turismo&nbsp;y Direcci\u00f3n Hotelera (EUTDH, ahora parte&nbsp;de la Escola FUAB formaci\u00f3) de la UAB, con el \u00e1nimo de fomentar el esp\u00edritu emprendedor y la innovaci\u00f3n entre los miembros de la comunidad universitaria en general. En&nbsp;la actualidad el CIEU ofrece sus servicios especialmente al alumnado&nbsp;de&nbsp;la Escola FUAB formaci\u00f3 (Turismo y Direcci\u00f3n Hotelera, Prevenci\u00f3n y Seguridad Integral y Archiv\u00edstica y Gesti\u00f3n de Documentos).<\/p>\n\n\n\n<p><strong>\u00bfQu\u00e9 hacemos?<\/strong><\/p>\n\n\n\n<p>La finalidad principal del CIEU es apoyar a aquellos emprendedores y emprendedoras del \u00e1mbito universitario (especialmente a la Escola FUAB formaci\u00f3) que quieran iniciarse en el mundo del emprendimiento, ya sea a partir de la creaci\u00f3n de una empresa o a trav\u00e9s del desarrollo de sus actitudes emprendedoras.<\/p>\n\n\n\n<p>Asimismo, el CIEU se propone analizar y medir la actividad emprendedora surgida desde la universidad a trav\u00e9s de la recogida de datos cuantitativos.<\/p>\n\n\n\n<p>Por \u00faltimo, desde el CIEU se llevan a cabo diferentes acciones encaminadas a la formaci\u00f3n y sensibilizaci\u00f3n de las actitudes emprendedoras a trav\u00e9s de diferentes actividades (charlas, ponencias, sesiones de formaci\u00f3n o entregas de premios).<\/p>\n\n\n\n<p><strong>\u00bfQu\u00e9 ofrecemos?<\/strong><\/p>\n\n\n\n<p>Las acciones que se llevan a cabo desde el CIEU se centran en dar informaci\u00f3n, asesoramiento y formaci\u00f3n a aquellas personas que quieran iniciar una iniciativa empresarial, as\u00ed como ofrecer actividades y cursos relacionados con la mejora de las competencias en emprendimiento e innovaci\u00f3n&nbsp;<\/p>\n\n\n\n<p>A pesar de que los servicios del CIEU son gratuitos para los miembros de la comunidad de la UAB, tambi\u00e9n ofrecemos servicios de consultor\u00eda a medida (consultar tarifas) para empresas de nueva creaci\u00f3n haciendo el seguimiento de su proceso de creaci\u00f3n y ajudando a la consolidaci\u00f3n.<\/p>\n\n\n\n<p><strong>Para contactar con nosotros:<\/strong><\/p>\n\n\n\n<p>E-mail:&nbsp;<a href=\"mailto:cieu.eutdh@uab.cat\">cieu.fuab@uab.cat<\/a><\/p>\n\n\n\n<p>Tel\u00e9fono: 663.090.323&nbsp;<\/p>\n\n\n\n<p>Horario: De lunes a jueves&nbsp;de 9.00 a 17.00h (concertar cita previa)&nbsp;<\/p>\n\n\n\n<p>Edifici Blanc. Vila Universit\u00e0ria. 08193<br>Bellaterra (Barcelona).<\/p>\n\n\n\n<figure class=\"wp-block-table\"><table><tbody><tr><td><span class=\"inline inline-center\"><img loading=\"lazy\" decoding=\"async\" class=\" size-full wp-image-54\" src=\"https:\/\/webs.uab.cat\/cieu\/wp-content\/uploads\/sites\/219\/2015\/04\/facultadeconomiaempresa-uab_0.jpg\" alt=\"\" width=\"240\" height=\"62\" srcset=\"https:\/\/webs.uab.cat\/cieu\/wp-content\/uploads\/sites\/219\/2015\/04\/facultadeconomiaempresa-uab_0.jpg 438w, https:\/\/webs.uab.cat\/cieu\/wp-content\/uploads\/sites\/219\/2015\/04\/facultadeconomiaempresa-uab_0-300x78.jpg 300w\" sizes=\"auto, (max-width: 240px) 100vw, 240px\" \/><\/span><\/td><td><span style=\"background-color: #ffffcc\"><strong><span class=\"inline inline-center\"><img loading=\"lazy\" decoding=\"async\" class=\" size-full wp-image-57\" src=\"https:\/\/webs.uab.cat\/cieu\/wp-content\/uploads\/sites\/219\/2015\/04\/UABEmpren.jpg\" alt=\"\" width=\"265\" height=\"65\"><\/span><\/strong><\/span><\/td><td><span class=\"inline inline-center\"><img loading=\"lazy\" decoding=\"async\" class=\" size-full wp-image-60\" src=\"https:\/\/webs.uab.cat\/cieu\/wp-content\/uploads\/sites\/219\/2015\/04\/departament_de_empresa-coneixement.png\" alt=\"\" width=\"250\" height=\"61\"><\/span><\/td><td><span style=\"background-color: #ffffcc\"><strong><span class=\"inline inline-center\"><img loading=\"lazy\" decoding=\"async\" class=\" size-full wp-image-63\" src=\"https:\/\/webs.uab.cat\/cieu\/wp-content\/uploads\/sites\/219\/2015\/04\/UnioEuropea.jpg\" alt=\"\" width=\"250\" height=\"59\"><\/span><\/strong><\/span><\/td><\/tr><\/tbody><\/table><\/figure>\n\n\n\n<div id=\"clustrmaps-widget\">&nbsp;<\/div>\n\n\n\n<p><a href=\"https:\/\/clustrmaps.com\/site\/1bsm7\"><img decoding=\"async\" src=\"https:\/\/www3.clustrmaps.com\/stats\/maps-no_clusters\/pagines.uab.cat-cieu--thumb.jpg\" alt=\"Locations of visitors to this page\"><\/a><\/p>\n","protected":false},"excerpt":{"rendered":"<p>Bienvenidos y bienvenidas&nbsp;a la Web del Centre de&nbsp;Iniciativas Emprendedoras Universitarias (CIEU) El CIEU nace a finales del 2008 en el contexto de la Escuela Universitaria de Turismo&nbsp;y Direcci\u00f3n Hotelera (EUTDH, ahora parte&nbsp;de la Escola FUAB formaci\u00f3) de la UAB, con el \u00e1nimo de fomentar el esp\u00edritu emprendedor y la innovaci\u00f3n entre los miembros de la [&hellip;]<\/p>\n","protected":false},"author":20,"featured_media":0,"parent":0,"menu_order":0,"comment_status":"closed","ping_status":"closed","template":"","meta":{"footnotes":""},"class_list":["post-67","page","type-page","status-publish","hentry"],"_links":{"self":[{"href":"https:\/\/webs.uab.cat\/cieu\/wp-json\/wp\/v2\/pages\/67","targetHints":{"allow":["GET"]}}],"collection":[{"href":"https:\/\/webs.uab.cat\/cieu\/wp-json\/wp\/v2\/pages"}],"about":[{"href":"https:\/\/webs.uab.cat\/cieu\/wp-json\/wp\/v2\/types\/page"}],"author":[{"embeddable":true,"href":"https:\/\/webs.uab.cat\/cieu\/wp-json\/wp\/v2\/users\/20"}],"replies":[{"embeddable":true,"href":"https:\/\/webs.uab.cat\/cieu\/wp-json\/wp\/v2\/comments?post=67"}],"version-history":[{"count":7,"href":"https:\/\/webs.uab.cat\/cieu\/wp-json\/wp\/v2\/pages\/67\/revisions"}],"predecessor-version":[{"id":418,"href":"https:\/\/webs.uab.cat\/cieu\/wp-json\/wp\/v2\/pages\/67\/revisions\/418"}],"wp:attachment":[{"href":"https:\/\/webs.uab.cat\/cieu\/wp-json\/wp\/v2\/media?parent=67"}],"curies":[{"name":"wp","href":"https:\/\/api.w.org\/{rel}","templated":true}]}}