{"id":69,"date":"2015-03-17T15:51:59","date_gmt":"2015-03-17T13:51:59","guid":{"rendered":"https:\/\/webs.uab.cat\/cieu\/equip-de-treball\/"},"modified":"2015-04-10T17:27:23","modified_gmt":"2015-04-10T15:27:23","slug":"equip-de-treball","status":"publish","type":"page","link":"https:\/\/webs.uab.cat\/cieu\/equip-de-treball\/","title":{"rendered":"Equipo de trabajo"},"content":{"rendered":"<p><span>El CIEU cuenta con un equipo de seis personas expertas en emprendimiento.<\/span><\/p>\n<table border=\"0\">\n<tbody>\n<tr>\n<td colspan=\"2\"><strong>Andreu Turr\u00f3<\/strong> (<span>Director<\/span>)<\/td>\n<\/tr>\n<tr>\n<td style=\"width: 297px;\"><span class=\"caption\"><span class=\"inline inline-center\"><img loading=\"lazy\" decoding=\"async\" class=\" size-full wp-image-18\" alt=\"\" height=\"113\" src=\"https:\/\/webs.uab.cat\/cieu\/wp-content\/uploads\/sites\/219\/2015\/03\/Andreu-Turro.jpg\" width=\"150\" srcset=\"https:\/\/webs.uab.cat\/cieu\/wp-content\/uploads\/sites\/219\/2015\/03\/Andreu-Turro.jpg 313w, https:\/\/webs.uab.cat\/cieu\/wp-content\/uploads\/sites\/219\/2015\/03\/Andreu-Turro-300x225.jpg 300w\" sizes=\"auto, (max-width: 150px) 100vw, 150px\" \/><\/span><\/span><\/td>\n<td style=\"width: 777px;\">Profesor Serra-Hunter en el Departamento de Empresa de la Universidad Aut\u00f2noma de Barcelona (UAB). Anteriormente, trabaj\u00f3 como profesor asistente en la Universidad de Utrecht (Pa\u00edses Bajos). Obtuvo su doctorado (International Doctorate in Entrepreneurship and Management -IDEM) en la UAB. Es licenciado en Administraci\u00f3n y Direcci\u00f3n de Empresas y en Investigaci\u00f3n y T\u00e9cnicas de Mercado por la UAB, adem\u00e1s curs\u00f3 un M\u00e1ster en \u201cMarketing Management\u201d en la escuela de negocios ESADE. Su investigaci\u00f3n estudia los factores condicionantes del emprendimiento corporativo a trav\u00e9s de un an\u00e1lisis cuantitativo. Tiene diversas publicaciones cient\u00edficas en este campo. Actualmente participa en diversos proyectos espa\u00f1oles e internacionales sobre esta tem\u00e1tica. <a href=\"https:\/\/www.researchgate.net\/profile\/Andreu_Turro\" target=\"_blank\" rel=\"noopener\">Su p\u00e1gina web<\/a>.<\/td>\n<\/tr>\n<tr>\n<td colspan=\"2\"><strong>Maria Noguera<\/strong> (Coordinadora)<\/td>\n<\/tr>\n<tr>\n<td style=\"width: 297px;\"><span class=\"inline inline-center\"><img loading=\"lazy\" decoding=\"async\" class=\" size-full wp-image-21\" alt=\"\" height=\"186\" src=\"https:\/\/webs.uab.cat\/cieu\/wp-content\/uploads\/sites\/219\/2015\/03\/Maria-Noguera.png\" width=\"150\" \/><\/span><\/td>\n<td style=\"width: 777px;\">Directora y Profesora de Turismo y Direcci\u00f3n Hotelera en la Escola FUAB formaci\u00f3 de la Universitat Aut\u00f2noma de Barcelona (UAB). Obtuvo su doctorado (International Doctorate in Entrepreneurship and Management -IDEM) en la UAB. Sus \u00e1reas de investigaci\u00f3n est\u00e1n focalizadas en la creaci\u00f3n de empresas y m\u00e1s espec\u00edficamente en los factores del entorno que condicionan el emprendimiento femenino, utilizando una aproximaci\u00f3n institucional. Tiene diversas publicaciones cient\u00edficas en este campo. Forma parte del Centre d\u2019Iniciatives Emprenedores (CIEU) desde su creaci\u00f3n, participando activamente en proyectos relacionados con la creaci\u00f3n de empresas. <a href=\"https:\/\/www.researchgate.net\/profile\/Maria_Noguera4\" target=\"_blank\" rel=\"noopener\">Su p\u00e1gina web<\/a>.<\/td>\n<\/tr>\n<tr>\n<td colspan=\"2\"><strong>Sebastian Aparicio<\/strong> (<span>miembro del Equipo t\u00e9cnico<\/span>)<\/td>\n<\/tr>\n<tr>\n<td style=\"width: 297px;\">\n\t\t\t<span class=\"inline inline-center\"><img loading=\"lazy\" decoding=\"async\" class=\" size-full wp-image-24\" alt=\"\" height=\"145\" src=\"https:\/\/webs.uab.cat\/cieu\/wp-content\/uploads\/sites\/219\/2015\/03\/Sebastian-Aparicio.jpg\" width=\"150\" \/><\/span><\/td>\n<td style=\"width: 777px;\">Profesor Serra-Hunter en el Departamento de Empresa de la Universidad Aut\u00f2noma de Barcelona (UAB). Anteriormente, trabaj\u00f3 como profesor asistente en Durham University Business School (Reino Unido). Obtuvo su doctorado (International Doctorate in Entrepreneurship and Management -IDEM) en la UAB. Es licenciado en Econom\u00eda por la Universidad de Antioquia (Colombia), posee un M\u00e1ster en Econom\u00eda por la Universidad EAFIT (Colombia) y un M\u00e1ster en Investigaci\u00f3n Aplicada en Econom\u00eda y Empresa por la UAB. Su investigaci\u00f3n estudia los factores condicionantes de la actividad emprendedora y sus impactos en el crecimiento y desarrollo econ\u00f3mico. Tiene diversas publicaciones cient\u00edficas en este campo. Actualmente es el T\u00e9cnico de Emprendimiento del CIEU. <a href=\"https:\/\/sebastian-aparicio.com\" target=\"_blank\" rel=\"noopener\">Su p\u00e1gina web<\/a>.<\/td>\n<\/tr>\n<tr>\n<td colspan=\"2\"><strong>Tatiana L\u00f3pez<\/strong> (<span>Miembro del Equipo t\u00e9cnico<\/span>)<\/td>\n<\/tr>\n<tr>\n<td style=\"width: 278px;\"><span class=\"inline inline-center\"><img loading=\"lazy\" decoding=\"async\" class=\" size-full wp-image-27\" alt=\"\" height=\"186\" src=\"https:\/\/webs.uab.cat\/cieu\/wp-content\/uploads\/sites\/219\/2015\/03\/tatiana_lopez.jpg\" width=\"150\" \/><\/span><\/td>\n<td>Profesora de la Escola FUAB Formaci\u00f3. Obtuvo su doctorado (International Doctorate in Entrepreneurship and Management -IDEM) en la UAB. Es Economista y Master en Ciencias de la Administraci\u00f3n por la Universidad EAFIT (Colombia). Su investigaci\u00f3n se centra en el estudio del impacto de las dimensiones institucionales en la actividad emprendedora en distintos contextos, a trav\u00e9s de un an\u00e1lisis cuantitativo. Adem\u00e1s, tambi\u00e9n est\u00e1 interesada en el an\u00e1lisis de la influencia de la educaci\u00f3n en las intenciones emprendedoras de los estudiantes universitarios. Tiene diversas publicaciones cient\u00edficas en este campo. Actualmente participa en diversos proyectos internacionales y es miembro del equipo t\u00e9cnico del CIEU.&nbsp;<a href=\"https:\/\/www.researchgate.net\/profile\/Tatiana_Lopez15\" target=\"_blank\" rel=\"noopener\">Su p\u00e1gina web<\/a>.<\/td>\n<\/tr>\n<tr>\n<td colspan=\"2\"><strong>Jairo Orozco<\/strong> (Miembro del Equipo t\u00e9cnico &#8211; Facultat d&#8217;Economia i Empresa)<\/td>\n<\/tr>\n<tr>\n<td style=\"width: 278px;\"><span class=\"caption\"><span class=\"inline inline-center\"><img loading=\"lazy\" decoding=\"async\" class=\" size-full wp-image-30\" alt=\"\" height=\"113\" src=\"https:\/\/webs.uab.cat\/cieu\/wp-content\/uploads\/sites\/219\/2015\/03\/jairo_orozco.png\" width=\"150\" \/><\/span><\/span><\/td>\n<td style=\"width: 796px;\">Estudiante del International Doctorate in Entrepreneurship and Management -IDEM en la UAB. Trabaja como profesor del Instituto para el Emprendimiento Sostenible de la Universidad EAN. Es economista de la Universidad de Cartagena, Master en Innovaci\u00f3n de la Universidad T\u00e9cnol\u00f3gica de Bol\u00edvar y Master en Applied Research in Economics and Business de la Universidad Aut\u00f3noma de Barcelona. Su investigaci\u00f3n se centra en el emprendimiento corporativo y sus determinantes institucionales. Tiene experiencia en dise\u00f1o y ejecuci\u00f3n de programas de incubaci\u00f3n de empresas y de estrategia de negocios.&nbsp;<a href=\"https:\/\/www.researchgate.net\/profile\/Jairo_Orozco2\" target=\"_blank\" rel=\"noopener\">Su p\u00e1gina web<\/a>.<\/td>\n<\/tr>\n<tr>\n<td colspan=\"2\"><strong>David Urbano<\/strong> (Miembro honorario y Fundador)<\/td>\n<\/tr>\n<tr>\n<td style=\"width: 297px;\"><img loading=\"lazy\" decoding=\"async\" class=\" size-full wp-image-33\" alt=\"\" height=\"231\" src=\"https:\/\/webs.uab.cat\/cieu\/wp-content\/uploads\/sites\/219\/2015\/03\/davidurbano_picture_sent.jpg\" width=\"156\" srcset=\"https:\/\/webs.uab.cat\/cieu\/wp-content\/uploads\/sites\/219\/2015\/03\/davidurbano_picture_sent.jpg 810w, https:\/\/webs.uab.cat\/cieu\/wp-content\/uploads\/sites\/219\/2015\/03\/davidurbano_picture_sent-203x300.jpg 203w, https:\/\/webs.uab.cat\/cieu\/wp-content\/uploads\/sites\/219\/2015\/03\/davidurbano_picture_sent-691x1024.jpg 691w, https:\/\/webs.uab.cat\/cieu\/wp-content\/uploads\/sites\/219\/2015\/03\/davidurbano_picture_sent-768x1138.jpg 768w\" sizes=\"auto, (max-width: 156px) 100vw, 156px\" \/><\/td>\n<td style=\"width: 777px;\">Profesor Catedr\u00e1tico e ICREA-Academia (Departamento de Empresa, Facultad de Econom\u00eda y Empresa). Tambi\u00e9n es Subdirector del Centro de Investigaci\u00f3n en Emprendimiento e Innovaci\u00f3n Social (CREIS) y actualmente forma parte de la junta directiva del European Council for Small Business and Entrepreneurship (ECSB). Su investigaci\u00f3n se centra principalmente en la creaci\u00f3n de empresas, concretamente en los factores que condicionan la actividad emprendedora en diferentes contextos, desde una perspectiva institucional y utilizando tanto metodolog\u00eda cuantitativa como cualitativa. Cuenta con un gran n\u00famero de publicaciones en revistas internacionales, participa en varios proyectos internacionales (GEM, PSED, GUESSS) y visita regularmente la Haas School of Business (University of California, Berkeley). &nbsp;<a href=\"https:\/\/www.davidurbano.eu\" target=\"_blank\" rel=\"noopener\">Su p\u00e1gina web<\/a>.<\/td>\n<\/tr>\n<\/tbody>\n<\/table>\n<p>Directora de Servicios Docentes: Maria Espadal\u00e9<\/p>\n<p><span style=\"line-height: 20.799999237060547px;\">Adem\u00e1s, desde su creaci\u00f3n, el CIEU ha contado con la colaboraci\u00f3n y participaci\u00f3n de varios&nbsp;<\/span><span style=\"line-height: 20.799999237060547px;\">colaboradores\/as:<\/span><\/p>\n<p><span>Claudia \u00c1lvarez y Eduardo G\u00f3mez&nbsp;(co-fundadores), N\u00faria Toledano,&nbsp;<\/span><span>Francesc Uroz, <\/span><span>Marc Bernadich,&nbsp;Elisabet Ferri y Victor Querol.<\/span><\/p>\n","protected":false},"excerpt":{"rendered":"<p>El CIEU cuenta con un equipo de seis personas expertas en emprendimiento. Andreu Turr\u00f3 (Director) Profesor Serra-Hunter en el Departamento de Empresa de la Universidad Aut\u00f2noma de Barcelona (UAB). Anteriormente, trabaj\u00f3 como profesor asistente en la Universidad de Utrecht (Pa\u00edses Bajos). Obtuvo su doctorado (International Doctorate in Entrepreneurship and Management -IDEM) en la UAB. Es [&hellip;]<\/p>\n","protected":false},"author":20,"featured_media":0,"parent":0,"menu_order":0,"comment_status":"closed","ping_status":"closed","template":"","meta":{"footnotes":""},"class_list":["post-69","page","type-page","status-publish","hentry"],"_links":{"self":[{"href":"https:\/\/webs.uab.cat\/cieu\/wp-json\/wp\/v2\/pages\/69","targetHints":{"allow":["GET"]}}],"collection":[{"href":"https:\/\/webs.uab.cat\/cieu\/wp-json\/wp\/v2\/pages"}],"about":[{"href":"https:\/\/webs.uab.cat\/cieu\/wp-json\/wp\/v2\/types\/page"}],"author":[{"embeddable":true,"href":"https:\/\/webs.uab.cat\/cieu\/wp-json\/wp\/v2\/users\/20"}],"replies":[{"embeddable":true,"href":"https:\/\/webs.uab.cat\/cieu\/wp-json\/wp\/v2\/comments?post=69"}],"version-history":[{"count":0,"href":"https:\/\/webs.uab.cat\/cieu\/wp-json\/wp\/v2\/pages\/69\/revisions"}],"wp:attachment":[{"href":"https:\/\/webs.uab.cat\/cieu\/wp-json\/wp\/v2\/media?parent=69"}],"curies":[{"name":"wp","href":"https:\/\/api.w.org\/{rel}","templated":true}]}}