{"id":71,"date":"2015-03-17T16:54:45","date_gmt":"2015-03-17T14:54:45","guid":{"rendered":"https:\/\/webs.uab.cat\/cieu\/linies-de-recerca\/"},"modified":"2024-06-15T17:14:17","modified_gmt":"2024-06-15T15:14:17","slug":"linies-de-recerca","status":"publish","type":"page","link":"https:\/\/webs.uab.cat\/cieu\/linies-de-recerca\/","title":{"rendered":"L\u00edneas de investigaci\u00f3n"},"content":{"rendered":"<p>Estas son las l\u00edneas de investigaci\u00f3n que ha desarrollado el quipo del CIEU junto con colaboradores\/as.<\/p>\n<p><span class=\"doclink\">* <a href=\"https:\/\/webs.uab.cat\/cieu\/factors-condicionants-de-lactivitat-emprenedora\/\" target=\"_blank\" rel=\"noopener\">Factores condicionantes de la actividad emprendedora<\/a>.<\/span><\/p>\n<p><span style=\"line-height: 20.799999237060547px\">* <a href=\"https:\/\/webs.uab.cat\/cieu\/universitats-emprenedores-i-actituds-cap-lemprenedoria\/\" target=\"_blank\" rel=\"noopener\">Universidades emprendedoras y actitudes hacia el emprendimiento<\/a>.\u00a0<\/span><\/p>\n<p><span style=\"line-height: 20.799999237060547px\">* <a href=\"https:\/\/webs.uab.cat\/cieu\/emprenedoria-social-i-empresariat-immigrant\/\" target=\"_blank\" rel=\"noopener\">Emprendimiento social y empresariado inmigrante<\/a>.<\/span><\/p>\n<p><span style=\"line-height: 20.799999237060547px\">* <a href=\"https:\/\/webs.uab.cat\/cieu\/dona-emprenedora\/\" target=\"_blank\" rel=\"noopener\">Mujer emprendedora<\/a>.<\/span><\/p>\n<p><span style=\"line-height: 20.799999237060547px\">* <a href=\"https:\/\/webs.uab.cat\/cieu\/empresa-familiar\/\" target=\"_blank\" rel=\"noopener\">Empresa familiar<\/a>.<\/span><\/p>\n<p><span style=\"line-height: 20.799999237060547px\">* <a href=\"https:\/\/webs.uab.cat\/cieu\/intraemprenedoria\/\" target=\"_blank\" rel=\"noopener\">Intraemprendimiento<\/a>.<\/span><\/p>\n<p><span style=\"line-height: 20.799999237060547px\">* <a href=\"https:\/\/webs.uab.cat\/cieu\/activitat-emprenedora-i-desenvolupament-economic\/\" target=\"_blank\" rel=\"noopener\">Actividad emprendedora y desarrollo econ\u00f3mico<\/a>.<\/span><\/p>\n<p><span style=\"line-height: 20.799999237060547px\">* Actividad emprendedora en Turismo.<\/span><\/p>\n<p>*\u00a0<a href=\"https:\/\/webs.uab.cat\/cieu\/tesis-de-doctorado-defendidas\/\" target=\"_blank\" rel=\"noopener\">Tesis de doctorado defendidas<\/a>.<\/p>\n<p><span style=\"line-height: 20.799999237060547px\">\u00a0<\/span><\/p>\n","protected":false},"excerpt":{"rendered":"<p>Estas son las l\u00edneas de investigaci\u00f3n que ha desarrollado el quipo del CIEU junto con colaboradores\/as. * Factores condicionantes de la actividad emprendedora. * Universidades emprendedoras y actitudes hacia el emprendimiento.\u00a0 * Emprendimiento social y empresariado inmigrante. * Mujer emprendedora. * Empresa familiar. * Intraemprendimiento. * Actividad emprendedora y desarrollo econ\u00f3mico. * Actividad emprendedora en [&hellip;]<\/p>\n","protected":false},"author":20,"featured_media":0,"parent":0,"menu_order":0,"comment_status":"closed","ping_status":"closed","template":"","meta":{"footnotes":""},"class_list":["post-71","page","type-page","status-publish","hentry"],"_links":{"self":[{"href":"https:\/\/webs.uab.cat\/cieu\/wp-json\/wp\/v2\/pages\/71","targetHints":{"allow":["GET"]}}],"collection":[{"href":"https:\/\/webs.uab.cat\/cieu\/wp-json\/wp\/v2\/pages"}],"about":[{"href":"https:\/\/webs.uab.cat\/cieu\/wp-json\/wp\/v2\/types\/page"}],"author":[{"embeddable":true,"href":"https:\/\/webs.uab.cat\/cieu\/wp-json\/wp\/v2\/users\/20"}],"replies":[{"embeddable":true,"href":"https:\/\/webs.uab.cat\/cieu\/wp-json\/wp\/v2\/comments?post=71"}],"version-history":[{"count":2,"href":"https:\/\/webs.uab.cat\/cieu\/wp-json\/wp\/v2\/pages\/71\/revisions"}],"predecessor-version":[{"id":499,"href":"https:\/\/webs.uab.cat\/cieu\/wp-json\/wp\/v2\/pages\/71\/revisions\/499"}],"wp:attachment":[{"href":"https:\/\/webs.uab.cat\/cieu\/wp-json\/wp\/v2\/media?parent=71"}],"curies":[{"name":"wp","href":"https:\/\/api.w.org\/{rel}","templated":true}]}}