{"id":73,"date":"2015-03-17T16:57:07","date_gmt":"2015-03-17T14:57:07","guid":{"rendered":"https:\/\/webs.uab.cat\/cieu\/factors-condicionants-de-lactivitat-emprenedora\/"},"modified":"2024-06-15T17:27:39","modified_gmt":"2024-06-15T15:27:39","slug":"factors-condicionants-de-lactivitat-emprenedora","status":"publish","type":"page","link":"https:\/\/webs.uab.cat\/cieu\/factors-condicionants-de-lactivitat-emprenedora\/","title":{"rendered":"Factores condicionantes de la actividad emprendedora"},"content":{"rendered":"<p><strong>Investigaci\u00f3n en el \u00e1mbito de las instituciones y la creaci\u00f3n de empresas.<\/strong><\/p>\n<p>* <a href=\"https:\/\/onlinelibrary.wiley.com\/doi\/10.1002\/sej.1492\" target=\"_blank\" rel=\"noopener\">Epure, M., Martin-Sanchez, V., Aparicio, S., &amp; Urbano, D. (2024). Human Capital, Institutions, and Ambitious Entrepreneurship During Good Times and Two Crises. <em>Strategic Entrepreneurship Journal, 18<\/em>(2), 414-447<\/a>.<\/p>\n<p>* <a href=\"https:\/\/link.springer.com\/article\/10.1007\/s11187-024-00920-4\" target=\"_blank\" rel=\"noopener\">Alvarez, C., Lopez, T., &amp; Urbano, D. (2024). Do institutional dimensions matter at different stages of the entrepreneurial process? A multi-country study. <em>Small Business Economics<\/em>, 1-29<\/a>.<\/p>\n<p>*\u00a0<a href=\"https:\/\/www.igi-global.com\/chapter\/from-entrepreneurial-intentions-to-entrepreneurial-behavior\/265355\" target=\"_blank\" rel=\"noopener\">Aparicio, S., Turro, A., Noguera, M., &amp; Urbano, D. (2021). From entrepreneurial intentions to entrepreneurial behavior: The role of institutional factors. In: Saiz-\u00c1lvarez, J. M., Olalla-Caballero, B. (Eds.), Quality Management for Competitive Advantage in Global Markets (pp. 110-135). Hershey: IGI Global<\/a>.<\/p>\n<p>*\u00a0<a href=\"https:\/\/www.sciencedirect.com\/science\/article\/pii\/S0040162521001803\" target=\"_blank\" rel=\"noopener\">Aparicio, S., Urbano, D., &amp; Stenholm, P. (2021). Attracting the Entrepreneurial Potential: A Multilevel Institutional Approach. <em>Technological Forecasting and Social Change<\/em>, 168, 120748<\/a>.<\/p>\n<p>*\u00a0<a href=\"https:\/\/link.springer.com\/article\/10.1007\/s00191-016-0485-1\" target=\"_blank\" rel=\"noopener\">Urbano, D., Aparicio, S., &amp; Querol, V. (2016). Social progress orientation and innovative entrepreneurship: An international analysis.\u00a0<em>Journal of Evolutionary Economics, 26<\/em>(5), 1033-1066<\/a>.<\/p>\n<p>*\u00a0<a href=\"https:\/\/www.scielo.org.co\/scielo.php?pid=S0121-50512014000500007&amp;script=sci_arttext&amp;tlng=es\" target=\"_blank\" rel=\"noopener\">\u00c1lvarez, C., Amor\u00f3s, J. E., &amp; Urbano, D. (2014). Regulations and Entrepreneurship: Evidence from Developed and Developing Countries.\u00a0<em>Innovar<\/em>,\u00a0<em>24<\/em>, 81-89<\/a>.<\/p>\n<p>* <a href=\"https:\/\/isb.sagepub.com\/content\/29\/2\/105.short\" target=\"_blank\" rel=\"noopener\">Thornton, P. H., Ribeiro-Soriano, D., &amp; <strong>Urbano, D<\/strong>. (2011). Socio-cultural factors and entrepreneurial activity: An overview.\u00a0<em>International Small Business Journal<\/em>,\u00a0<em>29<\/em>(2), 105-118.<\/a><\/p>\n<p><strong>Articulos seminales sobre este tema:<\/strong><\/p>\n<p>*\u00a0<a href=\"https:\/\/www.sciencedirect.com\/science\/article\/pii\/S0883902608000098\" target=\"_blank\" rel=\"noopener\">Aidis, R., Estrin, S., &amp; Mickiewicz, T. (2008). Institutions and entrepreneurship development in Russia: A comparative perspective.\u00a0<em>Journal of Business Venturing<\/em>,\u00a0<em>23<\/em>(6), 656-672<\/a>.<\/p>\n<p>*\u00a0<a href=\"https:\/\/onlinelibrary.wiley.com\/doi\/10.1111\/j.1540-6520.2010.00390.x\/full\" target=\"_blank\" rel=\"noopener\">Bruton, G. D., Ahlstrom, D., &amp; Li, H. L. (2010). Institutional theory and entrepreneurship: where are we now and where do we need to move in the future?.\u00a0<em>Entrepreneurship Theory and Practice<\/em>,\u00a0<em>34<\/em>(3), 421-440<\/a>.<\/p>\n<p>*\u00a0<a href=\"https:\/\/amj.aom.org\/content\/43\/5\/994.short\" target=\"_blank\" rel=\"noopener\">Busenitz, L. W., Gomez, C., &amp; Spencer, J. W. (2000). Country institutional profiles: Unlocking entrepreneurial phenomena.\u00a0<em>Academy of Management Journal<\/em>,\u00a0<em>43<\/em>(5), 994-1003<\/a>.<\/p>\n<p>*\u00a0<a href=\"https:\/\/www.jstor.org\/stable\/2696481?seq=1#page_scan_tab_contents\" target=\"_blank\" rel=\"noopener\">Djankov, S., La Porta, R., Lopez-de-Silanes, F., &amp; A. Shleifer (2002). The Regulation of Entry. Quarterly Journal of Economics, 117(1), 1-37<\/a>.<\/p>\n<p>*\u00a0<a href=\"https:\/\/onedrive.live.com\/redir?resid=B2670102DE9D088D!21034&amp;authkey=!AA6gU0y-3JIsk7E&amp;ithint=file%2cpdf\" target=\"_blank\" rel=\"noopener\">Gnyawali, D., &amp; Fogel, D. (1994). Environments for entrepreneurship development: Key dimensions and research implications.\u00a0Entrepreneurship Theory and Practice, 18(4), 43-62<\/a>.<\/p>\n<p>*\u00a0<a href=\"https:\/\/ink.library.smu.edu.sg\/lkcsb_research\/4642\/\" target=\"_blank\" rel=\"noopener\">Hayton, J. C., George, G., &amp; Zahra, S. (2002). National culture and entrepreneurship: A review of behavioral research.\u00a0<em>Entrepreneurship Theory and Practice<\/em>,\u00a0<em>26<\/em>(4), 33-52<\/a>.<\/p>\n<p>*\u00a0<a href=\"https:\/\/www.cambridge.org\/us\/academic\/subjects\/politics-international-relations\/political-economy\/institutions-institutional-change-and-economic-performance\" target=\"_blank\" rel=\"noopener\">North, D. (1990). Institutions, Institutional Change, and Economic Performance. Cambridge University Press<\/a>.<\/p>\n<p>*\u00a0<a href=\"https:\/\/www.amazon.es\/Institutions-Organizations-Ideas-Interests-Identities\/dp\/1452242224\" target=\"_blank\" rel=\"noopener\">Scott, W. R. (1995). Institutions and organizations. Thousand Oaks, Calif. etc.: Sage<\/a>.<\/p>\n<p>*\u00a0<a href=\"https:\/\/link.springer.com\/article\/10.1007\/s00191-006-0046-0\" target=\"_blank\" rel=\"noopener\">Uhlaner, L., &amp; Thurik, R. (2007). Postmaterialism influencing total entrepreneurial activity across nations.\u00a0<em>Journal of Evolutionary Economics<\/em>,\u00a0<em>17<\/em>(2), 161-185<\/a>.<\/p>\n<p>*\u00a0<a href=\"https:\/\/link.springer.com\/article\/10.1007\/s11187-006-9014-1\" target=\"_blank\" rel=\"noopener\">van Stel, A., Storey, D. J., &amp; Thurik, A. R. (2007). The effect of business regulations on nascent and young business entrepreneurship.\u00a0<em>Small Business Economics<\/em>,\u00a0<em>28<\/em>(2-3), 171-186<\/a>.<\/p>\n","protected":false},"excerpt":{"rendered":"<p>Investigaci\u00f3n en el \u00e1mbito de las instituciones y la creaci\u00f3n de empresas. * Epure, M., Martin-Sanchez, V., Aparicio, S., &amp; Urbano, D. (2024). Human Capital, Institutions, and Ambitious Entrepreneurship During Good Times and Two Crises. Strategic Entrepreneurship Journal, 18(2), 414-447. * Alvarez, C., Lopez, T., &amp; Urbano, D. (2024). Do institutional dimensions matter at different [&hellip;]<\/p>\n","protected":false},"author":20,"featured_media":0,"parent":0,"menu_order":0,"comment_status":"closed","ping_status":"closed","template":"","meta":{"footnotes":""},"class_list":["post-73","page","type-page","status-publish","hentry"],"_links":{"self":[{"href":"https:\/\/webs.uab.cat\/cieu\/wp-json\/wp\/v2\/pages\/73","targetHints":{"allow":["GET"]}}],"collection":[{"href":"https:\/\/webs.uab.cat\/cieu\/wp-json\/wp\/v2\/pages"}],"about":[{"href":"https:\/\/webs.uab.cat\/cieu\/wp-json\/wp\/v2\/types\/page"}],"author":[{"embeddable":true,"href":"https:\/\/webs.uab.cat\/cieu\/wp-json\/wp\/v2\/users\/20"}],"replies":[{"embeddable":true,"href":"https:\/\/webs.uab.cat\/cieu\/wp-json\/wp\/v2\/comments?post=73"}],"version-history":[{"count":2,"href":"https:\/\/webs.uab.cat\/cieu\/wp-json\/wp\/v2\/pages\/73\/revisions"}],"predecessor-version":[{"id":509,"href":"https:\/\/webs.uab.cat\/cieu\/wp-json\/wp\/v2\/pages\/73\/revisions\/509"}],"wp:attachment":[{"href":"https:\/\/webs.uab.cat\/cieu\/wp-json\/wp\/v2\/media?parent=73"}],"curies":[{"name":"wp","href":"https:\/\/api.w.org\/{rel}","templated":true}]}}