{"id":87,"date":"2015-04-10T18:27:25","date_gmt":"2015-04-10T16:27:25","guid":{"rendered":"https:\/\/webs.uab.cat\/cieu\/recursos-bibliografics\/"},"modified":"2015-04-10T18:27:25","modified_gmt":"2015-04-10T16:27:25","slug":"recursos-bibliografics","status":"publish","type":"page","link":"https:\/\/webs.uab.cat\/cieu\/recursos-bibliografics\/","title":{"rendered":"Recursos bibliogr\u00e1ficos"},"content":{"rendered":"<p>En esta p\u00e1gina encontrar\u00e1s una serie de ficheros que sirven para la creaci\u00f3n de una empresa y para entender el fen\u00f3meno del emprendimiento.<\/p>\n<p>* <a href=\"https:\/\/1drv.ms\/b\/s!Ar8hUi6ayNTcgQD8eYxltW5ewwEE\" target=\"_blank\" rel=\"noopener\">Gu\u00eda para la elaboraci\u00f3n del plan de empresa<\/a>.<\/p>\n<p>*&nbsp;<a href=\"https:\/\/1drv.ms\/b\/s!Ar8hUi6ayNTcgQQN_r_JC3CqnPHV\" target=\"_blank\" rel=\"noopener\">Gu\u00eda para la elaboraci\u00f3n del plan de empresa (versi\u00f3n adaptada al castellano)<\/a>.<\/p>\n<p>*&nbsp;<a href=\"https:\/\/1drv.ms\/b\/s!Ar8hUi6ayNTcfI3jstY8DMtjPrM\" target=\"_blank\" rel=\"noopener\">Formas societarias. Pros y contras<\/a>.<\/p>\n<p>*&nbsp;<a href=\"https:\/\/1drv.ms\/b\/s!Ar8hUi6ayNTcfbcYvWOhIJo13iU\" target=\"_blank\" rel=\"noopener\">Elecci\u00f3n de la forma societaria<\/a>.<\/p>\n<p>*&nbsp;<a href=\"https:\/\/1drv.ms\/b\/s!Ar8hUi6ayNTcgQEDTD042GMNeppe\" target=\"_blank\" rel=\"noopener\">El plan de mercado (Parte 1)<\/a>.<\/p>\n<p>*&nbsp;<a href=\"https:\/\/1drv.ms\/b\/s!Ar8hUi6ayNTcgQKkdkp4zS1cEDEX\" target=\"_blank\" rel=\"noopener\">El plan de mercado (Parte 2)<\/a>.<\/p>\n<p>*&nbsp;<a href=\"https:\/\/1drv.ms\/b\/s!Ar8hUi6ayNTcgQVw7PK9FNsQRjLd\" target=\"_blank\" rel=\"noopener\">Tr\u00e1mites legales para crear una empresa<\/a>.<\/p>\n<p>*&nbsp;<a href=\"https:\/\/1drv.ms\/b\/s!Ar8hUi6ayNTcgQaNd0fWCX75FMk7\" target=\"_blank\" rel=\"noopener\">La tributaci\u00f3n de los beneficios en el IRPF<\/a>.<\/p>\n<p>*&nbsp;<a href=\"https:\/\/1drv.ms\/b\/s!Ar8hUi6ayNTcf2Sf-FUttWVFz-M\" target=\"_blank\" rel=\"noopener\">Herramientas para elaborar el modelo de negocio<\/a>.<\/p>\n<p>*&nbsp;<a href=\"https:\/\/1drv.ms\/x\/s!Ar8hUi6ayNTcgQpnx7ljklhXuvNp\" target=\"_blank\" rel=\"noopener\">Plan econ\u00f3mico &#8211; financiero<\/a>.<\/p>\n<p>*&nbsp;<a href=\"https:\/\/1drv.ms\/b\/s!Ar8hUi6ayNTcfkC0Q0VjIdHwu20\" target=\"_blank\" rel=\"noopener\">Ejemplo de plan econ\u00f3mico &#8211; financiero<\/a>.<\/p>\n<p>*&nbsp;<a href=\"https:\/\/1drv.ms\/b\/s!Ar8hUi6ayNTcgQffqehw4PK7hAfV\" target=\"_blank\" rel=\"noopener\">Ejemplo de plan de empresa (1)<\/a>.<\/p>\n<p>*&nbsp;<a href=\"https:\/\/1drv.ms\/b\/s!Ar8hUi6ayNTcgQOylj5onUHjCFdx\" target=\"_blank\" rel=\"noopener\">Ejemplo de plan de empresa (2)<\/a>.<\/p>\n<p>&nbsp;<\/p>\n<p><strong>Documentos CIEU<\/strong><\/p>\n<p><span>*&nbsp;<\/span><a href=\"https:\/\/1drv.ms\/b\/s!Ar8hUi6ayNTcgQ7yMh7kHNtpobm0\" target=\"_blank\" rel=\"noopener\">Formas Jur\u00eddicas<\/a>.<\/p>\n<p>*&nbsp;<a href=\"https:\/\/1drv.ms\/b\/s!Ar8hUi6ayNTcgQ9AtOv-ja_URrV3\" target=\"_blank\" rel=\"noopener\">Recursos Financieros<\/a>.<\/p>\n<p>*&nbsp;<a href=\"https:\/\/1drv.ms\/b\/s!Ao0Ind4CAWeygptM-CTDU14QuC66LQ\" target=\"_blank\" rel=\"noopener\">El modelo de negocio CANVAS<\/a>.<\/p>\n<p>*&nbsp;<a href=\"https:\/\/1drv.ms\/b\/s!Ar8hUi6ayNTcgQy893YOR5PhxwMo\" target=\"_blank\" rel=\"noopener\">Consejos para crear una empresa<\/a>.<\/p>\n<p>*&nbsp;<a href=\"https:\/\/1drv.ms\/x\/s!Ar8hUi6ayNTcgQ2nbdAM6_c3TMLW\" target=\"_blank\" rel=\"noopener\">Plan econ\u00f3mico &#8211; financero (versi\u00f3n modificable)<\/a>.<\/p>\n<p>&nbsp;<\/p>\n<p><strong>Glosarios<\/strong><\/p>\n<p><span>*&nbsp;<\/span><a href=\"https:\/\/1drv.ms\/b\/s!Ar8hUi6ayNTcgRMctquaHi-kG71Q\" target=\"_blank\" rel=\"noopener\">Glosario de Emprendimiento e Innovaci\u00f3n<\/a>.<\/p>\n<p>*&nbsp;<a href=\"https:\/\/1drv.ms\/b\/s!Ar8hUi6ayNTcgRIwFjV_1OOYLuN5\" target=\"_blank\" rel=\"noopener\">Glosario de Instrumentos Financieros<\/a>.<\/p>\n<p>*&nbsp;<a href=\"https:\/\/www.ccsenet.org\/journal\/index.php\/ijel\/article\/viewFile\/69436\/38496\" target=\"_blank\" rel=\"noopener\">Conceptualizando el Emprendimiento en la literatura de la Econom\u00eda Cl\u00e1sica, por&nbsp;<\/a><a href=\"https:\/\/www.ccsenet.org\/journal\/index.php\/ijel\/article\/viewFile\/69436\/38496\" target=\"_blank\" rel=\"noopener\">Petur<\/a><a href=\"https:\/\/www.ccsenet.org\/journal\/index.php\/ijel\/article\/viewFile\/69436\/38496\" target=\"_blank\" rel=\"noopener\">&nbsp;O. Jonsson<\/a>.<\/p>\n<p>&nbsp;<\/p>\n<p><strong>Libros e informes<\/strong><\/p>\n<p><strong>*&nbsp;<\/strong><a href=\"https:\/\/1drv.ms\/b\/s!Ar8hUi6ayNTcgRZnSsXHsjEQtnD0\" target=\"_blank\" rel=\"noopener\">La creaci\u00f3n de empresas en Catalunya<\/a>.<\/p>\n<p>*&nbsp;<a href=\"https:\/\/gemspain-my.sharepoint.com\/:b:\/g\/personal\/comunicacion_gem-spain_com\/ESjLJkgxAMFCjgSR36vLH1MB2VcrzsWTgGq-vqwuskAZRA?e=fZjaqu\" target=\"_blank\" rel=\"noopener\">Informe ejecutivo GEM 2021-2022. Espa\u00f1aa<\/a>.<\/p>\n<p>*&nbsp;<a href=\"https:\/\/gemspain-my.sharepoint.com\/:b:\/g\/personal\/comunicacion_gem-spain_com\/EZzkSTqa9u9JiVa2-KWI9XoBAICth0TkVXSGmaWp5Bdisg?e=HaRipq\" target=\"_blank\" rel=\"noopener\">Informe ejecutivo GEM 2020-2021. Espa\u00f1a<\/a>.<\/p>\n<p>*&nbsp;<a href=\"https:\/\/gemspain-my.sharepoint.com\/:b:\/g\/personal\/comunicacion_gem-spain_com\/EQSqmQ34SntJqXsm3VFmKQMBnL3LMa293n7w48lgA_quGA?e=gYo1Cc\" target=\"_blank\" rel=\"noopener\">Informe ejecutivo GEM 2019-2020. Espa\u00f1a<\/a>.<\/p>\n<p>*&nbsp;<a href=\"https:\/\/gemspain-my.sharepoint.com\/personal\/comunicacion_gem-spain_com\/_layouts\/15\/onedrive.aspx?ga=1&amp;id=%2Fpersonal%2Fcomunicacion%5Fgem%2Dspain%5Fcom%2FDocuments%2FINFORMES%2FNACIONALES%2FInformes%2FInforme%20GEM%20Espa\u00f1a%202018%2D2019%2Epdf&amp;parent=%2Fpersonal%2Fcomunicacion%5Fgem%2Dspain%5Fcom%2FDocuments%2FINFORMES%2FNACIONALES%2FInformes\" target=\"_blank\" rel=\"noopener\">Informe ejecutivo GEM 2018-2019. Espa\u00f1a.<\/a><\/p>\n<p>*&nbsp;<a href=\"https:\/\/1drv.ms\/b\/s!Ao0Ind4CAWeygqhLq1gidHdOaIvDkg\" target=\"_blank\" rel=\"noopener\">Informe ejecutivo GEM 2017-2018. Espa\u00f1a<\/a>.<\/p>\n<p>*&nbsp;<a href=\"https:\/\/1drv.ms\/b\/s!Ao0Ind4CAWeygp0oYZeDl5f7L3Hc2Q\" target=\"_blank\" rel=\"noopener\">Informe ejecutivo GEM 2016. Espa\u00f1a<\/a>.<\/p>\n<p><span>*&nbsp;<\/span><a href=\"https:\/\/1drv.ms\/b\/s!Ar8hUi6ayNTcgkn4jIkAeT0Q0BJx\" target=\"_blank\" rel=\"noopener\">Informe ejecutivo GEM 2015. Espa\u00f1a<\/a><span>.<\/span><\/p>\n<p>* <a href=\"https:\/\/1drv.ms\/b\/s!Ar8hUi6ayNTcgSHDNo2V_i52IWCe\" target=\"_blank\" rel=\"noopener\">Informe ejecutivo GEM 2014. Espa\u00f1a<\/a>.<\/p>\n<p>*&nbsp;<a href=\"https:\/\/1drv.ms\/b\/s!Ar8hUi6ayNTcgR5ORzomoA3QQNmT\" target=\"_blank\" rel=\"noopener\">Informe ejecutivo GEM 2013. Espa\u00f1a<\/a>.<\/p>\n<p>*&nbsp;<a href=\"https:\/\/1drv.ms\/b\/s!Ar8hUi6ayNTcgRzm7mX3txKP2RIF\" target=\"_blank\" rel=\"noopener\">Informe ejecutivo GEM 2012. Espa\u00f1a<\/a>.<\/p>\n<p>*&nbsp;<a href=\"https:\/\/1drv.ms\/b\/s!Ar8hUi6ayNTcgRt0wGH4k2rG7vXq\" target=\"_blank\" rel=\"noopener\">Informe ejecutivo GEM 2011. Espa\u00f1a<\/a>.<\/p>\n<p>*&nbsp;<a href=\"https:\/\/1drv.ms\/b\/s!Ar8hUi6ayNTcgRcI7MQ6GJTBegjS\" target=\"_blank\" rel=\"noopener\">Informe ejecutivo GEM 2010. Espa\u00f1a<\/a>.<\/p>\n<p>*&nbsp;<a href=\"https:\/\/gemspain-my.sharepoint.com\/personal\/comunicacion_gem-spain_com\/_layouts\/15\/onedrive.aspx?ga=1&amp;id=%2Fpersonal%2Fcomunicacion%5Fgem%2Dspain%5Fcom%2FDocuments%2FINFORMES%2FREGIONALES%2FCatalu\u00f1a%2FInforme%5FGEM%5FCatalu\u00f1a%5F2020%2D2021%2Epdf&amp;parent=%2Fpersonal%2Fcomunicacion%5Fgem%2Dspain%5Fcom%2FDocuments%2FINFORMES%2FREGIONALES%2FCatalu\u00f1a\" target=\"_blank\" rel=\"noopener\">Informe ejecutivo GEM 2020-2021. Catalu\u00f1a.<\/a><\/p>\n<p>*&nbsp;<a href=\"https:\/\/gemspain-my.sharepoint.com\/personal\/comunicacion_gem-spain_com\/_layouts\/15\/onedrive.aspx?ga=1&amp;id=%2Fpersonal%2Fcomunicacion%5Fgem%2Dspain%5Fcom%2FDocuments%2FINFORMES%2FREGIONALES%2FCatalu\u00f1a%2FInforme%5FGEM%5FCatalu\u00f1a%5F2018%2D2019%2Epdf&amp;parent=%2Fpersonal%2Fcomunicacion%5Fgem%2Dspain%5Fcom%2FDocuments%2FINFORMES%2FREGIONALES%2FCatalu\u00f1a\" target=\"_blank\" rel=\"noopener\">Informe ejecutivo&nbsp;GEM 2018-2019. Catalu\u00f1a.<\/a><\/p>\n<p><span>*&nbsp;<\/span><a href=\"https:\/\/1drv.ms\/b\/s!Ao0Ind4CAWeygqhKLDJAkpjEAo0XvQ\" target=\"_blank\" rel=\"noopener\">Informe ejecutivo GEM 2016. Catalunya<\/a><span>.<\/span><\/p>\n<p><span>*&nbsp;<\/span><a href=\"https:\/\/1drv.ms\/b\/s!Ar8hUi6ayNTcgkrZQJeOC4TzhR1b\" target=\"_blank\" rel=\"noopener\">Informe ejecutivo GEM 2015. Catalunya<\/a><span>.<\/span><\/p>\n<p><span>*&nbsp;<\/span><a href=\"https:\/\/1drv.ms\/b\/s!Ar8hUi6ayNTcgSLLt-mNidOwm-G7\" target=\"_blank\" rel=\"noopener\">Informe ejecutivo GEM 2014. Catalunya<\/a><span>.<\/span><\/p>\n<p>*&nbsp;<a href=\"https:\/\/1drv.ms\/b\/s!Ar8hUi6ayNTcgSLLt-mNidOwm-G7\" target=\"_blank\" rel=\"noopener\">Informe ejecutivo GEM 2013. Catalunya<\/a>.<\/p>\n<p>*&nbsp;<a href=\"https:\/\/1drv.ms\/b\/s!Ar8hUi6ayNTcgRm0VyfqS8dcgcDS\" target=\"_blank\" rel=\"noopener\">Informe ejecutivo GEM 2012. Catalunya<\/a>.<\/p>\n<p>*&nbsp;<a href=\"https:\/\/1drv.ms\/b\/s!Ar8hUi6ayNTcgRm0VyfqS8dcgcDS\" target=\"_blank\" rel=\"noopener\">Informe ejecutivo GEM 2011. Catalunya<\/a>.<\/p>\n<p>*&nbsp;<a href=\"https:\/\/1drv.ms\/b\/s!Ar8hUi6ayNTcgRm0VyfqS8dcgcDS\" target=\"_blank\" rel=\"noopener\">Informe ejecutivo GEM 2010. Catalunya<\/a>.<\/p>\n<p>*&nbsp;<a href=\"https:\/\/1drv.ms\/b\/s!Ar8hUi6ayNTcggbN5dfwh1OeHx7U\" target=\"_blank\" rel=\"noopener\">Bolet\u00edn de demograf\u00eda empresarial. 4rto Trim 2015<\/a>.<\/p>\n<p>*&nbsp;<span class=\"doclink\"><a href=\"https:\/\/1drv.ms\/b\/s!Ar8hUi6ayNTcgR_p7XHpPl5NB1-l\" target=\"_blank\" rel=\"noopener\">Resumen ejecutivo. Observatorio de emprendimiento universitario 2011<\/a>.<\/span><\/p>\n<p>*&nbsp;<a href=\"https:\/\/1drv.ms\/b\/s!Ar8hUi6ayNTcgSAGBCLZECSLA3bs\" target=\"_blank\" rel=\"noopener\">Resumen ejecutivo. Libro blanco de la iniciativa emprendedora en Espa\u00f1a<\/a><\/p>\n","protected":false},"excerpt":{"rendered":"<p>En esta p\u00e1gina encontrar\u00e1s una serie de ficheros que sirven para la creaci\u00f3n de una empresa y para entender el fen\u00f3meno del emprendimiento. * Gu\u00eda para la elaboraci\u00f3n del plan de empresa. *&nbsp;Gu\u00eda para la elaboraci\u00f3n del plan de empresa (versi\u00f3n adaptada al castellano). *&nbsp;Formas societarias. Pros y contras. *&nbsp;Elecci\u00f3n de la forma societaria. *&nbsp;El [&hellip;]<\/p>\n","protected":false},"author":20,"featured_media":0,"parent":0,"menu_order":0,"comment_status":"closed","ping_status":"closed","template":"","meta":{"footnotes":""},"class_list":["post-87","page","type-page","status-publish","hentry"],"_links":{"self":[{"href":"https:\/\/webs.uab.cat\/cieu\/wp-json\/wp\/v2\/pages\/87","targetHints":{"allow":["GET"]}}],"collection":[{"href":"https:\/\/webs.uab.cat\/cieu\/wp-json\/wp\/v2\/pages"}],"about":[{"href":"https:\/\/webs.uab.cat\/cieu\/wp-json\/wp\/v2\/types\/page"}],"author":[{"embeddable":true,"href":"https:\/\/webs.uab.cat\/cieu\/wp-json\/wp\/v2\/users\/20"}],"replies":[{"embeddable":true,"href":"https:\/\/webs.uab.cat\/cieu\/wp-json\/wp\/v2\/comments?post=87"}],"version-history":[{"count":0,"href":"https:\/\/webs.uab.cat\/cieu\/wp-json\/wp\/v2\/pages\/87\/revisions"}],"wp:attachment":[{"href":"https:\/\/webs.uab.cat\/cieu\/wp-json\/wp\/v2\/media?parent=87"}],"curies":[{"name":"wp","href":"https:\/\/api.w.org\/{rel}","templated":true}]}}