{"id":91,"date":"2015-04-10T18:43:15","date_gmt":"2015-04-10T16:43:15","guid":{"rendered":"https:\/\/webs.uab.cat\/cieu\/videos\/"},"modified":"2015-04-10T18:43:15","modified_gmt":"2015-04-10T16:43:15","slug":"videos","status":"publish","type":"page","link":"https:\/\/webs.uab.cat\/cieu\/videos\/","title":{"rendered":"V\u00eddeos"},"content":{"rendered":"<p>* <a href=\"https:\/\/www.youtube.com\/watch?v=Lc4-2cVKxp0&amp;t=1s\">Breve explicaci\u00f3n sobre el concepto de econom\u00eda circular<\/a><\/p>\n<p>* <a href=\"https:\/\/www.youtube.com\/watch?v=XaR2bx_rCcQ\" target=\"_blank\" rel=\"noopener\">Encuentros Somo M\u00e1s. Charlas inspiradoras con mujeres a seguir: Carolina Denia (YouTuber)<\/a>.<\/p>\n<p>*&nbsp;<a href=\"https:\/\/www.youtube.com\/watch?v=Ma3Zru2wL48&amp;feature=youtu.be\" target=\"_blank\" rel=\"noopener\">Acto de entrega del VII Premio CIEU-FUABformaci\u00f3 2018 a la persona m\u00e1s emprendedora<\/a>.<\/p>\n<p>* <a href=\"https:\/\/www.youtube.com\/watch?time_continue=71&amp;v=jnsGKKJM8L8\" target=\"_blank\" rel=\"noopener\">Diferencia entre crecer y escalar<\/a>.<\/p>\n<p>* <a href=\"https:\/\/www.youtube.com\/watch?v=vxf5Vc_ubWk&amp;feature=youtu.be\" target=\"_blank\" rel=\"noopener\">Consejos para emprender<\/a>.<\/p>\n<p>*&nbsp;<a href=\"https:\/\/www.youtube.com\/watch?v=3omBOtLvVGs&amp;feature=youtu.be\" target=\"_blank\" rel=\"noopener\">Acto de entrega del VI Premio CIEU-FUABformaci\u00f3 2017 a la persona m\u00e1s emprendedora<\/a>.<\/p>\n<p>*&nbsp;<a href=\"https:\/\/youtu.be\/4HMdKYvPeZg\" target=\"_blank\" rel=\"noopener\">Acto de entrega del VII Premio CIUE-FUABformaci\u00f3 2016 a la idea m\u00e9s emprendedora<\/a>.<\/p>\n<p>*&nbsp;<a href=\"https:\/\/youtu.be\/zVeEcMVYXNs\" target=\"_blank\" rel=\"noopener\">\u201cComp(sh)are\u201d gana el premio CIEU-FUABformaci\u00f3 2016 a la idea m\u00e1s emprendedora<\/a>.<\/p>\n<p>*&nbsp;<a href=\"https:\/\/youtu.be\/3hIv4BHVqFY\" target=\"_blank\" rel=\"noopener\">\u00abLOC-ME, no lo pierdas\u00bb gana el premio CIEU-FUABformaci\u00f3 2016 a la idea m\u00e1s emprendedora<\/a>.<\/p>\n<p>* <a href=\"https:\/\/www.youtube.com\/watch?v=JKJFECB0pKY&amp;feature=youtu.be\" target=\"_blank\" rel=\"noopener\">12 historias de emprendimiento corporativo en la industria chilena<\/a>.<\/p>\n<p>* <a href=\"https:\/\/www.youtube.com\/watch?v=S9TJRK68G4k&amp;feature=youtu.be\" target=\"_blank\" rel=\"noopener\">Experiencia en el Silicon Valley. Xavier Verdaguer, Fundador Innovalley<\/a>.<\/p>\n<p>*&nbsp;<a href=\"http:\/\/www.youtube.com\/watch?v=rHv4qLkToGg\" target=\"_blank\" rel=\"noopener\">M\u00edtico discurso de Steve Jobs<\/a>.<\/p>\n<p>*&nbsp;<a href=\"http:\/\/www.youtube.com\/watch?v=i07qz_6Mk7g\" target=\"_blank\" rel=\"noopener\">Te atreves a so\u00f1ar?<\/a>.<\/p>\n<p>*&nbsp;<a href=\"http:\/\/www.youtube.com\/watch?v=OoshJr_cEgY\" target=\"_blank\" rel=\"noopener\">Business Model Canvas<\/a>.<\/p>\n","protected":false},"excerpt":{"rendered":"<p>* Breve explicaci\u00f3n sobre el concepto de econom\u00eda circular * Encuentros Somo M\u00e1s. Charlas inspiradoras con mujeres a seguir: Carolina Denia (YouTuber). *&nbsp;Acto de entrega del VII Premio CIEU-FUABformaci\u00f3 2018 a la persona m\u00e1s emprendedora. * Diferencia entre crecer y escalar. * Consejos para emprender. *&nbsp;Acto de entrega del VI Premio CIEU-FUABformaci\u00f3 2017 a la [&hellip;]<\/p>\n","protected":false},"author":20,"featured_media":0,"parent":0,"menu_order":0,"comment_status":"closed","ping_status":"closed","template":"","meta":{"footnotes":""},"class_list":["post-91","page","type-page","status-publish","hentry"],"_links":{"self":[{"href":"https:\/\/webs.uab.cat\/cieu\/wp-json\/wp\/v2\/pages\/91","targetHints":{"allow":["GET"]}}],"collection":[{"href":"https:\/\/webs.uab.cat\/cieu\/wp-json\/wp\/v2\/pages"}],"about":[{"href":"https:\/\/webs.uab.cat\/cieu\/wp-json\/wp\/v2\/types\/page"}],"author":[{"embeddable":true,"href":"https:\/\/webs.uab.cat\/cieu\/wp-json\/wp\/v2\/users\/20"}],"replies":[{"embeddable":true,"href":"https:\/\/webs.uab.cat\/cieu\/wp-json\/wp\/v2\/comments?post=91"}],"version-history":[{"count":0,"href":"https:\/\/webs.uab.cat\/cieu\/wp-json\/wp\/v2\/pages\/91\/revisions"}],"wp:attachment":[{"href":"https:\/\/webs.uab.cat\/cieu\/wp-json\/wp\/v2\/media?parent=91"}],"curies":[{"name":"wp","href":"https:\/\/api.w.org\/{rel}","templated":true}]}}