{"id":93,"date":"2015-03-19T19:14:06","date_gmt":"2015-03-19T17:14:06","guid":{"rendered":"https:\/\/webs.uab.cat\/cieu\/premi-cieu\/"},"modified":"2024-05-11T19:14:31","modified_gmt":"2024-05-11T17:14:31","slug":"premi-cieu","status":"publish","type":"page","link":"https:\/\/webs.uab.cat\/cieu\/premi-cieu\/","title":{"rendered":"Premio CIEU"},"content":{"rendered":"\n<p>Los<strong><em> Premios CIEU (a la idea m\u00e1s emprendedora y<\/em><\/strong><strong><em>&nbsp;a la persona m\u00e1s emprendedora) <\/em><\/strong>son una iniciativa del Centre d\u2019Iniciatives Emprenedores Universit\u00e0ries (CIEU) dirigida a todo el alumnado de la UAB y particularmente al alumnado de la escuela FUAB formaci\u00f3 (Turismo y Direcci\u00f3n Hotelera, Prevenci\u00f3n y Seguridad Integral y Archiv\u00edstica y Gesti\u00f3n de Documentos). En los siguientes enlaces puedes encontrar m\u00e1s informaci\u00f3n sobre cada premio.<\/p>\n\n\n\n<p>* <a href=\"https:\/\/webs.uab.cat\/cieu\/la-persona-mes-emprenedora\/\" target=\"_blank\" rel=\"noreferrer noopener\">La persona m\u00e1s emprendedora<\/a>.<\/p>\n\n\n\n<p>* <a href=\"https:\/\/webs.uab.cat\/cieu\/idea-mes-emprenedora\/\" data-type=\"page\" data-id=\"106\" target=\"_blank\" rel=\"noreferrer noopener\">La idea m\u00e1s emprendedora<\/a>.<\/p>\n\n\n\n<p><\/p>\n","protected":false},"excerpt":{"rendered":"<p>Los Premios CIEU (a la idea m\u00e1s emprendedora y&nbsp;a la persona m\u00e1s emprendedora) son una iniciativa del Centre d\u2019Iniciatives Emprenedores Universit\u00e0ries (CIEU) dirigida a todo el alumnado de la UAB y particularmente al alumnado de la escuela FUAB formaci\u00f3 (Turismo y Direcci\u00f3n Hotelera, Prevenci\u00f3n y Seguridad Integral y Archiv\u00edstica y Gesti\u00f3n de Documentos). En los [&hellip;]<\/p>\n","protected":false},"author":20,"featured_media":0,"parent":0,"menu_order":0,"comment_status":"closed","ping_status":"closed","template":"","meta":{"footnotes":""},"class_list":["post-93","page","type-page","status-publish","hentry"],"_links":{"self":[{"href":"https:\/\/webs.uab.cat\/cieu\/wp-json\/wp\/v2\/pages\/93","targetHints":{"allow":["GET"]}}],"collection":[{"href":"https:\/\/webs.uab.cat\/cieu\/wp-json\/wp\/v2\/pages"}],"about":[{"href":"https:\/\/webs.uab.cat\/cieu\/wp-json\/wp\/v2\/types\/page"}],"author":[{"embeddable":true,"href":"https:\/\/webs.uab.cat\/cieu\/wp-json\/wp\/v2\/users\/20"}],"replies":[{"embeddable":true,"href":"https:\/\/webs.uab.cat\/cieu\/wp-json\/wp\/v2\/comments?post=93"}],"version-history":[{"count":4,"href":"https:\/\/webs.uab.cat\/cieu\/wp-json\/wp\/v2\/pages\/93\/revisions"}],"predecessor-version":[{"id":470,"href":"https:\/\/webs.uab.cat\/cieu\/wp-json\/wp\/v2\/pages\/93\/revisions\/470"}],"wp:attachment":[{"href":"https:\/\/webs.uab.cat\/cieu\/wp-json\/wp\/v2\/media?parent=93"}],"curies":[{"name":"wp","href":"https:\/\/api.w.org\/{rel}","templated":true}]}}