{"id":95,"date":"2015-03-27T12:20:26","date_gmt":"2015-03-27T10:20:26","guid":{"rendered":"https:\/\/webs.uab.cat\/cieu\/la-persona-mes-emprenedora\/"},"modified":"2026-03-10T19:33:22","modified_gmt":"2026-03-10T17:33:22","slug":"la-persona-mes-emprenedora","status":"publish","type":"page","link":"https:\/\/webs.uab.cat\/cieu\/la-persona-mes-emprenedora\/","title":{"rendered":"La persona m\u00e1s emprendedora"},"content":{"rendered":"<div id=\"block-edfc275f-d712-4ccb-b054-72ab44555059\" class=\"block-editor-block-list__block wp-block is-multi-selected wp-block-freeform\" role=\"document\" aria-label=\"Bloque: Cl\u00e1sico\" data-block=\"edfc275f-d712-4ccb-b054-72ab44555059\" data-type=\"core\/freeform\" data-title=\"Cl\u00e1sico\">\n<div id=\"editor-edfc275f-d712-4ccb-b054-72ab44555059\" class=\"wp-block-freeform block-library-rich-text__tinymce mce-content-body html5-captions mce-edit-focus\" style=\"position: relative\">\u00a0<\/div>\n<\/div>\n<div>\n<div><strong>XIV Premio CIEU-FEiE 2026 a la persona m\u00e1s emprendedora<\/strong><\/div>\n<\/div>\n<div>\u00a0<\/div>\n<div>\n<p style=\"font-weight: 400\"><strong><em>Bases del premio<\/em><\/strong><\/p>\n<ol>\n<li style=\"font-weight: 400\"><strong> Presentaci\u00f3n y objetivos<\/strong><\/li>\n<\/ol>\n<p style=\"font-weight: 400\">El <strong><em>XIV Premio CIEU-FEiE 2026 a la persona m\u00e1s emprendedora<\/em><\/strong> es una iniciativa del Centre d\u2019Iniciatives Emprenedores Universit\u00e0ries (CIEU) dirigida a todo el alumnado de la Escola FUAB Formaci\u00f3 (Archiv\u00edstica y Gesti\u00f3n de Documentos, Prevenci\u00f3n y Seguridad Integral, Turismo y Direcci\u00f3n Hotelera), de la Facultat d\u2019Economia i Empresa, y de la UAB en general, incluyendo tambi\u00e9n los ex-alumnos\/as. El objetivo del premio es fomentar el esp\u00edritu emprendedor y la innovaci\u00f3n entre los miembros de la comunidad universitaria.<\/p>\n<ol start=\"2\">\n<li style=\"font-weight: 400\"><strong> Qui\u00e9n puede participar?<\/strong><\/li>\n<\/ol>\n<p style=\"font-weight: 400\">En el Premio pueden participar:<\/p>\n<ul>\n<li>Estudiantes de la Escola FUAB Formaci\u00f3.<\/li>\n<li>Estudiantes de la Facultat d\u2019Economia i Empresa.<\/li>\n<li>Estudiantes del resto de la UAB.<\/li>\n<li>Ex-alumnos\/as.<\/li>\n<\/ul>\n<ol start=\"3\">\n<li style=\"font-weight: 400\"><strong> Criterios de valoraci\u00f3n<\/strong><\/li>\n<\/ol>\n<p style=\"font-weight: 400\">El jurado considerar\u00e1, entre otros, los siguientes criterios:<\/p>\n<ul>\n<li style=\"font-weight: 400\">Esp\u00edritu e iniciativa emprendedora.<\/li>\n<li style=\"font-weight: 400\">Acciones emprendedoras o intraemprendedoras llevadas a cabo.<\/li>\n<li style=\"font-weight: 400\">Originalidad y grado de innovaci\u00f3n de sus acciones.<\/li>\n<li style=\"font-weight: 400\">Viabilidad a mediano y largo plazo (t\u00e9cnica, comercial y econ\u00f3mica) de los proyectos emprendedores.<\/li>\n<li style=\"font-weight: 400\">Trayectoria emprendedora.<\/li>\n<\/ul>\n<ol start=\"4\">\n<li style=\"font-weight: 400\"><strong> Qu\u00e9 se debe hacer para optar al Premio? <\/strong><\/li>\n<\/ol>\n<p style=\"font-weight: 400\">Formalizar la participaci\u00f3n en el Premio a trav\u00e9s del siguiente enlace: <a href=\"https:\/\/forms.gle\/6bUUosecAW293XGo9\">ficha de participaci\u00f3n,<\/a> as\u00ed como mediante el <a href=\"https:\/\/forms.gle\/LB8FSHtjeQgKfjyZA\">registro de emprendedores\/as<\/a>.<\/p>\n<p style=\"font-weight: 400\">En la solicitud habr\u00e1 que explicar las razones por las cuales pens\u00e1is que sois merecedores\/as del Premio en funci\u00f3n de los criterios de evaluaci\u00f3n anteriores y adjuntando tambi\u00e9n un breve CV (m\u00e1x. 1-2 p\u00e1gs.) y una carta de recomendaci\u00f3n de alguna persona que os avale. <u>Fecha l\u00edmite de recepci\u00f3n de propuestas: <strong>24 de abril del 2026.<\/strong><\/u><\/p>\n<ol start=\"5\">\n<li style=\"font-weight: 400\"><strong> Acto de celebraci\u00f3n del Premio y reconocimientos <\/strong><\/li>\n<\/ol>\n<p style=\"font-weight: 400\">El acto de entrega del Premio se celebrar\u00e1 el pr\u00f3ximo <strong><u>Lunes 4 de mayo de 2026<\/u><\/strong> a las 11.30h, en la Sala de Actos de la Facultat d\u2019Economia i Empresa.<\/p>\n<p style=\"font-weight: 400\">El premio consiste en un certificado que acredita al ganador\/a del Premio; el asesoramiento gratuito por parte del CIEU; y una dotaci\u00f3n econ\u00f3mica de 250 euros para cada categor\u00eda:<\/p>\n<p style=\"font-weight: 400\">(a) Categor\u00eda Direcci\u00f3n Hotelera<\/p>\n<p style=\"font-weight: 400\">(b) Categor\u00eda Archiv\u00edstica y Gesti\u00f3n de Documentos<\/p>\n<p style=\"font-weight: 400\">(c) Categor\u00eda Prevenci\u00f3n y Seguridad Integral<\/p>\n<p style=\"font-weight: 400\">(d) Categor\u00eda Turismo<\/p>\n<p style=\"font-weight: 400\">(e) Categor\u00eda Facultat d\u2019Economia i Empresa<\/p>\n<p style=\"font-weight: 400\">(f) Categor\u00eda general UAB<\/p>\n<ol start=\"6\">\n<li style=\"font-weight: 400\"><strong> Jurado<\/strong><\/li>\n<\/ol>\n<p style=\"font-weight: 400\">El jurado del Premio est\u00e1 compuesto por expertos\/as reconocidos\/as del mundo universitario y empresarial.<\/p>\n<ol start=\"7\">\n<li style=\"font-weight: 400\"><strong> Observaciones<\/strong><\/li>\n<\/ol>\n<span style=\"font-weight: 400\">La presentaci\u00f3n al Premio supone la aceptaci\u00f3n de estas bases. Cualquier aspecto que no est\u00e9 previsto en estas bases ser\u00e1 resuelto por parte del CIEU.<\/span><\/div>\n<div>\u00a0<\/div>\n<div><a href=\"https:\/\/1drv.ms\/b\/c\/b2670102de9d088d\/IQBJTAVEcFwiSaBkuYR35SvcAWBSHCahERhU1ijXpcudipc?e=hXFFuU\" target=\"_blank\" rel=\"noopener\">Bases del premio<\/a>.<\/div>\n<div>\u00a0<\/div>\n<div><strong>XIII Premio CIEU-FEiE 2025 a la persona m\u00e1s emprendedora<\/strong><\/div>\n<div>\u00a0<\/div>\n<div>\n<div><span style=\"font-size: revert;letter-spacing: 0.05rem\">Acto celebrado el d\u00eda 5 de mayo de 2025 en la Sala d\u2019Actes de la Facultat d\u2019Economia i Empresa, UAB.<\/span><\/div>\n<div>\n<p>Personas ganadoras: Adri\u00e0 Creixell Tarr\u00e9s \u00a0(Categor\u00eda Turisme), Hugo Palomar (Categor\u00eda Direcci\u00f3 Hotelera), Albert Fillol (Categor\u00eda Prevenci\u00f3 i Seguretat Integral), Enric Ans\u00f3 (Categor\u00eda Arxiv\u00edstica i Gesti\u00f3 de Documents), Dennis Ram\u00edrez (Categor\u00eda Facultat d\u2019Economia i Empresa), y Carolina Buil (Categor\u00eda General UAB).<\/p>\n<p>Jurado: Maria Noguera, Tatiana L\u00f3pez, Andreu Turr\u00f3, Sebasti\u00e1n Aparicio, David Urbano.<\/p>\n<p>La conferencia del Premio la llev\u00f3 a cabo B\u00e0rbara Segura, fundadora de <a href=\"https:\/\/invitaem.com\" target=\"_blank\" rel=\"noopener\">Invita<\/a>.<\/p>\n<\/div>\n<\/div>\n<div>\n<p><a href=\"https:\/\/www.flickr.com\/photos\/131531959@N04\/albums\/72177720326056662\/\" target=\"_blank\" rel=\"noopener\">Fotos del premio<\/a>.<\/p>\n<p><a href=\"https:\/\/1drv.ms\/b\/s!Ao0Ind4CAWeygr46muE70fIhB4wq3A?e=04MNpZ\" target=\"_blank\" rel=\"noopener\">Bases del premio en PDF<\/a>. <a href=\"https:\/\/1drv.ms\/b\/c\/b2670102de9d088d\/EXivkagRV5dDnuJEYCYQWqkBF5rknUMW3L-WX41i5KLBAg?e=1e0lAj\" target=\"_blank\" rel=\"noopener\">Acta del premio<\/a>.<\/p>\n<p><a href=\"https:\/\/www.uab.cat\/web\/sala-de-prensa\/detalle-noticia\/hugo-palomar-y-adria-creixell-premios-cieu-feie-2025-a-la-persona-mas-emprendedora-en-direccion-hotelera-y-en-turismo-1345830290069.html?detid=1345953133999\" target=\"_blank\" rel=\"noopener\">Nota de prensa Escola FUABformaci\u00f3<\/a>.<\/p>\n<p><a href=\"https:\/\/www.uab.cat\/web\/sala-de-prensa\/detalle-noticia\/los-xiii-premios-cieu-feie-2025-reconocen-a-las-personas-mas-emprendedoras-de-la-uab-1345830290069.html?detid=1345953049367\" target=\"_blank\" rel=\"noopener\">Nota de prensa FEiE<\/a>.<\/p>\n<\/div>\n<div>\u00a0<\/div>\n<div>\n<div><strong style=\"letter-spacing: 0.05rem\">XII Premio CIEU-FEiE 2024 a la persona m\u00e1s emprendedora<\/strong><\/div>\n<\/div>\n<div><span style=\"font-size: revert;letter-spacing: 0.05rem\">Acto celebrado el d\u00eda 9 de mayo de 2024 en la Sala d\u2019Actes de la Facultat d\u2019Economia i Empresa, UAB.<\/span><\/div>\n<div>\n<p>Personas ganadoras: D\u00e9sir\u00e9e L\u00f3pez Parram\u00f3n (Categor\u00eda Turisme), Ruth Dom\u00e8nech Fuentesauco (Categor\u00eda Direcci\u00f3 Hotelera), Eduard Dom\u00e8nech Ruda (Categor\u00eda Prevenci\u00f3 i Seguretat Integral), Merc\u00e8 L\u00e1zaro Garc\u00eda (Categor\u00eda Arxiv\u00edstica i Gesti\u00f3 de Documents), Daniel Clusellas y Vicen\u00e7 Altimira (Categor\u00eda Facultat d\u2019Economia i Empresa), e In\u00e9s Lecuona (Categor\u00eda General UAB).<\/p>\n<p>Jurado: Maria Noguera, Tatiana L\u00f3pez, Andreu Turr\u00f3, Sebasti\u00e1n Aparicio, David Urbano.<\/p>\n<p>La conferencia del Premio la llev\u00f3 a cabo Alan Fust\u00e9, fundador de <a href=\"https:\/\/mathew.ai\" target=\"_blank\" rel=\"noopener\">Mathew<\/a>.<\/p>\n<\/div>\n<div><a href=\"https:\/\/flic.kr\/s\/aHBqjBpFCX\" target=\"_blank\" rel=\"noopener\">Fotos del Premio 2024<\/a>.<\/div>\n<div><a href=\"https:\/\/1drv.ms\/b\/s!Ao0Ind4CAWeygrdEVhuP8e0PYDof2g?e=IWyQqC\" target=\"_blank\" rel=\"noopener\">Bases del premio en PDF<\/a>. <a href=\"https:\/\/1drv.ms\/b\/s!Ao0Ind4CAWeygrkA8PYGp0BY04bGHQ?e=RiHMRy\" target=\"_blank\" rel=\"noopener\">Acta del Premio 2024<\/a>.<\/div>\n<div><a href=\"https:\/\/www.uab.cat\/web\/sobre-la-corporacio-uab\/detall-de-noticia\/els-xii-premis-cieu-feie-2024-reconeixen-les-persones-mes-emprenedores-de-la-uab-1345779147521.html?noticiaid=1345916362218\" target=\"_blank\" rel=\"noopener\">Nota de prensa Escola FUAB Formaci\u00f3<\/a>.<\/div>\n<div><a href=\"https:\/\/www.uab.cat\/web\/detall-de-noticia\/els-xii-premis-cieu-feie-2024-reconeixen-les-persones-mes-emprenedores-de-la-uab-1345697198279.html?noticiaid=1345916657837\" target=\"_blank\" rel=\"noopener\">Nota de presa FEiE<\/a>.<\/div>\n<p><strong>XI Premio CIEU-FEiE 2023 a la persona m\u00e1s emprendedora<\/strong><\/p>\n\n\n<p><span style=\"font-size: revert;letter-spacing: 0.05rem\">Acto celebrado el d\u00eda 8 de mayo de 2023 en la Sala d&#8217;Actes de la Facultat d&#8217;Economia i Empresa, UAB.<\/span><\/p>\n\n\n\n<p>Persones guanyadores: Sarah Sams\u00f3 (Categor\u00eda Turisme), Albert P\u00e9rez Llanos (Categor\u00eda Direcci\u00f3 Hotelera), Manel Pascual S\u00e1nchez (Categor\u00eda Prevenci\u00f3 i Seguretat Integral), Bernat Munt\u00e9s (categor\u00eda Arxiv\u00edstica i Gesti\u00f3 de Documents), &nbsp;&nbsp;&nbsp;&nbsp;&nbsp;&nbsp;&nbsp; Oriol Abad Campins (categor\u00eda Facultat d\u2019Economia i Empresa), N\u00faria Canellas Terradellas (categor\u00eda General UAB), y Alan Fust\u00e9 (categor\u00eda Impacte social i Sostenibilitat).<\/p>\n\n\n\n<p>Jurado: Maria Noguera, Tatiana L\u00f3pez, Andreu Turr\u00f3, Sebasti\u00e1n Aparicio, Eva Miquel, David Urbano.<\/p>\n\n\n\n<p>La conferencia del Premio la llev\u00f3 a cabo Magda Cebri\u00e1n, egresada de la Facultat de Ci\u00e8ncies de la Comunicaci\u00f3 de la UAB y Cofundadora de <a href=\"https:\/\/gozerowaste.app\/\">GoZeroWaste<\/a>.<\/p>\n\n\n\n<p><a rel=\"noopener\" href=\"https:\/\/1drv.ms\/b\/s!Ao0Ind4CAWeygrBG3VFkPuOnpZx83w?e=h5v85L\" target=\"_blank\">Bases del premio 2023<\/a>. <a href=\"https:\/\/1drv.ms\/b\/s!Ao0Ind4CAWeygrIgkQo0uo3kVNVHXQ?e=Qyrhvh\" target=\"_blank\" rel=\"noreferrer noopener\">Acta del Premio 2023<\/a><span style=\"font-size: revert;letter-spacing: 0.05rem\">.<\/span><\/p>\n\n\n\n<p><a href=\"https:\/\/flic.kr\/s\/aHBqjAJjhu\" target=\"_blank\" rel=\"noreferrer noopener\" data-type=\"URL\" data-id=\"https:\/\/flic.kr\/s\/aHBqjAJjhu\">Fotos del Premio 2023<\/a>.<\/p>\n\n\n\n<p>Nota de prensa: <a href=\"https:\/\/www.uab.cat\/web\/sobre-la-corporacio-uab\/detalle-de-noticia\/siete-emprendedores-galardonados-con-el-xi-premio-cieu-feie-2023-por-sus-trayectorias-en-innovacion-1345779665646.html?noticiaid=1345887594036\" target=\"_blank\" rel=\"noopener\">FUAB<\/a><\/p>\n\n\n<div><\/div>\n<div><\/div>\n<div><\/div>\n<p><strong>X Premio CIEU-FEiE 2022 a la persona m\u00e1s emprendedora<\/strong><\/p>\n<p>Acto celebrado el d\u00eda&nbsp;9&nbsp;de mayo de 2022 en la Sala d&#8217;Actes&nbsp;de la Facultat d&#8217;Economia i Empresa, UAB.<\/p>\n<p>Personas ganadoras: Marta Mas (categor\u00eda \u00abDirecci\u00f3 Hotelera\u00bb (EUTDH)),&nbsp;Xavier Ruiz (categor\u00eda \u00abEPSI\u00bb),&nbsp;Sandra Orihuela (categor\u00eda \u00abESAGED\u00bb),&nbsp;Sergi Rostoll (categor\u00eda \u00abTurisme\u00bb (EUTDH)),&nbsp;Omar Moreno (categor\u00eda \u00abFacultat d\u2019Economia i Empresa\u00bb),&nbsp;Carles Flaquer (categor\u00eda \u00abGeneral UAB\u00bb),&nbsp;Marta Oreja (categor\u00eda \u00abAlumni \u2013 impacte social i sostenibilitat\u201d)<\/p>\n<p>Jurado: Maria Noguera, Tatiana L\u00f3pez, Andreu Turr\u00f3, Sebasti\u00e1n Aparicio, Eva Miquel, David Urbano.<\/p>\n<p>La conferencia del Premio la llev\u00f3 a cabo Josep Maria Margarit Taul\u00e9, del&nbsp;<a href=\"https:\/\/www.imb-cnm.csic.es\/es\" target=\"_blank\" rel=\"noopener\">Institute of Microelectronics of Barcelona IMB-CNM CSIC<\/a>.<\/p>\n<p><a href=\"https:\/\/1drv.ms\/b\/s!Ao0Ind4CAWeygq46My9IX39tXUNy1A?e=mMLbZK\" target=\"_blank\" rel=\"noopener\">Bases del premio 2022<\/a><\/p>\n<p><a href=\"https:\/\/1drv.ms\/b\/s!Ar8hUi6ayNTcgwggMYCNn8G2pddT?e=ayFwNR\" target=\"_blank\" rel=\"noopener\">Acta del Premio<\/a><a href=\"https:\/\/1drv.ms\/b\/s!Ar8hUi6ayNTcgwggMYCNn8G2pddT?e=ayFwNR\" target=\"_blank\" rel=\"noopener\">&nbsp;2022<\/a><\/p>\n<p><a href=\"https:\/\/flic.kr\/s\/aHBqjzPKBC\" target=\"_blank\" rel=\"noopener\">Fotos del Premio&nbsp;2022<\/a><\/p>\n<p><a href=\"https:\/\/youtu.be\/oxaYBMwRtQc\" target=\"_blank\" rel=\"noopener\">V\u00eddeo del Premio 2022<\/a><\/p>\n<p>Nota&nbsp;de premsa:&nbsp;<a href=\"https:\/\/www.uab.cat\/web\/detalle-de-noticia\/sergi-rostoll-y-marta-mas-galardonados-con-el-premio-cieu-feie-2022-de-turismo-y-direccion-hotelera-1345715733050.html?noticiaid=1345859560667\" target=\"_blank\" rel=\"noopener\">FUAB<\/a><\/p>\n<p><strong>IX Premio CIEU-FEiE 2021 a la persona m\u00e1s emprendedora<\/strong><\/p>\n<p>Acta celebrada el d\u00eda 12&nbsp;de mayo de 2021&nbsp;v\u00eda Microsoft Teams.<\/p>\n<p>Personas ganadoras: Joana Bonet Tresens (categor\u00eda \u00abDirecci\u00f3 Hotelera\u00bb (EUTDH)),&nbsp;Jaume Soler Pedrola (categor\u00eda \u00abEPSI\u00bb),&nbsp;Gemma Cuj\u00f3 Beca (categor\u00eda \u00abESAGED\u00bb),&nbsp;Esther Querol Castillo (categor\u00eda \u00abTurisme\u00bb (EUTDH)),&nbsp;Josep Mentruit (categor\u00eda \u00abFacultat d\u2019Economia i Empresa\u00bb),&nbsp;Pol Llonch (categor\u00eda \u00abGeneral UAB\u00bb),&nbsp;Germ\u00e1n Bartolom\u00e9 (categor\u00eda \u00abAlumni \u2013 impacte social i sostenibilitat\u201d)<\/p>\n<p>Jurado: Maria Noguera, Tatiana L\u00f3pez, Andreu Turr\u00f3, Sebasti\u00e1n Aparicio, Eva Miquel, David Urbano.<\/p>\n<p>La conferencia del Premi la llev\u00f3 a cabo Jordi Gusi, cofundador de&nbsp;<a href=\"https:\/\/www.tandemsocial.coop\/es\/\" target=\"_blank\" rel=\"noopener\">Tandem Social<\/a>.<\/p>\n<p><a href=\"https:\/\/1drv.ms\/b\/s!Ao0Ind4CAWeygqwaxp_KaV2MxSbaDQ?e=czfQDe\" target=\"_blank\" rel=\"noopener\">Bases del Premio<\/a><a href=\"https:\/\/1drv.ms\/b\/s!Ao0Ind4CAWeygqwaxp_KaV2MxSbaDQ?e=czfQDe\">&nbsp;2021<\/a><\/p>\n<p><a href=\"https:\/\/1drv.ms\/b\/s!Ar8hUi6ayNTcgwggMYCNn8G2pddT?e=ayFwNR\">Acta del Premio<\/a><a href=\"https:\/\/1drv.ms\/b\/s!Ar8hUi6ayNTcgwggMYCNn8G2pddT?e=ayFwNR\">&nbsp;2021<\/a><\/p>\n<p><a href=\"https:\/\/www.youtube.com\/watch?v=5iytKIj9u4w&amp;ab_channel=Fundaci%C3%B3UAB\">V\u00eddeo del Premio 2021<\/a><\/p>\n<p><strong>Premios anteriores<\/strong><\/p>\n<p><strong>La Edici\u00f3n 2020 fue cancelada debido al COVID-19.<\/strong><\/p>\n<p><strong>VIII Premio CIEU-2019 a la persona m\u00e1s emprendedora<\/strong><\/p>\n<p>Acto celebrado el d\u00eda 15 de mayo de 2019 en la Sala d&#8217;Actes de la Facultat d&#8217;Economia i Empresa, UAB.<\/p>\n<p><strong>Personas ganadoras:<\/strong> Toni Cardona Mart\u00ednez (categor\u00eda \u00abDirecci\u00f3 Hotelera\u00bb (EUTDH)),&nbsp;Marc Garc\u00eda Di\u00e9guez (categor\u00eda \u00abEPSI\u00bb),&nbsp;Laura Tienda Mart\u00ednez (categor\u00eda \u00abESAGED\u00bb),&nbsp;Judit Esteban Garcia (categor\u00eda \u00abTurisme\u00bb (EUTDH)),&nbsp;Esther Bueno Fern\u00e1ndez (categor\u00eda \u00abFacultat d\u2019Economia i Empresa\u00bb),&nbsp;Jofre Ferrer-Dalmau (categor\u00eda \u00abresta UAB\u00bb),&nbsp;Cesc Sierra Mart\u00ednez (categor\u00eda \u00abAlumni \u2013 impacte social i sostenibilitat\u201d).<\/p>\n<p><strong>Jurado:<\/strong>&nbsp;Maria Noguera, Tatiana L\u00f3pez, Andreu Turr\u00f3, Sebasti\u00e1n Aparicio, Eva Miquel, David Urbano.<\/p>\n<p>La conferencia del Premio la llev\u00f3 a cabo&nbsp;<a href=\"https:\/\/www.linkedin.com\/in\/miriam-mauri-72275757\/\" target=\"_blank\" rel=\"noopener\">Miriam Mauri<\/a>, experta en business development y l\u00edder del programa Hotusa Ventures.<\/p>\n<p><a href=\"https:\/\/1drv.ms\/b\/s!Ao0Ind4CAWeygqlNHAaimIKM1yB9LQ\" target=\"_blank\" rel=\"noopener\">Bases del Premio 2019<\/a><\/p>\n<p><a href=\"https:\/\/1drv.ms\/b\/s!Ao0Ind4CAWeygqoilTossqdI0icP1Q\" target=\"_blank\" rel=\"noopener\">Acta del Premio 2019<\/a><\/p>\n<p><a href=\"https:\/\/flic.kr\/s\/aHsmyk4f1w\" target=\"_blank\" rel=\"noopener\">Fotos del Premio 2019<\/a><\/p>\n<p><a href=\"https:\/\/youtu.be\/MyBItCoBIms\" target=\"_blank\" rel=\"noopener\">V\u00eddeo del Premio<\/a><\/p>\n<p><strong>VII Premio CIEU-FUABformaci\u00f3 2018 a la persona m\u00e1s emprendedora<\/strong><\/p>\n<p>Acto celebrado el d\u00eda 15 de marzo de 2018 en el Hotel Campus, Sala Llu\u00eds Vives II.<\/p>\n<p><strong>Persones ganadoras<\/strong>: Mayra Peromingo Galego (categor\u00eda \u201cTurismo-EUTDH\u201d), Francesc Gonz\u00e1lez Garc\u00eda (categor\u00eda \u201cDirecci\u00f3n Hotelera-EUTDH\u201d), Pere Miralles Mestre (categor\u00eda \u201cEPSI y ESAGED\u201d), Georgina Vidal-Gavilan (categor\u00eda \u201cAlumni impacte social i sostenibilitat\u201d), Daniel Sim\u00f3n y Pablo Abram (categor\u00eda \u201cResto de la UAB\u201d).<\/p>\n<p><strong>Jurado:&nbsp;<\/strong>Maria Noguera, Andreu Turr\u00f3, Sebasti\u00e1n Aparicio, David Urbano.<\/p>\n<p>La conferencia del Premi la llev\u00f3 a cabo&nbsp;<a href=\"https:\/\/silviabueso.com\" target=\"_blank\" rel=\"noopener\">Silvia Bueso<\/a>, Coach en funding raising, y <a href=\"https:\/\/www.momalab.com\" target=\"_blank\" rel=\"noopener\">Montse Marin<\/a>, fundadora de momaLAB.<\/p>\n<p><a href=\"https:\/\/1drv.ms\/b\/s!Ao0Ind4CAWeygqg-W0qxh9UNUgFqgA\" target=\"_blank\" rel=\"noopener\">Acta del Premio 2018<\/a><\/p>\n<p><a href=\"https:\/\/flic.kr\/s\/aHsmg8nfgL\" target=\"_blank\" rel=\"noopener\">Fotos del Premio 2018<\/a><\/p>\n<p><a href=\"https:\/\/www.youtube.com\/watch?v=Ma3Zru2wL48&amp;feature=youtu.be\" target=\"_blank\" rel=\"noopener\">Video&nbsp;del Premi 2018<\/a><\/p>\n<p><strong>VI Premio CIEU-FUABformaci\u00f3 2017 a la persona m\u00e1s emprendedora<\/strong><\/p>\n<p>Acto celebrado el d\u00eda 30 de marzo de 2017 en el Edificio Blanco (Escuelas de la FUAB).<\/p>\n<p><strong>Personas ganadoras<\/strong>: Neus Escarr\u00e9 Castillo (categor\u00eda Turismo (EUTDH)), Richard Glezmar (categor\u00eda Direcci\u00f3n Hotelera (EUTDH)), Sergio L\u00f3pez Rodr\u00edguez (categor\u00eda EPSI), Marta Saiz Montero (categor\u00eda ESAGED), Carlos Alonso Mart\u00ednez (categor\u00eda Resta de la UAB).<\/p>\n<p><strong>Jurado:&nbsp;<\/strong>Maria Noguera, Andreu Turr\u00f3, Sebasti\u00e1n Aparicio, David Urbano.<\/p>\n<p>La conferencia del Premi la llev\u00f3 a cabo Rafa Serra, fundador de&nbsp;<a href=\"https:\/\/www.gruppit.com\" target=\"_blank\" rel=\"noopener\">Gruppit<\/a>&nbsp;i <a href=\"https:\/\/www.tempsdoci.com\" target=\"_blank\" rel=\"noopener\">Temps d&#8217;Oci Viatges<\/a>, entre otras empresas.<\/p>\n<p><a href=\"https:\/\/1drv.ms\/b\/s!Ao0Ind4CAWeygpxS4VFjWM_BBinn5g\" target=\"_blank\" rel=\"noopener\">Acta del Premio 2017<\/a><\/p>\n<p><a href=\"https:\/\/flic.kr\/s\/aHskSnxVkM\" target=\"_blank\" rel=\"noopener\">Fotos del Premio 2017<\/a><\/p>\n<p><a href=\"https:\/\/www.youtube.com\/watch?v=3omBOtLvVGs&amp;feature=youtu.be\" target=\"_blank\" rel=\"noopener\">V\u00eddeo&nbsp;del Premio 2017<\/a><\/p>\n<p><strong>V Premio CIEU-FUAB 2016 a la persona m\u00e1s emprendedora<\/strong><\/p>\n<p>Acto celebrado el d\u00eda 10 de marzo de 2016 en el Edificio Blanco (Escuelas de la FUAB).<\/p>\n<p><strong>Personas ganadoras<\/strong>: Adri\u00e0 Flor (categor\u00eda \u00abTurisme-EUTDH\u00bb), Samuel Guill\u00e9n y Noem\u00ed Garc\u00eda (categor\u00eda \u00abDirecci\u00f3 Hotelera-EUTDH\u00bb), Fernando Olivares y Eduard Pujol (categor\u00eda \u00abEPSI\u00bb), Alberto Biarge (categor\u00eda \u00abESAGED\u00bb) y Jes\u00fas Lara (categor\u00eda \u00abresta UAB\u00bb).<\/p>\n<p><strong>Jurado:&nbsp;<\/strong>Maria Noguera, Andreu Turr\u00f3, Sebasti\u00e1n Aparicio, David Urbano.<\/p>\n<p>La conferencia del Premio la llevaron a cabo Toni Miret (CEO de&nbsp;<a href=\"https:\/\/www.timtul.com\/\" target=\"_blank\" rel=\"noopener\">timtul<\/a>), as\u00ed como Sergi Verdejo (co-ownwer y COO de&nbsp;<a href=\"https:\/\/www.padcelona.com\/\" target=\"_blank\" rel=\"noopener\">Padcelona<\/a>) y Abel Delgado (Director of marketing and communications de&nbsp;<a href=\"https:\/\/www.padcelona.com\/\" target=\"_blank\" rel=\"noopener\">Padcelona<\/a>).<\/p>\n<p><a href=\"https:\/\/1drv.ms\/b\/s!Ar8hUi6ayNTcgXzC7RDtDjNCsEYX\" target=\"_blank\" rel=\"noopener\">Acta del Premio 2016<\/a><\/p>\n<p><a href=\"https:\/\/flic.kr\/s\/aHskwvyDbp\" target=\"_blank\" rel=\"noopener\">Fotos del Premio 2016<\/a><\/p>\n<p><strong>IV Premio CIEU-FUAB a la Persona m\u00e1s Emprendedora 2014<\/strong><\/p>\n<p class=\"Estilo1\">Acto celebrado el d\u00eda 12 de mayo de 2015 en el Edificio Blanco (Escuela de la FUAB).<\/p>\n<p><strong>Personas ganadoras<\/strong>:&nbsp;Ver\u00f3nica Luna y Ricard Martin (\u201cemprendedor\/a naciente\u201d Escuelas de la FUAB), X\u00e8nia Ortiz (\u201cemprendedor\/a consolidado\/da\u201d Escuelas de la FUAB), y Daniel Romero (Emprendedor\/a UAB).<\/p>\n<p><strong>Jurado:&nbsp;<\/strong>Maria Noguera, Andreu Turr\u00f3, Sebasti\u00e1n Aparicio, David Urbano.<\/p>\n<p>Anna Ca\u00f1adell, co-fundadora de <a href=\"https:\/\/es.trip4real.com\" target=\"_blank\" rel=\"noopener\">trip4real<\/a>, pronunci\u00f3 la conferencia del Premio.<\/p>\n<p><a href=\"https:\/\/onedrive.live.com\/redir?resid=b2670102de9d088d!21537&amp;authkey=!AIklySpe9MB0JrM&amp;ithint=file%2cpdf\" target=\"_blank\" rel=\"noopener\">Acta del Premio 2015<\/a><\/p>\n<p><a href=\"https:\/\/www.flickr.com\/gp\/131531959@N04\/56JT32\" target=\"_blank\" rel=\"noopener\">Fotos del Premio 2015<\/a><\/p>\n<p><strong><strong>III Premio CIEU a la Persona m\u00e1s Emprendedora 2014<\/strong><\/strong><\/p>\n<p class=\"Estilo1\">Acto celebrado el d\u00eda 12 de mayo de 2014 en la EUTDH.<\/p>\n<p><strong>Personas ganadoras<\/strong>: Adri\u00e0 Creixell (Turismo) y Joana Vi\u00f1as (Direcci\u00f3n Hotelera).<\/p>\n<p><strong>Jurado:&nbsp;<\/strong>Maria Noguera, Andreu Turr\u00f3, David Urbano, Francesc Uroz.<\/p>\n<p><strong><span class=\"style1\">Sergi Verdejo y Richard Fridh<\/span><\/strong>, fundadores de&nbsp;<span class=\"style4\"><span class=\"style1\"><strong><a href=\"https:\/\/padcelona.com\/\" target=\"_blank\" rel=\"noopener\">Padcelona<\/a><\/strong><\/span><\/span>, pronunciaron la conferencia del Premio.<\/p>\n<p><a href=\"https:\/\/onedrive.live.com\/redir?resid=b2670102de9d088d!21073&amp;authkey=!ADZf1d4OP32j4WM&amp;ithint=file%2cpdf\" target=\"_blank\" rel=\"noopener\">Acta del Premio 2014<\/a><\/p>\n<p><a href=\"https:\/\/www.flickr.com\/photos\/131531959@N04\/sets\/72157651280944330\/\" target=\"_blank\" rel=\"noopener\">Fotos del Premio 2014<\/a><\/p>\n<p><strong><strong>II Premio CIEU a la Persona m\u00e1s Emprendedora 2013<\/strong><\/strong><\/p>\n<p class=\"Estilo1\">Acto celebrado el d\u00eda 7 de mayo de 2013 en la EUTDH.<\/p>\n<p><strong>Personas ganadoras:&nbsp;<\/strong>Laia Canut (Turismo), David Salses (Direcci\u00f3n Hotelera), Oriol Mu\u00f1oz (UAB).<\/p>\n<p><strong>Jurado:&nbsp;<\/strong>Elisabeth Ferri, Maria Noguera, Andreu Turr\u00f3, David Urbano y Francesc Uroz.<\/p>\n<p><strong><span class=\"style1\">Tom\u00e0s Casals y Nam Nguyen<\/span><\/strong>, fundadores de&nbsp;<span class=\"style4\"><span class=\"style1\"><strong><a href=\"https:\/\/es.tiching.com\/\" target=\"_blank\" rel=\"noopener\">Tiching<\/a><\/strong><\/span><\/span>, pronunciaron la conferencia del Premio.<\/p>\n<p><strong><strong><a href=\"https:\/\/onedrive.live.com\/redir?resid=b2670102de9d088d!21071&amp;authkey=!AENnMJrjzyGP_9w&amp;ithint=file%2cpdf\" target=\"_blank\" rel=\"noopener\">Acta del Premio 2013<\/a><\/strong><\/strong><\/p>\n<p><strong><strong><a href=\"https:\/\/www.flickr.com\/photos\/131531959@N04\/sets\/72157651699966485\/\" target=\"_blank\" rel=\"noopener\">Fotos del Premio 2013<\/a><\/strong><\/strong><\/p>\n<p><strong>I Premio CIEU a la Persona m\u00e1s Emprendedora 2012<\/strong><\/p>\n<p class=\"Estilo1\">Acto celebrado el d\u00eda 8 de mayo de 2012 en la EUTDH<\/p>\n<p><strong>Personas ganadoras:&nbsp;<\/strong>Xavier Castells (Turismo), Anna Mart\u00ednez (Direcci\u00f3n Hotelera).<\/p>\n<p><strong>Jurado:&nbsp;<\/strong>Elisabeth Ferri, Maria Noguera, Andreu Turr\u00f3, David Urbano y Francesc Uroz.<\/p>\n<p><strong><span class=\"style1\">Xavier Fermoso y Carlos Felipe<\/span>,&nbsp;<\/strong>fundadores de <a href=\"https:\/\/www.dinamiks.cat\/ca\/\" target=\"_blank\" rel=\"noopener\">Dinamiks<\/a>,&nbsp;pronunciaron la conferencia del Premio.<\/p>\n<p><a href=\"https:\/\/onedrive.live.com\/redir?resid=b2670102de9d088d!21069&amp;authkey=!AG5vmxg3d0puncI&amp;ithint=file%2cpdf\" target=\"_blank\" rel=\"noopener\">Acta del Premio 2012<\/a><\/p>\n<p><a href=\"https:\/\/www.flickr.com\/photos\/131531959@N04\/sets\/72157651280659910\/\" target=\"_blank\" rel=\"noopener\">Fotos del Premio 2012<\/a><\/p>","protected":false},"excerpt":{"rendered":"<p>\u00a0 XIV Premio CIEU-FEiE 2026 a la persona m\u00e1s emprendedora \u00a0 Bases del premio Presentaci\u00f3n y objetivos El XIV Premio CIEU-FEiE 2026 a la persona m\u00e1s emprendedora es una iniciativa del Centre d\u2019Iniciatives Emprenedores Universit\u00e0ries (CIEU) dirigida a todo el alumnado de la Escola FUAB Formaci\u00f3 (Archiv\u00edstica y Gesti\u00f3n de Documentos, Prevenci\u00f3n y Seguridad Integral, [&hellip;]<\/p>\n","protected":false},"author":20,"featured_media":0,"parent":0,"menu_order":0,"comment_status":"closed","ping_status":"closed","template":"","meta":{"footnotes":""},"class_list":["post-95","page","type-page","status-publish","hentry"],"_links":{"self":[{"href":"https:\/\/webs.uab.cat\/cieu\/wp-json\/wp\/v2\/pages\/95","targetHints":{"allow":["GET"]}}],"collection":[{"href":"https:\/\/webs.uab.cat\/cieu\/wp-json\/wp\/v2\/pages"}],"about":[{"href":"https:\/\/webs.uab.cat\/cieu\/wp-json\/wp\/v2\/types\/page"}],"author":[{"embeddable":true,"href":"https:\/\/webs.uab.cat\/cieu\/wp-json\/wp\/v2\/users\/20"}],"replies":[{"embeddable":true,"href":"https:\/\/webs.uab.cat\/cieu\/wp-json\/wp\/v2\/comments?post=95"}],"version-history":[{"count":26,"href":"https:\/\/webs.uab.cat\/cieu\/wp-json\/wp\/v2\/pages\/95\/revisions"}],"predecessor-version":[{"id":627,"href":"https:\/\/webs.uab.cat\/cieu\/wp-json\/wp\/v2\/pages\/95\/revisions\/627"}],"wp:attachment":[{"href":"https:\/\/webs.uab.cat\/cieu\/wp-json\/wp\/v2\/media?parent=95"}],"curies":[{"name":"wp","href":"https:\/\/api.w.org\/{rel}","templated":true}]}}