{"id":222,"date":"2024-07-17T09:21:28","date_gmt":"2024-07-17T09:21:28","guid":{"rendered":"https:\/\/webs.uab.cat\/cifo\/?page_id=222"},"modified":"2025-11-19T09:17:09","modified_gmt":"2025-11-19T09:17:09","slug":"bienvenidos","status":"publish","type":"page","link":"https:\/\/webs.uab.cat\/cifo\/bienvenidos\/","title":{"rendered":"Bienvenidos"},"content":{"rendered":"\n<h2 class=\"wp-block-heading alignwide\">Noticias<\/h2>\n\n\n\n<div class=\"wp-block-group alignwide is-content-justification-center is-nowrap is-layout-flex wp-container-core-group-is-layout-94bc23d7 wp-block-group-is-layout-flex\">\n<div class=\"wp-block-columns are-vertically-aligned-center is-layout-flex wp-container-core-columns-is-layout-9d6595d7 wp-block-columns-is-layout-flex\">\n<div class=\"wp-block-column is-vertically-aligned-center is-layout-flow wp-block-column-is-layout-flow\" style=\"flex-basis:100%\"><ul class=\"wp-block-latest-posts__list has-dates alignfull wp-block-latest-posts\"><li><div class=\"wp-block-latest-posts__featured-image\"><img loading=\"lazy\" decoding=\"async\" width=\"150\" height=\"150\" src=\"https:\/\/webs.uab.cat\/cifo\/wp-content\/uploads\/sites\/66\/2025\/11\/Gemini_Generated_Image_mfy2pmmfy2pmmfy2-150x150.png\" class=\"attachment-thumbnail size-thumbnail wp-post-image\" alt=\"\" style=\"\" \/><\/div><a class=\"wp-block-latest-posts__post-title\" href=\"https:\/\/webs.uab.cat\/cifo\/2025\/10\/03\/poster-la-formacion-de-profesionales-de-la-educacion-y-diversidad-sexo-generica-2025\/\">Poster: La formaci\u00f3n de profesionales de la educaci\u00f3n y diversidad sexo-gen\u00e9rica 2025.<\/a><time datetime=\"2025-10-03T10:00:00+00:00\" class=\"wp-block-latest-posts__post-date\">3 de octubre de 2025<\/time><div class=\"wp-block-latest-posts__post-excerpt\">Referentes clave La inclusi\u00f3n como enfoque dominante. Condici\u00f3n de diversidad humana. Diversidad sexo-gen\u00e9rica.Orientaci\u00f3n sexual. Identidad sexual y de g\u00e9nero. Competencias de atenci\u00f3n y respeto a la diversidad y su relaci\u00f3ncon el proceso formativo Autores Pedro Jurado de los santos \u00a92025 Rebeca Soler \u00a92025 Mar\u00eda Jesus colmenero \u00a92025 M. Rosario Mendoza \u00a92025 Antonio Nav\u00edo \u00a92025 Mercedes&#8230; <a class=\"wp-block-latest-posts__read-more\" href=\"https:\/\/webs.uab.cat\/cifo\/2025\/10\/03\/poster-la-formacion-de-profesionales-de-la-educacion-y-diversidad-sexo-generica-2025\/\" rel=\"noopener noreferrer\">Lee m\u00e1s<span class=\"screen-reader-text\">: Poster: La formaci\u00f3n de profesionales de la educaci\u00f3n y diversidad sexo-gen\u00e9rica 2025.<\/span><\/a><\/div><\/li>\n<li><div class=\"wp-block-latest-posts__featured-image\"><img loading=\"lazy\" decoding=\"async\" width=\"150\" height=\"150\" src=\"https:\/\/webs.uab.cat\/cifo\/wp-content\/uploads\/sites\/66\/2025\/11\/image-4-150x150.png\" class=\"attachment-thumbnail size-thumbnail wp-post-image\" alt=\"\" style=\"\" \/><\/div><a class=\"wp-block-latest-posts__post-title\" href=\"https:\/\/webs.uab.cat\/cifo\/2025\/09\/12\/xv-encuentro-ripo-zaragoza\/\">XV Encuentro RIPO Zaragoza<\/a><time datetime=\"2025-09-12T07:12:10+00:00\" class=\"wp-block-latest-posts__post-date\">12 de septiembre de 2025<\/time><div class=\"wp-block-latest-posts__post-excerpt\">La Facultad de Educaci\u00f3n de la Universidad de Zaragoza se convierte en el epicentro de la innovaci\u00f3n educativa con la celebraci\u00f3n del XV Seminario de la Red RIPO (Red de Investigaci\u00f3n sobre Proyectos Interdisciplinares Organizados). Este encuentro anual re\u00fane a acad\u00e9micos, profesores e investigadores de diversas universidades con el objetivo de presentar y debatir proyectos&#8230; <a class=\"wp-block-latest-posts__read-more\" href=\"https:\/\/webs.uab.cat\/cifo\/2025\/09\/12\/xv-encuentro-ripo-zaragoza\/\" rel=\"noopener noreferrer\">Lee m\u00e1s<span class=\"screen-reader-text\">: XV Encuentro RIPO Zaragoza<\/span><\/a><\/div><\/li>\n<li><div class=\"wp-block-latest-posts__featured-image\"><img loading=\"lazy\" decoding=\"async\" width=\"150\" height=\"150\" src=\"https:\/\/webs.uab.cat\/cifo\/wp-content\/uploads\/sites\/66\/2025\/03\/Portada-150x150.png\" class=\"attachment-thumbnail size-thumbnail wp-post-image\" alt=\"\" style=\"\" srcset=\"https:\/\/webs.uab.cat\/cifo\/wp-content\/uploads\/sites\/66\/2025\/03\/Portada-150x150.png 150w, https:\/\/webs.uab.cat\/cifo\/wp-content\/uploads\/sites\/66\/2025\/03\/Portada-300x300.png 300w, https:\/\/webs.uab.cat\/cifo\/wp-content\/uploads\/sites\/66\/2025\/03\/Portada-1024x1024.png 1024w, https:\/\/webs.uab.cat\/cifo\/wp-content\/uploads\/sites\/66\/2025\/03\/Portada-768x768.png 768w, https:\/\/webs.uab.cat\/cifo\/wp-content\/uploads\/sites\/66\/2025\/03\/Portada-1536x1536.png 1536w, https:\/\/webs.uab.cat\/cifo\/wp-content\/uploads\/sites\/66\/2025\/03\/Portada-2048x2048.png 2048w, https:\/\/webs.uab.cat\/cifo\/wp-content\/uploads\/sites\/66\/2025\/03\/Portada-1200x1200.png 1200w, https:\/\/webs.uab.cat\/cifo\/wp-content\/uploads\/sites\/66\/2025\/03\/Portada-1980x1980.png 1980w\" sizes=\"auto, (max-width: 150px) 100vw, 150px\" \/><\/div><a class=\"wp-block-latest-posts__post-title\" href=\"https:\/\/webs.uab.cat\/cifo\/2025\/03\/10\/jornada-de-formacion-de-profesionales-de-la-educacion-ante-las-diversidades-sexo-genericas-universidad-de-jaen\/\">Jornada de Formaci\u00f3n de profesionales de la educaci\u00f3n ante las diversidades sexo-gen\u00e9ricas Universidad de Ja\u00e9n<\/a><time datetime=\"2025-03-10T08:50:59+00:00\" class=\"wp-block-latest-posts__post-date\">10 de marzo de 2025<\/time><div class=\"wp-block-latest-posts__post-excerpt\">Jornada de Formaci\u00f3n sobre Diversidades Sexo-Gen\u00e9ricas en la Universidad de Ja\u00e9n La Universidad de Ja\u00e9n celebr\u00f3 recientemente una Jornada de Formaci\u00f3n para profesionales de la educaci\u00f3n ante las diversidades sexo-gen\u00e9ricas, un encuentro que reuni\u00f3 a docentes, investigadores y estudiantes con el objetivo de profundizar en los retos y avances que enfrenta el \u00e1mbito educativo en&#8230; <a class=\"wp-block-latest-posts__read-more\" href=\"https:\/\/webs.uab.cat\/cifo\/2025\/03\/10\/jornada-de-formacion-de-profesionales-de-la-educacion-ante-las-diversidades-sexo-genericas-universidad-de-jaen\/\" rel=\"noopener noreferrer\">Lee m\u00e1s<span class=\"screen-reader-text\">: Jornada de Formaci\u00f3n de profesionales de la educaci\u00f3n ante las diversidades sexo-gen\u00e9ricas Universidad de Ja\u00e9n<\/span><\/a><\/div><\/li>\n<li><div class=\"wp-block-latest-posts__featured-image\"><img loading=\"lazy\" decoding=\"async\" width=\"150\" height=\"150\" src=\"https:\/\/webs.uab.cat\/cifo\/wp-content\/uploads\/sites\/66\/2024\/10\/cfp-cidu-2024-rh656656665-150x150.jpg\" class=\"attachment-thumbnail size-thumbnail wp-post-image\" alt=\"\" style=\"\" \/><\/div><a class=\"wp-block-latest-posts__post-title\" href=\"https:\/\/webs.uab.cat\/cifo\/2024\/10\/08\/congreso-cidu-2024\/\">Congreso CIDU 2024<\/a><time datetime=\"2024-10-08T08:46:49+00:00\" class=\"wp-block-latest-posts__post-date\">8 de octubre de 2024<\/time><div class=\"wp-block-latest-posts__post-excerpt\">XIII Congreso Iberoamericano de Docencia Universitaria En el marco del Congreso CIDO 2024, celebrado recientemente, se abord\u00f3 un tema de crucial relevancia para el \u00e1mbito educativo: \u00abLa formaci\u00f3n de profesionales de la educaci\u00f3n y las diversidades sexo-gen\u00e9ricas: percepciones y pr\u00e1cticas educativas hacia la inclusi\u00f3n del alumnado LGBTIQ+\u00bb. Este evento reuni\u00f3 a expertos en la materia&#8230; <a class=\"wp-block-latest-posts__read-more\" href=\"https:\/\/webs.uab.cat\/cifo\/2024\/10\/08\/congreso-cidu-2024\/\" rel=\"noopener noreferrer\">Lee m\u00e1s<span class=\"screen-reader-text\">: Congreso CIDU 2024<\/span><\/a><\/div><\/li>\n<li><div class=\"wp-block-latest-posts__featured-image\"><img loading=\"lazy\" decoding=\"async\" width=\"150\" height=\"150\" src=\"https:\/\/webs.uab.cat\/cifo\/wp-content\/uploads\/sites\/66\/2025\/11\/Gemini_Generated_Image_mfy2pmmfy2pmmfy2-150x150.png\" class=\"attachment-thumbnail size-thumbnail wp-post-image\" alt=\"\" style=\"\" \/><\/div><a class=\"wp-block-latest-posts__post-title\" href=\"https:\/\/webs.uab.cat\/cifo\/2024\/09\/18\/poster-la-formacion-de-profesionales-de-la-educacion-y-diversidad-sexo-generica\/\">Poster: La formaci\u00f3n de profesionales de la educaci\u00f3n y diversidad sexo-gen\u00e9rica 2024.<\/a><time datetime=\"2024-09-18T07:42:00+00:00\" class=\"wp-block-latest-posts__post-date\">18 de septiembre de 2024<\/time><div class=\"wp-block-latest-posts__post-excerpt\">Referentes clave La inclusi\u00f3n como enfoque dominante. Condici\u00f3n de diversidad humana. Diversidad sexo-gen\u00e9rica.Orientaci\u00f3n sexual. Identidad sexual y de g\u00e9nero. Competencias de atenci\u00f3n y respeto a la diversidad y su relaci\u00f3ncon el proceso formativo Autores Pedro Jurado de los santos \u00a92024 Rebeca Soler \u00a92024 Mar\u00eda Jesus colmenero \u00a92024 M. Rosario Mendoza \u00a92024 Antonio Nav\u00edo \u00a92024 Mercedes&#8230; <a class=\"wp-block-latest-posts__read-more\" href=\"https:\/\/webs.uab.cat\/cifo\/2024\/09\/18\/poster-la-formacion-de-profesionales-de-la-educacion-y-diversidad-sexo-generica\/\" rel=\"noopener noreferrer\">Lee m\u00e1s<span class=\"screen-reader-text\">: Poster: La formaci\u00f3n de profesionales de la educaci\u00f3n y diversidad sexo-gen\u00e9rica 2024.<\/span><\/a><\/div><\/li>\n<\/ul><\/div>\n<\/div>\n<\/div>\n\n\n\n<h2 class=\"wp-block-heading alignwide has-text-align-center\" id=\"we-re-a-studio-in-berlin-with-an-international-practice-in-architecture-urban-planning-and-interior-design-we-believe-in-sharing-knowledge-and-promoting-dialogue-to-increase-the-creative-potential-of-collaboration\" style=\"font-size:48px;line-height:1.1\"><strong>Bienvenidos al Equipo CIFO<\/strong><\/h2>\n\n\n<div class=\"wp-block-image\">\n<figure class=\"aligncenter size-medium\"><img loading=\"lazy\" decoding=\"async\" width=\"300\" height=\"300\" src=\"https:\/\/webs.uab.cat\/cifo\/wp-content\/uploads\/sites\/66\/2024\/09\/Diseno-sin-titulo-1-e1725525199298-300x300.jpg\" alt=\"\" class=\"wp-image-285\" style=\"aspect-ratio:1;object-fit:cover\" srcset=\"https:\/\/webs.uab.cat\/cifo\/wp-content\/uploads\/sites\/66\/2024\/09\/Diseno-sin-titulo-1-e1725525199298-300x300.jpg 300w, https:\/\/webs.uab.cat\/cifo\/wp-content\/uploads\/sites\/66\/2024\/09\/Diseno-sin-titulo-1-e1725525199298-150x150.jpg 150w, https:\/\/webs.uab.cat\/cifo\/wp-content\/uploads\/sites\/66\/2024\/09\/Diseno-sin-titulo-1-e1725525199298.jpg 426w\" sizes=\"auto, (max-width: 300px) 100vw, 300px\" \/><\/figure>\n<\/div>\n\n\n<p>En el <em>Colectivo de Investigaci\u00f3n en Formaci\u00f3n Ocupacional (CIFO)<\/em>, somos un equipo interdisciplinario comprometido con la creaci\u00f3n, desarrollo y difusi\u00f3n de conocimientos en el campo de la formaci\u00f3n ocupacional y profesional. <\/p>\n\n\n\n<p>Creemos que la investigaci\u00f3n rigurosa y el trabajo colaborativo son esenciales para mejorar las pr\u00e1cticas educativas y fomentar el aprendizaje continuo en un mundo laboral en constante evoluci\u00f3n.<\/p>\n\n\n\n<p class=\"has-text-align-center\">En el <em>Colectivo de Investigaci\u00f3n en Formaci\u00f3n Ocupacional (CIFO)<\/em>, somos un equipo interdisciplinario comprometido con la creaci\u00f3n, desarrollo y difusi\u00f3n de conocimientos en el campo de la formaci\u00f3n ocupacional y profesional. Creemos que la investigaci\u00f3n rigurosa y el trabajo colaborativo son esenciales para mejorar las pr\u00e1cticas educativas y fomentar el aprendizaje continuo en un mundo laboral en constante evoluci\u00f3n.<\/p>\n\n\n\n<p class=\"has-text-align-center\">Nuestra misi\u00f3n es promover la formaci\u00f3n ocupacional como una herramienta clave para el desarrollo de las competencias necesarias en el mercado laboral actual. A trav\u00e9s de la investigaci\u00f3n y el an\u00e1lisis, buscamos aportar soluciones innovadoras que impacten tanto en los formadores como en los aprendices, contribuyendo al desarrollo social y econ\u00f3mico de nuestra comunidad.<\/p>\n\n\n\n<p><strong>\u00bfQu\u00e9 hacemos?<\/strong><\/p>\n\n\n\n<p>En CIFO, nos dedicamos a:<\/p>\n\n\n\n<ul class=\"wp-block-list\">\n<li><strong>Investigaci\u00f3n aplicada<\/strong>: Desarrollamos estudios que abordan los desaf\u00edos contempor\u00e1neos en la formaci\u00f3n y el empleo, con un enfoque en el desarrollo de habilidades t\u00e9cnicas y profesionales.<\/li>\n\n\n\n<li><strong>Colaboraci\u00f3n acad\u00e9mica y profesional<\/strong>: Fomentamos redes de trabajo entre instituciones educativas, organizaciones profesionales y empresas para generar sinergias que mejoren la calidad de la educaci\u00f3n ocupacional.<\/li>\n\n\n\n<li><strong>Publicaciones y recursos<\/strong>: Producimos informes, art\u00edculos y materiales que sirven de apoyo para docentes, estudiantes y profesionales interesados en la formaci\u00f3n continua.<\/li>\n\n\n\n<li><strong>Consultor\u00eda y asesoramiento<\/strong>: Ofrecemos servicios especializados para mejorar los programas formativos, tanto en instituciones educativas como en organizaciones de formaci\u00f3n profesional.<\/li>\n<\/ul>\n\n\n\n<p><strong>\u00danete a nosotros<\/strong><\/p>\n\n\n\n<p>Te invitamos a explorar nuestros proyectos, participar en nuestros eventos y formar parte de una comunidad comprometida con el desarrollo profesional y la mejora de la calidad educativa.<\/p>\n\n\n<div class=\"wp-block-image\">\n<figure class=\"aligncenter size-full\"><img loading=\"lazy\" decoding=\"async\" width=\"533\" height=\"189\" src=\"https:\/\/webs.uab.cat\/cifo\/wp-content\/uploads\/sites\/66\/2024\/09\/LogoCIFO2011-1.jpg\" alt=\"\" class=\"wp-image-348\" srcset=\"https:\/\/webs.uab.cat\/cifo\/wp-content\/uploads\/sites\/66\/2024\/09\/LogoCIFO2011-1.jpg 533w, https:\/\/webs.uab.cat\/cifo\/wp-content\/uploads\/sites\/66\/2024\/09\/LogoCIFO2011-1-300x106.jpg 300w\" sizes=\"auto, (max-width: 533px) 100vw, 533px\" \/><\/figure>\n<\/div>\n\n\n<div class=\"wp-block-group alignwide is-vertical is-content-justification-center is-layout-flex wp-container-core-group-is-layout-4b2eccd6 wp-block-group-is-layout-flex\">\n<div class=\"wp-block-columns are-vertically-aligned-center is-layout-flex wp-container-core-columns-is-layout-9d6595d7 wp-block-columns-is-layout-flex\">\n<div class=\"wp-block-column is-vertically-aligned-center is-layout-flow wp-block-column-is-layout-flow\" style=\"flex-basis:100%\">\n<div class=\"wp-block-group alignfull is-vertical is-layout-flex wp-container-core-group-is-layout-8cf370e7 wp-block-group-is-layout-flex\">\n<div class=\"wp-block-columns alignfull is-layout-flex wp-container-core-columns-is-layout-9d6595d7 wp-block-columns-is-layout-flex\">\n<div class=\"wp-block-column is-layout-flow wp-block-column-is-layout-flow\" style=\"flex-basis:100%\">\n<figure class=\"wp-block-gallery has-nested-images columns-default is-cropped wp-block-gallery-1 is-layout-flex wp-block-gallery-is-layout-flex\"><div class=\"wp-block-image\">\n<figure class=\"aligncenter size-large\"><img loading=\"lazy\" decoding=\"async\" width=\"199\" height=\"62\" data-id=\"11\" src=\"https:\/\/webs.uab.cat\/cifo\/wp-content\/uploads\/sites\/66\/2015\/05\/logoDPA.jpg\" alt=\"\" class=\"wp-image-11\" \/><\/figure>\n<\/div>\n\n<div class=\"wp-block-image is-style-default\">\n<figure class=\"aligncenter size-large\"><img loading=\"lazy\" decoding=\"async\" width=\"150\" height=\"68\" data-id=\"10\" src=\"https:\/\/webs.uab.cat\/cifo\/wp-content\/uploads\/sites\/66\/2015\/05\/logo_agaur_bn_2.jpg\" alt=\"\" class=\"wp-image-10\" \/><\/figure>\n<\/div><\/figure>\n<\/div>\n<\/div>\n<\/div>\n<\/div>\n<\/div>\n<\/div>\n","protected":false},"excerpt":{"rendered":"<p>Noticias Bienvenidos al Equipo CIFO En el Colectivo de Investigaci\u00f3n en Formaci\u00f3n Ocupacional (CIFO), somos un equipo interdisciplinario comprometido con la creaci\u00f3n, desarrollo y difusi\u00f3n de conocimientos en el campo de la formaci\u00f3n ocupacional y profesional. Creemos que la investigaci\u00f3n rigurosa y el trabajo colaborativo son esenciales para mejorar las pr\u00e1cticas educativas y fomentar el [&hellip;]<\/p>\n","protected":false},"author":2928,"featured_media":0,"parent":0,"menu_order":0,"comment_status":"closed","ping_status":"closed","template":"","meta":{"footnotes":""},"class_list":["post-222","page","type-page","status-publish","hentry"],"_links":{"self":[{"href":"https:\/\/webs.uab.cat\/cifo\/wp-json\/wp\/v2\/pages\/222","targetHints":{"allow":["GET"]}}],"collection":[{"href":"https:\/\/webs.uab.cat\/cifo\/wp-json\/wp\/v2\/pages"}],"about":[{"href":"https:\/\/webs.uab.cat\/cifo\/wp-json\/wp\/v2\/types\/page"}],"author":[{"embeddable":true,"href":"https:\/\/webs.uab.cat\/cifo\/wp-json\/wp\/v2\/users\/2928"}],"replies":[{"embeddable":true,"href":"https:\/\/webs.uab.cat\/cifo\/wp-json\/wp\/v2\/comments?post=222"}],"version-history":[{"count":21,"href":"https:\/\/webs.uab.cat\/cifo\/wp-json\/wp\/v2\/pages\/222\/revisions"}],"predecessor-version":[{"id":551,"href":"https:\/\/webs.uab.cat\/cifo\/wp-json\/wp\/v2\/pages\/222\/revisions\/551"}],"wp:attachment":[{"href":"https:\/\/webs.uab.cat\/cifo\/wp-json\/wp\/v2\/media?parent=222"}],"curies":[{"name":"wp","href":"https:\/\/api.w.org\/{rel}","templated":true}]}}