{"id":23,"date":"2015-05-11T11:32:41","date_gmt":"2015-05-11T11:32:41","guid":{"rendered":"https:\/\/webs.uab.cat\/cifo\/coordinador-general\/"},"modified":"2024-10-03T08:59:04","modified_gmt":"2024-10-03T08:59:04","slug":"coordinador-general","status":"publish","type":"page","link":"https:\/\/webs.uab.cat\/cifo\/coordinador-general\/","title":{"rendered":"Coordinador General"},"content":{"rendered":"\n<hr class=\"wp-block-separator has-alpha-channel-opacity\" \/>\n\n\n\n<p><strong>Dr. Antonio Nav\u00edo G\u00e1mez<\/strong><\/p>\n\n\n\n<div class=\"wp-block-media-text alignfull is-stacked-on-mobile\" style=\"grid-template-columns:45% auto\"><figure class=\"wp-block-media-text__media\"><img loading=\"lazy\" decoding=\"async\" width=\"768\" height=\"1024\" src=\"https:\/\/webs.uab.cat\/cifo\/wp-content\/uploads\/sites\/66\/2024\/10\/20241003_102741-768x1024.jpg\" alt=\"\" class=\"wp-image-419 size-full\" srcset=\"https:\/\/webs.uab.cat\/cifo\/wp-content\/uploads\/sites\/66\/2024\/10\/20241003_102741-768x1024.jpg 768w, https:\/\/webs.uab.cat\/cifo\/wp-content\/uploads\/sites\/66\/2024\/10\/20241003_102741-225x300.jpg 225w, https:\/\/webs.uab.cat\/cifo\/wp-content\/uploads\/sites\/66\/2024\/10\/20241003_102741-1152x1536.jpg 1152w, https:\/\/webs.uab.cat\/cifo\/wp-content\/uploads\/sites\/66\/2024\/10\/20241003_102741-1536x2048.jpg 1536w, https:\/\/webs.uab.cat\/cifo\/wp-content\/uploads\/sites\/66\/2024\/10\/20241003_102741-1200x1600.jpg 1200w, https:\/\/webs.uab.cat\/cifo\/wp-content\/uploads\/sites\/66\/2024\/10\/20241003_102741-1980x2640.jpg 1980w, https:\/\/webs.uab.cat\/cifo\/wp-content\/uploads\/sites\/66\/2024\/10\/20241003_102741-scaled.jpg 1920w\" sizes=\"auto, (max-width: 768px) 100vw, 768px\" \/><\/figure><div class=\"wp-block-media-text__content\">\n<p>Licenciado en Filosof\u00eda y Ciencias de la Educaci\u00f3n, Doctor en Pedagog\u00eda por la Universidad Aut\u00f3noma de Barcelona, profesor Titular de Universidad adscrito al Departamento de Pedagog\u00eda Aplicada de la Universidad Aut\u00f3noma de Barcelona, es profesor de la UAB desde setiembre de 1994.<\/p>\n\n\n\n<p>Especialista en evaluaci\u00f3n de programas, innovaci\u00f3n formativa, formaci\u00f3n para el trabajo y formaci\u00f3n de profesionales de la formaci\u00f3n, ha ejercido su actividad docente e investigadora universitaria y no universitaria en estos campos y ha impartido docencia en distintos programas de grado, m\u00e1ster y doctorado, habiendo dirigido, hasta la fecha, 15 tesis doctorales.<\/p>\n\n\n\n<p>De dicha actividad investigadora y docente se derivan m\u00e1s de 100 publicaciones en formato de libros, cap\u00edtulos de libros y art\u00edculos de revistas especializadas. Ha participado activamente presentando aportaciones en m\u00e1s de 70 congresos, tanto nacionales como internacionales.<\/p>\n<\/div><\/div>\n\n\n\n<p>Es miembro del Grupo CIFO (Colectivo de investigaci\u00f3n en Formaci\u00f3n Ocupacional) desde su creaci\u00f3n y Coordinador General desde 2022. Dicho Grupo de investigaci\u00f3n universitaria est\u00e1 consolidado y acreditado por la <em>Ag\u00e8ncia de Gesti\u00f3 d\u2019Ajuts Universitaris i de&nbsp; Recerca del Departament d&#8217;Universitats, Recerca i Societat de la Informaci\u00f3 (Generalitat de Catalunya),<\/em> desde el 2005-2008 (2005-SGR01020, Resoluci\u00f3n del 18 octubre 2005; Renovaci\u00f3n 2009-2013: 2009-SGR0512, Resoluci\u00f3n del 3 de julio 2009; Renovaci\u00f3n 2014-2016: 2014-SGR0617, Resoluci\u00f3n del 7 de mayo 2014; Renovaci\u00f3n 2017-2020: 2017-SGR0357, Resoluci\u00f3n del 5 de febrero de 2018; y cuenta con renovaci\u00f3n de acreditaci\u00f3n para el periodo 2021-24: 2021-SGR 01302, resoluci\u00f3n del 13 de enero del 2022. Tambi\u00e9n es investigador en el seno de referido grupo con proyectos de I+D+I competitivos, financiados, tanto nacionales como internacionales.<\/p>\n\n\n\n<p>A lo largo de su trayectoria ha realizado gesti\u00f3n universitaria como Secretario del Departamento de Pedagog\u00eda Aplicada, Coordinador del Grado de Pedagog\u00eda; Coordinador de especialidad del \u201cMaster Oficial de Investigaci\u00f3n en Educaci\u00f3n\u201d, -UAB y coordinador de distintos programas de Postgrado y Maestr\u00eda propios de la Universidad Aut\u00f3noma de Barcelona.<\/p>\n\n\n\n<p>Es socio de Sociedad Espa\u00f1ola de Pedagog\u00eda, de la European Educational Research Association -EERA. Tambi\u00e9n es Vicepresidente del Colegio Oficial de Pedagog\u00eda de Catalunya-<\/p>\n","protected":false},"excerpt":{"rendered":"<p>Dr. Antonio Nav\u00edo G\u00e1mez Licenciado en Filosof\u00eda y Ciencias de la Educaci\u00f3n, Doctor en Pedagog\u00eda por la Universidad Aut\u00f3noma de Barcelona, profesor Titular de Universidad adscrito al Departamento de Pedagog\u00eda Aplicada de la Universidad Aut\u00f3noma de Barcelona, es profesor de la UAB desde setiembre de 1994. Especialista en evaluaci\u00f3n de programas, innovaci\u00f3n formativa, formaci\u00f3n para [&hellip;]<\/p>\n","protected":false},"author":20,"featured_media":0,"parent":0,"menu_order":0,"comment_status":"closed","ping_status":"closed","template":"","meta":{"footnotes":""},"class_list":["post-23","page","type-page","status-publish","hentry"],"_links":{"self":[{"href":"https:\/\/webs.uab.cat\/cifo\/wp-json\/wp\/v2\/pages\/23","targetHints":{"allow":["GET"]}}],"collection":[{"href":"https:\/\/webs.uab.cat\/cifo\/wp-json\/wp\/v2\/pages"}],"about":[{"href":"https:\/\/webs.uab.cat\/cifo\/wp-json\/wp\/v2\/types\/page"}],"author":[{"embeddable":true,"href":"https:\/\/webs.uab.cat\/cifo\/wp-json\/wp\/v2\/users\/20"}],"replies":[{"embeddable":true,"href":"https:\/\/webs.uab.cat\/cifo\/wp-json\/wp\/v2\/comments?post=23"}],"version-history":[{"count":4,"href":"https:\/\/webs.uab.cat\/cifo\/wp-json\/wp\/v2\/pages\/23\/revisions"}],"predecessor-version":[{"id":420,"href":"https:\/\/webs.uab.cat\/cifo\/wp-json\/wp\/v2\/pages\/23\/revisions\/420"}],"wp:attachment":[{"href":"https:\/\/webs.uab.cat\/cifo\/wp-json\/wp\/v2\/media?parent=23"}],"curies":[{"name":"wp","href":"https:\/\/api.w.org\/{rel}","templated":true}]}}