{"id":25,"date":"2015-05-11T15:42:15","date_gmt":"2015-05-11T15:42:15","guid":{"rendered":"https:\/\/webs.uab.cat\/cifo\/secretario\/"},"modified":"2024-10-08T09:35:26","modified_gmt":"2024-10-08T09:35:26","slug":"secretario","status":"publish","type":"page","link":"https:\/\/webs.uab.cat\/cifo\/secretario\/","title":{"rendered":"Secretaria"},"content":{"rendered":"\n<h2 class=\"wp-block-heading\"><strong>Dra. Carmen Ruiz Bueno<\/strong><\/h2>\n\n\n\n<div class=\"wp-block-media-text alignwide is-stacked-on-mobile is-vertically-aligned-top\" style=\"grid-template-columns:48% auto\"><figure class=\"wp-block-media-text__media\"><img loading=\"lazy\" decoding=\"async\" width=\"733\" height=\"841\" src=\"https:\/\/webs.uab.cat\/cifo\/wp-content\/uploads\/sites\/66\/2024\/09\/Imagen-1.png\" alt=\"\" class=\"wp-image-252 size-full\" srcset=\"https:\/\/webs.uab.cat\/cifo\/wp-content\/uploads\/sites\/66\/2024\/09\/Imagen-1.png 733w, https:\/\/webs.uab.cat\/cifo\/wp-content\/uploads\/sites\/66\/2024\/09\/Imagen-1-261x300.png 261w\" sizes=\"auto, (max-width: 733px) 100vw, 733px\" \/><\/figure><div class=\"wp-block-media-text__content\">\n<p>Profesora Titular del Departamento de Pedagog\u00eda Aplicada de la Universidad Aut\u00f3noma de Barcelona (UAB), desde 02\/05\/2011 y Coordinadora para el Desarrollo Profesional del PDI de la UAB. Doctora en Pedagog\u00eda, investigadora principal del grupo de investigaci\u00f3n CIFO de la Universidad Aut\u00f3noma de Barcelona.<\/p>\n\n\n\n<p>Especialista en el desarrollo profesional docente, evaluaci\u00f3n, investigaci\u00f3n e innovaci\u00f3n en el contexto de la Educaci\u00f3n superior. Sus l\u00edneas de investigaci\u00f3n se centran en los procesos de ense\u00f1anza-aprendizaje, la Planificaci\u00f3n, la evaluaci\u00f3n y la innovaci\u00f3n en el \u00e1mbito educativo, las competencias del docente y su certificaci\u00f3n, el dise\u00f1o de acciones formativas, la innovaci\u00f3n educativa en el contexto universitario, la evaluaci\u00f3n y desarrollo de competencias transversales en el contexto universitario, la formaci\u00f3n de formadores en el \u00e1mbito universitario, y evaluaci\u00f3n de la transferencia y el impacto de programas y proyectos de formaci\u00f3n e innovaci\u00f3n. <\/p>\n\n\n\n<p>Asimismo, es Doctora en Ciencias de la Educaci\u00f3n con la Tesis Doctoral \u00abLa evaluaci\u00f3n de programas de Formaci\u00f3n de Formadores en el Contexto de la Formaci\u00f3n en y para la empresa\u00bb. <\/p>\n<\/div><\/div>\n\n\n\n<p>Tambi\u00e9n colabora en actividades de docencia en otros programas de formaci\u00f3n docentes. Posee diversas publicaciones en revistas sobre temas relacionados con la evaluaci\u00f3n de programas de formaci\u00f3n y empleo, as\u00ed como otras que hacen referencia a la formaci\u00f3n de formadores.<\/p>\n\n\n\n<p class=\"has-text-align-center has-large-font-size\">Conoce m\u00e1s de  Carmen Ruiz Bueno <\/p>\n\n\n\n<div class=\"wp-block-cover\" style=\"min-height:50px;aspect-ratio:unset;\"><span aria-hidden=\"true\" class=\"wp-block-cover__background has-verd-tropic-background-color has-background-dim-100 has-background-dim\"><\/span><div class=\"wp-block-cover__inner-container is-layout-constrained wp-block-cover-is-layout-constrained\">\n<p class=\"has-text-align-center\"><a href=\"https:\/\/portalrecerca.uab.cat\/ca\/persons\/carmen-ruiz-bueno-8\" data-type=\"link\" data-id=\"https:\/\/portalrecerca.uab.cat\/ca\/persons\/carmen-ruiz-bueno-8\">haz click aqu\u00ed<\/a><\/p>\n<\/div><\/div>\n","protected":false},"excerpt":{"rendered":"<p>Dra. Carmen Ruiz Bueno Profesora Titular del Departamento de Pedagog\u00eda Aplicada de la Universidad Aut\u00f3noma de Barcelona (UAB), desde 02\/05\/2011 y Coordinadora para el Desarrollo Profesional del PDI de la UAB. Doctora en Pedagog\u00eda, investigadora principal del grupo de investigaci\u00f3n CIFO de la Universidad Aut\u00f3noma de Barcelona. Especialista en el desarrollo profesional docente, evaluaci\u00f3n, investigaci\u00f3n [&hellip;]<\/p>\n","protected":false},"author":20,"featured_media":0,"parent":0,"menu_order":0,"comment_status":"closed","ping_status":"closed","template":"","meta":{"footnotes":""},"class_list":["post-25","page","type-page","status-publish","hentry"],"_links":{"self":[{"href":"https:\/\/webs.uab.cat\/cifo\/wp-json\/wp\/v2\/pages\/25","targetHints":{"allow":["GET"]}}],"collection":[{"href":"https:\/\/webs.uab.cat\/cifo\/wp-json\/wp\/v2\/pages"}],"about":[{"href":"https:\/\/webs.uab.cat\/cifo\/wp-json\/wp\/v2\/types\/page"}],"author":[{"embeddable":true,"href":"https:\/\/webs.uab.cat\/cifo\/wp-json\/wp\/v2\/users\/20"}],"replies":[{"embeddable":true,"href":"https:\/\/webs.uab.cat\/cifo\/wp-json\/wp\/v2\/comments?post=25"}],"version-history":[{"count":3,"href":"https:\/\/webs.uab.cat\/cifo\/wp-json\/wp\/v2\/pages\/25\/revisions"}],"predecessor-version":[{"id":478,"href":"https:\/\/webs.uab.cat\/cifo\/wp-json\/wp\/v2\/pages\/25\/revisions\/478"}],"wp:attachment":[{"href":"https:\/\/webs.uab.cat\/cifo\/wp-json\/wp\/v2\/media?parent=25"}],"curies":[{"name":"wp","href":"https:\/\/api.w.org\/{rel}","templated":true}]}}