{"id":38,"date":"2015-05-11T15:48:25","date_gmt":"2015-05-11T15:48:25","guid":{"rendered":"https:\/\/webs.uab.cat\/cifo\/equipo-principal\/"},"modified":"2024-09-10T09:12:34","modified_gmt":"2024-09-10T09:12:34","slug":"equipo-principal","status":"publish","type":"page","link":"https:\/\/webs.uab.cat\/cifo\/equipo-principal\/","title":{"rendered":"Equipo Principal"},"content":{"rendered":"\n<p>&nbsp;<br><\/p>\n\n\n\n<h2 class=\"wp-block-heading\"><strong>Jos\u00e9 Tejada Fern\u00e1ndez<\/strong><\/h2>\n\n\n\n<div class=\"wp-block-media-text alignwide is-stacked-on-mobile is-vertically-aligned-top\" style=\"grid-template-columns:51% auto\"><figure class=\"wp-block-media-text__media\"><img loading=\"lazy\" decoding=\"async\" width=\"1024\" height=\"1024\" src=\"https:\/\/webs.uab.cat\/cifo\/wp-content\/uploads\/sites\/66\/2024\/09\/Jose-1024x1024.jpg\" alt=\"\" class=\"wp-image-267 size-full\" srcset=\"https:\/\/webs.uab.cat\/cifo\/wp-content\/uploads\/sites\/66\/2024\/09\/Jose-1024x1024.jpg 1024w, https:\/\/webs.uab.cat\/cifo\/wp-content\/uploads\/sites\/66\/2024\/09\/Jose-300x300.jpg 300w, https:\/\/webs.uab.cat\/cifo\/wp-content\/uploads\/sites\/66\/2024\/09\/Jose-150x150.jpg 150w, https:\/\/webs.uab.cat\/cifo\/wp-content\/uploads\/sites\/66\/2024\/09\/Jose-768x768.jpg 768w, https:\/\/webs.uab.cat\/cifo\/wp-content\/uploads\/sites\/66\/2024\/09\/Jose-1536x1536.jpg 1536w, https:\/\/webs.uab.cat\/cifo\/wp-content\/uploads\/sites\/66\/2024\/09\/Jose-2048x2048.jpg 2048w, https:\/\/webs.uab.cat\/cifo\/wp-content\/uploads\/sites\/66\/2024\/09\/Jose-1200x1200.jpg 1200w, https:\/\/webs.uab.cat\/cifo\/wp-content\/uploads\/sites\/66\/2024\/09\/Jose-1980x1980.jpg 1980w\" sizes=\"auto, (max-width: 1024px) 100vw, 1024px\" \/><\/figure><div class=\"wp-block-media-text__content\">\n<p class=\"has-text-align-left\">Licenciado en Psicolog\u00eda y en Pedagog\u00eda, Doctor en Ciencias de la Educaci\u00f3n por la Universidad Aut\u00f3noma de Barcelona, es Catedr\u00e1tico de Did\u00e1ctica y Organizaci\u00f3n Escolar en el Departamento de Pedagog\u00eda Aplicada de la Universidad Aut\u00f3noma de Barcelona, desde setiembre de 1983.<\/p>\n\n\n\n<p class=\"has-text-align-left\">Especialista en evaluaci\u00f3n de programas, innovaci\u00f3n formativa, formaci\u00f3n para el trabajo y formaci\u00f3n de profesionales de la formaci\u00f3n, ha ejercido su actividad docente e investigadora universitaria y extrauniversitaria en estos campos, tanto en licenciatura, doctorados, m\u00e1steres y postgrados, nacionales e internacionales.<\/p>\n\n\n\n<p>De dicha actividad se derivan m\u00e1s de 280 publicaciones en formato de libros, cap\u00edtulos de libros y art\u00edculos de revistas especializadas. Ha dirigido m\u00e1s de 45 tesis doctorales y ha presentado 190 ponencias y comunicaciones en congresos, tanto nacionales como internacionales.&nbsp;<\/p>\n<\/div><\/div>\n\n\n\n<p>Es miembro del Grupo CIFO (Colectivo de investigaci\u00f3n en Formaci\u00f3n Ocupacional) desde su creaci\u00f3n 1991 y Coordinador General desde 2001. Dicho Grupo de investigaci\u00f3n universitaria est\u00e1 consolidado y acreditado por el Departament d&#8217;Universitats, Recerca i Societat de la Informaci\u00f3 (Generalitat de Catalunya), desde el 2005 y cuenta con renovaci\u00f3n de acreditaci\u00f3n para el periodo 2017-2019 (SGR 617). Tambi\u00e9n ha sido investigador principal en el seno de referido grupo con proyectos de I+D+I competitivos, financiados, tanto nacionales como internacionales. Igualmente ha dirigido convenios y contratos de colaboraci\u00f3n con diferentes organismos locales, auton\u00f3micos, nacionales e internacionales.<\/p>\n\n\n\n<p class=\"has-text-align-left\">A lo largo de su trayectoria ha realizado gesti\u00f3n universitaria como Coordinador del Programa Doctorado en Educaci\u00f3n (2012-2015); Coordinador de Tercer Ciclo del Departamento de Pedagogia Aplicada, (2009-2013); Coordinador del \u201cM\u00e1ster Oficial de Investigaci\u00f3n en Educaci\u00f3n\u201d, -UAB. (2006-2008, 2010-2013), Director del Doctorado en <em>Calidad y Procesos de Innovaci\u00f3n Educativa. <\/em>(2007-2015);Director del Postgrado y M\u00e1ster de Formaci\u00f3n de Formadores, UAB. (2002-2011); Coordinador del \u00c1rea de Did\u00e1ctica y Organizaci\u00f3n Educativa del Depto. Pedagogia Aplicada (1992-1996); Secretario del Departamento (1983-1987) y Director de Departamento Pedagog\u00eda Aplicada (nov. 2015-dic. 2021).<\/p>\n\n\n\n<p class=\"has-text-align-left\">Ha participado y participa en trabajos de evaluaci\u00f3n con la Axencia para la Calidade do Sistema Universitario de Galicia ACSUG <em>de la Comunidad de Galicia<\/em>, (2013- contin\u00faa); Agencia para la Calidad del Sistema Universitario de Castilla y Le\u00f3n (ACSUCYL); Agencia Nacional de Evaluaci\u00f3n y Prospectiva (ANEP). MEC. (23\/01\/2007- contin\u00faa); Universidad Complutense de Madrid. Vicerrectorado de Innovaci\u00f3n y EEES <em>Comit\u00e9 para la Mejora de la Docencia<\/em>, Avaluador (17\/01\/2007) y la Ag\u00e8ncia de Gesti\u00f3 d\u2019Ajuts Universitaris i de Recerca. <em>Comissi\u00f3 Avaluaci\u00f3 (<\/em>12\/01\/2007- continua). Es miembro (Presidente) del Cuerpo Consultivo Internacional de la Facultad de Ciencias Pol\u00edticas y Relaciones Internacionales de la Universidad Aut\u00f3noma de Nuevo Le\u00f3n<\/p>\n\n\n\n<p class=\"has-text-align-left\">Es socio de Sociedad Espa\u00f1ola de Pedagog\u00eda, desde 2008; European Educational Research Association -EERA, desde 2008; Red Internacional Ecologia de Saberes (RIES), Membre Fundador. 2007; Asociaci\u00f3n para la creatividad, 2000; RIET Red Internacional de Educaci\u00f3n para el Trabajo, 2016.<\/p>\n\n\n\n<p class=\"has-text-align-center has-large-font-size\">Conoce m\u00e1s de  Jos\u00e9 Tejada Fern\u00e1ndez <\/p>\n\n\n\n<div class=\"wp-block-cover\" style=\"min-height:50px;aspect-ratio:unset;\"><span aria-hidden=\"true\" class=\"wp-block-cover__background has-verd-tropic-background-color has-background-dim-100 has-background-dim\"><\/span><div class=\"wp-block-cover__inner-container is-layout-constrained wp-block-cover-is-layout-constrained\">\n<p class=\"has-text-align-center\"><a href=\"https:\/\/portalrecerca.uab.cat\/ca\/persons\/jos%C3%A9-tejada\" data-type=\"link\" data-id=\"https:\/\/portalrecerca.uab.cat\/ca\/persons\/jos%C3%A9-tejada\">haz click aqu\u00ed<\/a><\/p>\n<\/div><\/div>\n\n\n\n<h2 class=\"wp-block-heading\">Dr. Pedro Jurado de los Santos<\/h2>\n\n\n\n<div class=\"wp-block-media-text alignwide is-stacked-on-mobile is-vertically-aligned-top\" style=\"grid-template-columns:45% auto\"><figure class=\"wp-block-media-text__media\"><img loading=\"lazy\" decoding=\"async\" width=\"375\" height=\"487\" src=\"https:\/\/webs.uab.cat\/cifo\/wp-content\/uploads\/sites\/66\/2024\/09\/Imagen-jurado-png.png\" alt=\"\" class=\"wp-image-253 size-full\" srcset=\"https:\/\/webs.uab.cat\/cifo\/wp-content\/uploads\/sites\/66\/2024\/09\/Imagen-jurado-png.png 375w, https:\/\/webs.uab.cat\/cifo\/wp-content\/uploads\/sites\/66\/2024\/09\/Imagen-jurado-png-231x300.png 231w\" sizes=\"auto, (max-width: 375px) 100vw, 375px\" \/><\/figure><div class=\"wp-block-media-text__content\">\n<p>Doctor en Ciencias de la Educaci\u00f3n por la Universitat Aut\u00f2noma de Barcelona. <\/p>\n\n\n\n<p>Licenciado en Filosof\u00eda y Letras Secci\u00f3n Psicolog\u00eda; Licenciado en Ciencias de la Educaci\u00f3n. Profesor Titular de Universidad de la Universidad Aut\u00f3noma de Barcelona.<\/p>\n\n\n\n<p>Director del grupo de investigaci\u00f3n Observatorio para la Inclusi\u00f3n Socioeducativa (OIS) y miembro del grupo CIFO (SGR) de la Universidad Aut\u00f3noma de Barcelona. Profesor en Maestr\u00edas, Postgrados y Grados.<\/p>\n\n\n\n<p>Ha impartido cursos, seminarios, talleres, conferencias y ponencias en Universidades y congresos en el \u00e1mbito espa\u00f1ol e internacional. Docente e investigador, participando en proyectos de innovaci\u00f3n y de generaci\u00f3n del conocimiento (I+D+I) en materias relacionadas con la did\u00e1ctica, la atenci\u00f3n a las necesidades especiales y al alumnado en situaci\u00f3n de vulnerabilidad, con el diagn\u00f3stico, con los procesos y estrategias de ense\u00f1anza-aprendizaje, la inclusi\u00f3n educativa y sociolaboral, transici\u00f3n escuela-trabajo y la orientaci\u00f3n hacia la vida adulta.<\/p>\n<\/div><\/div>\n\n\n\n<p>La publicaci\u00f3n de libros, art\u00edculos y cap\u00edtulos de libro, la participaci\u00f3n en proyectos de investigaci\u00f3n y de transferencia del conocimiento ha sido una constante a lo largo del periplo de desarrollo profesional.<\/p>\n\n\n\n<p class=\"has-text-align-center has-large-font-size\">Conoce m\u00e1s de  Pedro Jurado de los Santos<\/p>\n\n\n\n<div class=\"wp-block-cover\" style=\"min-height:50px;aspect-ratio:unset;\"><span aria-hidden=\"true\" class=\"wp-block-cover__background has-verd-tropic-background-color has-background-dim-100 has-background-dim\"><\/span><div class=\"wp-block-cover__inner-container is-layout-constrained wp-block-cover-is-layout-constrained\">\n<p class=\"has-text-align-center\"><a href=\"https:\/\/portalrecerca.uab.cat\/ca\/persons\/pedro-jurado-de-los-santos-8\" data-type=\"link\" data-id=\"https:\/\/portalrecerca.uab.cat\/ca\/persons\/pedro-jurado-de-los-santos-8\">haz click aqu\u00ed<\/a><\/p>\n<\/div><\/div>\n\n\n\n<h2 class=\"wp-block-heading\"><strong><strong>Dr. \u00d3scar Mas Torell\u00f3<\/strong><\/strong><\/h2>\n\n\n\n<div class=\"wp-block-media-text alignwide is-stacked-on-mobile is-vertically-aligned-top\"><figure class=\"wp-block-media-text__media\"><img loading=\"lazy\" decoding=\"async\" width=\"1024\" height=\"986\" src=\"https:\/\/webs.uab.cat\/cifo\/wp-content\/uploads\/sites\/66\/2024\/09\/FotoCV_OMAS_jul24-1024x986.jpg\" alt=\"\" class=\"wp-image-259 size-full\" srcset=\"https:\/\/webs.uab.cat\/cifo\/wp-content\/uploads\/sites\/66\/2024\/09\/FotoCV_OMAS_jul24-1024x986.jpg 1024w, https:\/\/webs.uab.cat\/cifo\/wp-content\/uploads\/sites\/66\/2024\/09\/FotoCV_OMAS_jul24-300x289.jpg 300w, https:\/\/webs.uab.cat\/cifo\/wp-content\/uploads\/sites\/66\/2024\/09\/FotoCV_OMAS_jul24-768x740.jpg 768w, https:\/\/webs.uab.cat\/cifo\/wp-content\/uploads\/sites\/66\/2024\/09\/FotoCV_OMAS_jul24-1536x1479.jpg 1536w, https:\/\/webs.uab.cat\/cifo\/wp-content\/uploads\/sites\/66\/2024\/09\/FotoCV_OMAS_jul24-1200x1156.jpg 1200w, https:\/\/webs.uab.cat\/cifo\/wp-content\/uploads\/sites\/66\/2024\/09\/FotoCV_OMAS_jul24.jpg 1600w\" sizes=\"auto, (max-width: 1024px) 100vw, 1024px\" \/><\/figure><div class=\"wp-block-media-text__content\">\n<p>Es Doctor y Licenciado en Pedagog\u00eda, M\u00e1ster en Formaci\u00f3n de Formadores y M\u00e1ster en Iniciaci\u00f3n a la Investigaci\u00f3n en Calidad y Procesos de Innovaci\u00f3n Educativa.<\/p>\n\n\n\n<p>Ejerci\u00f3 la docencia como profesor titular en el \u00e1mbito de la Formaci\u00f3n Profesional reglada (1989-2006). Desde el 2003 es docente del Departamento de Pedagog\u00eda Aplicada de la UAB y, en la actualidad, Profesor Titular de Universidad del \u00c1rea de Did\u00e1ctica y Organizaci\u00f3n Escolar de dicho departamento y universidad. <\/p>\n\n\n\n<p>Miembro principal del <em>Grupo de Investigaci\u00f3n CIFO<\/em> (FP-Formaci\u00f3n para el trabajo) y del <em>Centro de Estudios e Investigaci\u00f3n para una Sociedad Inclusiva (CERSIN)<\/em> ambos de la UAB; y, tambi\u00e9n, miembro de la <em>Red Docente de Excelencia<\/em> y del <em>Grupo Permanente de Innovaci\u00f3n Educativa<\/em> (ambos de la Universidad de M\u00e1laga).<\/p>\n<\/div><\/div>\n\n\n\n<p>&nbsp;Sus l\u00edneas de trabajo preferentes y su participaci\u00f3n en proyectos, convenios e investigaciones competitivas financiadas (tanto nacionales como internacionales) est\u00e1n relacionadas con la formaci\u00f3n para el trabajo (FP reglada, FC,\u2026) y en el centro de trabajo (FCT, DUAL), competencias profesionales, las competencias y formaci\u00f3n pedag\u00f3gica del formador\/docente, la formaci\u00f3n de formadores, la formaci\u00f3n de personas adultas, an\u00e1lisis de necesidades formativas, dise\u00f1o-desarrollo-evaluaci\u00f3n-transferencia de la formaci\u00f3n, did\u00e1ctica, itinerarios de \u00e9xito\/abandono escolar, etc.<\/p>\n\n\n\n<p class=\"has-text-align-center has-large-font-size\">Conoce m\u00e1s de  \u00d3scar Mas Torell\u00f3<\/p>\n\n\n\n<div class=\"wp-block-cover\" style=\"min-height:50px;aspect-ratio:unset;\"><span aria-hidden=\"true\" class=\"wp-block-cover__background has-verd-tropic-background-color has-background-dim-100 has-background-dim\"><\/span><div class=\"wp-block-cover__inner-container is-layout-constrained wp-block-cover-is-layout-constrained\">\n<p class=\"has-text-align-center\"><a href=\"https:\/\/portalrecerca.uab.cat\/ca\/persons\/oscar-mas-torello-3\" data-type=\"link\" data-id=\"https:\/\/portalrecerca.uab.cat\/ca\/persons\/oscar-mas-torello-3\">haz click aqu\u00ed<\/a><\/p>\n<\/div><\/div>\n\n\n\n<h2 class=\"wp-block-heading\">Dr. Daniel Ortega Ortigoza<\/h2>\n\n\n\n<div class=\"wp-block-media-text alignwide is-stacked-on-mobile is-vertically-aligned-top\" style=\"grid-template-columns:57% auto\"><figure class=\"wp-block-media-text__media\"><img loading=\"lazy\" decoding=\"async\" width=\"853\" height=\"853\" src=\"https:\/\/webs.uab.cat\/cifo\/wp-content\/uploads\/sites\/66\/2024\/09\/daniel.jpg\" alt=\"\" class=\"wp-image-269 size-full\" srcset=\"https:\/\/webs.uab.cat\/cifo\/wp-content\/uploads\/sites\/66\/2024\/09\/daniel.jpg 853w, https:\/\/webs.uab.cat\/cifo\/wp-content\/uploads\/sites\/66\/2024\/09\/daniel-300x300.jpg 300w, https:\/\/webs.uab.cat\/cifo\/wp-content\/uploads\/sites\/66\/2024\/09\/daniel-150x150.jpg 150w, https:\/\/webs.uab.cat\/cifo\/wp-content\/uploads\/sites\/66\/2024\/09\/daniel-768x768.jpg 768w\" sizes=\"auto, (max-width: 853px) 100vw, 853px\" \/><\/figure><div class=\"wp-block-media-text__content\">\n<p>Diplomado en Educaci\u00f3n Social por la Universitat de Barcelona. M\u00e1ster en Criminolog\u00eda y Sociolog\u00eda Jur\u00eddico-Penal y M\u00e1ster en Intervenciones sociales y educativas por la Universitat de Barcelona.<\/p>\n\n\n\n<p>Doctor en Educaci\u00f3n y Sociedad por la Universitat de Barcelona.<\/p>\n\n\n\n<p>Desde el curso 2015\/2016 es Profesor Asociado al Departamento de Pedagog\u00eda Aplicada en la Universitat Aut\u00f2noma de Barcelona . Actualmente es profesor Lector.<\/p>\n\n\n\n<p>Tambi\u00e9n ha sido profesor colaborador en la Universitat de Barcelona, la Universitat Internacional de la Rioja (UNIR), la Escuela de Negocios ESERP o el Centro de Innovaciones P\u00fablicas para Am\u00e9rica Latina entre otros.<\/p>\n\n\n\n<p>En el \u00e1mbito profesional, ha trabajado como educador en el \u00e1mbito de la justicia juvenil en el Servicio de Educadores de la Fiscal\u00eda Provincial de Barcelona y en el Equipo de Medio Abierto. <\/p>\n<\/div><\/div>\n\n\n\n<p>&nbsp;En el \u00e1mbito de protecci\u00f3n a la infancia ha trabajado como educador social en un Centro Residencial de Acci\u00f3n Educativa de la Direcci\u00f3n General de Atenci\u00f3n a la Infancia y Adolescencia (DGAIA) y ha sido responsable de pisos para j\u00f3venes extutelados por la Generalitat de Catalu\u00f1a del \u00c1rea de Apoyo al Joven Tutelado y Extutelado de la Generalitat (ASTEJ), dependiente de la Direcci\u00f3n General de Atenci\u00f3n a la Infancia y Adolescencia (DGAIA)<\/p>\n\n\n\n<p>Miembro de la Sociedad Espa\u00f1ola para el Estudio de la Violencia Filio-Parental (SEVIFIP) de la cual forma parte de su junta directiva. Ha sido miembro del Grupo de Investigaci\u00f3n en Infancia y Adolescencia en Riesgo Social (IARS) de la Universitat Aut\u00f2noma de Barcelona y actualmente es miembro del Colectivo de Investigaci\u00f3n en Formaci\u00f3n Ocupacional (CIFO).<\/p>\n\n\n\n<p>Sus principales l\u00edneas de investigaci\u00f3n son : Protecci\u00f3n a la infancia y adolescencia, Justicia juvenil, , violencias juveniles, el proceso de Ense\u00f1anza-aprendizaje en colectivos vulnerables, y la evaluaci\u00f3n de planes, programas y proyectos relacionados con el \u00e1mbito comunitario en infancia y adolescencia en riesgo de exclusi\u00f3n social.<\/p>\n\n\n\n<p class=\"has-text-align-center has-large-font-size\">Conoce m\u00e1s de  Daniel Ortega Ortigoza <\/p>\n\n\n\n<div class=\"wp-block-cover\" style=\"min-height:50px;aspect-ratio:unset;\"><span aria-hidden=\"true\" class=\"wp-block-cover__background has-verd-tropic-background-color has-background-dim-100 has-background-dim\"><\/span><div class=\"wp-block-cover__inner-container is-layout-constrained wp-block-cover-is-layout-constrained\">\n<p class=\"has-text-align-center\"><a href=\"https:\/\/portalrecerca.uab.cat\/ca\/persons\/daniel-ortega-ortigoza-7\" data-type=\"link\" data-id=\"https:\/\/portalrecerca.uab.cat\/ca\/persons\/daniel-ortega-ortigoza-7\">haz click aqu\u00ed<\/a><\/p>\n<\/div><\/div>\n\n\n\n<h2 class=\"wp-block-heading\">Dr. <strong>Manuel Fandos G<\/strong>arrido<\/h2>\n\n\n\n<div class=\"wp-block-media-text alignwide is-stacked-on-mobile is-vertically-aligned-top\"><figure class=\"wp-block-media-text__media\"><img loading=\"lazy\" decoding=\"async\" width=\"576\" height=\"576\" src=\"https:\/\/webs.uab.cat\/cifo\/wp-content\/uploads\/sites\/66\/2024\/09\/Manuel.jpg\" alt=\"\" class=\"wp-image-270 size-full\" srcset=\"https:\/\/webs.uab.cat\/cifo\/wp-content\/uploads\/sites\/66\/2024\/09\/Manuel.jpg 576w, https:\/\/webs.uab.cat\/cifo\/wp-content\/uploads\/sites\/66\/2024\/09\/Manuel-300x300.jpg 300w, https:\/\/webs.uab.cat\/cifo\/wp-content\/uploads\/sites\/66\/2024\/09\/Manuel-150x150.jpg 150w\" sizes=\"auto, (max-width: 576px) 100vw, 576px\" \/><\/figure><div class=\"wp-block-media-text__content\">\n<p>Doctor en Pedagog\u00eda y M\u00e1ster en Tecnolog\u00eda Educativa, actualmente es Coordinador del Instituto de Ciencias de la Educaci\u00f3n y profesor asociado del Departamento de Pedagog\u00eda de la Universidad Rovira i Virgili.<\/p>\n\n\n\n<p>Ha participado y coordinado proyectos de innovaci\u00f3n e investigaci\u00f3n en docencia universitaria, y sus principales l\u00edneas de publicaci\u00f3n se centran en la tecnolog\u00eda educativa, la formaci\u00f3n de formadores y la evaluaci\u00f3n de los aprendizajes, entre otros. Es miembro de la Junta de la Red Estatal de Docencia (REDU) y colabora activamente con centros de formaci\u00f3n del profesorado de universidades de Espa\u00f1a y Latinoam\u00e9rica. <\/p>\n\n\n\n<p>Es miembro de la Comisi\u00f3n de Formaci\u00f3n del Profesorado de la URV, del Comit\u00e9 Organizador del CIDUI y componente del Grupo Consolidado de Investigaci\u00f3n en Formaci\u00f3n ocupacional de la Universidad Aut\u00f3noma de Barcelona.<\/p>\n<\/div><\/div>\n\n\n\n<p class=\"has-text-align-center has-large-font-size\">Conoce m\u00e1s de  Manuel Fandos Garrido<\/p>\n\n\n\n<div class=\"wp-block-cover\" style=\"min-height:50px;aspect-ratio:unset;\"><span aria-hidden=\"true\" class=\"wp-block-cover__background has-verd-tropic-background-color has-background-dim-100 has-background-dim\"><\/span><div class=\"wp-block-cover__inner-container is-layout-constrained wp-block-cover-is-layout-constrained\">\n<p class=\"has-text-align-center\">haz click aqu\u00ed<\/p>\n<\/div><\/div>\n","protected":false},"excerpt":{"rendered":"<p>&nbsp; Jos\u00e9 Tejada Fern\u00e1ndez Licenciado en Psicolog\u00eda y en Pedagog\u00eda, Doctor en Ciencias de la Educaci\u00f3n por la Universidad Aut\u00f3noma de Barcelona, es Catedr\u00e1tico de Did\u00e1ctica y Organizaci\u00f3n Escolar en el Departamento de Pedagog\u00eda Aplicada de la Universidad Aut\u00f3noma de Barcelona, desde setiembre de 1983. Especialista en evaluaci\u00f3n de programas, innovaci\u00f3n formativa, formaci\u00f3n para el [&hellip;]<\/p>\n","protected":false},"author":20,"featured_media":0,"parent":0,"menu_order":0,"comment_status":"closed","ping_status":"closed","template":"","meta":{"footnotes":""},"class_list":["post-38","page","type-page","status-publish","hentry"],"_links":{"self":[{"href":"https:\/\/webs.uab.cat\/cifo\/wp-json\/wp\/v2\/pages\/38","targetHints":{"allow":["GET"]}}],"collection":[{"href":"https:\/\/webs.uab.cat\/cifo\/wp-json\/wp\/v2\/pages"}],"about":[{"href":"https:\/\/webs.uab.cat\/cifo\/wp-json\/wp\/v2\/types\/page"}],"author":[{"embeddable":true,"href":"https:\/\/webs.uab.cat\/cifo\/wp-json\/wp\/v2\/users\/20"}],"replies":[{"embeddable":true,"href":"https:\/\/webs.uab.cat\/cifo\/wp-json\/wp\/v2\/comments?post=38"}],"version-history":[{"count":21,"href":"https:\/\/webs.uab.cat\/cifo\/wp-json\/wp\/v2\/pages\/38\/revisions"}],"predecessor-version":[{"id":342,"href":"https:\/\/webs.uab.cat\/cifo\/wp-json\/wp\/v2\/pages\/38\/revisions\/342"}],"wp:attachment":[{"href":"https:\/\/webs.uab.cat\/cifo\/wp-json\/wp\/v2\/media?parent=38"}],"curies":[{"name":"wp","href":"https:\/\/api.w.org\/{rel}","templated":true}]}}