{"id":382,"date":"2024-09-19T09:01:30","date_gmt":"2024-09-19T09:01:30","guid":{"rendered":"https:\/\/webs.uab.cat\/cifo\/?page_id=382"},"modified":"2025-11-19T11:46:29","modified_gmt":"2025-11-19T11:46:29","slug":"proyecto-idi","status":"publish","type":"page","link":"https:\/\/webs.uab.cat\/cifo\/proyecto-idi\/","title":{"rendered":"PRESENTACI\u00d3N DEL PROYECTO"},"content":{"rendered":"\n<p class=\"has-text-align-center\"><\/p>\n\n\n<div class=\"wp-block-image\">\n<figure class=\"aligncenter size-large is-resized\"><img loading=\"lazy\" decoding=\"async\" width=\"1024\" height=\"297\" src=\"https:\/\/webs.uab.cat\/cifo\/wp-content\/uploads\/sites\/66\/2024\/09\/miciu-aei-1024x297.png\" alt=\"\" class=\"wp-image-388\" style=\"width:310px;height:auto\" srcset=\"https:\/\/webs.uab.cat\/cifo\/wp-content\/uploads\/sites\/66\/2024\/09\/miciu-aei-1024x297.png 1024w, https:\/\/webs.uab.cat\/cifo\/wp-content\/uploads\/sites\/66\/2024\/09\/miciu-aei-300x87.png 300w, https:\/\/webs.uab.cat\/cifo\/wp-content\/uploads\/sites\/66\/2024\/09\/miciu-aei-768x223.png 768w, https:\/\/webs.uab.cat\/cifo\/wp-content\/uploads\/sites\/66\/2024\/09\/miciu-aei-1536x446.png 1536w, https:\/\/webs.uab.cat\/cifo\/wp-content\/uploads\/sites\/66\/2024\/09\/miciu-aei-2048x595.png 2048w, https:\/\/webs.uab.cat\/cifo\/wp-content\/uploads\/sites\/66\/2024\/09\/miciu-aei-1200x348.png 1200w, https:\/\/webs.uab.cat\/cifo\/wp-content\/uploads\/sites\/66\/2024\/09\/miciu-aei-1980x575.png 1980w\" sizes=\"auto, (max-width: 1024px) 100vw, 1024px\" \/><\/figure>\n<\/div>\n\n\n<h2 class=\"wp-block-heading has-text-align-center\">Una Demanda Emergente por la Igualdad<\/h2>\n\n\n\n<p class=\"has-text-align-center\">La atenci\u00f3n a las diversidades sexo-gen\u00e9ricas (DSG) ha emergido recientemente como una necesidad reivindicada en los contextos sociales y educativos. Esta demanda es impulsada, principalmente, por aquellos colectivos que afrontan situaciones de vulnerabilidad derivadas de su orientaci\u00f3n sexual o identidad de g\u00e9nero.<\/p>\n\n\n\n<p class=\"has-text-align-center\">En este \u00e1mbito, se alude a problem\u00e1ticas graves como la LGBTIQ+fobia, el bullying y la exclusi\u00f3n por discriminaci\u00f3n.<\/p>\n\n\n\n<blockquote class=\"wp-block-quote has-text-align-left is-layout-flow wp-block-quote-is-layout-flow\">\n<p class=\"has-text-align-center\"><em>Por lo tanto, el abordaje de esta realidad se ha consolidado como una cuesti\u00f3n de justicia social y de derecho, esencial para garantizar el reconocimiento en condiciones de igualdad y equidad para todas las personas.<\/em><\/p>\n<\/blockquote>\n\n\n\n<h2 class=\"wp-block-heading has-text-align-center\">La Brecha Oculta: Cisheterosexismo en la Inclusi\u00f3n<\/h2>\n\n\n\n<p class=\"has-text-align-center\">A pesar de que en los niveles de la educaci\u00f3n obligatoria existe una clara conciencia hacia la atenci\u00f3n educativa a las diversidades \u00ab<em>impulsada por el auge de la inclusi\u00f3n y su incorporaci\u00f3n en las legislaciones nacionales e internacionales<\/em>\u00ab, esta se ha concentrado mayormente en las diversidades funcionales.<\/p>\n\n\n\n<p class=\"has-text-align-center\">El efecto de este enfoque ha sido la invisibilizaci\u00f3n y desatenci\u00f3n de las diversidades sexo-gen\u00e9ricas, bajo un evidente cisheterosexismo.<\/p>\n\n\n\n<h2 class=\"wp-block-heading has-text-align-center\">M\u00e1s All\u00e1 de la Norma: Un Enfoque Activo<\/h2>\n\n\n\n<p class=\"has-text-align-center\">La atenci\u00f3n a las DSG, al igual que la atenci\u00f3n a cualquier forma de diversidad del alumnado, requiere cuestionar los sistemas normativos de regulaci\u00f3n. Estos sistemas suelen basarse en caracter\u00edsticas t\u00edpicas compartidas por la mayor\u00eda y no consideran la heterocron\u00eda (el ritmo y desarrollo individual) de cada persona.<\/p>\n\n\n\n<p class=\"has-text-align-center\">Adem\u00e1s, el abordaje de las desigualdades y opresiones debe ser central en las instituciones educativas. Sus acciones no deben limitarse a identificar las diferencias, sino que deben centrarse activamente en buscar y actuar contra todo aquello que genera discriminaci\u00f3n, inequidad, desigualdad e injusticia.<\/p>\n\n\n\n<h2 class=\"wp-block-heading has-text-align-center\">Nuestra Contribuci\u00f3n <\/h2>\n\n\n\n<p class=\"has-text-align-center\">Nuestra contribuci\u00f3n se centra en un an\u00e1lisis de la realidad socioeducativa en los contextos universitarios, con claras repercusiones para la poblaci\u00f3n general y para los niveles educativos de Infantil, Primaria y Secundaria.<\/p>\n\n\n\n<p>El trabajo busca destacar los diferentes perfiles que intervienen en la familia profesional de la Educaci\u00f3n y la influencia crucial que ejercen sus acciones. Para ello, se pone el foco en sus procesos formativos como futuros profesionales. El objetivo final es asegurar que la atenci\u00f3n a las personas o colectivos encuadrados en la diversidad sexo-gen\u00e9rica sea incorporada desde un planteamiento plenamente inclusivo en toda la acci\u00f3n educativa.<\/p>\n\n\n\n\n\n<p><\/p>\n","protected":false},"excerpt":{"rendered":"<p>Una Demanda Emergente por la Igualdad La atenci\u00f3n a las diversidades sexo-gen\u00e9ricas (DSG) ha emergido recientemente como una necesidad reivindicada en los contextos sociales y educativos. Esta demanda es impulsada, principalmente, por aquellos colectivos que afrontan situaciones de vulnerabilidad derivadas de su orientaci\u00f3n sexual o identidad de g\u00e9nero. En este \u00e1mbito, se alude a problem\u00e1ticas [&hellip;]<\/p>\n","protected":false},"author":2928,"featured_media":0,"parent":0,"menu_order":0,"comment_status":"closed","ping_status":"closed","template":"","meta":{"footnotes":""},"class_list":["post-382","page","type-page","status-publish","hentry"],"_links":{"self":[{"href":"https:\/\/webs.uab.cat\/cifo\/wp-json\/wp\/v2\/pages\/382","targetHints":{"allow":["GET"]}}],"collection":[{"href":"https:\/\/webs.uab.cat\/cifo\/wp-json\/wp\/v2\/pages"}],"about":[{"href":"https:\/\/webs.uab.cat\/cifo\/wp-json\/wp\/v2\/types\/page"}],"author":[{"embeddable":true,"href":"https:\/\/webs.uab.cat\/cifo\/wp-json\/wp\/v2\/users\/2928"}],"replies":[{"embeddable":true,"href":"https:\/\/webs.uab.cat\/cifo\/wp-json\/wp\/v2\/comments?post=382"}],"version-history":[{"count":4,"href":"https:\/\/webs.uab.cat\/cifo\/wp-json\/wp\/v2\/pages\/382\/revisions"}],"predecessor-version":[{"id":608,"href":"https:\/\/webs.uab.cat\/cifo\/wp-json\/wp\/v2\/pages\/382\/revisions\/608"}],"wp:attachment":[{"href":"https:\/\/webs.uab.cat\/cifo\/wp-json\/wp\/v2\/media?parent=382"}],"curies":[{"name":"wp","href":"https:\/\/api.w.org\/{rel}","templated":true}]}}