{"id":514,"date":"2025-11-18T10:08:01","date_gmt":"2025-11-18T10:08:01","guid":{"rendered":"https:\/\/webs.uab.cat\/cifo\/?page_id=514"},"modified":"2025-11-19T11:40:48","modified_gmt":"2025-11-19T11:40:48","slug":"publicaciones-2","status":"publish","type":"page","link":"https:\/\/webs.uab.cat\/cifo\/publicaciones-2\/","title":{"rendered":"Publicaciones"},"content":{"rendered":"\n<figure class=\"wp-block-image size-large\"><img loading=\"lazy\" decoding=\"async\" width=\"768\" height=\"413\" src=\"https:\/\/webs.uab.cat\/cifo\/wp-content\/uploads\/sites\/66\/2025\/11\/image-6-edited.png\" alt=\"\" class=\"wp-image-559\" srcset=\"https:\/\/webs.uab.cat\/cifo\/wp-content\/uploads\/sites\/66\/2025\/11\/image-6-edited.png 768w, https:\/\/webs.uab.cat\/cifo\/wp-content\/uploads\/sites\/66\/2025\/11\/image-6-edited-300x161.png 300w\" sizes=\"auto, (max-width: 768px) 100vw, 768px\" \/><\/figure>\n\n\n\n<h2 class=\"wp-block-heading\">Resumen<\/h2>\n\n\n\n<p>the aim of this paper is to present the findings of the validation process of the&nbsp;<em>Self-Assessment Questionnaire on University Students&#8217; Knowledge and Perceptions Regarding the Inclusion of LGBTIQ&nbsp;+ Students<\/em>.&nbsp;<em>Method<\/em>: this was an instrumental study. The reference population comprised students on bachelors&#8217;, masters&#8217; and MEd degrees in Spanish education faculties. The pilot sample consisted of 334 people. For validation,&nbsp;<em><a href=\"https:\/\/www.sciencedirect.com\/topics\/social-sciences\/construct-validity\">construct validity<\/a><\/em>&nbsp;was tested firstly with an&nbsp;<a href=\"https:\/\/www.sciencedirect.com\/topics\/psychology\/exploratory-factor-analysis\">exploratory factor analysis<\/a>&nbsp;(EFA) and subsequently with a&nbsp;<a href=\"https:\/\/www.sciencedirect.com\/topics\/social-sciences\/confirmatory-factor-analysis\">confirmatory factor analysis<\/a>&nbsp;(CFA). Cronbach&#8217;s Alpha was used to establish reliability.&nbsp;<em>Findings<\/em>: the EFA yielded three major factors for the&nbsp;<em>Knowledge Scale<\/em>&nbsp;and four for the&nbsp;<em>Perceptions Scale<\/em>, verifying their correspondence with the conceptual structure of the questionnaire. The CFA indicated a good fit for the model, with acceptable incremental fit measures (TLI, ILI, CFI: .90) and RMSEA and SRMR residuals (.06). Likewise, the parsimony indices were high (above .07). Reliability was found to be excellent (with values above .90) for all the scales studied.&nbsp;<em>Conclusion<\/em>: the&nbsp;<em>Self-Assessment Questionnaire<\/em>, in the light of the validation process carried out, constitutes a robust, reliable and valid instrument for determining education students&#8217; knowledge and perceptions of LGBTIQ&nbsp;+&nbsp;diversity and its inclusion in their academic-professional profiles.<\/p>\n\n\n\n<p><a href=\"https:\/\/www.sciencedirect.com\/science\/article\/pii\/S2590291125002694\"><\/a><\/p>\n\n\n\n<div class=\"wp-block-buttons alignwide is-content-justification-center is-layout-flex wp-container-core-buttons-is-layout-16018d1d wp-block-buttons-is-layout-flex\">\n<div class=\"wp-block-button has-custom-font-size is-style-outline has-normal-font-size is-style-outline--1\"><a class=\"wp-block-button__link wp-element-button\" href=\"https:\/\/pdf.sciencedirectassets.com\/320567\/1-s2.0-S2590291124X00030\/1-s2.0-S2590291125002967\/main.pdf?X-Amz-Security-Token=IQoJb3JpZ2luX2VjEBIaCXVzLWVhc3QtMSJIMEYCIQDZcQ3k9%2FkgtdyFZOBb9TwMP5VHH0p%2FZAT9akpq4dauhAIhAITIom9L2WvoQJEHcK%2ByJn80z5fddxHx0z7iN4%2FBhylqKrsFCNr%2F%2F%2F%2F%2F%2F%2F%2F%2F%2FwEQBRoMMDU5MDAzNTQ2ODY1IgyB9xNvHf7100wtm28qjwWHaAOp67HFF8SxMwvvATgIzCuCfp2VKMzsL%2Bd7ac1A6lHbswO9Q69Ww0QjAm8aZ%2BguPqu%2F3VRIRvpKZjloSnl9wY%2FWJHjKzfjB9PYgCMpeC%2BuZh%2FA9KancIzN1FhOA22HKRqr%2BVGC0dZaptSaG9LgdBd3Dok31VBZKeE1aGMByYqLEx7%2FFiSW0NkgIFNUiVMY3pMzDXhutt%2Fwa%2F2VE8C86jjpaxKmFBHw%2BVJoRkJtlq2CiEN%2Bwj8DmlX3nonR%2B0YKzNYZFWqnqyn7raDRR58ISGbGA1Bg%2FbkSzhk1kkWCHKwEXFhm44H5QncVQmefyUA9MpWE3uGWMBHEaZG2lVNvVxVB5HUDmcHYQOyPSqYWg1t8JKGjFZhQn0lY%2B2kfWrZBsB4Zy5fSvY%2F3dGZmF13wy9%2BsCEsR2ME2v4Vg2EP1MVylVdPaLtC%2BMXY9TAhxvE1shOqBw%2FxngmKRdtamcoguiv4xKItElxVeFm4UhLHIeI88EYzA%2BKGC90IbsmpMWUKvnHbHIC0Mr1pLfw91gyFMYAJnjHqv7NGJz8R60ga71ojVFhWqTpng6SxXb%2F4egwP5Z9kK8IICBmRuSmXZvWdJGizde7R6A0yk27HtGMiCVxTCvQCl6XtnuRIusfnMw3wXxIbVN2PlQIv75pGPXaGkrnwCjOfg2UHMy7UyQVodawn5AhZsii4qIU%2FwOAaPCGxBoQUPdYWQWmXk3%2FIsY94x0Zuis0UZyGwIRKM9MUttMRZXlNRi1FIKGsnopG%2Bl77CJ6oB6b2b36CTSZTdSrmYBeV6RVSlinNV3NVVdI67d0EdHwozU5%2BGL27SiiV2tRcj9QEj2oNtpyYHwHT7cwwH%2BmDC1grvUpZKzAhWWrHcC5MJeY9sgGOrABDWO5MtiAOwNcnIWxh4FrP%2Bg5oPubojw3e8BWJw0ZKhrlWH8f%2BUbTv6lHfj%2BG6oM%2BE1UowlnDduuj%2Bpx0YvkmBlKq3DDKUBej90EbmkCf279M8bOW2Gp1i3ikd892a%2BBK%2BEus1lzwDX2c%2FqjhHYeTycNJ8DnHQNPnUE5gt9VAr1v8SQuiCovBGRhos9WZGcp%2BCAgWBdhBiwO%2F8NLQZ04Su5xQPhPHUHqgvpWQUwVYcHA%3D&amp;X-Amz-Algorithm=AWS4-HMAC-SHA256&amp;X-Amz-Date=20251119T093645Z&amp;X-Amz-SignedHeaders=host&amp;X-Amz-Expires=300&amp;X-Amz-Credential=ASIAQ3PHCVTY7EW47BJN%2F20251119%2Fus-east-1%2Fs3%2Faws4_request&amp;X-Amz-Signature=4759a6873b07cdfcef9d269e88e2704a9f033023576e2fa0e624549bc673aafe&amp;hash=ae3a27fd4352ec192f5c5a4b5dd0bd21ac3afa3e45bcf76a351b1a8443f8d596&amp;host=68042c943591013ac2b2430a89b270f6af2c76d8dfd086a07176afe7c76c2c61&amp;pii=S2590291125002967&amp;tid=spdf-bcf6bc4f-9ee4-44b0-8d41-dec9f3b7c610&amp;sid=991b619c7379f7409e88ca2965791419780cgxrqb&amp;type=client&amp;tsoh=d3d3LnNjaWVuY2VkaXJlY3QuY29t&amp;rh=d3d3LnNjaWVuY2VkaXJlY3QuY29t&amp;ua=1f155f055206025f5d5c&amp;rr=9a0eb9998b063ed8&amp;cc=es\" style=\"border-radius:100px\">pdf<\/a><\/div>\n<\/div>\n\n\n\n<hr class=\"wp-block-separator has-alpha-channel-opacity\" \/>\n\n\n\n<figure class=\"wp-block-image size-large\"><img loading=\"lazy\" decoding=\"async\" width=\"960\" height=\"516\" src=\"https:\/\/webs.uab.cat\/cifo\/wp-content\/uploads\/sites\/66\/2025\/11\/image-5-edited.png\" alt=\"\" class=\"wp-image-555\" srcset=\"https:\/\/webs.uab.cat\/cifo\/wp-content\/uploads\/sites\/66\/2025\/11\/image-5-edited.png 960w, https:\/\/webs.uab.cat\/cifo\/wp-content\/uploads\/sites\/66\/2025\/11\/image-5-edited-300x161.png 300w, https:\/\/webs.uab.cat\/cifo\/wp-content\/uploads\/sites\/66\/2025\/11\/image-5-edited-768x413.png 768w\" sizes=\"auto, (max-width: 960px) 100vw, 960px\" \/><\/figure>\n\n\n\n<h2 class=\"wp-block-heading\">Resumen<\/h2>\n\n\n\n<p>El art\u00edculotiene por objetivo la presentaci\u00f3n de los resultadosde la validaci\u00f3n de constructo del Cuestionario Autoevaluaci\u00f3n del contexto de pr\u00e1ctica y autoeficacia de los estudiantes de educaci\u00f3n hacia la inclusi\u00f3n de personas LGBTIQ+ en educaci\u00f3n superior. Se parte de un estudio instrumental con referencia a la poblaci\u00f3n de estudiantes de los grados y m\u00e1steres de educaci\u00f3n de facultades espa\u00f1olas; implicando una muestra de 334 estudiantesen el estudio piloto. Para la validaci\u00f3n de constructo se recurri\u00f3 a dos procedimientos: el an\u00e1lisis factorial exploratorio (AFE) y el an\u00e1lisis factorial confirmatorio (AFC). Los resultados del AFE apuntan a seis factores en la Escala de CONTEXTO DE PR\u00c1CTICA (Actividades y recursos, Pol\u00edtica Facultad, Pr\u00e1cticum, Clima aula, Clima institucional, Plan de estudios) y a dos factores en la de Escala de AUTOEFICACIA (Dise\u00f1o y desarrollo Curricular y Gesti\u00f3n de problem\u00e1ticas). El AFC muestra unos niveles de ajuste final satisfactorios. En este sentido, concluimos que las dos subescalas del cuestionario consideradas, a la luz de las evidencias aportadas, se pueden considerar v\u00e1lidas, a la vez que son indicadoras de la robustez del instrumente a los efectos deconocer el contexto de las pr\u00e1cticas educativas y la autoeficacia en la formaci\u00f3n de los profesionales de la educaci\u00f3n en relaci\u00f3n con la atenci\u00f3n a la diversidad sexo-gen\u00e9rica<\/p>\n\n\n\n<div class=\"wp-block-buttons is-content-justification-center is-layout-flex wp-container-core-buttons-is-layout-16018d1d wp-block-buttons-is-layout-flex\">\n<div class=\"wp-block-button has-custom-font-size is-style-outline has-normal-font-size is-style-outline--2\"><a class=\"wp-block-button__link wp-element-button\" href=\"https:\/\/revistaseug.ugr.es\/index.php\/RELIEVE\/article\/view\/30646\/29531\" style=\"border-radius:100px\">pdf<\/a><\/div>\n<\/div>\n\n\n\n<hr class=\"wp-block-separator has-alpha-channel-opacity\" \/>\n\n\n\n<figure class=\"wp-block-image size-large\"><img loading=\"lazy\" decoding=\"async\" width=\"1024\" height=\"401\" src=\"https:\/\/webs.uab.cat\/cifo\/wp-content\/uploads\/sites\/66\/2025\/11\/image-1024x401.png\" alt=\"\" class=\"wp-image-515\" srcset=\"https:\/\/webs.uab.cat\/cifo\/wp-content\/uploads\/sites\/66\/2025\/11\/image-1024x401.png 1024w, https:\/\/webs.uab.cat\/cifo\/wp-content\/uploads\/sites\/66\/2025\/11\/image-300x117.png 300w, https:\/\/webs.uab.cat\/cifo\/wp-content\/uploads\/sites\/66\/2025\/11\/image-768x301.png 768w, https:\/\/webs.uab.cat\/cifo\/wp-content\/uploads\/sites\/66\/2025\/11\/image-1536x602.png 1536w, https:\/\/webs.uab.cat\/cifo\/wp-content\/uploads\/sites\/66\/2025\/11\/image-1200x470.png 1200w, https:\/\/webs.uab.cat\/cifo\/wp-content\/uploads\/sites\/66\/2025\/11\/image.png 1818w\" sizes=\"auto, (max-width: 1024px) 100vw, 1024px\" \/><\/figure>\n\n\n\n<h2 class=\"wp-block-heading\">Resumen<\/h2>\n\n\n\n<p>El objetivo de este trabajo es presentar los resultados del proceso de construcci\u00f3n y validaci\u00f3n del&nbsp;<em>Cuestionario de percepciones y pr\u00e1cticas educativas de los estudiantes de educaci\u00f3n hacia la inclusi\u00f3n del alumnado LGBTIQ+<\/em>. Para ello, se han considerado diversas dimensiones: conocimientos, percepciones y actitudes, pr\u00e1cticas educativas y autoeficacia. La investigaci\u00f3n se inscribe dentro de los estudios instrumentales. La poblaci\u00f3n de referencia est\u00e1 formada por estudiantes de los grados de educaci\u00f3n de facultades de ciencias de la educaci\u00f3n espa\u00f1olas. La muestra del pilotaje del cuestionario es de 334 personas. En este trabajo se presentan los resultados de la validaci\u00f3n de contenido por juicio experto (10 expertos). Para establecer la fiabilidad se ha utilizado el coeficiente Alpha de Cronbach. La validez de contenido por juicio experto ha permitido depurar y ajustar el cuestionario inicial a 95 \u00edtems, generando 4 subescalas, adem\u00e1s de 12 \u00edtems de datos identificativos sociodemogr\u00e1ficos. Tras el proceso de dise\u00f1o y validaci\u00f3n desarrollado, el cuestionario se constituye en un instrumento robusto, fiable y v\u00e1lido para conocer las percepciones y las pr\u00e1cticas educativas en la formaci\u00f3n de los profesionales de la educaci\u00f3n en relaci\u00f3n con la diversidad sexo-gen\u00e9rica y su inclusi\u00f3n en el perfil acad\u00e9mico-profesional.<\/p>\n\n\n\n<div class=\"wp-block-buttons alignwide is-content-justification-center is-layout-flex wp-container-core-buttons-is-layout-16018d1d wp-block-buttons-is-layout-flex\">\n<div class=\"wp-block-button has-custom-font-size is-style-outline has-normal-font-size is-style-outline--3\" id=\"https:\/\/educar.uab.cat\/article\/view\/v61-n1-tejada-et-al\"><a class=\"wp-block-button__link wp-element-button\" href=\"https:\/\/educar.uab.cat\/article\/view\/v61-n1-tejada-et-al\/2082-pdf\" style=\"border-radius:39px\">pdf<\/a><\/div>\n<\/div>\n\n\n\n<hr class=\"wp-block-separator has-alpha-channel-opacity\" \/>\n\n\n\n<h2 class=\"wp-block-heading\">Cap\u00edtulo de Libro<\/h2>\n\n\n\n<p>Capitulo N\u00ba7: Las pr\u00e1cticas curriculares en la adquisici\u00f3n de competencias relacionadas con la atenci\u00f3n de la diversidad Sexo-Gen\u00e9rica. Un estudio comparado de Gu\u00edas docentes<\/p>\n\n\n\n<figure class=\"wp-block-gallery has-nested-images columns-default is-cropped wp-block-gallery-4 is-layout-flex wp-block-gallery-is-layout-flex\">\n<figure class=\"wp-block-image size-large\"><img loading=\"lazy\" decoding=\"async\" width=\"792\" height=\"1024\" data-id=\"588\" src=\"https:\/\/webs.uab.cat\/cifo\/wp-content\/uploads\/sites\/66\/2025\/11\/practicum-y-practicas-externas-al-encuentro-de-los-objetivos-de-desarrollo-sostenible-792x1024.jpg\" alt=\"\" class=\"wp-image-588\" srcset=\"https:\/\/webs.uab.cat\/cifo\/wp-content\/uploads\/sites\/66\/2025\/11\/practicum-y-practicas-externas-al-encuentro-de-los-objetivos-de-desarrollo-sostenible-792x1024.jpg 792w, https:\/\/webs.uab.cat\/cifo\/wp-content\/uploads\/sites\/66\/2025\/11\/practicum-y-practicas-externas-al-encuentro-de-los-objetivos-de-desarrollo-sostenible-232x300.jpg 232w, https:\/\/webs.uab.cat\/cifo\/wp-content\/uploads\/sites\/66\/2025\/11\/practicum-y-practicas-externas-al-encuentro-de-los-objetivos-de-desarrollo-sostenible-768x993.jpg 768w, https:\/\/webs.uab.cat\/cifo\/wp-content\/uploads\/sites\/66\/2025\/11\/practicum-y-practicas-externas-al-encuentro-de-los-objetivos-de-desarrollo-sostenible.jpg 1100w\" sizes=\"auto, (max-width: 792px) 100vw, 792px\" \/><\/figure>\n\n\n\n<figure class=\"wp-block-image size-large\"><img loading=\"lazy\" decoding=\"async\" width=\"697\" height=\"403\" data-id=\"589\" src=\"https:\/\/webs.uab.cat\/cifo\/wp-content\/uploads\/sites\/66\/2025\/11\/Participantes-libro.png\" alt=\"\" class=\"wp-image-589\" srcset=\"https:\/\/webs.uab.cat\/cifo\/wp-content\/uploads\/sites\/66\/2025\/11\/Participantes-libro.png 697w, https:\/\/webs.uab.cat\/cifo\/wp-content\/uploads\/sites\/66\/2025\/11\/Participantes-libro-300x173.png 300w\" sizes=\"auto, (max-width: 697px) 100vw, 697px\" \/><\/figure>\n\n\n\n<figure class=\"wp-block-image size-large\"><img loading=\"lazy\" decoding=\"async\" width=\"700\" height=\"401\" data-id=\"590\" src=\"https:\/\/webs.uab.cat\/cifo\/wp-content\/uploads\/sites\/66\/2025\/11\/Indice-Libro.png\" alt=\"\" class=\"wp-image-590\" srcset=\"https:\/\/webs.uab.cat\/cifo\/wp-content\/uploads\/sites\/66\/2025\/11\/Indice-Libro.png 700w, https:\/\/webs.uab.cat\/cifo\/wp-content\/uploads\/sites\/66\/2025\/11\/Indice-Libro-300x172.png 300w\" sizes=\"auto, (max-width: 700px) 100vw, 700px\" \/><\/figure>\n<\/figure>\n\n\n\n<h2 class=\"wp-block-heading\">Resumen<\/h2>\n\n\n\n<p>El \u00e9xito de la educaci\u00f3n inclusiva desde la perspectiva de la diversidad sexo-gen\u00e9rica depende de las condiciones en las que se ponen en pr\u00e1ctica las competencias profesionales de los docentes. Las pr\u00e1cticas curriculares de ense\u00f1anza juegan un importante papel en la inmersi\u00f3n y primera socializaci\u00f3n del futuro docente. Presentamos un estudio comparativo de an\u00e1lisis de gu\u00edas docentes de pr\u00e1cticum en las diferentes titulaciones de educaci\u00f3n en la formaci\u00f3n inicial del profesorado. Se ha trabajado con un total de 89 gu\u00edas docentes de las universidades: Aut\u00f3noma de Barcelona (UAB), Complutense de Madrid (UCM), Ja\u00e9n (UJA), Le\u00f3n (ULE) y Zaragoza (UNIZAR). Se ha analizado la presencia de referencias expl\u00edcitas e impl\u00edcitas o su ausencia, en diferentes elementos curriculares como las competencias docentes, contenidos y resultados de aprendizaje, entre otros. Los resultados del an\u00e1lisis indican que los planes de estudio de las titulaciones de los docentes carecen de referencias para dotar de conocimientos y estrategias eficaces que faciliten la atenci\u00f3n a la diversidad sexo-gen\u00e9rica en las instituciones de educaci\u00f3n obligatoria.<\/p>\n\n\n\n<p><strong>Autoras: <\/strong>Rosa Eva Valle Fl\u00f3rez, M\u00aa Jes\u00fas Colmenero Ruiz, Rebeca Soler Costa, Mercedes S\u00e1nchez S\u00e1inz<\/p>\n\n\n\n<hr class=\"wp-block-separator has-alpha-channel-opacity\" \/>\n\n\n\n<figure class=\"wp-block-image size-large\"><img loading=\"lazy\" decoding=\"async\" width=\"1024\" height=\"734\" src=\"https:\/\/webs.uab.cat\/cifo\/wp-content\/uploads\/sites\/66\/2025\/11\/image-1-1024x734.png\" alt=\"\" class=\"wp-image-525\" srcset=\"https:\/\/webs.uab.cat\/cifo\/wp-content\/uploads\/sites\/66\/2025\/11\/image-1-1024x734.png 1024w, https:\/\/webs.uab.cat\/cifo\/wp-content\/uploads\/sites\/66\/2025\/11\/image-1-300x215.png 300w, https:\/\/webs.uab.cat\/cifo\/wp-content\/uploads\/sites\/66\/2025\/11\/image-1-768x551.png 768w, https:\/\/webs.uab.cat\/cifo\/wp-content\/uploads\/sites\/66\/2025\/11\/image-1.png 1064w\" sizes=\"auto, (max-width: 1024px) 100vw, 1024px\" \/><\/figure>\n\n\n\n<h2 class=\"wp-block-heading\">Resumen<\/h2>\n\n\n\n<p>La atenci\u00f3n a la diversidad sexo-gen\u00e9rica (DSG) ha ido surgiendo en la \u00faltima d\u00e9cada como una necesidad reivindicada, no solo en los contextos sociales, sino tambi\u00e9n en los educativos; particularmente por aquellos colectivos que han tenido que afrontar situaciones de vulnerabilidad derivada de su orientaci\u00f3n sexual o su identidad de g\u00e9nero. A este respecto se pueden referir situaciones relacionadas con la LGBTIQfobia, el bullying y la exclusi\u00f3n por discriminaci\u00f3n (INJUVE\/CIS, 2011; Liscano y Jurado, 2016). Las universidades tienen la responsabilidad social de ser proactivas en la promoci\u00f3n de la equidad, igualdad y justicia social, concepciones clave que orientan los procesos de inclusi\u00f3n socioeducativa. El contexto universitario como escenario para el aprendizaje profesional incorpora una mayor responsabilidad si cabe, sobre todo en cuanto a la formaci\u00f3n de profesionales de la educaci\u00f3n que en el futuro ser\u00e1n la base sobre la que se sustentar\u00e1 la acci\u00f3n educativa en los diferentes niveles del sistema educativo. Si bien es cierto que en educaci\u00f3n superior existen pocos estudios sobre el particular, estamos necesitados de conocimiento de experiencias y pr\u00e1cticas en este \u00e1mbito, m\u00e1xime en la formaci\u00f3n de profesionales de la educaci\u00f3n (P\u00e9rezJorge et al. 2020).<\/p>\n\n\n\n<div class=\"wp-block-buttons is-content-justification-center is-layout-flex wp-container-core-buttons-is-layout-16018d1d wp-block-buttons-is-layout-flex\">\n<div class=\"wp-block-button has-custom-font-size is-style-outline has-normal-font-size is-style-outline--5\"><a class=\"wp-block-button__link wp-element-button\" href=\"https:\/\/ddd.uab.cat\/pub\/artpub\/2025\/a810611baf1a\/2025_TEJADA-JURADO-NAVIO_Aula-Magna-2.0_div_sexo.pdf\" style=\"border-radius:71px\">PDF<\/a><\/div>\n<\/div>\n\n\n\n<hr class=\"wp-block-separator has-alpha-channel-opacity\" \/>\n\n\n\n<figure class=\"wp-block-image size-large\"><img loading=\"lazy\" decoding=\"async\" width=\"960\" height=\"516\" src=\"https:\/\/webs.uab.cat\/cifo\/wp-content\/uploads\/sites\/66\/2025\/11\/image-2-edited.png\" alt=\"\" class=\"wp-image-529\" srcset=\"https:\/\/webs.uab.cat\/cifo\/wp-content\/uploads\/sites\/66\/2025\/11\/image-2-edited.png 960w, https:\/\/webs.uab.cat\/cifo\/wp-content\/uploads\/sites\/66\/2025\/11\/image-2-edited-300x161.png 300w, https:\/\/webs.uab.cat\/cifo\/wp-content\/uploads\/sites\/66\/2025\/11\/image-2-edited-768x413.png 768w\" sizes=\"auto, (max-width: 960px) 100vw, 960px\" \/><\/figure>\n\n\n\n<h2 class=\"wp-block-heading\">Resumen<\/h2>\n\n\n\n<p>La formaci\u00f3n del profesorado en diversidad sexo-gen\u00e9rica es esencial para lograr una educaci\u00f3n inclusiva. Este estudio se centra en la percepci\u00f3n y las pr\u00e1cticas educativas de estudiantes de educaci\u00f3n superior en relaci\u00f3n con la diversidad sexo-gen\u00e9rica. Participaron 269 estudiantes de diversas universidades y titulaciones de educaci\u00f3n, evalu\u00e1ndose su conocimiento mediante una escala de estimaci\u00f3n tipo Likert con 20 \u00edtems, agrupados en tres factores: identidad de g\u00e9nero, orientaci\u00f3n sexual y discriminaci\u00f3n. Los resultados indican un conocimiento medio sobre diversidad sexo-gen\u00e9rica, destacando los conceptos relacionados con el colectivo LGBTIQ+, y observ\u00e1ndose dificultades en t\u00e9rminos como \u201cDemisexual\u201d, \u201cAndrocentrismo\u201d y \u201cTeor\u00eda Queer\u201d. Se han encontrado diferencias estad\u00edsticamente significativas por g\u00e9nero, edad, titulaci\u00f3n e ideolog\u00eda. En \u00faltima instancia, se subraya la importancia de comprender la diversidad sexo-gen\u00e9rica para construir una escuela inclusiva y \u00e9tica as\u00ed como la necesidad de proporcionar una formaci\u00f3n al profesorado para mejorar su capacitaci\u00f3n profesional.<\/p>\n\n\n\n<div class=\"wp-block-buttons alignwide is-content-justification-center is-layout-flex wp-container-core-buttons-is-layout-16018d1d wp-block-buttons-is-layout-flex\">\n<div class=\"wp-block-button has-custom-font-size is-style-outline has-normal-font-size is-style-outline--6\"><a class=\"wp-block-button__link wp-element-button\" href=\"https:\/\/reunido.uniovi.es\/index.php\/AA\/article\/view\/21225\/16726\" style=\"border-radius:100px\">pdf<\/a><\/div>\n<\/div>\n\n\n\n<div class=\"wp-block-columns is-layout-flex wp-container-core-columns-is-layout-9d6595d7 wp-block-columns-is-layout-flex\">\n<div class=\"wp-block-column is-layout-flow wp-block-column-is-layout-flow\"><\/div>\n\n\n\n<div class=\"wp-block-column is-layout-flow wp-block-column-is-layout-flow\"><\/div>\n\n\n\n<div class=\"wp-block-column is-layout-flow wp-block-column-is-layout-flow\"><\/div>\n<\/div>\n\n\n\n<div class=\"wp-block-group alignwide\"><div class=\"wp-block-group__inner-container is-layout-constrained wp-block-group-is-layout-constrained\">\n\n<\/div><\/div>\n\n\n\n<p><\/p>\n","protected":false},"excerpt":{"rendered":"<p>Resumen the aim of this paper is to present the findings of the validation process of the&nbsp;Self-Assessment Questionnaire on University Students&#8217; Knowledge and Perceptions Regarding the Inclusion of LGBTIQ&nbsp;+ Students.&nbsp;Method: this was an instrumental study. The reference population comprised students on bachelors&#8217;, masters&#8217; and MEd degrees in Spanish education faculties. The pilot sample consisted of [&hellip;]<\/p>\n","protected":false},"author":2928,"featured_media":0,"parent":0,"menu_order":0,"comment_status":"closed","ping_status":"closed","template":"","meta":{"footnotes":""},"class_list":["post-514","page","type-page","status-publish","hentry"],"_links":{"self":[{"href":"https:\/\/webs.uab.cat\/cifo\/wp-json\/wp\/v2\/pages\/514","targetHints":{"allow":["GET"]}}],"collection":[{"href":"https:\/\/webs.uab.cat\/cifo\/wp-json\/wp\/v2\/pages"}],"about":[{"href":"https:\/\/webs.uab.cat\/cifo\/wp-json\/wp\/v2\/types\/page"}],"author":[{"embeddable":true,"href":"https:\/\/webs.uab.cat\/cifo\/wp-json\/wp\/v2\/users\/2928"}],"replies":[{"embeddable":true,"href":"https:\/\/webs.uab.cat\/cifo\/wp-json\/wp\/v2\/comments?post=514"}],"version-history":[{"count":13,"href":"https:\/\/webs.uab.cat\/cifo\/wp-json\/wp\/v2\/pages\/514\/revisions"}],"predecessor-version":[{"id":602,"href":"https:\/\/webs.uab.cat\/cifo\/wp-json\/wp\/v2\/pages\/514\/revisions\/602"}],"wp:attachment":[{"href":"https:\/\/webs.uab.cat\/cifo\/wp-json\/wp\/v2\/media?parent=514"}],"curies":[{"name":"wp","href":"https:\/\/api.w.org\/{rel}","templated":true}]}}