{"id":538,"date":"2025-11-19T08:53:00","date_gmt":"2025-11-19T08:53:00","guid":{"rendered":"https:\/\/webs.uab.cat\/cifo\/?page_id=538"},"modified":"2025-11-19T11:45:41","modified_gmt":"2025-11-19T11:45:41","slug":"actividades-proyectos","status":"publish","type":"page","link":"https:\/\/webs.uab.cat\/cifo\/actividades-proyectos\/","title":{"rendered":"Actividades Proyectos"},"content":{"rendered":"\n<figure class=\"wp-block-image alignwide size-full\"><img loading=\"lazy\" decoding=\"async\" width=\"1024\" height=\"433\" src=\"https:\/\/webs.uab.cat\/cifo\/wp-content\/uploads\/sites\/66\/2025\/11\/Gemini_Generated_Image_q523d9q523d9q523.png\" alt=\"\" class=\"wp-image-540\" srcset=\"https:\/\/webs.uab.cat\/cifo\/wp-content\/uploads\/sites\/66\/2025\/11\/Gemini_Generated_Image_q523d9q523d9q523.png 1024w, https:\/\/webs.uab.cat\/cifo\/wp-content\/uploads\/sites\/66\/2025\/11\/Gemini_Generated_Image_q523d9q523d9q523-300x127.png 300w, https:\/\/webs.uab.cat\/cifo\/wp-content\/uploads\/sites\/66\/2025\/11\/Gemini_Generated_Image_q523d9q523d9q523-768x325.png 768w\" sizes=\"auto, (max-width: 1024px) 100vw, 1024px\" \/><\/figure>\n\n\n<ul class=\"wp-block-latest-posts__list has-dates alignwide wp-block-latest-posts\"><li><div class=\"wp-block-latest-posts__featured-image alignright\"><a href=\"https:\/\/webs.uab.cat\/cifo\/2025\/09\/12\/xv-encuentro-ripo-zaragoza\/\" aria-label=\"XV Encuentro RIPO Zaragoza\"><img loading=\"lazy\" decoding=\"async\" width=\"300\" height=\"225\" src=\"https:\/\/webs.uab.cat\/cifo\/wp-content\/uploads\/sites\/66\/2025\/11\/image-4-300x225.png\" class=\"attachment-medium size-medium wp-post-image\" alt=\"\" style=\"\" srcset=\"https:\/\/webs.uab.cat\/cifo\/wp-content\/uploads\/sites\/66\/2025\/11\/image-4-300x225.png 300w, https:\/\/webs.uab.cat\/cifo\/wp-content\/uploads\/sites\/66\/2025\/11\/image-4-768x576.png 768w, https:\/\/webs.uab.cat\/cifo\/wp-content\/uploads\/sites\/66\/2025\/11\/image-4.png 1024w\" sizes=\"auto, (max-width: 300px) 100vw, 300px\" \/><\/a><\/div><a class=\"wp-block-latest-posts__post-title\" href=\"https:\/\/webs.uab.cat\/cifo\/2025\/09\/12\/xv-encuentro-ripo-zaragoza\/\">XV Encuentro RIPO Zaragoza<\/a><time datetime=\"2025-09-12T07:12:10+00:00\" class=\"wp-block-latest-posts__post-date\">12 de septiembre de 2025<\/time><div class=\"wp-block-latest-posts__post-excerpt\">La Facultad de Educaci\u00f3n de la Universidad de Zaragoza se convierte en el epicentro de la innovaci\u00f3n educativa con la celebraci\u00f3n del XV Seminario de la Red RIPO (Red de Investigaci\u00f3n sobre Proyectos Interdisciplinares Organizados). Este encuentro anual re\u00fane a acad\u00e9micos, profesores e investigadores de diversas universidades con el objetivo de presentar y debatir proyectos&#8230; <a class=\"wp-block-latest-posts__read-more\" href=\"https:\/\/webs.uab.cat\/cifo\/2025\/09\/12\/xv-encuentro-ripo-zaragoza\/\" rel=\"noopener noreferrer\">Lee m\u00e1s<span class=\"screen-reader-text\">: XV Encuentro RIPO Zaragoza<\/span><\/a><\/div><\/li>\n<li><div class=\"wp-block-latest-posts__featured-image alignright\"><a href=\"https:\/\/webs.uab.cat\/cifo\/2025\/03\/10\/jornada-de-formacion-de-profesionales-de-la-educacion-ante-las-diversidades-sexo-genericas-universidad-de-jaen\/\" aria-label=\"Jornada de Formaci\u00f3n de profesionales de la educaci\u00f3n ante las diversidades sexo-gen\u00e9ricas Universidad de Ja\u00e9n\"><img loading=\"lazy\" decoding=\"async\" width=\"300\" height=\"300\" src=\"https:\/\/webs.uab.cat\/cifo\/wp-content\/uploads\/sites\/66\/2025\/03\/Portada-300x300.png\" class=\"attachment-medium size-medium wp-post-image\" alt=\"\" style=\"\" srcset=\"https:\/\/webs.uab.cat\/cifo\/wp-content\/uploads\/sites\/66\/2025\/03\/Portada-300x300.png 300w, https:\/\/webs.uab.cat\/cifo\/wp-content\/uploads\/sites\/66\/2025\/03\/Portada-1024x1024.png 1024w, https:\/\/webs.uab.cat\/cifo\/wp-content\/uploads\/sites\/66\/2025\/03\/Portada-150x150.png 150w, https:\/\/webs.uab.cat\/cifo\/wp-content\/uploads\/sites\/66\/2025\/03\/Portada-768x768.png 768w, https:\/\/webs.uab.cat\/cifo\/wp-content\/uploads\/sites\/66\/2025\/03\/Portada-1536x1536.png 1536w, https:\/\/webs.uab.cat\/cifo\/wp-content\/uploads\/sites\/66\/2025\/03\/Portada-2048x2048.png 2048w, https:\/\/webs.uab.cat\/cifo\/wp-content\/uploads\/sites\/66\/2025\/03\/Portada-1200x1200.png 1200w, https:\/\/webs.uab.cat\/cifo\/wp-content\/uploads\/sites\/66\/2025\/03\/Portada-1980x1980.png 1980w\" sizes=\"auto, (max-width: 300px) 100vw, 300px\" \/><\/a><\/div><a class=\"wp-block-latest-posts__post-title\" href=\"https:\/\/webs.uab.cat\/cifo\/2025\/03\/10\/jornada-de-formacion-de-profesionales-de-la-educacion-ante-las-diversidades-sexo-genericas-universidad-de-jaen\/\">Jornada de Formaci\u00f3n de profesionales de la educaci\u00f3n ante las diversidades sexo-gen\u00e9ricas Universidad de Ja\u00e9n<\/a><time datetime=\"2025-03-10T08:50:59+00:00\" class=\"wp-block-latest-posts__post-date\">10 de marzo de 2025<\/time><div class=\"wp-block-latest-posts__post-excerpt\">Jornada de Formaci\u00f3n sobre Diversidades Sexo-Gen\u00e9ricas en la Universidad de Ja\u00e9n La Universidad de Ja\u00e9n celebr\u00f3 recientemente una Jornada de Formaci\u00f3n para profesionales de la educaci\u00f3n ante las diversidades sexo-gen\u00e9ricas, un encuentro que reuni\u00f3 a docentes, investigadores y estudiantes con el objetivo de profundizar en los retos y avances que enfrenta el \u00e1mbito educativo en&#8230; <a class=\"wp-block-latest-posts__read-more\" href=\"https:\/\/webs.uab.cat\/cifo\/2025\/03\/10\/jornada-de-formacion-de-profesionales-de-la-educacion-ante-las-diversidades-sexo-genericas-universidad-de-jaen\/\" rel=\"noopener noreferrer\">Lee m\u00e1s<span class=\"screen-reader-text\">: Jornada de Formaci\u00f3n de profesionales de la educaci\u00f3n ante las diversidades sexo-gen\u00e9ricas Universidad de Ja\u00e9n<\/span><\/a><\/div><\/li>\n<li><div class=\"wp-block-latest-posts__featured-image alignright\"><a href=\"https:\/\/webs.uab.cat\/cifo\/2024\/10\/08\/congreso-cidu-2024\/\" aria-label=\"Congreso CIDU 2024\"><img loading=\"lazy\" decoding=\"async\" width=\"300\" height=\"168\" src=\"https:\/\/webs.uab.cat\/cifo\/wp-content\/uploads\/sites\/66\/2024\/10\/cfp-cidu-2024-rh656656665-300x168.jpg\" class=\"attachment-medium size-medium wp-post-image\" alt=\"\" style=\"\" srcset=\"https:\/\/webs.uab.cat\/cifo\/wp-content\/uploads\/sites\/66\/2024\/10\/cfp-cidu-2024-rh656656665-300x168.jpg 300w, https:\/\/webs.uab.cat\/cifo\/wp-content\/uploads\/sites\/66\/2024\/10\/cfp-cidu-2024-rh656656665.jpg 686w\" sizes=\"auto, (max-width: 300px) 100vw, 300px\" \/><\/a><\/div><a class=\"wp-block-latest-posts__post-title\" href=\"https:\/\/webs.uab.cat\/cifo\/2024\/10\/08\/congreso-cidu-2024\/\">Congreso CIDU 2024<\/a><time datetime=\"2024-10-08T08:46:49+00:00\" class=\"wp-block-latest-posts__post-date\">8 de octubre de 2024<\/time><div class=\"wp-block-latest-posts__post-excerpt\">XIII Congreso Iberoamericano de Docencia Universitaria En el marco del Congreso CIDO 2024, celebrado recientemente, se abord\u00f3 un tema de crucial relevancia para el \u00e1mbito educativo: \u00abLa formaci\u00f3n de profesionales de la educaci\u00f3n y las diversidades sexo-gen\u00e9ricas: percepciones y pr\u00e1cticas educativas hacia la inclusi\u00f3n del alumnado LGBTIQ+\u00bb. Este evento reuni\u00f3 a expertos en la materia&#8230; <a class=\"wp-block-latest-posts__read-more\" href=\"https:\/\/webs.uab.cat\/cifo\/2024\/10\/08\/congreso-cidu-2024\/\" rel=\"noopener noreferrer\">Lee m\u00e1s<span class=\"screen-reader-text\">: Congreso CIDU 2024<\/span><\/a><\/div><\/li>\n<\/ul>\n\n\n\n\n\n\n<p><\/p>\n","protected":false},"excerpt":{"rendered":"","protected":false},"author":2928,"featured_media":0,"parent":0,"menu_order":0,"comment_status":"closed","ping_status":"closed","template":"","meta":{"footnotes":""},"class_list":["post-538","page","type-page","status-publish","hentry"],"_links":{"self":[{"href":"https:\/\/webs.uab.cat\/cifo\/wp-json\/wp\/v2\/pages\/538","targetHints":{"allow":["GET"]}}],"collection":[{"href":"https:\/\/webs.uab.cat\/cifo\/wp-json\/wp\/v2\/pages"}],"about":[{"href":"https:\/\/webs.uab.cat\/cifo\/wp-json\/wp\/v2\/types\/page"}],"author":[{"embeddable":true,"href":"https:\/\/webs.uab.cat\/cifo\/wp-json\/wp\/v2\/users\/2928"}],"replies":[{"embeddable":true,"href":"https:\/\/webs.uab.cat\/cifo\/wp-json\/wp\/v2\/comments?post=538"}],"version-history":[{"count":4,"href":"https:\/\/webs.uab.cat\/cifo\/wp-json\/wp\/v2\/pages\/538\/revisions"}],"predecessor-version":[{"id":607,"href":"https:\/\/webs.uab.cat\/cifo\/wp-json\/wp\/v2\/pages\/538\/revisions\/607"}],"wp:attachment":[{"href":"https:\/\/webs.uab.cat\/cifo\/wp-json\/wp\/v2\/media?parent=538"}],"curies":[{"name":"wp","href":"https:\/\/api.w.org\/{rel}","templated":true}]}}