{"id":562,"date":"2025-11-19T09:42:24","date_gmt":"2025-11-19T09:42:24","guid":{"rendered":"https:\/\/webs.uab.cat\/cifo\/?page_id=562"},"modified":"2025-11-19T09:58:38","modified_gmt":"2025-11-19T09:58:38","slug":"comunicaciones","status":"publish","type":"page","link":"https:\/\/webs.uab.cat\/cifo\/comunicaciones\/","title":{"rendered":"Comunicaciones"},"content":{"rendered":"<ul class=\"wp-block-latest-posts__list has-dates alignwide wp-block-latest-posts\"><li><div class=\"wp-block-latest-posts__featured-image alignleft\"><img loading=\"lazy\" decoding=\"async\" width=\"580\" height=\"251\" src=\"https:\/\/webs.uab.cat\/cifo\/wp-content\/uploads\/sites\/66\/2025\/11\/Gemini_Generated_Image_mfy2pmmfy2pmmfy2.png\" class=\"attachment-large size-large wp-post-image\" alt=\"\" style=\"\" srcset=\"https:\/\/webs.uab.cat\/cifo\/wp-content\/uploads\/sites\/66\/2025\/11\/Gemini_Generated_Image_mfy2pmmfy2pmmfy2.png 1024w, https:\/\/webs.uab.cat\/cifo\/wp-content\/uploads\/sites\/66\/2025\/11\/Gemini_Generated_Image_mfy2pmmfy2pmmfy2-300x130.png 300w, https:\/\/webs.uab.cat\/cifo\/wp-content\/uploads\/sites\/66\/2025\/11\/Gemini_Generated_Image_mfy2pmmfy2pmmfy2-768x332.png 768w\" sizes=\"auto, (max-width: 580px) 100vw, 580px\" \/><\/div><a class=\"wp-block-latest-posts__post-title\" href=\"https:\/\/webs.uab.cat\/cifo\/2025\/10\/03\/poster-la-formacion-de-profesionales-de-la-educacion-y-diversidad-sexo-generica-2025\/\">Poster: La formaci\u00f3n de profesionales de la educaci\u00f3n y diversidad sexo-gen\u00e9rica 2025.<\/a><time datetime=\"2025-10-03T10:00:00+00:00\" class=\"wp-block-latest-posts__post-date\">3 de octubre de 2025<\/time><div class=\"wp-block-latest-posts__post-excerpt\">Referentes clave La inclusi\u00f3n como enfoque dominante. Condici\u00f3n de diversidad humana. Diversidad sexo-gen\u00e9rica.Orientaci\u00f3n sexual. Identidad sexual y de g\u00e9nero. Competencias de atenci\u00f3n y respeto a la diversidad y su relaci\u00f3ncon el proceso formativo Autores Pedro Jurado de los santos \u00a92025 Rebeca Soler \u00a92025 Mar\u00eda Jesus colmenero \u00a92025 M. Rosario Mendoza \u00a92025 Antonio Nav\u00edo \u00a92025 Mercedes&#8230; <a class=\"wp-block-latest-posts__read-more\" href=\"https:\/\/webs.uab.cat\/cifo\/2025\/10\/03\/poster-la-formacion-de-profesionales-de-la-educacion-y-diversidad-sexo-generica-2025\/\" rel=\"noopener noreferrer\">Lee m\u00e1s<span class=\"screen-reader-text\">: Poster: La formaci\u00f3n de profesionales de la educaci\u00f3n y diversidad sexo-gen\u00e9rica 2025.<\/span><\/a><\/div><\/li>\n<li><div class=\"wp-block-latest-posts__featured-image alignleft\"><img loading=\"lazy\" decoding=\"async\" width=\"580\" height=\"251\" src=\"https:\/\/webs.uab.cat\/cifo\/wp-content\/uploads\/sites\/66\/2025\/11\/Gemini_Generated_Image_mfy2pmmfy2pmmfy2.png\" class=\"attachment-large size-large wp-post-image\" alt=\"\" style=\"\" srcset=\"https:\/\/webs.uab.cat\/cifo\/wp-content\/uploads\/sites\/66\/2025\/11\/Gemini_Generated_Image_mfy2pmmfy2pmmfy2.png 1024w, https:\/\/webs.uab.cat\/cifo\/wp-content\/uploads\/sites\/66\/2025\/11\/Gemini_Generated_Image_mfy2pmmfy2pmmfy2-300x130.png 300w, https:\/\/webs.uab.cat\/cifo\/wp-content\/uploads\/sites\/66\/2025\/11\/Gemini_Generated_Image_mfy2pmmfy2pmmfy2-768x332.png 768w\" sizes=\"auto, (max-width: 580px) 100vw, 580px\" \/><\/div><a class=\"wp-block-latest-posts__post-title\" href=\"https:\/\/webs.uab.cat\/cifo\/2024\/09\/18\/poster-la-formacion-de-profesionales-de-la-educacion-y-diversidad-sexo-generica\/\">Poster: La formaci\u00f3n de profesionales de la educaci\u00f3n y diversidad sexo-gen\u00e9rica 2024.<\/a><time datetime=\"2024-09-18T07:42:00+00:00\" class=\"wp-block-latest-posts__post-date\">18 de septiembre de 2024<\/time><div class=\"wp-block-latest-posts__post-excerpt\">Referentes clave La inclusi\u00f3n como enfoque dominante. Condici\u00f3n de diversidad humana. Diversidad sexo-gen\u00e9rica.Orientaci\u00f3n sexual. Identidad sexual y de g\u00e9nero. Competencias de atenci\u00f3n y respeto a la diversidad y su relaci\u00f3ncon el proceso formativo Autores Pedro Jurado de los santos \u00a92024 Rebeca Soler \u00a92024 Mar\u00eda Jesus colmenero \u00a92024 M. Rosario Mendoza \u00a92024 Antonio Nav\u00edo \u00a92024 Mercedes&#8230; <a class=\"wp-block-latest-posts__read-more\" href=\"https:\/\/webs.uab.cat\/cifo\/2024\/09\/18\/poster-la-formacion-de-profesionales-de-la-educacion-y-diversidad-sexo-generica\/\" rel=\"noopener noreferrer\">Lee m\u00e1s<span class=\"screen-reader-text\">: Poster: La formaci\u00f3n de profesionales de la educaci\u00f3n y diversidad sexo-gen\u00e9rica 2024.<\/span><\/a><\/div><\/li>\n<li><div class=\"wp-block-latest-posts__featured-image alignleft\"><img loading=\"lazy\" decoding=\"async\" width=\"580\" height=\"251\" src=\"https:\/\/webs.uab.cat\/cifo\/wp-content\/uploads\/sites\/66\/2025\/11\/Gemini_Generated_Image_mfy2pmmfy2pmmfy2.png\" class=\"attachment-large size-large wp-post-image\" alt=\"\" style=\"\" srcset=\"https:\/\/webs.uab.cat\/cifo\/wp-content\/uploads\/sites\/66\/2025\/11\/Gemini_Generated_Image_mfy2pmmfy2pmmfy2.png 1024w, https:\/\/webs.uab.cat\/cifo\/wp-content\/uploads\/sites\/66\/2025\/11\/Gemini_Generated_Image_mfy2pmmfy2pmmfy2-300x130.png 300w, https:\/\/webs.uab.cat\/cifo\/wp-content\/uploads\/sites\/66\/2025\/11\/Gemini_Generated_Image_mfy2pmmfy2pmmfy2-768x332.png 768w\" sizes=\"auto, (max-width: 580px) 100vw, 580px\" \/><\/div><a class=\"wp-block-latest-posts__post-title\" href=\"https:\/\/webs.uab.cat\/cifo\/2023\/06\/16\/posterla-formacion-de-profesionales-de-la-educacion-y-diversidad-sexo-generica-2023\/\">Poster:La formaci\u00f3n de profesionales de la educaci\u00f3n y diversidad sexo-gen\u00e9rica 2023.<\/a><time datetime=\"2023-06-16T07:59:00+00:00\" class=\"wp-block-latest-posts__post-date\">16 de junio de 2023<\/time><div class=\"wp-block-latest-posts__post-excerpt\">Referentes clave La inclusi\u00f3n como enfoque dominante. Condici\u00f3n de diversidad humana. Diversidad sexo-gen\u00e9rica.Orientaci\u00f3n sexual. Identidad sexual y de g\u00e9nero. Competencias de atenci\u00f3n y respeto a la diversidad y su relaci\u00f3ncon el proceso formativo Autores Pedro Jurado de los santos \u00a92023 Rebeca Soler \u00a92023 Mar\u00eda Jesus colmenero \u00a92023 M. Rosario Mendoza \u00a92023 Antonio Nav\u00edo \u00a92023 Melanni&#8230; <a class=\"wp-block-latest-posts__read-more\" href=\"https:\/\/webs.uab.cat\/cifo\/2023\/06\/16\/posterla-formacion-de-profesionales-de-la-educacion-y-diversidad-sexo-generica-2023\/\" rel=\"noopener noreferrer\">Lee m\u00e1s<span class=\"screen-reader-text\">: Poster:La formaci\u00f3n de profesionales de la educaci\u00f3n y diversidad sexo-gen\u00e9rica 2023.<\/span><\/a><\/div><\/li>\n<\/ul>\n\n\n<div class=\"wp-block-group alignwide has-gris-londres-color has-very-light-gray-to-cyan-bluish-gray-gradient-background has-text-color has-background has-link-color wp-elements-b922e270b081c90c6e9022fee1816d7c is-vertical is-layout-flex wp-container-core-group-is-layout-8cf370e7 wp-block-group-is-layout-flex\"><\/div>\n","protected":false},"excerpt":{"rendered":"","protected":false},"author":2928,"featured_media":0,"parent":0,"menu_order":0,"comment_status":"closed","ping_status":"closed","template":"","meta":{"footnotes":""},"class_list":["post-562","page","type-page","status-publish","hentry"],"_links":{"self":[{"href":"https:\/\/webs.uab.cat\/cifo\/wp-json\/wp\/v2\/pages\/562","targetHints":{"allow":["GET"]}}],"collection":[{"href":"https:\/\/webs.uab.cat\/cifo\/wp-json\/wp\/v2\/pages"}],"about":[{"href":"https:\/\/webs.uab.cat\/cifo\/wp-json\/wp\/v2\/types\/page"}],"author":[{"embeddable":true,"href":"https:\/\/webs.uab.cat\/cifo\/wp-json\/wp\/v2\/users\/2928"}],"replies":[{"embeddable":true,"href":"https:\/\/webs.uab.cat\/cifo\/wp-json\/wp\/v2\/comments?post=562"}],"version-history":[{"count":3,"href":"https:\/\/webs.uab.cat\/cifo\/wp-json\/wp\/v2\/pages\/562\/revisions"}],"predecessor-version":[{"id":574,"href":"https:\/\/webs.uab.cat\/cifo\/wp-json\/wp\/v2\/pages\/562\/revisions\/574"}],"wp:attachment":[{"href":"https:\/\/webs.uab.cat\/cifo\/wp-json\/wp\/v2\/media?parent=562"}],"curies":[{"name":"wp","href":"https:\/\/api.w.org\/{rel}","templated":true}]}}