{"id":359,"date":"2023-11-14T14:09:42","date_gmt":"2023-11-14T12:09:42","guid":{"rendered":"https:\/\/webs.uab.cat\/cimas\/inicio\/"},"modified":"2024-04-30T10:40:01","modified_gmt":"2024-04-30T08:40:01","slug":"inicio","status":"publish","type":"page","link":"https:\/\/webs.uab.cat\/cimas\/es\/","title":{"rendered":"Inicio"},"content":{"rendered":"\n<p class=\"has-text-align-left\">La barrera ling\u00fc\u00edstica es uno de los principales problemas de la <strong>comunicaci\u00f3n<\/strong> entre el <strong>personal sanitario<\/strong> y los <strong>usuarios y usuarias al\u00f3fonas<\/strong> en Espa\u00f1a. La poblaci\u00f3n extranjera en Espa\u00f1a es de 5.512.581. Esta cifra no ha dejado de crecer desde el boom migratorio de los a\u00f1os 90. Dos tercios vienen de pa\u00edses en los que se habla una lengua distinta del espa\u00f1ol o de las dem\u00e1s lenguas oficiales de Espa\u00f1a. Seg\u00fan el IDESCAT, el 16,3 % de la poblaci\u00f3n de Catalu\u00f1a tiene nacionalidad extranjera. Los esfuerzos invertidos en las tres \u00faltimas d\u00e9cadas por los <strong>servicios sanitarios<\/strong> y la administraci\u00f3n p\u00fablica para hacer frente a las <strong>barreras de comunicaci\u00f3n<\/strong> han resultado insuficientes ante el flujo constante, no s\u00f3lo de personas inmigrantes y refugiadas, sino tambi\u00e9n de turistas que visitan nuestro pa\u00eds.<\/p>\n\n<p>Aunque existen estudios a nivel nacional que apuntan hacia una comunicaci\u00f3n defectuosa con <strong>poblaciones inmigrantes<\/strong> que no dominan las <strong>lenguas locales<\/strong> en la atenci\u00f3n sanitaria, los datos recogidos correponden a una situaci\u00f3n muy inicial de la realidad migratoria en Espa\u00f1a de hace 15 a\u00f1os. Asimismo, otros estudios recientes y tesis doctorales se centran en estudios de caso diferentes, con un alcance m\u00e1s limitado. De ah\u00ed que parezca oportuno realizar un nuevo estudio que ofrezca un panorama amplio que tenga en cuenta la <strong>realidad de la inmigraci\u00f3n en Catalu\u00f1a<\/strong> y la situaci\u00f3n socioling\u00fc\u00edstica particular de este territorio, que plantea sus propios retos.<\/p>\n\n<p>Como resultado, este proyecto pretende estudiar y evaluar <strong>la comunicaci\u00f3n intercultural mediada<\/strong> en los servicios sanitarios de Catalu\u00f1a, con el fin de identificar problemas y ofrecer soluciones concretas que puedan beneficiar tanto a las usuarias y usuarios extranjeros de los servicios sanitarios como contribuir a mejorar la eficiencia de los propios servicios sanitarios. Todo ello ofreciendo una visi\u00f3n hol\u00edstica de <strong>las percepciones<\/strong> de todos los y las agentes implicadas (directa o indirectamente) en la comunicaci\u00f3n intercultural mediada en el \u00e1mbito sanitario, como son los proveedores y proveedoras de salud, los usuarios y usuarias, los intermediarios y intermediarias ling\u00fc\u00edsticas (profesionales o no), la gerencia hospitalaria, la direcci\u00f3n y las personas responsables de las pol\u00edticas p\u00fablicas, algo que, hasta donde sabemos, ning\u00fan otro estudio ha hecho antes.<\/p>\n\n<hr class=\"wp-block-separator has-alpha-channel-opacity\" \/>\n\n<p>Este proyecto se trata de un proyecto de generaci\u00f3n de conocimiento orientado a retos de la sociedad y financiado por el Ministerio de Ciencia, Innovaci\u00f3n y Universidades (n\u00famero de referencia: PID2022-137113OB-I00).<\/p>\n","protected":false},"excerpt":{"rendered":"<p>La barrera ling\u00fc\u00edstica es uno de los principales problemas de la comunicaci\u00f3n entre el personal sanitario y los usuarios y usuarias al\u00f3fonas en Espa\u00f1a. La poblaci\u00f3n extranjera en Espa\u00f1a es de 5.512.581. Esta cifra no ha dejado de crecer desde el boom migratorio de los a\u00f1os 90. Dos tercios vienen de pa\u00edses en los que [&hellip;]<\/p>\n","protected":false},"author":2628,"featured_media":0,"parent":0,"menu_order":1,"comment_status":"closed","ping_status":"closed","template":"","meta":{"footnotes":""},"class_list":["post-359","page","type-page","status-publish","hentry"],"_links":{"self":[{"href":"https:\/\/webs.uab.cat\/cimas\/es\/wp-json\/wp\/v2\/pages\/359","targetHints":{"allow":["GET"]}}],"collection":[{"href":"https:\/\/webs.uab.cat\/cimas\/es\/wp-json\/wp\/v2\/pages"}],"about":[{"href":"https:\/\/webs.uab.cat\/cimas\/es\/wp-json\/wp\/v2\/types\/page"}],"author":[{"embeddable":true,"href":"https:\/\/webs.uab.cat\/cimas\/es\/wp-json\/wp\/v2\/users\/2628"}],"replies":[{"embeddable":true,"href":"https:\/\/webs.uab.cat\/cimas\/es\/wp-json\/wp\/v2\/comments?post=359"}],"version-history":[{"count":8,"href":"https:\/\/webs.uab.cat\/cimas\/es\/wp-json\/wp\/v2\/pages\/359\/revisions"}],"predecessor-version":[{"id":513,"href":"https:\/\/webs.uab.cat\/cimas\/es\/wp-json\/wp\/v2\/pages\/359\/revisions\/513"}],"wp:attachment":[{"href":"https:\/\/webs.uab.cat\/cimas\/es\/wp-json\/wp\/v2\/media?parent=359"}],"curies":[{"name":"wp","href":"https:\/\/api.w.org\/{rel}","templated":true}]}}