{"id":373,"date":"2024-01-11T11:57:33","date_gmt":"2024-01-11T09:57:33","guid":{"rendered":"https:\/\/webs.uab.cat\/cimas\/publicaciones\/"},"modified":"2024-05-02T09:55:18","modified_gmt":"2024-05-02T07:55:18","slug":"publicaciones","status":"publish","type":"page","link":"https:\/\/webs.uab.cat\/cimas\/es\/publicaciones\/","title":{"rendered":"Publicaciones"},"content":{"rendered":"\n<p>Esta secci\u00f3n se ir\u00e1 actualizando a medida que se publiquen los trabajos sobre el proyecto.<\/p>\n\n<p><strong>PUBLICACIONES ACAD\u00c9MICAS<\/strong><\/p>\n\n<p><strong>PUBLICACIONES PARA LA DIFUSI\u00d3N<\/strong> <strong>DEL PROYECTO<\/strong><\/p>\n\n<ul class=\"wp-block-list\">\n<li>Entrevista a las investigadoras principales, Anna Gil-Bardaj\u00ed y Gema Rubio:<\/li>\n<\/ul>\n\n<p>UABm\u00e8dia hace una entrevista a las investigadoras principales del proyecto CIMAS. En esta, Gil-Bardaj\u00ed y Rubio comparten informaci\u00f3n sobre el proyecto, como los objetivos principales y la importancia del papel de los y las int\u00e9rpretes en la comunicaci\u00f3n intercultural mediada.<\/p>\n\n<p><a href=\"https:\/\/uab.media\/clip\/849\/informatius-01x12\" target=\"_blank\" rel=\"noreferrer noopener\">https:\/\/uab.media\/clip\/849\/informatius-01&#215;12<\/a> (4:46)<\/p>\n","protected":false},"excerpt":{"rendered":"<p>Esta secci\u00f3n se ir\u00e1 actualizando a medida que se publiquen los trabajos sobre el proyecto. PUBLICACIONES ACAD\u00c9MICAS PUBLICACIONES PARA LA DIFUSI\u00d3N DEL PROYECTO UABm\u00e8dia hace una entrevista a las investigadoras principales del proyecto CIMAS. En esta, Gil-Bardaj\u00ed y Rubio comparten informaci\u00f3n sobre el proyecto, como los objetivos principales y la importancia del papel de los [&hellip;]<\/p>\n","protected":false},"author":2828,"featured_media":0,"parent":0,"menu_order":4,"comment_status":"closed","ping_status":"closed","template":"","meta":{"footnotes":""},"class_list":["post-373","page","type-page","status-publish","hentry"],"_links":{"self":[{"href":"https:\/\/webs.uab.cat\/cimas\/es\/wp-json\/wp\/v2\/pages\/373","targetHints":{"allow":["GET"]}}],"collection":[{"href":"https:\/\/webs.uab.cat\/cimas\/es\/wp-json\/wp\/v2\/pages"}],"about":[{"href":"https:\/\/webs.uab.cat\/cimas\/es\/wp-json\/wp\/v2\/types\/page"}],"author":[{"embeddable":true,"href":"https:\/\/webs.uab.cat\/cimas\/es\/wp-json\/wp\/v2\/users\/2828"}],"replies":[{"embeddable":true,"href":"https:\/\/webs.uab.cat\/cimas\/es\/wp-json\/wp\/v2\/comments?post=373"}],"version-history":[{"count":7,"href":"https:\/\/webs.uab.cat\/cimas\/es\/wp-json\/wp\/v2\/pages\/373\/revisions"}],"predecessor-version":[{"id":521,"href":"https:\/\/webs.uab.cat\/cimas\/es\/wp-json\/wp\/v2\/pages\/373\/revisions\/521"}],"wp:attachment":[{"href":"https:\/\/webs.uab.cat\/cimas\/es\/wp-json\/wp\/v2\/media?parent=373"}],"curies":[{"name":"wp","href":"https:\/\/api.w.org\/{rel}","templated":true}]}}