{"id":377,"date":"2024-01-08T11:34:24","date_gmt":"2024-01-08T09:34:24","guid":{"rendered":"https:\/\/webs.uab.cat\/cimas\/resultados\/"},"modified":"2024-05-02T11:07:32","modified_gmt":"2024-05-02T09:07:32","slug":"resultados","status":"publish","type":"page","link":"https:\/\/webs.uab.cat\/cimas\/es\/resultados\/","title":{"rendered":"Resultados"},"content":{"rendered":"\n<p>Los objetivos generales se materializar\u00e1n en estos <strong>resultados<\/strong> espec\u00edficos:<\/p>\n\n<ol class=\"wp-block-list\">\n<li>Se elaborar\u00e1 y difundir\u00e1 entre diferentes agentes clave un <strong>informe de investigaci\u00f3n<\/strong> sobre la situaci\u00f3n actual de la <strong>comunicaci\u00f3n intercultural mediada<\/strong> en el \u00e1mbito sanitario en Catalu\u00f1a. El objetivo de este informe podr\u00eda ser doble. Por un lado, poner a disposici\u00f3n de las personas usuarias una herramienta informativa sobre los centros <em>sanitarios<\/em> que ofrecen soluciones a las <strong>barreras ling\u00fc\u00edsticas<\/strong>. Por otro lado, potenciar la creaci\u00f3n de redes de soporte y colaboraci\u00f3n entre los centros sanitarios en relaci\u00f3n con la comunicaci\u00f3n mediada. El informe se publicar\u00e1 en el repositorio de la UAB y la p\u00e1gina web del proyecto y se difundir\u00e1 a trav\u00e9s de las redes sociales.<\/li>\n\n\n\n<li>Se dise\u00f1ar\u00e1 una <strong>infograf\u00eda<\/strong> que incluir\u00e1 recomendaciones para <strong>el \u00e1mbito pol\u00edtico, gestores y gestoras, y t\u00e9cnicos de pol\u00edticas p\u00fablicas<\/strong> en el \u00e1mbito de la comunicaci\u00f3n intercultural mediada en el sector sanitario.<\/li>\n\n\n\n<li>Se organizar\u00e1 un <strong>taller<\/strong> al que se invitar\u00e1 a representantes de los y las agentes involucradas de manera directa o indirecta en la comunicaci\u00f3n intercultural mediada en el \u00e1mbito sanitario. Los resultados principales de la investigaci\u00f3n se presentar\u00e1n en este taller, el cual ser\u00e1 un <strong>laboratorio de ideas<\/strong> (think tank) sobre comunicaci\u00f3n intercultural mediada y otras \u00e1reas relacionadas.<\/li>\n\n\n\n<li>Se crear\u00e1 un <strong>corpus con interacciones an\u00f3nimas<\/strong>, grupos focales y transcripciones de las entrevistas. Estar\u00e1 disponible en acceso abierto para facilitar la reutilizaci\u00f3n de los datos que recoge.<\/li>\n\n\n\n<li>Se grabar\u00e1n entre 4 y 6 <strong>p\u00f3dcasts<\/strong> dirigidos al <strong>p\u00fablico general<\/strong>. Estos p\u00f3dcasts abordar\u00e1n los resultados principales de la investigaci\u00f3n. Concretamente, recoger\u00e1n los testimonios de los y las principales agentes involucradas en la <strong>comunicaci\u00f3n intercultural mediada<\/strong> en el <strong>sector sanitario<\/strong> (gestor\u00eda de pol\u00edticas p\u00fablicas; personal sanitario y gestores y gestoras sanitarias; int\u00e9rpretes y mediadores y mediadoras interculturales \u2014profesionales y no profesionales\u2014 y personas usuarias). Estar\u00e1n disponibles en la p\u00e1gina web del proyecto y se difundir\u00e1n a trav\u00e9s de las redes sociales.<\/li>\n<\/ol>\n","protected":false},"excerpt":{"rendered":"<p>Los objetivos generales se materializar\u00e1n en estos resultados espec\u00edficos:<\/p>\n","protected":false},"author":2828,"featured_media":0,"parent":0,"menu_order":3,"comment_status":"closed","ping_status":"closed","template":"","meta":{"footnotes":""},"class_list":["post-377","page","type-page","status-publish","hentry"],"_links":{"self":[{"href":"https:\/\/webs.uab.cat\/cimas\/es\/wp-json\/wp\/v2\/pages\/377","targetHints":{"allow":["GET"]}}],"collection":[{"href":"https:\/\/webs.uab.cat\/cimas\/es\/wp-json\/wp\/v2\/pages"}],"about":[{"href":"https:\/\/webs.uab.cat\/cimas\/es\/wp-json\/wp\/v2\/types\/page"}],"author":[{"embeddable":true,"href":"https:\/\/webs.uab.cat\/cimas\/es\/wp-json\/wp\/v2\/users\/2828"}],"replies":[{"embeddable":true,"href":"https:\/\/webs.uab.cat\/cimas\/es\/wp-json\/wp\/v2\/comments?post=377"}],"version-history":[{"count":16,"href":"https:\/\/webs.uab.cat\/cimas\/es\/wp-json\/wp\/v2\/pages\/377\/revisions"}],"predecessor-version":[{"id":537,"href":"https:\/\/webs.uab.cat\/cimas\/es\/wp-json\/wp\/v2\/pages\/377\/revisions\/537"}],"wp:attachment":[{"href":"https:\/\/webs.uab.cat\/cimas\/es\/wp-json\/wp\/v2\/media?parent=377"}],"curies":[{"name":"wp","href":"https:\/\/api.w.org\/{rel}","templated":true}]}}