{"id":583,"date":"2024-09-06T10:25:59","date_gmt":"2024-09-06T08:25:59","guid":{"rendered":"https:\/\/webs.uab.cat\/cimas\/objetivos-2\/"},"modified":"2024-09-06T10:45:34","modified_gmt":"2024-09-06T08:45:34","slug":"objetivos-2","status":"publish","type":"page","link":"https:\/\/webs.uab.cat\/cimas\/es\/objetivos-2\/","title":{"rendered":"Objetivos"},"content":{"rendered":"\n<p>El objetivo principal de este proyecto es estudiar la <strong>comunicaci\u00f3n intercultural mediada<\/strong> en el <strong>\u00e1mbito sanitario<\/strong>, teniendo en cuenta la perspectiva de todos los y las agentes implicadas directa o indirectamente en esta mediaci\u00f3n. Concretamente, nos centraremos en hospitales y centros de atenci\u00f3n primaria de Catalu\u00f1a. La consecuci\u00f3n de este objetivo principal se llevar\u00e1 a cabo a trav\u00e9s de los siguientes macroobjetivos:   <\/p>\n\n<ol class=\"wp-block-list\" style=\"list-style-type:1\">\n<li>Ofrecer una imagen precisa de la situaci\u00f3n actual de la comunicaci\u00f3n intercultural mediada en el \u00e1mbito sanitario catal\u00e1n.<\/li>\n\n\n\n<li>Evaluar las pol\u00edticas p\u00fablicas dirigidas a la gesti\u00f3n de la comunicaci\u00f3n intercultural en el \u00e1mbito sanitario de Catalu\u00f1a.<\/li>\n\n\n\n<li>Analizar las actitudes de los y las diferentes agentes involucradas en la comunicaci\u00f3n intercultural mediada.<\/li>\n<\/ol>\n\n<p>Cada macroobjetivo incluir\u00e1 los siguientes objetivos espec\u00edficos:<\/p>\n\n<ul class=\"wp-block-list\">\n<li>Macroobjetivo 1: ofrecer una imagen precisa de la situaci\u00f3n actual de la comunicaci\u00f3n intercultural mediada en <strong>el sector sanitario catal\u00e1n<\/strong>.<\/li>\n<\/ul>\n\n<ol class=\"wp-block-list\" style=\"list-style-type:1\">\n<li>Obtener informaci\u00f3n sobre los usuarios y usuarias de los servicios sanitarios catalanes que tengan una competencia limitada en las lenguas locales: n\u00famero, nacionalidad, g\u00e9nero, idiomas hablados y frecuencia de uso de esos servicios. <\/li>\n\n\n\n<li>Estudiar la opini\u00f3n de proveedores y proveedoras directas de dichos servicios (personal sanitario) sobre los problemas y soluciones relacionados con la comunicaci\u00f3n intercultural mediada. <\/li>\n\n\n\n<li>Explorar las percepciones del personal sanitario sobre los usuarios y usuarias con una competencia limitada en lenguas locales en los servicios sanitarios catalanes: n\u00famero, nacionalidad, g\u00e9nero, lenguas habladas, frecuencia de uso de estos servicios, dificultades a las que se enfrentan y percepciones sobre las pol\u00edticas p\u00fablicas. <\/li>\n\n\n\n<li>Definir el perfil de las personas que trabajan ofreciendo un servicio de mediaci\u00f3n e interpretaci\u00f3n remunerado en los servicios sanitarios de Catalu\u00f1a.<\/li>\n\n\n\n<li>Identificar las principales dificultades a las que se enfrentan las personas que trabajan de mediadoras e int\u00e9rpretes interculturales remuneradas.<\/li>\n\n\n\n<li>Conocer cu\u00e1l es la formaci\u00f3n requerida para trabajar en el servicio de <strong>interpretaci\u00f3n<\/strong> y <strong>mediaci\u00f3n intercultural<\/strong> en el sector sanitario de Catalu\u00f1a en la actualidad.<\/li>\n<\/ol>\n\n<ul class=\"wp-block-list\">\n<li>Macroobjectivo 2: <strong>Evaluar las pol\u00edticas p\u00fablicas<\/strong> dirigidas a la gesti\u00f3n de la comunicaci\u00f3n intercultural en el \u00e1mbito sanitario de Catalu\u00f1a.<strong><\/strong><\/li>\n<\/ul>\n\n<ol class=\"wp-block-list\" style=\"list-style-type:1\">\n<li>Explorar si existe un consejo de administraci\u00f3n unificado que gestione todas las pol\u00edticas sobre comunicaci\u00f3n intercultural en la Generalitat de Catalu\u00f1a o si hay diferentes \u00f3rganos que se encargan de ello.<\/li>\n\n\n\n<li>Analizar los aspectos positivos y las deficiencias en materia de comunicaci\u00f3n intercultural mediada en la normativa sanitaria existente en Catalu\u00f1a.<\/li>\n\n\n\n<li>Estudiar si las pol\u00edticas p\u00fablicas en Catalu\u00f1a se aplican de acuerdo con la normativa existente sobre comunicaci\u00f3n intercultural en el sector sanitario.<\/li>\n\n\n\n<li>Investigar la opini\u00f3n de los y las agentes responsables de las pol\u00edticas p\u00fablicas en Catalu\u00f1a sobre la situaci\u00f3n de la comunicaci\u00f3n mediada en el sector sanitario. <\/li>\n\n\n\n<li>Elaborar un informe que describa la situaci\u00f3n de la comunicaci\u00f3n intercultural mediada en las pol\u00edticas p\u00fablicas, tanto a nivel internacional y europeo como nacional y regional. Estar\u00e1 disponible en los repositorios de acceso abierto institucionales. <\/li>\n\n\n\n<li>Elaborar art\u00edculos sobre el tema.<\/li>\n<\/ol>\n\n<ul class=\"wp-block-list\">\n<li>Macroobjectivo 3: analizar las actitudes de los y las agentes involucradas en la comunicaci\u00f3n intercultural mediada.<\/li>\n<\/ul>\n\n<ol class=\"wp-block-list\" style=\"list-style-type:1\">\n<li>Recopilar datos de situaciones reales de comunicaci\u00f3n intercultural mediada en el sector sanitario.<\/li>\n\n\n\n<li>Analizar estas situaciones de comunicaci\u00f3n intercultural mediada en el sector sanitario para investigar las relaciones de poder que se establecen en ellas.<\/li>\n\n\n\n<li>Explorar la percepci\u00f3n de las necesidades de comunicaci\u00f3n por parte de los y las agentes implicadas y determinar hasta qu\u00e9 punto hay resistencia o aceptaci\u00f3n de las soluciones existentes.<\/li>\n\n\n\n<li>Analizar los niveles de confianza en las distintas figuras profesionales de la comunicaci\u00f3n intercultural mediada (por ejemplo, en<strong> las personas que ofrecen mediaci\u00f3n intercultural<\/strong> o <strong>interpretaci\u00f3n ling\u00fc\u00edstica<\/strong>, las que son <strong>trabajadoras sanitarias comunitarias,<\/strong> etc.). <\/li>\n\n\n\n<li>Medir los niveles de satisfacci\u00f3n de todos los y las agentes implicadas con las distintas soluciones existentes para facilitar la comunicaci\u00f3n intercultural mediada.<\/li>\n\n\n\n<li>Estudiar el impacto que tienen las actitudes hacia las distintas lenguas en la comunicaci\u00f3n intercultural mediada. <\/li>\n\n\n\n<li>Concienciar a los y las distintas agentes sobre las oportunidades de mejora en el \u00e1mbito de la comunicaci\u00f3n intercultural mediada en el sector sanitario. <strong><\/strong><\/li>\n<\/ol>\n","protected":false},"excerpt":{"rendered":"<p>El objetivo principal de este proyecto es estudiar la comunicaci\u00f3n intercultural mediada en el \u00e1mbito sanitario, teniendo en cuenta la perspectiva de todos los y las agentes implicadas directa o indirectamente en esta mediaci\u00f3n. Concretamente, nos centraremos en hospitales y centros de atenci\u00f3n primaria de Catalu\u00f1a. La consecuci\u00f3n de este objetivo principal se llevar\u00e1 a [&hellip;]<\/p>\n","protected":false},"author":955,"featured_media":0,"parent":0,"menu_order":3,"comment_status":"closed","ping_status":"closed","template":"","meta":{"footnotes":""},"class_list":["post-583","page","type-page","status-publish","hentry"],"_links":{"self":[{"href":"https:\/\/webs.uab.cat\/cimas\/es\/wp-json\/wp\/v2\/pages\/583","targetHints":{"allow":["GET"]}}],"collection":[{"href":"https:\/\/webs.uab.cat\/cimas\/es\/wp-json\/wp\/v2\/pages"}],"about":[{"href":"https:\/\/webs.uab.cat\/cimas\/es\/wp-json\/wp\/v2\/types\/page"}],"author":[{"embeddable":true,"href":"https:\/\/webs.uab.cat\/cimas\/es\/wp-json\/wp\/v2\/users\/955"}],"replies":[{"embeddable":true,"href":"https:\/\/webs.uab.cat\/cimas\/es\/wp-json\/wp\/v2\/comments?post=583"}],"version-history":[{"count":3,"href":"https:\/\/webs.uab.cat\/cimas\/es\/wp-json\/wp\/v2\/pages\/583\/revisions"}],"predecessor-version":[{"id":586,"href":"https:\/\/webs.uab.cat\/cimas\/es\/wp-json\/wp\/v2\/pages\/583\/revisions\/586"}],"wp:attachment":[{"href":"https:\/\/webs.uab.cat\/cimas\/es\/wp-json\/wp\/v2\/media?parent=583"}],"curies":[{"name":"wp","href":"https:\/\/api.w.org\/{rel}","templated":true}]}}