{"id":267,"date":"2024-01-11T11:57:33","date_gmt":"2024-01-11T09:57:33","guid":{"rendered":"https:\/\/webs.uab.cat\/cimas\/publicacions\/"},"modified":"2024-04-30T09:21:32","modified_gmt":"2024-04-30T07:21:32","slug":"publicacions","status":"publish","type":"page","link":"https:\/\/webs.uab.cat\/cimas\/publicacions\/","title":{"rendered":"Publicacions"},"content":{"rendered":"\n<p>S&#8217;anir\u00e0 actualitzant aquesta secci\u00f3 a mesura que es publiquin articles sobre el projecte.<\/p>\n\n<p><strong>PUBLICACIONS ACAD\u00c8MIQUES<\/strong><\/p>\n\n<p><strong>PUBLICACIONS DE DIFUSI\u00d3<\/strong> <strong>DEL PROJECTE<\/strong><\/p>\n\n<ul class=\"wp-block-list\">\n<li>Entrevista a les investigadores principals, l&#8217;Anna Gil-Bardaj\u00ed i la Gema Rubio:<\/li>\n<\/ul>\n\n<p>UABm\u00e8dia fa una entrevista a les investigadores principals del projecte CIMAS. En l&#8217;entrevista, Gil-Bardaj\u00ed i Rubio comparteixen informaci\u00f3 sobre el projecte, com ara els objectius principals i la import\u00e0ncia del paper dels i de les int\u00e8rprets en la comunicaci\u00f3 intercultural mediada.<\/p>\n\n<p><a href=\"https:\/\/uab.media\/clip\/849\/informatius-01x12\" target=\"_blank\" rel=\"noreferrer noopener\">https:\/\/uab.media\/clip\/849\/informatius-01&#215;12<\/a> (4:46)<\/p>\n","protected":false},"excerpt":{"rendered":"<p>S&#8217;anir\u00e0 actualitzant aquesta secci\u00f3 a mesura que es publiquin articles sobre el projecte. PUBLICACIONS ACAD\u00c8MIQUES PUBLICACIONS DE DIFUSI\u00d3 DEL PROJECTE UABm\u00e8dia fa una entrevista a les investigadores principals del projecte CIMAS. En l&#8217;entrevista, Gil-Bardaj\u00ed i Rubio comparteixen informaci\u00f3 sobre el projecte, com ara els objectius principals i la import\u00e0ncia del paper dels i de les [&hellip;]<\/p>\n","protected":false},"author":2828,"featured_media":0,"parent":0,"menu_order":4,"comment_status":"closed","ping_status":"closed","template":"","meta":{"footnotes":""},"class_list":["post-267","page","type-page","status-publish","hentry"],"_links":{"self":[{"href":"https:\/\/webs.uab.cat\/cimas\/wp-json\/wp\/v2\/pages\/267","targetHints":{"allow":["GET"]}}],"collection":[{"href":"https:\/\/webs.uab.cat\/cimas\/wp-json\/wp\/v2\/pages"}],"about":[{"href":"https:\/\/webs.uab.cat\/cimas\/wp-json\/wp\/v2\/types\/page"}],"author":[{"embeddable":true,"href":"https:\/\/webs.uab.cat\/cimas\/wp-json\/wp\/v2\/users\/2828"}],"replies":[{"embeddable":true,"href":"https:\/\/webs.uab.cat\/cimas\/wp-json\/wp\/v2\/comments?post=267"}],"version-history":[{"count":20,"href":"https:\/\/webs.uab.cat\/cimas\/wp-json\/wp\/v2\/pages\/267\/revisions"}],"predecessor-version":[{"id":507,"href":"https:\/\/webs.uab.cat\/cimas\/wp-json\/wp\/v2\/pages\/267\/revisions\/507"}],"wp:attachment":[{"href":"https:\/\/webs.uab.cat\/cimas\/wp-json\/wp\/v2\/media?parent=267"}],"curies":[{"name":"wp","href":"https:\/\/api.w.org\/{rel}","templated":true}]}}