{"id":333,"date":"2024-01-08T11:34:24","date_gmt":"2024-01-08T09:34:24","guid":{"rendered":"https:\/\/webs.uab.cat\/cimas\/resultats\/"},"modified":"2024-05-02T11:17:57","modified_gmt":"2024-05-02T09:17:57","slug":"resultats","status":"publish","type":"page","link":"https:\/\/webs.uab.cat\/cimas\/resultats\/","title":{"rendered":"Resultats"},"content":{"rendered":"\n<p>Els objectius generals es materialitzaran en els seg\u00fcents <strong>resultats<\/strong>:<\/p>\n\n<ol class=\"wp-block-list\">\n<li>S&#8217;elaborar\u00e0 i es difondr\u00e0 entre diferents agents claus un <strong>informe de recerca<\/strong> sobre la situaci\u00f3 actual de la <strong>comunicaci\u00f3 intercultural mediada <\/strong>en l&#8217;\u00e0mbit sanitari a Catalunya. L&#8217;objectiu d&#8217;aquest informe podria ser doble. D&#8217;una banda, posar a disposici\u00f3 de les persones usu\u00e0ries una eina informativa sobre els centres <em>sanitaris<\/em> que tenen solucions per a les <strong>barreres ling\u00fc\u00edstiques<\/strong>. De l&#8217;altra, potenciar la creaci\u00f3 d&#8217;una xarxa de suport i de col\u00b7laboraci\u00f3 entre els centres sanitaris pel que fa a la comunicaci\u00f3 mediada. Aquest informe es publicar\u00e0 al repositori de la UAB i a la web del projecte i es difondr\u00e0 a trav\u00e9s de les xarxes socials.<\/li>\n\n\n\n<li>Es dissenyar\u00e0 una <strong>infografia<\/strong> que inclour\u00e0 recomanacions per a <strong>pol\u00edtics i pol\u00edtiques, directors i directores i t\u00e8cnics de pol\u00edtiques p\u00fabliques <\/strong>de l&#8217;\u00e0mbit de la comunicaci\u00f3 intercultural mediada en el sector sanitari.<\/li>\n\n\n\n<li>S&#8217;organitzar\u00e0 un <strong>taller<\/strong> al qual es convidaran representants dels diversos agents implicats de manera directa o indirecta en la comunicaci\u00f3 intercultural mediada en l&#8217;\u00e0mbit sanitari. Els resultats principals de la recerca es presentaran en aquest taller, el qual ser\u00e0 un <strong>laboratori d&#8217;idees<\/strong> (think tank) sobre la comunicaci\u00f3 intercultural mediada i altres \u00e0rees relacionades.<\/li>\n\n\n\n<li>Es crear\u00e0 un <strong>corpus amb interaccions an\u00f2nimes<\/strong>, grups focals i transcripcions d&#8217;entrevistes. Aquest corpus estar\u00e0 disponible en acc\u00e9s obert per facilitar la reutilitzaci\u00f3 de les dades que inclou.<\/li>\n\n\n\n<li>Es gravaran entre 4 i 6 <strong>p\u00f2dcasts<\/strong> dirigits al <strong>p\u00fablic general<\/strong> en qu\u00e8 s&#8217;abordaran els resultats principals de la recerca. Concretament, s&#8217;hi recolliran els testimonis dels i les agents principals involucrats en la <strong>comunicaci\u00f3 intercultural mediada<\/strong> en l&#8217;<strong>\u00e0mbit sanitari<\/strong> (directors i directores de pol\u00edtiques p\u00fabliques, personal sanitari i gerents sanitaris, int\u00e8rprets professionals i no-professionals, mediadiors i mediadores interculturals i persones usu\u00e0ries). Es podran trobar a la web del projecte i es difondran per xarxes socials.<\/li>\n<\/ol>\n","protected":false},"excerpt":{"rendered":"<p>Els objectius generals es materialitzaran en els seg\u00fcents resultats:<\/p>\n","protected":false},"author":2828,"featured_media":0,"parent":0,"menu_order":3,"comment_status":"closed","ping_status":"closed","template":"","meta":{"footnotes":""},"class_list":["post-333","page","type-page","status-publish","hentry"],"_links":{"self":[{"href":"https:\/\/webs.uab.cat\/cimas\/wp-json\/wp\/v2\/pages\/333","targetHints":{"allow":["GET"]}}],"collection":[{"href":"https:\/\/webs.uab.cat\/cimas\/wp-json\/wp\/v2\/pages"}],"about":[{"href":"https:\/\/webs.uab.cat\/cimas\/wp-json\/wp\/v2\/types\/page"}],"author":[{"embeddable":true,"href":"https:\/\/webs.uab.cat\/cimas\/wp-json\/wp\/v2\/users\/2828"}],"replies":[{"embeddable":true,"href":"https:\/\/webs.uab.cat\/cimas\/wp-json\/wp\/v2\/comments?post=333"}],"version-history":[{"count":10,"href":"https:\/\/webs.uab.cat\/cimas\/wp-json\/wp\/v2\/pages\/333\/revisions"}],"predecessor-version":[{"id":541,"href":"https:\/\/webs.uab.cat\/cimas\/wp-json\/wp\/v2\/pages\/333\/revisions\/541"}],"wp:attachment":[{"href":"https:\/\/webs.uab.cat\/cimas\/wp-json\/wp\/v2\/media?parent=333"}],"curies":[{"name":"wp","href":"https:\/\/api.w.org\/{rel}","templated":true}]}}