{"id":575,"date":"2024-09-06T10:25:59","date_gmt":"2024-09-06T08:25:59","guid":{"rendered":"https:\/\/webs.uab.cat\/cimas\/?page_id=575"},"modified":"2024-09-06T10:37:40","modified_gmt":"2024-09-06T08:37:40","slug":"objectius-2","status":"publish","type":"page","link":"https:\/\/webs.uab.cat\/cimas\/objectius-2\/","title":{"rendered":"Objectius"},"content":{"rendered":"\n<p>L&#8217;objectiu principal d&#8217;aquest projecte \u00e9s estudiar la <strong>comunicaci\u00f3 intercultural mediada<\/strong> en l&#8217;<strong>\u00e0mbit sanitari<\/strong>, tenint en compte la perspectiva de tots els agents i les agents involucrats de manera directa o indirecta en aquesta mediaci\u00f3. En concret, ens centrarem en els hospitals i els centres d&#8217;atenci\u00f3 prim\u00e0ria (CAP) de Catalunya. L&#8217;assoliment d&#8217;aquest objectiu principal s&#8217;aconseguir\u00e0 a trav\u00e9s dels seg\u00fcents macroobjectius: <\/p>\n\n\n\n<ol class=\"wp-block-list\" style=\"list-style-type:1\">\n<li>Oferir un retrat prec\u00eds de la situaci\u00f3 actual de la comunicaci\u00f3 intercultural mediada en l&#8217;\u00e0mbit sanitari catal\u00e0.<\/li>\n\n\n\n<li>Avaluar les pol\u00edtiques p\u00fabliques destinades a la gesti\u00f3 de la comunicaci\u00f3 intercultural a l&#8217;\u00e0mbit sanitari de Catalunya.<\/li>\n\n\n\n<li>Analitzar les actituds que tenen els i les agents involucrats vers la comunicaci\u00f3 intercultural mediada.<\/li>\n<\/ol>\n\n\n\n<p>Cada macroobjectiu inclour\u00e0 els seg\u00fcents objectius espec\u00edfics:<\/p>\n\n\n\n<ul class=\"wp-block-list\">\n<li>Macroobjectiu 1: oferir un retrat prec\u00eds de la situaci\u00f3 actual de la comunicaci\u00f3 intercultural mediada en l&#8217;<strong>\u00e0mbit sanitari catal\u00e0.<\/strong><\/li>\n<\/ul>\n\n\n\n<ol class=\"wp-block-list\" style=\"list-style-type:1\">\n<li>Obtenir informaci\u00f3 sobre els usuaris i usu\u00e0ries dels serveis sanitaris catalans amb compet\u00e8ncia limitada en lleng\u00fces locals: nombre, nacionalitat, g\u00e8nere, lleng\u00fces que parlen i freq\u00fc\u00e8ncia d&#8217;\u00fas d&#8217;aquests serveis. <\/li>\n\n\n\n<li>Estudiar l&#8217;opini\u00f3 dels prove\u00efdors i prove\u00efdores directes d&#8217;aquests serveis (personal sanitari) sobre els problemes i solucions relacionats amb la comunicaci\u00f3 intercultural mediada. <\/li>\n\n\n\n<li>Explorar les percepcions del personal sanitari sobre els usuaris i usu\u00e0ries amb compet\u00e8ncia limitada en lleng\u00fces locals dels serveis sanitaris de Catalunya: nombre, nacionalitat, g\u00e8nere, lleng\u00fces que parlen, freq\u00fc\u00e8ncia d&#8217;\u00fas d&#8217;aquests serveis, dificultats a les quals s&#8217;enfronten i percepcions de les pol\u00edtiques p\u00fabliques. <\/li>\n\n\n\n<li>Definir el perfil de les persones que treballen oferint un servei remunerat de mediaci\u00f3 i d\u2019interpretaci\u00f3 als serveis sanitaris de Catalunya.<\/li>\n\n\n\n<li>Identificar les principals dificultats que troben les persones que fan de mediadores interculturals remunerades.<\/li>\n\n\n\n<li>Descobrir quin tipus de formaci\u00f3 es demana actualment a les persones que treballen d&#8217;<strong>int\u00e8rprets<\/strong> i <strong>mediadores interculturals<\/strong> en l&#8217;\u00e0mbit sanitari de Catalunya.<\/li>\n<\/ol>\n\n\n\n<ul class=\"wp-block-list\">\n<li>Macroobjectiu 2: <strong>Avaluar les pol\u00edtiques p\u00fabliques<\/strong> destinades a la gesti\u00f3 de la comunicaci\u00f3 intercultural a l&#8217;\u00e0mbit sanitari de Catalunya.<strong><\/strong><\/li>\n<\/ul>\n\n\n\n<ol class=\"wp-block-list\" style=\"list-style-type:1\">\n<li>Explorar si hi ha un consell d&#8217;administraci\u00f3 unificat que gestioni totes les pol\u00edtiques de comunicaci\u00f3 intercultural a la Generalitat de Catalunya o si hi ha diversos \u00f2rgans que se n&#8217;encarreguin.<\/li>\n\n\n\n<li>Analitzar els aspectes positius i les mancances sobre la comunicaci\u00f3 intercultural mediada en la normativa sanit\u00e0ria existent de Catalunya.<\/li>\n\n\n\n<li>Estudiar si les pol\u00edtiques p\u00fabliques de Catalunya s&#8217;implementen d&#8217;acord amb la normativa existent sobre comunicaci\u00f3 intercultural en l&#8217;\u00e0mbit sanitari.<\/li>\n\n\n\n<li>Investigar l&#8217;opini\u00f3 dels agents i les agents responsables de les pol\u00edtiques p\u00fabliques a Catalunya sobre la situaci\u00f3 de la comunicaci\u00f3 mediada en l&#8217;\u00e0mbit sanitari. <\/li>\n\n\n\n<li>Elaborar un informe que descrigui la situaci\u00f3 de la comunicaci\u00f3 intercultural mediada en les pol\u00edtiques p\u00fabliques, tant en l&#8217;\u00e0mbit internacional i europeu com en l&#8217;\u00e0mbit nacional i regional. Es podr\u00e0 consultar als repositoris d&#8217;acc\u00e9s obert institucionals.<\/li>\n\n\n\n<li>Elaborar articles sobre el tema.<\/li>\n<\/ol>\n\n\n\n<ul class=\"wp-block-list\">\n<li>Macroobjectiu 3: analitzar les actituds que tenen els i les agents involucrats vers la comunicaci\u00f3 intercultural mediada.<\/li>\n<\/ul>\n\n\n\n<ol class=\"wp-block-list\" style=\"list-style-type:1\">\n<li>Recollir dades de situacions reals de comunicaci\u00f3 intercultural mediada en l&#8217;\u00e0mbit sanitari.<\/li>\n\n\n\n<li>Analitzar aquestes situacions de comunicaci\u00f3 intercultural mediada en l&#8217;\u00e0mbit sanitari per investigar les relacions de poder que s&#8217;hi estableixen.<\/li>\n\n\n\n<li>Explorar la percepci\u00f3 de les necessitats de comunicaci\u00f3 per part dels i les agents implicats i determinar fins a quin punt es resisteixen a les solucions existents o les accepten.<\/li>\n\n\n\n<li>Analitzar els nivells de confian\u00e7a cap als diversos agents professionals de la comunicaci\u00f3 intercultural mediada (com ara, les <strong>persones que fan mediaci\u00f3 intercultural<\/strong> <strong>o interpretaci\u00f3 ling\u00fc\u00edstica<\/strong>, s\u00f3n <strong>treballadores sanit\u00e0ries comunit\u00e0ries<\/strong>, etc.). <\/li>\n\n\n\n<li>Mesurar els nivells de satisfacci\u00f3 de tots els agents implicats amb les diverses solucions existents per facilitar la comunicaci\u00f3 intercultural mediada.<\/li>\n\n\n\n<li>Estudiar l&#8217;impacte que tenen les actituds cap a les diferents lleng\u00fces en la comunicaci\u00f3 intercultural mediada. <\/li>\n\n\n\n<li>Conscienciar els agents i les agents sobre les oportunitats de millora en l&#8217;\u00e0mbit de la comunicaci\u00f3 intercultural mediada en l&#8217;\u00e0mbit sanitari. <strong><\/strong><\/li>\n<\/ol>\n","protected":false},"excerpt":{"rendered":"<p>L&#8217;objectiu principal d&#8217;aquest projecte \u00e9s estudiar la comunicaci\u00f3 intercultural mediada en l&#8217;\u00e0mbit sanitari, tenint en compte la perspectiva de tots els agents i les agents involucrats de manera directa o indirecta en aquesta mediaci\u00f3. En concret, ens centrarem en els hospitals i els centres d&#8217;atenci\u00f3 prim\u00e0ria (CAP) de Catalunya. L&#8217;assoliment d&#8217;aquest objectiu principal s&#8217;aconseguir\u00e0 a [&hellip;]<\/p>\n","protected":false},"author":955,"featured_media":0,"parent":0,"menu_order":3,"comment_status":"closed","ping_status":"closed","template":"","meta":{"footnotes":""},"class_list":["post-575","page","type-page","status-publish","hentry"],"_links":{"self":[{"href":"https:\/\/webs.uab.cat\/cimas\/wp-json\/wp\/v2\/pages\/575","targetHints":{"allow":["GET"]}}],"collection":[{"href":"https:\/\/webs.uab.cat\/cimas\/wp-json\/wp\/v2\/pages"}],"about":[{"href":"https:\/\/webs.uab.cat\/cimas\/wp-json\/wp\/v2\/types\/page"}],"author":[{"embeddable":true,"href":"https:\/\/webs.uab.cat\/cimas\/wp-json\/wp\/v2\/users\/955"}],"replies":[{"embeddable":true,"href":"https:\/\/webs.uab.cat\/cimas\/wp-json\/wp\/v2\/comments?post=575"}],"version-history":[{"count":2,"href":"https:\/\/webs.uab.cat\/cimas\/wp-json\/wp\/v2\/pages\/575\/revisions"}],"predecessor-version":[{"id":581,"href":"https:\/\/webs.uab.cat\/cimas\/wp-json\/wp\/v2\/pages\/575\/revisions\/581"}],"wp:attachment":[{"href":"https:\/\/webs.uab.cat\/cimas\/wp-json\/wp\/v2\/media?parent=575"}],"curies":[{"name":"wp","href":"https:\/\/api.w.org\/{rel}","templated":true}]}}