{"id":130,"date":"2023-06-07T09:11:17","date_gmt":"2023-06-07T07:11:17","guid":{"rendered":"https:\/\/webs.uab.cat\/gemmacimitec\/?page_id=130"},"modified":"2026-02-20T11:23:39","modified_gmt":"2026-02-20T09:23:39","slug":"2022-2","status":"publish","type":"page","link":"https:\/\/webs.uab.cat\/cimitec\/articles-en-revistes\/2022-2\/","title":{"rendered":"2022"},"content":{"rendered":"\n<ul class=\"wp-block-list\">\n<li>A. Karami-Horestani, F. Paredes, F. Mart\u00edn,&nbsp;&#8220;<a rel=\"noreferrer noopener\" href=\"https:\/\/doi.org\/10.1109\/JSEN.2022.3216199\" data-type=\"URL\" data-id=\"https:\/\/doi.org\/10.1109\/JSEN.2022.3216199\" target=\"_blank\">High Data Density Absolute Electromagnetic Encoders Based on Hybrid Time\/Frequency Domain Encoding<\/a>&#8220;,&nbsp; IEEE Sensors Journal, vol. 22, no. 24, pp. 23866-23876, 15 Dec.15, 2022, https:\/\/doi.org\/10.1109\/JSEN.2022.3216199. <a rel=\"noreferrer noopener\" href=\"https:\/\/ddd.uab.cat\/record\/275094\" data-type=\"URL\" target=\"_blank\">Open Access Version<\/a><\/li>\n\n\n\n<li>M. Abdolrazzaghi, V. Nayyeri V, F. Mart\u00edn,&nbsp;&#8220;<a rel=\"noreferrer noopener\" href=\"https:\/\/doi.org\/10.3390\/s22186946\" data-type=\"URL\" data-id=\"https:\/\/doi.org\/10.3390\/s22186946\" target=\"_blank\">Techniques to Improve the Performance of Planar Microwave Sensors: A Review and Recent Developments<\/a>&#8220;,&nbsp; Sensors. 2022; 22(18):6946. https:\/\/doi.org\/10.3390\/s22186946<\/li>\n\n\n\n<li>A. Karami-Horestani, F. Paredes, F. Mart\u00edn,&nbsp;&#8220;<a rel=\"noreferrer noopener\" href=\"https:\/\/doi.org\/10.1109\/LSENS.2022.3193329\" data-type=\"URL\" data-id=\"https:\/\/doi.org\/10.1109\/LSENS.2022.3193329\" target=\"_blank\">Frequency-Coded and Programmable Synchronous Electromagnetic Encoders Based on Linear Strips<\/a>&#8220;,&nbsp; IEEE Sensors Letters, vol. 6, no. 8, pp. 1-4, Aug. 2022, Art no. 3501704, https:\/\/doi.org\/10.1109\/LSENS.2022.3193329. <a rel=\"noreferrer noopener\" href=\"https:\/\/ddd.uab.cat\/record\/275093\" data-type=\"URL\" target=\"_blank\">Open Access Version<\/a><\/li>\n\n\n\n<li>J. Mu\u00f1oz-Enano, O. Peytral-Rieu, P. V\u00e9lez, D. Dubuc, K. Grenier and F. Mart\u00edn,&nbsp;&#8220;<a rel=\"noreferrer noopener\" href=\"https:\/\/doi.org\/10.1109\/JSEN.2022.3181542\" data-type=\"URL\" data-id=\"https:\/\/doi.org\/10.1109\/JSEN.2022.3181542\" target=\"_blank\">Characterization of the Denaturation of Bovine Serum Albumin (BSA) Protein by Means of a Differential-Mode Microwave Microfluidic Sensor Based on Slot Resonators<\/a>&#8220;,&nbsp; IEEE Sensors Journal, vol. 22, no. 14, pp. 14075-14083, 15 July15, 2022, https:\/\/doi.org\/10.1109\/JSEN.2022.3181542. <a rel=\"noreferrer noopener\" href=\"https:\/\/ddd.uab.cat\/record\/283331\" data-type=\"URL\" data-id=\"https:\/\/ddd.uab.cat\/record\/283331\" target=\"_blank\">Open Access Version<\/a><\/li>\n\n\n\n<li>P. Casacuberta, P. V\u00e9lez, J. Mu\u00f1oz-Enano, L. Su, M. Gil-Barba, A. Ebrahimi and F. Mart\u00edn,&nbsp;&#8220;<a rel=\"noreferrer noopener\" href=\"https:\/\/doi.org\/10.1109\/ACCESS.2022.3181195\" data-type=\"URL\" data-id=\"https:\/\/doi.org\/10.1109\/ACCESS.2022.3181195\" target=\"_blank\">Circuit Analysis of a Coplanar Waveguide (CPW) Terminated With a Step-Impedance Resonator (SIR) for Highly Sensitive One-Port Permittivity Sensing<\/a>&#8220;,&nbsp; IEEE Access, vol. 10, pp. 62597-62612, 2022, https:\/\/doi.org\/10.1109\/ACCESS.2022.3181195.<\/li>\n\n\n\n<li>F. Paredes, A. Karami-Horestani, F. Mart\u00edn,&nbsp;&#8220;<a rel=\"noreferrer noopener\" href=\"https:\/\/doi.org\/10.3390\/s22124356\" data-type=\"URL\" data-id=\"https:\/\/doi.org\/10.3390\/s22124356\" target=\"_blank\">Strategies to Enhance the Data Density in Synchronous Electromagnetic Encoders<\/a>&#8220;,&nbsp; Sensors. 2022; 22(12):4356. https:\/\/doi.org\/10.3390\/s22124356<\/li>\n\n\n\n<li>J. Mu\u00f1oz-Enano, P. V\u00e9lez, M. Gil and F. Mart\u00edn,&nbsp;&#8220;<a rel=\"noreferrer noopener\" href=\"https:\/\/doi.org\/10.1109\/JSEN.2022.3163470\" data-type=\"URL\" data-id=\"https:\/\/doi.org\/10.1109\/JSEN.2022.3163470\" target=\"_blank\">Frequency-Variation Sensors for Permittivity Measurements Based on Dumbbell-Shaped Defect Ground Structures (DB-DGS): Analytical Method and Sensitivity Analysis<\/a>&#8220;,&nbsp; IEEE Sensors Journal, vol. 22, no. 10, pp. 9378-9386, 15 May15, 2022, https:\/\/doi.org\/10.1109\/JSEN.2022.3163470. <a rel=\"noreferrer noopener\" href=\"https:\/\/ddd.uab.cat\/record\/258986\" data-type=\"URL\" data-id=\"https:\/\/ddd.uab.cat\/record\/258986\" target=\"_blank\">Open Access Version<\/a><\/li>\n\n\n\n<li>P. V\u00e9lez, F. Mart\u00edn, R. Fern\u00e1ndez-Garc\u00eda and I. Gil,&nbsp;&#8220;<a rel=\"noreferrer noopener\" href=\"https:\/\/doi.org\/10.1109\/JSEN.2022.3163165\" target=\"_blank\">Embroidered Textile Frequency-Splitting Sensor Based on Stepped-Impedance Resonators<\/a>&#8220;,&nbsp; IEEE Sensors Journal, vol. 22, no. 9, pp. 8596-8603, 1 May1, 2022, https:\/\/doi.org\/10.1109\/JSEN.2022.3163165. <a rel=\"noreferrer noopener\" href=\"https:\/\/ddd.uab.cat\/record\/258463\" data-type=\"URL\" data-id=\"https:\/\/ddd.uab.cat\/record\/258463\" target=\"_blank\">Open Access Version<\/a><\/li>\n\n\n\n<li>F. Paredes, C. Herrojo, A. Moya, M. Berenguel Alonso, D. Gonzalez, P. Bruguera, C. Delgado Simao, F. Mart\u00edn,&nbsp;&#8220;<a rel=\"noreferrer noopener\" href=\"https:\/\/doi.org\/10.3390\/s22052044\" target=\"_blank\">Electromagnetic Encoders Screen-Printed on Rubber Belts for Absolute Measurement of Position and Velocity<\/a>&#8220;,&nbsp; Sensors. 2022; 22(5):2044. https:\/\/doi.org\/10.3390\/s22052044<\/li>\n\n\n\n<li>A. Ebrahimi, G. Beziuk, K. Ghorbani and F. Mart\u00edn,&nbsp;&#8220;<a rel=\"noreferrer noopener\" href=\"https:\/\/doi.org\/10.1016\/j.aeue.2022.154155\" target=\"_blank\">Tunable phase shifters using composite inductive-capacitive loaded slow-wave transmission lines<\/a>&#8220;,&nbsp; AEU &#8211; International Journal of Electronics and Communications, Vol. 148, 2022, 154155. https:\/\/doi.org\/10.1016\/j.aeue.2022.154155.<\/li>\n<\/ul>\n\n\n\n<div class=\"wp-block-buttons is-layout-flex wp-block-buttons-is-layout-flex\">\n<div class=\"wp-block-button has-custom-width wp-block-button__width-25 is-style-fill\"><a class=\"wp-block-button__link wp-element-button\" href=\"https:\/\/webs.uab.cat\/cimitec\/articles-en-revistes\/2023-2\/\">&lt;&lt; 2023<\/a><\/div>\n\n\n\n<div class=\"wp-block-button has-custom-width wp-block-button__width-50 is-style-outline is-style-outline--1\"><a class=\"wp-block-button__link wp-element-button\" href=\"https:\/\/webs.uab.cat\/cimitec\/articles-en-revistes\/\">\u00edndex<\/a><\/div>\n\n\n\n<div class=\"wp-block-button has-custom-width wp-block-button__width-25 is-style-fill\"><a class=\"wp-block-button__link wp-element-button\" href=\"https:\/\/webs.uab.cat\/cimitec\/articles-en-revistes\/2021-2\/\">2021 &gt;&gt;<\/a><\/div>\n<\/div>\n\n\n\n<p><\/p>\n","protected":false},"excerpt":{"rendered":"","protected":false},"author":2651,"featured_media":0,"parent":28,"menu_order":1,"comment_status":"closed","ping_status":"closed","template":"","meta":{"footnotes":""},"class_list":["post-130","page","type-page","status-publish","hentry"],"_links":{"self":[{"href":"https:\/\/webs.uab.cat\/cimitec\/wp-json\/wp\/v2\/pages\/130","targetHints":{"allow":["GET"]}}],"collection":[{"href":"https:\/\/webs.uab.cat\/cimitec\/wp-json\/wp\/v2\/pages"}],"about":[{"href":"https:\/\/webs.uab.cat\/cimitec\/wp-json\/wp\/v2\/types\/page"}],"author":[{"embeddable":true,"href":"https:\/\/webs.uab.cat\/cimitec\/wp-json\/wp\/v2\/users\/2651"}],"replies":[{"embeddable":true,"href":"https:\/\/webs.uab.cat\/cimitec\/wp-json\/wp\/v2\/comments?post=130"}],"version-history":[{"count":15,"href":"https:\/\/webs.uab.cat\/cimitec\/wp-json\/wp\/v2\/pages\/130\/revisions"}],"predecessor-version":[{"id":2693,"href":"https:\/\/webs.uab.cat\/cimitec\/wp-json\/wp\/v2\/pages\/130\/revisions\/2693"}],"up":[{"embeddable":true,"href":"https:\/\/webs.uab.cat\/cimitec\/wp-json\/wp\/v2\/pages\/28"}],"wp:attachment":[{"href":"https:\/\/webs.uab.cat\/cimitec\/wp-json\/wp\/v2\/media?parent=130"}],"curies":[{"name":"wp","href":"https:\/\/api.w.org\/{rel}","templated":true}]}}