{"id":137,"date":"2023-06-07T09:36:07","date_gmt":"2023-06-07T07:36:07","guid":{"rendered":"https:\/\/webs.uab.cat\/gemmacimitec\/?page_id=137"},"modified":"2026-02-20T11:18:03","modified_gmt":"2026-02-20T09:18:03","slug":"2023-2","status":"publish","type":"page","link":"https:\/\/webs.uab.cat\/cimitec\/articles-en-revistes\/2023-2\/","title":{"rendered":"2023"},"content":{"rendered":"\n<div class=\"wp-block-columns is-layout-flex wp-container-core-columns-is-layout-9d6595d7 wp-block-columns-is-layout-flex\">\n<div class=\"wp-block-column is-layout-flow wp-block-column-is-layout-flow\">\n<ul class=\"wp-block-list\">\n<li>A. Karami-Horestani, F. Paredes and F. Mart\u00edn, &#8220;<a href=\"https:\/\/doi.org\/10.1109\/TMTT.2023.3277934\" data-type=\"URL\" data-id=\"https:\/\/doi.org\/10.1109\/TMTT.2023.3277934\" target=\"_blank\" rel=\"noreferrer noopener\">Hybrid Time\/Phase Domain Synchronous Electromagnetic Encoders for Near-Field Chipless-RFID and Motion Control Applications<\/a>,&#8221; IEEE Transactions on Microwave Theory and Techniques, vol. 71, no. 12, pp. 5457-5469, Dec. 2023 https:\/\/doi.org\/10.1109\/TMTT.2023.3277934. <a href=\"https:\/\/ddd.uab.cat\/record\/288861\" data-type=\"link\" data-id=\"https:\/\/ddd.uab.cat\/record\/288861\" target=\"_blank\" rel=\"noreferrer noopener\">Open Access Version<\/a><\/li>\n\n\n\n<li>Z. Shaterian, A. K. Horestani, F. Mart\u00edn, and M. Mrozowski, \u201c<a rel=\"noreferrer noopener\" href=\"https:\/\/doi.org\/10.1038\/s41598-023-45556-8\" data-type=\"URL\" data-id=\"https:\/\/doi.org\/10.1038\/s41598-023-45556-8\" target=\"_blank\">Design of Novel Highly Sensitive Sensors for Crack Detection in Metal Surfaces: Theoretical Foundation and Experimental Validation<\/a>\u201d, Scientific Reports, vol.13, paper 18540, 2023.&nbsp;https:\/\/doi.org\/10.1038\/s41598-023-45556-8.<\/li>\n\n\n\n<li>A. Karami-Horestani, F. Paredes and F. Mart\u00edn, &#8220;<a href=\"https:\/\/doi.org\/10.1109\/JSEN.2023.3307575\" data-type=\"URL\" data-id=\"https:\/\/doi.org\/10.1109\/JSEN.2023.3307575\" target=\"_blank\" rel=\"noreferrer noopener\">Phase-Variation Microwave Displacement Sensor With Good Linearity and Application to Breath Rate Monitoring<\/a>,&#8221; IEEE Sensors Journal, vol. 23, no. 19, pp. 22486-22495, 1 Oct.1, 2023. https:\/\/doi.org\/10.1109\/JSEN.2023.3307575. <a href=\"https:\/\/ddd.uab.cat\/record\/288858\" data-type=\"link\" data-id=\"https:\/\/ddd.uab.cat\/record\/288858\" target=\"_blank\" rel=\"noreferrer noopener\">Open Access Version<\/a><\/li>\n\n\n\n<li>A. Karami-Horestani, F. Paredes and F. Mart\u00edn, &#8220;<a href=\"https:\/\/doi.org\/10.1109\/JSEN.2023.3301095\" data-type=\"URL\" data-id=\"https:\/\/doi.org\/10.1109\/JSEN.2023.3301095\" target=\"_blank\" rel=\"noreferrer noopener\">Synchronous Electromagnetic Encoders Based on Step-Impedance Resonators<\/a>,&#8221; IEEE Sensors Journal, vol. 23, no. 19, pp. 22440-22450, 1 Oct.1, 2023. https:\/\/doi.org\/10.1109\/JSEN.2023.3301095. <a href=\"https:\/\/ddd.uab.cat\/record\/288857\" data-type=\"link\" data-id=\"https:\/\/ddd.uab.cat\/record\/288857\" target=\"_blank\" rel=\"noreferrer noopener\">Open Access Version<\/a><\/li>\n\n\n\n<li>L. Su, P. V\u00e9lez, P. Casacuberta, J. Mu\u00f1oz-Enano, M. Gil-Barba and F. Mart\u00edn, &#8220;<a rel=\"noreferrer noopener\" href=\"https:\/\/doi.org\/10.1109\/TIM.2023.3308228\" data-type=\"URL\" data-id=\"https:\/\/doi.org\/10.1109\/TIM.2023.3308228\" target=\"_blank\">Reflective-Mode Phase-Variation Submersible Sensor for Liquid Characterization<\/a>,&#8221;&nbsp; IEEE Transactions on Instrumentation and Measurement, vol. 72, pp. 1-12, 2023, Art no. 6009412. https:\/\/doi.org\/10.1109\/TIM.2023.3308228. <a rel=\"noreferrer noopener\" href=\"https:\/\/ddd.uab.cat\/record\/283334\" data-type=\"URL\" data-id=\"https:\/\/ddd.uab.cat\/record\/283334\" target=\"_blank\">Open Access Version<\/a><\/li>\n\n\n\n<li>P. Casacuberta, P. V\u00e9lez, J. Mu\u00f1oz-Enano, L. Su and F. Mart\u00edn, &#8220;<a rel=\"noreferrer noopener\" href=\"https:\/\/doi.org\/10.1109\/LSENS.2023.3297798\" target=\"_blank\">Losses Assisted Sensitivity Enhancement in Reflective-Mode Phase-Variation Permittivity Sensors Based on Weakly Coupled Distributed Resonators<\/a>,&#8221;&nbsp; IEEE Sensors Letters, vol. 7, no. 8, pp. 1-4, Aug. 2023, Art no. 1500704. https:\/\/doi.org\/10.1109\/LSENS.2023.3297798. <a rel=\"noreferrer noopener\" href=\"https:\/\/ddd.uab.cat\/record\/282365\" data-type=\"URL\" data-id=\"https:\/\/ddd.uab.cat\/record\/282365\" target=\"_blank\">Open Access Version<\/a><\/li>\n\n\n\n<li>P. Casacuberta, P. V\u00e9lez, J. Mu\u00f1oz-Enano, L. Su and F. Mart\u00edn,&#8221;<a rel=\"noreferrer noopener\" href=\"https:\/\/doi.org\/10.1109\/TMTT.2023.3234272\" data-type=\"URL\" data-id=\"https:\/\/doi.org\/10.1109\/TMTT.2023.3234272\" target=\"_blank\">Highly Sensitive Reflective-Mode Phase-Variation Permittivity Sensors Using Coupled Line Sections<\/a>,&#8221;&nbsp; IEEE Transactions on Microwave Theory and Techniques, vol. 71, no. 7, pp. 2970-2984, July 2023. https:\/\/doi.org\/10.1109\/TMTT.2023.3234272. <a rel=\"noreferrer noopener\" href=\"https:\/\/ddd.uab.cat\/record\/279318\" data-type=\"URL\" data-id=\"https:\/\/ddd.uab.cat\/record\/279318\" target=\"_blank\">Open Access Version<\/a><\/li>\n\n\n\n<li>M.Abdolrazzaghi, N. Kazemi, V. Nayyeri, F. Mart\u00edn, &#8220;<a rel=\"noreferrer noopener\" href=\"https:\/\/doi.org\/10.3390\/s23136236\" data-type=\"URL\" data-id=\"https:\/\/doi.org\/10.3390\/s23136236\" target=\"_blank\">AI-Assisted Ultra-High-Sensitivity\/Resolution Active-Coupled CSRR-Based Sensor with Embedded Selectivity<\/a>&#8220;.&nbsp;Sensors. 2023; 23(13):6236. https:\/\/doi.org\/10.3390\/s23136236<\/li>\n\n\n\n<li>L. Su, P. V\u00e9lez, P. Casacuberta, J. Mu\u00f1oz-Enano, and F. Martin,&nbsp;<a rel=\"noreferrer noopener\" href=\"https:\/\/doi.org\/10.3390\/electronics12102276\" data-type=\"URL\" target=\"_blank\">&#8220;Microwave Humidity Sensor for Early Detection of Sweat and Urine Leakage&#8221;<\/a>,&nbsp;Electronics 12, no. 10: 2276. Special Issue &#8220;Emerging Electronic Technologies for Biomedical Applications&#8221;. https:\/\/doi.org\/10.3390\/electronics12102276<\/li>\n\n\n\n<li>F. Paredes, A. Moya, M. Berenguel-Alonso, D. Gonzalez, P. Bruguera, C. Delgado-Simao, F. Mart\u00edn,&nbsp;<a rel=\"noreferrer noopener\" href=\"https:\/\/doi.org\/10.1109\/TIM.2023.3271758\" target=\"_blank\">&#8220;Motion Control System for Industrial Scenarios Based on Electromagnetic Encoders&#8221;<\/a>,  IEEE Transactions on Instrumentation and Measurement, vol. 72, pp. 1-12, 2023, Art no. 2003612. https:\/\/doi.org\/10.1109\/TIM.2023.3271758. <a rel=\"noreferrer noopener\" href=\"https:\/\/ddd.uab.cat\/record\/275095\" data-type=\"URL\" data-id=\"https:\/\/ddd.uab.cat\/record\/275095\" target=\"_blank\">Open Access Version<\/a><\/li>\n\n\n\n<li>Z. Mehrjoo, A. Ebrahimi, G. Beziuk, F. Mart\u00edn and K. Ghorbani,&nbsp;&#8220;<a href=\"https:\/\/doi.org\/10.1109\/JSEN.2023.3236638\" target=\"_blank\" rel=\"noreferrer noopener\">Microwave Rotation Sensor Based on Reflection Phase in Transmission Lines Terminated With Lumped Resonators<\/a>&#8220;,&nbsp; IEEE Sensors Journal, vol. 23, no. 7, pp. 6571-6580, April 2023, https:\/\/doi.org\/10.1109\/JSEN.2023.3236638. <a href=\"https:\/\/ddd.uab.cat\/record\/290136\" data-type=\"link\" data-id=\"https:\/\/ddd.uab.cat\/record\/290136\" target=\"_blank\" rel=\"noreferrer noopener\">Open Access Version<\/a><\/li>\n\n\n\n<li>P. V\u00e9lez, F. Paredes, P. Casacuberta, M. Elgeziry, L. Su, J. Mu\u00f1oz-Enano, F. Costa, S. Genovesi, and F. Martin,&nbsp;&#8220;<a rel=\"noreferrer noopener\" href=\"https:\/\/doi.org\/10.1109\/JSEN.2023.3240771\" data-type=\"URL\" data-id=\"https:\/\/doi.org\/10.1109\/JSEN.2023.3240771\" target=\"_blank\">Portable Reflective-Mode Phase-Variation Microwave Sensor Based on a Rat-Race Coupler Pair and Gain\/Phase Detector for Dielectric Characterization<\/a>&#8220;<a rel=\"noreferrer noopener\" href=\"https:\/\/cimitec.uab.cat\/papers\/2023\/202303_IEEESensorsJ_PVelez.pdf\" target=\"_blank\">,<\/a>&nbsp; IEEE Sensors Journal, vol. 23, no. 6, pp. 5745-5756, March 2023, https:\/\/doi.org\/10.1109\/JSEN.2023.3240771. <a rel=\"noreferrer noopener\" href=\"https:\/\/ddd.uab.cat\/record\/275092\" data-type=\"URL\" data-id=\"https:\/\/ddd.uab.cat\/record\/275092\" target=\"_blank\">Open Access Version<\/a><\/li>\n\n\n\n<li>F. Martin and F. Medina,&nbsp;&#8220;<a rel=\"noreferrer noopener\" href=\"https:\/\/doi.org\/10.1109\/JMW.2022.3226003\" target=\"_blank\">Balanced Microwave Transmission Lines, Circuits, and Sensors<\/a>&#8220;,&nbsp; IEEE Journal of Microwaves, vol. 3, no. 1, pp. 398-440, Special Issue&nbsp;<em>Celebrating the 70th Anniversary of the MTT Society<\/em>, Jan. 2023. (Invited paper) https:\/\/doi.org\/10.1109\/JMW.2022.3226003<\/li>\n<\/ul>\n<\/div>\n<\/div>\n\n\n\n<div class=\"wp-block-columns is-layout-flex wp-container-core-columns-is-layout-9d6595d7 wp-block-columns-is-layout-flex\">\n<div class=\"wp-block-column is-layout-flow wp-block-column-is-layout-flow\" style=\"flex-basis:25%\">\n<div class=\"wp-block-buttons is-layout-flex wp-block-buttons-is-layout-flex\">\n<div class=\"wp-block-button has-custom-width wp-block-button__width-100 is-style-fill\"><a class=\"wp-block-button__link wp-element-button\" href=\"https:\/\/webs.uab.cat\/cimitec\/articles-en-revistes\/2024-2\/\">&lt;&lt; 2024<\/a><\/div>\n<\/div>\n<\/div>\n\n\n\n<div class=\"wp-block-column is-layout-flow wp-block-column-is-layout-flow\" style=\"flex-basis:50%\">\n<div class=\"wp-block-buttons is-layout-flex wp-block-buttons-is-layout-flex\">\n<div class=\"wp-block-button has-custom-width wp-block-button__width-100 is-style-outline is-style-outline--1\"><a class=\"wp-block-button__link wp-element-button\" href=\"https:\/\/webs.uab.cat\/cimitec\/articles-en-revistes\/\">\u00edndex<\/a><\/div>\n<\/div>\n<\/div>\n\n\n\n<div class=\"wp-block-column is-layout-flow wp-block-column-is-layout-flow\" style=\"flex-basis:25%\">\n<div class=\"wp-block-buttons is-layout-flex wp-block-buttons-is-layout-flex\">\n<div class=\"wp-block-button has-custom-width wp-block-button__width-100\"><a class=\"wp-block-button__link wp-element-button\" href=\"https:\/\/webs.uab.cat\/cimitec\/articles-en-revistes\/2022-2\/\">2022 &gt;&gt;<\/a><\/div>\n<\/div>\n<\/div>\n<\/div>\n\n\n\n<p><\/p>\n","protected":false},"excerpt":{"rendered":"","protected":false},"author":2651,"featured_media":0,"parent":28,"menu_order":0,"comment_status":"closed","ping_status":"closed","template":"","meta":{"footnotes":""},"class_list":["post-137","page","type-page","status-publish","hentry"],"_links":{"self":[{"href":"https:\/\/webs.uab.cat\/cimitec\/wp-json\/wp\/v2\/pages\/137","targetHints":{"allow":["GET"]}}],"collection":[{"href":"https:\/\/webs.uab.cat\/cimitec\/wp-json\/wp\/v2\/pages"}],"about":[{"href":"https:\/\/webs.uab.cat\/cimitec\/wp-json\/wp\/v2\/types\/page"}],"author":[{"embeddable":true,"href":"https:\/\/webs.uab.cat\/cimitec\/wp-json\/wp\/v2\/users\/2651"}],"replies":[{"embeddable":true,"href":"https:\/\/webs.uab.cat\/cimitec\/wp-json\/wp\/v2\/comments?post=137"}],"version-history":[{"count":37,"href":"https:\/\/webs.uab.cat\/cimitec\/wp-json\/wp\/v2\/pages\/137\/revisions"}],"predecessor-version":[{"id":2688,"href":"https:\/\/webs.uab.cat\/cimitec\/wp-json\/wp\/v2\/pages\/137\/revisions\/2688"}],"up":[{"embeddable":true,"href":"https:\/\/webs.uab.cat\/cimitec\/wp-json\/wp\/v2\/pages\/28"}],"wp:attachment":[{"href":"https:\/\/webs.uab.cat\/cimitec\/wp-json\/wp\/v2\/media?parent=137"}],"curies":[{"name":"wp","href":"https:\/\/api.w.org\/{rel}","templated":true}]}}