{"id":1398,"date":"2023-06-06T13:18:31","date_gmt":"2023-06-06T11:18:31","guid":{"rendered":"https:\/\/webs.uab.cat\/gemmacimitec\/patents\/"},"modified":"2023-07-13T13:40:02","modified_gmt":"2023-07-13T11:40:02","slug":"patents","status":"publish","type":"page","link":"https:\/\/webs.uab.cat\/cimitec\/patents\/?lang=en","title":{"rendered":"Patents"},"content":{"rendered":"\n<p>Title:A chipless RFID tag, a chipless RFID system, and a method for encoding data on a chipless RFID tag.<br \/>Inventors: C. Herrojo, J. Mata-Contreras, F. Paredes, F. Mart\u00edn<br \/>Applicant: Universitat Aut\u00f2noma de Barcelona<br \/>PCT: WO2018220109A1, 01\/06\/2017.<br \/>EuroPCT: EP18728380A Pub. Num. EP3631689A1 (08\/04\/2020).<br \/>National phase validation: US Serial No. 16\/617,188.<\/p>\n\n<p>Title: A contactless displacement and velocity measurement system<br \/>Inventors: F. Mart\u00edn, J. Naqui<br \/>Applicant: Universitat Aut\u00f2noma de Barcelona<br \/>Application number: EP15178984.9 (EPO: European patent office) 1513381.2 (UK-PO: United Kingdom patent office)<br \/>Priority country: EP (European)<br \/>Priority date: 30\/07\/2015<\/p>\n\n<p>Title: Method for manufacturing a communication device to operate in near field and communication device thereof<br \/>Inventors: Bonache Albacete, Jordi; Paredes Marco, Ferran; Zamora Gonzalez, Gerard; Zuffanelli, Simone; Mart\u00edn Antol\u00edn, Joan Ferran<br \/>Applicant: Universitat Aut\u00f2noma de Barcelona.<br \/>Application number: EP13382287.4 (EPO: European patent office) 1312367.4 (UK-PO: United Kingdom patent office) P201331049 (OEPM :Oficina espa\u00f1ola de patentes y marcas)<br \/>Priority country: EP (European)<br \/>Priority date: 10\/07\/2013 <\/p>\n\n<p>Title: An optical disc with a wireless communication device, a wireless communication device and a method for its design and fabrication<br \/>Inventors: Mart\u00edn Antol\u00edn, Joan Ferran; Zamora Gonzalez, Gerard; Zuffanelli, Simone; Bonache Albacete, Jordi; Paredes Marco, Ferran<br \/>Applicant: Universitat Aut\u00f2noma de Barcelona.<br \/>Application number: EP13382232.0 (EPO: european patent office) 1310982.2 (UK-PO: United Kingdom patent office) P201330926 (OEPM :Oficina espa\u00f1ola de patentes y marcas)<br \/>Priority country: EP (European)<br \/>Priority date: 20\/06\/2013 <\/p>\n\n<p>Title. L\u00edneas de transmisi\u00f3n diferenciales con supresi\u00f3n de modo com\u00fan <br \/>Inventors: Mart\u00edn Antol\u00edn, Joan Ferran; MESA LEDESMA, Francisco; FERNANDEZ PRIETO, Armando; MEDINA MENA, Francisco; Naqui Garolera, Jordi; Dur\u00e1n-Sindreu Viader, Miguel Sol\u00b7licitants: Universitat Aut\u00f2noma de Barcelona.<br \/>Application number:P201100616 <br \/>Application date: 1 de junio de 2011 <br \/>Sol\u00b7licitud PCT published with number WO2012164117 on 6\/12\/2012. <\/p>\n\n<p>Title: DISPOSITIVO DIVISOR DE POTENCIA CON CAPACIDAD FILTRANTE<br \/>Inventors: Adolfo V\u00e9lez, Paris V\u00e9lez, Jordi Bonache, Juan Fernando Mart\u00edn<br \/>Applicant: Universitat Aut\u00f2noma de Barcelona.<br \/>Application number: 201031563(4)<br \/>Priority date: 26 de octubre de 2010. <\/p>\n\n<p>Title: BAND PASS FILTER, ELECTRONIC DEVICE INCLUDING SAID BAND PASS FILTERAND METHOD OF PRODUCING A BAND PASS FILTER<br \/>Applicant: SEIKO EPSON CORPORATION<br \/>Inventors: CIMITEC\/ EPSON.<br \/>European Patent<\/p>\n\n<p>Title: L\u00cdNEAS DE TRANSMISI\u00d3N ARTIFICIALES ZURDAS<br \/>Applicant: Universitat Aut\u00f2noma de Barcelona.<\/p>\n\n<p>Title: FILTROS PLANARES DE MICROONDAS Y DE ONDAS MILIM\u00c9TRICAS CON ANCHO DE BANDA CONTROLABLE BASADOS EN RESONADORES CONCENTRADOS <br \/>Applicant: Universitat Aut\u00f2noma de Barcelona.<\/p>\n\n<p>Title: L\u00cdNEAS DE TRANSMISI\u00d3N ARTIFICIALES ZURDAS<br \/>Applicant: Universitat Aut\u00f2noma de Barcelona.<\/p>\n\n<p>Title: FILTROS PLANARES DE MICROONDAS Y DE ONDAS MILIM\u00c9TRICAS BASADOS EN ETAPAS ACOPLADAS QUE CONTIENEN RESONADORES DE ANILLOS ABIERTOS Applicants: Universitat Aut\u00f2noma de Barcelona, Universidad P\u00fablica de Navarra y Universidad de Sevilla.<\/p>\n\n<p>Title: Filtros y superficies selectivas en frecuencia<br \/>Applicants: Universidad P\u00fablica de Navarra, Universidad de Sevilla y Universitat Aut\u00f2noma de Barcelona.<\/p>\n\n<p>Title: L\u00edneas de retardo y multiplexores de microondas basados en transductores de ondas magnetoinductivas y\/o electroinductivas en tecnolog\u00eda planar.<br \/>Applicants: Universidad de Sevilla, Universitat Aut\u00f2noma de Barcelona y Universidad P\u00fablica de Navarra.<\/p>\n\n<p>Title: Filtros y antenas de microndas y milim\u00e9tricas basados en resonadores de anillos abiertos y en l\u00edneas de transmisi\u00f3n planares.<br \/>Applicants: Universitat Aut\u00f2noma de Barcelona, Universidad P\u00fablica de Navarra y Universidad de Sevilla<br \/>European Patent and US Patent<\/p>\n\n<p>Title: Filtro distribuido de paso bajo para microondas y milim\u00e9tricas que comprende una estructura de gu\u00eda de ondas coplanar y cristales electromagn\u00e9ticos. Procedimiento para el dise\u00f1o de dicho filtro.<br \/>Applicants: Universitat Aut\u00f2noma de Barcelona y Universidad P\u00fablica de Navarra.<\/p>\n","protected":false},"excerpt":{"rendered":"<p>Title:A chipless RFID tag, a chipless RFID system, and a method for encoding data on a chipless RFID tag.Inventors: C. Herrojo, J. Mata-Contreras, F. Paredes, F. Mart\u00ednApplicant: Universitat Aut\u00f2noma de BarcelonaPCT: WO2018220109A1, 01\/06\/2017.EuroPCT: EP18728380A Pub. Num. EP3631689A1 (08\/04\/2020).National phase validation: US Serial No. 16\/617,188. Title: A contactless displacement and velocity measurement systemInventors: F. Mart\u00edn, J. [&hellip;]<\/p>\n","protected":false},"author":2651,"featured_media":0,"parent":0,"menu_order":0,"comment_status":"closed","ping_status":"closed","template":"","meta":{"footnotes":""},"class_list":["post-1398","page","type-page","status-publish","hentry"],"_links":{"self":[{"href":"https:\/\/webs.uab.cat\/cimitec\/wp-json\/wp\/v2\/pages\/1398","targetHints":{"allow":["GET"]}}],"collection":[{"href":"https:\/\/webs.uab.cat\/cimitec\/wp-json\/wp\/v2\/pages"}],"about":[{"href":"https:\/\/webs.uab.cat\/cimitec\/wp-json\/wp\/v2\/types\/page"}],"author":[{"embeddable":true,"href":"https:\/\/webs.uab.cat\/cimitec\/wp-json\/wp\/v2\/users\/2651"}],"replies":[{"embeddable":true,"href":"https:\/\/webs.uab.cat\/cimitec\/wp-json\/wp\/v2\/comments?post=1398"}],"version-history":[{"count":2,"href":"https:\/\/webs.uab.cat\/cimitec\/wp-json\/wp\/v2\/pages\/1398\/revisions"}],"predecessor-version":[{"id":1400,"href":"https:\/\/webs.uab.cat\/cimitec\/wp-json\/wp\/v2\/pages\/1398\/revisions\/1400"}],"wp:attachment":[{"href":"https:\/\/webs.uab.cat\/cimitec\/wp-json\/wp\/v2\/media?parent=1398"}],"curies":[{"name":"wp","href":"https:\/\/api.w.org\/{rel}","templated":true}]}}