{"id":1404,"date":"2023-06-06T13:18:31","date_gmt":"2023-06-06T11:18:31","guid":{"rendered":"https:\/\/webs.uab.cat\/gemmacimitec\/contratos\/"},"modified":"2023-07-14T09:45:10","modified_gmt":"2023-07-14T07:45:10","slug":"contratos","status":"publish","type":"page","link":"https:\/\/webs.uab.cat\/cimitec\/contratos\/?lang=es","title":{"rendered":"Contratos"},"content":{"rendered":"\n<details class=\"wp-block-mamaduka-toggles wp-block-toggles\"><summary><strong>Sensores para el control de la corrosi\u00f3n en estructuras met\u00e1licas urbanas<\/strong><\/summary><div class=\"wp-block-toggles__content\">\n<p>Empresa: RUBATEC S.A.<br>Investigador principal UAB: Ferran Mart\u00edn. Co-IP: Paris V\u00e9lez<br>Duraci\u00f3n: octubre 2022 \u2013 abril 2024<\/p>\n\n\n\n<figure class=\"wp-block-image size-full\"><img loading=\"lazy\" decoding=\"async\" width=\"200\" height=\"58\" src=\"https:\/\/webs.uab.cat\/gemmacimitec\/wp-content\/uploads\/sites\/445\/2023\/06\/RUBATEC.png\" alt=\"\" class=\"wp-image-645\" \/><\/figure>\n<\/div><\/details>\n\n\n\n<details class=\"wp-block-mamaduka-toggles wp-block-toggles\"><summary><strong>Contactless Audit &#8211; Auditor\u00edas de resultados electorales de limitaci\u00f3n de riesgo facilitadas por circuitos RFID impresos en papel<\/strong><\/summary><div class=\"wp-block-toggles__content\">\n<p>Empresa: Scytl Secure Electronic Voting SA<br>Entidades subcontratadas: CNM-CSIC i UAB-CIMITEC, mediante Proyecto del CDTI<br>T\u00edtulo:<strong> \u201cContactless Audit &#8211; Auditor\u00edas de resultados electorales de limitaci\u00f3n de riesgo facilitadas por circuitos RFID impresos en papel\u201d<\/strong><br>Duraci\u00f3n: marzo 2016 &#8211; diciembre 2017<\/p>\n\n\n\n<figure class=\"wp-block-image size-full\"><img loading=\"lazy\" decoding=\"async\" width=\"167\" height=\"106\" src=\"https:\/\/webs.uab.cat\/gemmacimitec\/wp-content\/uploads\/sites\/445\/2023\/06\/logo1_scytl.png\" alt=\"\" class=\"wp-image-648\" \/><\/figure>\n\n\n\n<p>Mediante proyecto financiado por:<\/p>\n\n\n\n<figure class=\"wp-block-image size-full is-resized\"><img loading=\"lazy\" decoding=\"async\" src=\"https:\/\/webs.uab.cat\/gemmacimitec\/wp-content\/uploads\/sites\/445\/2023\/06\/logocdti.png\" alt=\"\" class=\"wp-image-651\" width=\"190\" height=\"59\" srcset=\"https:\/\/webs.uab.cat\/cimitec\/wp-content\/uploads\/sites\/445\/2023\/06\/logocdti.png 758w, https:\/\/webs.uab.cat\/cimitec\/wp-content\/uploads\/sites\/445\/2023\/06\/logocdti-300x93.png 300w\" sizes=\"auto, (max-width: 190px) 100vw, 190px\" \/><\/figure>\n<\/div><\/details>\n\n\n\n<details class=\"wp-block-mamaduka-toggles wp-block-toggles\"><summary><strong>Sccet &#8211; Maie&#8217;s: Sistema De Control, Conservaci\u00f3n, Eficiencia y Trazabilidad en Medicamentos de Alto Impacto Econ\u00f3mico<\/strong><\/summary><div class=\"wp-block-toggles__content\">\n<p>Empresa: Nabelia Technologies &amp; Mhealthcare SL<br>Entidades subcontratadas: CNM-CSIC y UAB-CIMITEC, mediante Proyecto de la convocatoria Acci\u00f3n Estrat\u00e9gica Econom\u00eda y Sociedad Digital, AEESD\u201915 (Ministerio de Industria Energ\u00eda y Turismo en el marco del Plan Nacional de Investigaci\u00f3n Cient\u00edfica, desarrollo e Innovaci\u00f3n Tecnol\u00f3gica 2013-2016, N\u00ba de expediente TSI-100700-2015-48)<br>T\u00edtulo:<strong> \u201cSccet &#8211; Maie&#8217;s Sistema De Control, Conservaci\u00f3n, Eficiencia y Trazabilidad en Medicamentos de Alto Impacto Econ\u00f3mico\u201d<\/strong><br>Duraci\u00f3n: Septiembre 2015 \u2013 diciembre 2017<\/p>\n\n\n\n<p><em>Sccet &#8211; Maie&#8217;s aportar\u00e1 una soluci\u00f3n robusta para la trazabilidad de f\u00e1rmacos sanitarios perecederos mediante el desarrollo tecnol\u00f3gico de identificadores RF sin chip usando tecnolog\u00edas de impresi\u00f3n electr\u00f3nica. En el embalaje o la etiqueta del producto se imprimir\u00e1n tags RFID chipless (sin chip) para la identificaci\u00f3n y lectura por radiofrecuencia de: presencia, identificaci\u00f3n del medicamento y datos adicionales de inter\u00e9s (por ejemplo caducidad). El proyecto Sccet &#8211; Maie&#8217;s desarrollar\u00e1 una tecnolog\u00eda de tags RFID sin circuito integrado (chipless) usando tecnolog\u00edas de impresi\u00f3n convencionales y de bajo coste sobre sustratos flexibles como papel para embalaje de medicamentos. La soluci\u00f3n ser\u00e1 usada para la identificaci\u00f3n por radiofrecuencia de medicamentos con el objetivo de:<br>\u2022 Detectar la presencia de los medicamentos e identificaci\u00f3n de los mismos.<br>\u2022 Disponer de datos de inter\u00e9s como la fecha de caducidad o n\u00famero de lote para una mejor trazabilidad.<br>El sistema constar\u00e1 de las siguientes partes:<br>\u2022 Un tag chipless RFID impreso. Mediante tecnolog\u00eda de impresi\u00f3n electr\u00f3nica se imprimir\u00eda el tag chipless (sin chip) en la caja o etiqueta de los medicamentos. Este tag contendr\u00e1 la informaci\u00f3n que se defina m\u00e1s sensores ambiente.<br>\u2022 Un \u00e1rea de lectura instalada en el interior de la nevera para la lectura de los tags chipless y el procesado de la informaci\u00f3n le\u00edda. Este sistema se podr\u00eda desarrollar en una base flexible para su mayor adaptabilidad en instalaci\u00f3n.<\/em><\/p>\n\n\n\n<figure class=\"wp-block-image size-full is-resized\"><img loading=\"lazy\" decoding=\"async\" src=\"https:\/\/webs.uab.cat\/gemmacimitec\/wp-content\/uploads\/sites\/445\/2023\/06\/Nabelia.png\" alt=\"\" class=\"wp-image-654\" width=\"323\" height=\"110\" srcset=\"https:\/\/webs.uab.cat\/cimitec\/wp-content\/uploads\/sites\/445\/2023\/06\/Nabelia.png 646w, https:\/\/webs.uab.cat\/cimitec\/wp-content\/uploads\/sites\/445\/2023\/06\/Nabelia-300x102.png 300w\" sizes=\"auto, (max-width: 323px) 100vw, 323px\" \/><\/figure>\n\n\n\n<p>Mediante proyecto financiado por:<\/p>\n\n\n\n<figure class=\"wp-block-image size-full is-resized\"><img loading=\"lazy\" decoding=\"async\" src=\"https:\/\/webs.uab.cat\/gemmacimitec\/wp-content\/uploads\/sites\/445\/2023\/06\/logocdti.png\" alt=\"\" class=\"wp-image-651\" width=\"190\" height=\"59\" srcset=\"https:\/\/webs.uab.cat\/cimitec\/wp-content\/uploads\/sites\/445\/2023\/06\/logocdti.png 758w, https:\/\/webs.uab.cat\/cimitec\/wp-content\/uploads\/sites\/445\/2023\/06\/logocdti-300x93.png 300w\" sizes=\"auto, (max-width: 190px) 100vw, 190px\" \/><\/figure>\n<\/div><\/details>\n\n\n\n<details class=\"wp-block-mamaduka-toggles wp-block-toggles\"><summary><strong>Medical Chipless Secure Paper: Desarrollo de tags chipless RFID mediante tecnolog\u00edas de impresi\u00f3n electr\u00f3nica para su integraci\u00f3n en sistemas de receta m\u00e9dica segura<\/strong><\/summary><div class=\"wp-block-toggles__content\">\n<p>Empresa: MEDITECNOLOGIA <br>Entidades subcontratadas: CNM-CSIC y UAB-CIMITEC, mediante Proyecto de la convocatoria Acci\u00f3n Estrat\u00e9gica Econom\u00eda y Sociedad Digital, AEESD\u201915 (Ministerio de Industria Energ\u00eda y Turismo en el marco del Plan Nacional de Investigaci\u00f3n Cient\u00edfica, desarrollo e Innovaci\u00f3n Tecnol\u00f3gica 2013-2016, N\u00ba de expediente TSI-100103-2015-30)<br>T\u00edtulo: <strong>\u201cMedical Chipless Secure Paper\u201d Desarrollo de tags chipless RFID mediante tecnolog\u00edas de impresi\u00f3n electr\u00f3nica para su integraci\u00f3n en sistemas de receta m\u00e9dica segura<\/strong><br>Duraci\u00f3n: Julio 2015 \u2013 diciembre 2017 <\/p>\n\n\n\n<p><em>El proyecto plantea el desarrollo tecnol\u00f3gico de tags chipless RFID usando tecnolog\u00edas de impresi\u00f3n convencionales y de bajo coste. Dichos tags se imprimir\u00e1n sobre sustratos de papel y\/o cart\u00f3n para su integraci\u00f3n y uso en sistema gesti\u00f3n\/identificaci\u00f3n de recetas m\u00e9dicas. Los ejes principales del sistema son los siguientes:<br>1. Optimizaci\u00f3n de materiales y sustratos.<br>2. Impresi\u00f3n y programaci\u00f3n de etiquetas RFID sin chip.<br>3. Sistema lector RFID chipless.<br>4. Integraci\u00f3n de la nueva tecnolog\u00eda de identificaci\u00f3n en sistemas de gesti\u00f3n\/identificaci\u00f3n de recetas m\u00e9dicas.<\/em><\/p>\n\n\n\n<figure class=\"wp-block-image size-full is-resized\"><img loading=\"lazy\" decoding=\"async\" src=\"https:\/\/webs.uab.cat\/gemmacimitec\/wp-content\/uploads\/sites\/445\/2023\/06\/logo_meditecnologia.png\" alt=\"\" class=\"wp-image-657\" width=\"263\" height=\"65\" srcset=\"https:\/\/webs.uab.cat\/cimitec\/wp-content\/uploads\/sites\/445\/2023\/06\/logo_meditecnologia.png 350w, https:\/\/webs.uab.cat\/cimitec\/wp-content\/uploads\/sites\/445\/2023\/06\/logo_meditecnologia-300x75.png 300w\" sizes=\"auto, (max-width: 263px) 100vw, 263px\" \/><\/figure>\n\n\n\n<p>Mediante proyecto financiado por:<\/p>\n\n\n\n<figure class=\"wp-block-image size-full is-resized\"><img loading=\"lazy\" decoding=\"async\" src=\"https:\/\/webs.uab.cat\/gemmacimitec\/wp-content\/uploads\/sites\/445\/2023\/06\/logo_IndustriaEnergiaYTuris-1.gif\" alt=\"\" class=\"wp-image-660\" width=\"300\" height=\"75\" \/><\/figure>\n<\/div><\/details>\n\n\n\n<details class=\"wp-block-mamaduka-toggles wp-block-toggles\"><summary><strong>Estudio de resonancias interferentes entre planos de una placa base dise\u00f1ada<\/strong><\/summary><div class=\"wp-block-toggles__content\">\n<p>Empresa: LEAR CORPORATION<br>Estudio de resonancias interferentes entre planos de una placa base dise\u00f1ada (Proyecto USM-CMF-1).<br>Duraci\u00f3n: Septiembre 2013. <\/p>\n\n\n\n<figure class=\"wp-block-image size-full is-resized\"><img loading=\"lazy\" decoding=\"async\" src=\"https:\/\/webs.uab.cat\/gemmacimitec\/wp-content\/uploads\/sites\/445\/2023\/06\/lear.png\" alt=\"\" class=\"wp-image-663\" width=\"240\" height=\"65\" srcset=\"https:\/\/webs.uab.cat\/cimitec\/wp-content\/uploads\/sites\/445\/2023\/06\/lear.png 320w, https:\/\/webs.uab.cat\/cimitec\/wp-content\/uploads\/sites\/445\/2023\/06\/lear-300x81.png 300w\" sizes=\"auto, (max-width: 240px) 100vw, 240px\" \/><\/figure>\n<\/div><\/details>\n\n\n\n<details class=\"wp-block-mamaduka-toggles wp-block-toggles\"><summary><strong>Automatizaci\u00f3n del dise\u00f1o de circuitos planares de microondas mediante t\u00e9cnicas de mapeo espacial<\/strong><\/summary><div class=\"wp-block-toggles__content\">\n<p>Empresa: AURORA SOFTWARE AND TESTING SL<br>Automatizaci\u00f3n del dise\u00f1o de circuitos planares de microondas mediante t\u00e9cnicas de mapeo espacial.<br>Duraci\u00f3n: Octubre de 2010-Diciembre 2012 <\/p>\n\n\n\n<figure class=\"wp-block-image size-full is-resized\"><img loading=\"lazy\" decoding=\"async\" src=\"https:\/\/webs.uab.cat\/gemmacimitec\/wp-content\/uploads\/sites\/445\/2023\/06\/o.t.upv_aurorasat-300x76-1.jpg\" alt=\"\" class=\"wp-image-666\" width=\"300\" height=\"76\" \/><\/figure>\n<\/div><\/details>\n\n\n\n<details class=\"wp-block-mamaduka-toggles wp-block-toggles\"><summary><strong>Acci\u00f3n de consultoria\/asesoramiento para la medici\u00f3n de components de microndas en banda K con analizadores de redes del laboratorio de CIMITEC<\/strong><\/summary><div class=\"wp-block-toggles__content\">\n<p>Empresa: ISEE 2007 S.L.<br>Acci\u00f3n de consultoria\/asesoramiento para la medici\u00f3n de components de microndas en banda K con analizadores de redes del laboratorio de CIMITEC<br>Duraci\u00f3n: Julio 2008-Julio 2011 <\/p>\n\n\n\n<figure class=\"wp-block-image size-full\"><img loading=\"lazy\" decoding=\"async\" width=\"220\" height=\"87\" src=\"https:\/\/webs.uab.cat\/gemmacimitec\/wp-content\/uploads\/sites\/445\/2023\/06\/isee.jpg\" alt=\"\" class=\"wp-image-669\" \/><\/figure>\n<\/div><\/details>\n\n\n\n<details class=\"wp-block-mamaduka-toggles wp-block-toggles\"><summary><strong>Applications of metamaterial-based planar technologies for the design of UWB band pass filters in MCM-D technology<\/strong><\/summary><div class=\"wp-block-toggles__content\">\n<p>Empresa: EPSON EUROPE ELECTRONICS GMBH<br>Applications of metamaterial-based planar technologies for the design of UWB band pass filters in MCM-D technology.<br>Duraci\u00f3n: 15 meses (del 1 de diciembre de 2006 al 28 de febrero de 2008).<\/p>\n\n\n\n<figure class=\"wp-block-image size-full is-resized\"><img loading=\"lazy\" decoding=\"async\" src=\"https:\/\/webs.uab.cat\/gemmacimitec\/wp-content\/uploads\/sites\/445\/2023\/06\/seiko_epson_corporation_logo_3316.gif\" alt=\"\" class=\"wp-image-672\" width=\"200\" height=\"48\" \/><\/figure>\n<\/div><\/details>\n\n\n\n<details class=\"wp-block-mamaduka-toggles wp-block-toggles\"><summary><strong>Design optimization techniques for high efficiency power amplifiers by means of metamaterial-based planar technologies<\/strong><\/summary><div class=\"wp-block-toggles__content\">\n<p>Empresa: EPSON EUROPE ELECTRONICS GMBH<br>Design optimization techniques for high efficiency power amplifiers by means of metamaterial-based planar technologies. <br>Duraci\u00f3n: 15 meses (del 1 de diciembre de 2006 al 28 de febrero de 2008).<\/p>\n\n\n\n<figure class=\"wp-block-image size-full is-resized\"><img loading=\"lazy\" decoding=\"async\" src=\"https:\/\/webs.uab.cat\/gemmacimitec\/wp-content\/uploads\/sites\/445\/2023\/06\/seiko_epson_corporation_logo_3316.gif\" alt=\"\" class=\"wp-image-672\" width=\"200\" height=\"48\" \/><\/figure>\n<\/div><\/details>\n\n\n\n<details class=\"wp-block-mamaduka-toggles wp-block-toggles\"><summary><strong>Apoyo a la fase de definici\u00f3n del proyecto Eureka METATEC<\/strong><\/summary><div class=\"wp-block-toggles__content\">\n<p>Empresa: AIDA CENTRE S. L.<br>Apoyo a la fase de definici\u00f3n del proyecto Eureka METATEC.<br>Duraci\u00f3n: 1 de diciembre de 2006 al 28 de febrero de 2007.<\/p>\n\n\n\n<figure class=\"wp-block-image size-full\"><img loading=\"lazy\" decoding=\"async\" width=\"153\" height=\"58\" src=\"https:\/\/webs.uab.cat\/gemmacimitec\/wp-content\/uploads\/sites\/445\/2023\/06\/aidacentre_logo.gif\" alt=\"\" class=\"wp-image-675\" \/><\/figure>\n<\/div><\/details>\n\n\n\n<details class=\"wp-block-mamaduka-toggles wp-block-toggles\"><summary><strong>Dise\u00f1o y fabricaci\u00f3n de placas de test para resonadores piezoel\u00e9ctricos de alta frecuencia (FBAR)<\/strong><\/summary><div class=\"wp-block-toggles__content\">\n<p>Instituci\u00f3n: CENTRO NACIONAL DE MICROELECTR\u00d3NICA (CNM-CSIC)<br>Dise\u00f1o y fabricaci\u00f3n de placas de test para resonadores piezoel\u00e9ctricos de alta frecuencia (FBAR)<br>Duraci\u00f3n: 2006<\/p>\n\n\n\n<figure class=\"wp-block-image size-full is-resized\"><img loading=\"lazy\" decoding=\"async\" src=\"https:\/\/webs.uab.cat\/gemmacimitec\/wp-content\/uploads\/sites\/445\/2023\/06\/logo_CNM_CSIC.png\" alt=\"\" class=\"wp-image-678\" width=\"380\" height=\"84\" srcset=\"https:\/\/webs.uab.cat\/cimitec\/wp-content\/uploads\/sites\/445\/2023\/06\/logo_CNM_CSIC.png 380w, https:\/\/webs.uab.cat\/cimitec\/wp-content\/uploads\/sites\/445\/2023\/06\/logo_CNM_CSIC-300x66.png 300w\" sizes=\"auto, (max-width: 380px) 100vw, 380px\" \/><\/figure>\n<\/div><\/details>\n","protected":false},"excerpt":{"rendered":"","protected":false},"author":2651,"featured_media":0,"parent":0,"menu_order":0,"comment_status":"closed","ping_status":"closed","template":"","meta":{"footnotes":""},"class_list":["post-1404","page","type-page","status-publish","hentry"],"_links":{"self":[{"href":"https:\/\/webs.uab.cat\/cimitec\/wp-json\/wp\/v2\/pages\/1404","targetHints":{"allow":["GET"]}}],"collection":[{"href":"https:\/\/webs.uab.cat\/cimitec\/wp-json\/wp\/v2\/pages"}],"about":[{"href":"https:\/\/webs.uab.cat\/cimitec\/wp-json\/wp\/v2\/types\/page"}],"author":[{"embeddable":true,"href":"https:\/\/webs.uab.cat\/cimitec\/wp-json\/wp\/v2\/users\/2651"}],"replies":[{"embeddable":true,"href":"https:\/\/webs.uab.cat\/cimitec\/wp-json\/wp\/v2\/comments?post=1404"}],"version-history":[{"count":9,"href":"https:\/\/webs.uab.cat\/cimitec\/wp-json\/wp\/v2\/pages\/1404\/revisions"}],"predecessor-version":[{"id":1415,"href":"https:\/\/webs.uab.cat\/cimitec\/wp-json\/wp\/v2\/pages\/1404\/revisions\/1415"}],"wp:attachment":[{"href":"https:\/\/webs.uab.cat\/cimitec\/wp-json\/wp\/v2\/media?parent=1404"}],"curies":[{"name":"wp","href":"https:\/\/api.w.org\/{rel}","templated":true}]}}