{"id":1611,"date":"2023-06-13T12:16:27","date_gmt":"2023-06-13T10:16:27","guid":{"rendered":"https:\/\/webs.uab.cat\/gemmacimitec\/miembros\/paris-velez\/"},"modified":"2026-02-20T13:53:21","modified_gmt":"2026-02-20T11:53:21","slug":"paris-velez","status":"publish","type":"page","link":"https:\/\/webs.uab.cat\/cimitec\/miembros\/paris-velez\/?lang=es","title":{"rendered":"Paris V\u00e9lez"},"content":{"rendered":"\n<div class=\"wp-block-columns alignwide is-layout-flex wp-container-core-columns-is-layout-9d6595d7 wp-block-columns-is-layout-flex\">\n<div class=\"wp-block-column is-layout-flow wp-block-column-is-layout-flow\" style=\"flex-basis:33.33%\">\n<figure class=\"wp-block-image size-full is-resized\"><img loading=\"lazy\" decoding=\"async\" width=\"304\" height=\"467\" src=\"https:\/\/webs.uab.cat\/gemmacimitec\/wp-content\/uploads\/sites\/445\/2024\/09\/paris.jpg\" alt=\"\" class=\"wp-image-2311\" style=\"aspect-ratio:1;object-fit:cover;width:350px\" srcset=\"https:\/\/webs.uab.cat\/cimitec\/wp-content\/uploads\/sites\/445\/2024\/09\/paris.jpg 304w, https:\/\/webs.uab.cat\/cimitec\/wp-content\/uploads\/sites\/445\/2024\/09\/paris-195x300.jpg 195w\" sizes=\"auto, (max-width: 304px) 100vw, 304px\" \/><\/figure>\n<\/div>\n\n\n\n<div class=\"wp-block-column is-layout-flow wp-block-column-is-layout-flow\" style=\"flex-basis:66.66%\">\n<p><strong>Despacho QC-3095<br>Tel. +34 93 581 3513<br>E-mail: Paris.Velez@uab.cat<\/strong><\/p>\n\n\n\n<p><a href=\"https:\/\/portalrecerca.uab.cat\/en\/persons\/paris-velez-rasero-7\" data-type=\"URL\" target=\"_blank\" rel=\"noreferrer noopener\">Producci\u00f3n cient\u00edfica<\/a><\/p>\n\n\n\n<p><strong>Biograf\u00eda<\/strong><\/p>\n\n\n\n<p>Paris V\u00e9lez Rasero naci\u00f3 en Barcelona, Espa\u00f1a, en 1982. Recibi\u00f3 el t\u00edtulo de Ingeniero de Telecomunicaciones, especialidad Electr\u00f3nica, el t\u00edtulo de Ingeniero en Electr\u00f3nica y el Doctorado en Ingenier\u00eda Electr\u00f3nica por la Universitat Aut\u00f2noma de Barcelona, Espa\u00f1a, en 2008, 2010, y 2014, respectivamente. Su tesis doctoral fue dedicada al desarrollo de circuitos de microondas diferenciales con supresi\u00f3n de modo com\u00fan basados en conceptos de metamateriales y resonadores semi-discretos. Durante el doctorado, en el periodo 2011-2014, disfrut\u00f3 de una de las Ayudas para la Formaci\u00f3n de Profesorado Universitario (FPU). De 2015 a 2017, estuvo involucrado en temas relacionados con sensores basados en metamateriales para la detecci\u00f3n y caracterizaci\u00f3n de fluidos en el centro LAAS-CNRS (Francia), a trav\u00e9s de una Beca TECNIOSpring cofinanciada por el Programa Marie Curie. De 2018 a 2021, el Dr. V\u00e9lez centr\u00f3 su investigaci\u00f3n en el dise\u00f1o de sensores de RF\/microondas de alto rendimiento para diferentes aplicaciones (salud estructural, control de calidad de l\u00edquidos en producci\u00f3n industrial, etc\u2026) a trav\u00e9s de un contrato Juan de la Cierva. Sus intereses de investigaci\u00f3n actuales incluyen la miniaturizaci\u00f3n de circuitos pasivos de RF\/microondas y la optimizaci\u00f3n de sensores de microondas, a trav\u00e9s de un contrato Ram\u00f3n y Cajal (2023). El Dr. V\u00e9lez es revisor de IEEE Transactions on Microwave Theory and Techniques y de otras revistas.<\/p>\n<\/div>\n<\/div>\n\n\n\n<div class=\"wp-block-columns alignwide is-layout-flex wp-container-core-columns-is-layout-9d6595d7 wp-block-columns-is-layout-flex\">\n<div class=\"wp-block-column is-layout-flow wp-block-column-is-layout-flow\" style=\"flex-basis:25%\">\n<div class=\"wp-block-buttons is-layout-flex wp-block-buttons-is-layout-flex\">\n<div class=\"wp-block-button has-custom-width wp-block-button__width-100\"><a class=\"wp-block-button__link wp-element-button\" href=\"https:\/\/webs.uab.cat\/cimitec\/miembros\/ferran-paredes\/?lang=es\">&lt;&lt; f. paredes<\/a><\/div>\n<\/div>\n<\/div>\n\n\n\n<div class=\"wp-block-column is-layout-flow wp-block-column-is-layout-flow\" style=\"flex-basis:50%\">\n<div class=\"wp-block-buttons is-layout-flex wp-block-buttons-is-layout-flex\">\n<div class=\"wp-block-button has-custom-width wp-block-button__width-100 is-style-outline is-style-outline--1\"><a class=\"wp-block-button__link wp-element-button\" href=\"https:\/\/webs.uab.cat\/cimitec\/miembros\/?lang=es\">Listado de miembros<\/a><\/div>\n<\/div>\n<\/div>\n\n\n\n<div class=\"wp-block-column is-layout-flow wp-block-column-is-layout-flow\" style=\"flex-basis:25%\">\n<div class=\"wp-block-buttons is-layout-flex wp-block-buttons-is-layout-flex\">\n<div class=\"wp-block-button has-custom-width wp-block-button__width-100\"><a class=\"wp-block-button__link wp-element-button\" href=\"https:\/\/webs.uab.cat\/cimitec\/miembros\/amirhossein-karami-horestani\/?lang=es\">a. karami &gt;&gt;<\/a><\/div>\n<\/div>\n<\/div>\n<\/div>\n\n\n\n<p><\/p>\n","protected":false},"excerpt":{"rendered":"<p>Despacho QC-3095Tel. +34 93 581 3513E-mail: Paris.Velez@uab.cat Producci\u00f3n cient\u00edfica Biograf\u00eda Paris V\u00e9lez Rasero naci\u00f3 en Barcelona, Espa\u00f1a, en 1982. Recibi\u00f3 el t\u00edtulo de Ingeniero de Telecomunicaciones, especialidad Electr\u00f3nica, el t\u00edtulo de Ingeniero en Electr\u00f3nica y el Doctorado en Ingenier\u00eda Electr\u00f3nica por la Universitat Aut\u00f2noma de Barcelona, Espa\u00f1a, en 2008, 2010, y 2014, respectivamente. Su tesis [&hellip;]<\/p>\n","protected":false},"author":2651,"featured_media":0,"parent":1180,"menu_order":3,"comment_status":"closed","ping_status":"closed","template":"","meta":{"footnotes":""},"class_list":["post-1611","page","type-page","status-publish","hentry"],"_links":{"self":[{"href":"https:\/\/webs.uab.cat\/cimitec\/wp-json\/wp\/v2\/pages\/1611","targetHints":{"allow":["GET"]}}],"collection":[{"href":"https:\/\/webs.uab.cat\/cimitec\/wp-json\/wp\/v2\/pages"}],"about":[{"href":"https:\/\/webs.uab.cat\/cimitec\/wp-json\/wp\/v2\/types\/page"}],"author":[{"embeddable":true,"href":"https:\/\/webs.uab.cat\/cimitec\/wp-json\/wp\/v2\/users\/2651"}],"replies":[{"embeddable":true,"href":"https:\/\/webs.uab.cat\/cimitec\/wp-json\/wp\/v2\/comments?post=1611"}],"version-history":[{"count":7,"href":"https:\/\/webs.uab.cat\/cimitec\/wp-json\/wp\/v2\/pages\/1611\/revisions"}],"predecessor-version":[{"id":2780,"href":"https:\/\/webs.uab.cat\/cimitec\/wp-json\/wp\/v2\/pages\/1611\/revisions\/2780"}],"up":[{"embeddable":true,"href":"https:\/\/webs.uab.cat\/cimitec\/wp-json\/wp\/v2\/pages\/1180"}],"wp:attachment":[{"href":"https:\/\/webs.uab.cat\/cimitec\/wp-json\/wp\/v2\/media?parent=1611"}],"curies":[{"name":"wp","href":"https:\/\/api.w.org\/{rel}","templated":true}]}}