{"id":1617,"date":"2023-06-13T12:15:32","date_gmt":"2023-06-13T10:15:32","guid":{"rendered":"https:\/\/webs.uab.cat\/gemmacimitec\/miembros\/anna-cedenilla\/"},"modified":"2026-02-20T13:58:29","modified_gmt":"2026-02-20T11:58:29","slug":"anna-cedenilla","status":"publish","type":"page","link":"https:\/\/webs.uab.cat\/cimitec\/miembros\/anna-cedenilla\/?lang=es","title":{"rendered":"Anna Cedenilla"},"content":{"rendered":"\n<div class=\"wp-block-columns alignwide is-layout-flex wp-container-core-columns-is-layout-9d6595d7 wp-block-columns-is-layout-flex\">\n<div class=\"wp-block-column is-layout-flow wp-block-column-is-layout-flow\" style=\"flex-basis:33.33%\">\n<figure class=\"wp-block-image size-full is-resized\"><img loading=\"lazy\" decoding=\"async\" width=\"142\" height=\"189\" src=\"https:\/\/webs.uab.cat\/gemmacimitec\/wp-content\/uploads\/sites\/445\/2024\/09\/anna.png\" alt=\"\" class=\"wp-image-2333\" style=\"aspect-ratio:1;object-fit:contain;width:350px\" \/><\/figure>\n<\/div>\n\n\n\n<div class=\"wp-block-column is-layout-flow wp-block-column-is-layout-flow\" style=\"flex-basis:66.66%\">\n<p><strong>Despacho QC-3055<br>Tel. +34 93 581 4803<br>E-mail: Anna.Cedenilla@uab.cat<\/strong><\/p>\n\n\n\n<p><br>Anna Cedenilla naci\u00f3 en Barcelona (Espa\u00f1a) en 1970. Obtuvo la Licenciatura de Psicolog\u00eda por la Universidad de Barcelona en 1993. Actualmente trabaja como secretaria para CIMITEC.<\/p>\n<\/div>\n<\/div>\n\n\n\n<div class=\"wp-block-columns alignwide is-layout-flex wp-container-core-columns-is-layout-9d6595d7 wp-block-columns-is-layout-flex\">\n<div class=\"wp-block-column is-layout-flow wp-block-column-is-layout-flow\" style=\"flex-basis:25%\">\n<div class=\"wp-block-buttons is-layout-flex wp-block-buttons-is-layout-flex\">\n<div class=\"wp-block-button has-custom-width wp-block-button__width-100\"><a class=\"wp-block-button__link wp-element-button\" href=\"https:\/\/webs.uab.cat\/cimitec\/miembros\/gerard-siso\/?lang=es\">&lt;&lt; g. sis\u00f3<\/a><\/div>\n<\/div>\n<\/div>\n\n\n\n<div class=\"wp-block-column is-layout-flow wp-block-column-is-layout-flow\" style=\"flex-basis:50%\">\n<div class=\"wp-block-buttons is-layout-flex wp-block-buttons-is-layout-flex\">\n<div class=\"wp-block-button has-custom-width wp-block-button__width-100 is-style-outline is-style-outline--1\"><a class=\"wp-block-button__link wp-element-button\" href=\"https:\/\/webs.uab.cat\/cimitec\/miembros\/?lang=es\">listado de miembros<\/a><\/div>\n<\/div>\n<\/div>\n\n\n\n<div class=\"wp-block-column is-layout-flow wp-block-column-is-layout-flow\" style=\"flex-basis:25%\"><\/div>\n<\/div>\n","protected":false},"excerpt":{"rendered":"<p>Despacho QC-3055Tel. +34 93 581 4803E-mail: Anna.Cedenilla@uab.cat Anna Cedenilla naci\u00f3 en Barcelona (Espa\u00f1a) en 1970. Obtuvo la Licenciatura de Psicolog\u00eda por la Universidad de Barcelona en 1993. Actualmente trabaja como secretaria para CIMITEC.<\/p>\n","protected":false},"author":2651,"featured_media":0,"parent":1180,"menu_order":9,"comment_status":"closed","ping_status":"closed","template":"","meta":{"footnotes":""},"class_list":["post-1617","page","type-page","status-publish","hentry"],"_links":{"self":[{"href":"https:\/\/webs.uab.cat\/cimitec\/wp-json\/wp\/v2\/pages\/1617","targetHints":{"allow":["GET"]}}],"collection":[{"href":"https:\/\/webs.uab.cat\/cimitec\/wp-json\/wp\/v2\/pages"}],"about":[{"href":"https:\/\/webs.uab.cat\/cimitec\/wp-json\/wp\/v2\/types\/page"}],"author":[{"embeddable":true,"href":"https:\/\/webs.uab.cat\/cimitec\/wp-json\/wp\/v2\/users\/2651"}],"replies":[{"embeddable":true,"href":"https:\/\/webs.uab.cat\/cimitec\/wp-json\/wp\/v2\/comments?post=1617"}],"version-history":[{"count":4,"href":"https:\/\/webs.uab.cat\/cimitec\/wp-json\/wp\/v2\/pages\/1617\/revisions"}],"predecessor-version":[{"id":2787,"href":"https:\/\/webs.uab.cat\/cimitec\/wp-json\/wp\/v2\/pages\/1617\/revisions\/2787"}],"up":[{"embeddable":true,"href":"https:\/\/webs.uab.cat\/cimitec\/wp-json\/wp\/v2\/pages\/1180"}],"wp:attachment":[{"href":"https:\/\/webs.uab.cat\/cimitec\/wp-json\/wp\/v2\/media?parent=1617"}],"curies":[{"name":"wp","href":"https:\/\/api.w.org\/{rel}","templated":true}]}}