{"id":1619,"date":"2023-06-13T12:13:47","date_gmt":"2023-06-13T10:13:47","guid":{"rendered":"https:\/\/webs.uab.cat\/gemmacimitec\/miembros\/gerard-siso\/"},"modified":"2026-02-20T13:58:00","modified_gmt":"2026-02-20T11:58:00","slug":"gerard-siso","status":"publish","type":"page","link":"https:\/\/webs.uab.cat\/cimitec\/miembros\/gerard-siso\/?lang=es","title":{"rendered":"Gerard Sis\u00f3"},"content":{"rendered":"\n<div class=\"wp-block-columns alignwide is-layout-flex wp-container-core-columns-is-layout-9d6595d7 wp-block-columns-is-layout-flex\">\n<div class=\"wp-block-column is-layout-flow wp-block-column-is-layout-flow\" style=\"flex-basis:33.33%\">\n<figure class=\"wp-block-image size-full is-resized\"><img loading=\"lazy\" decoding=\"async\" width=\"412\" height=\"600\" src=\"https:\/\/webs.uab.cat\/gemmacimitec\/wp-content\/uploads\/sites\/445\/2024\/09\/gsc.jpg\" alt=\"\" class=\"wp-image-2308\" style=\"aspect-ratio:1;object-fit:contain;width:350px\" srcset=\"https:\/\/webs.uab.cat\/cimitec\/wp-content\/uploads\/sites\/445\/2024\/09\/gsc.jpg 412w, https:\/\/webs.uab.cat\/cimitec\/wp-content\/uploads\/sites\/445\/2024\/09\/gsc-206x300.jpg 206w\" sizes=\"auto, (max-width: 412px) 100vw, 412px\" \/><\/figure>\n<\/div>\n\n\n\n<div class=\"wp-block-column is-layout-flow wp-block-column-is-layout-flow\" style=\"flex-basis:66.66%\">\n<p><strong>Despacho QC-3055<br>Tel. +34 93 581 4803<br>E-mail: Gerard.Siso@uab.cat <\/strong><br><a href=\"https:\/\/es.linkedin.com\/in\/gerard-sis%25C3%25B3-cuadrado-0bb70311\" target=\"_blank\" rel=\"noreferrer noopener\"><\/a><\/p>\n\n\n\n<p><br>Gerard Sis\u00f3 naci\u00f3 en Barcelona en 1981. Obtuvo la titulaci\u00f3n de Ingenier\u00eda T\u00e9cnica Industrial, especialidad en Electr\u00f3nica, por la Universitat Polit\u00e8cnica de Catalunya en 2004, el t\u00edtulo de Ingenier\u00eda Electr\u00f3nica por la Universitat Aut\u00f2noma de Barcelona en el 2006 y el Doctorado en Ingenier\u00eda Electr\u00f3nica por la misma Universidad en 2010. Entre sus principales l\u00edneas de investigaci\u00f3n se encuentran los circuitos de microondas basados en l\u00edneas de transmisi\u00f3n metamaterial, en especial los dispositivos de ancho de banda mejorado y multibanda. Desde 2009 ejerce como Gestor\/Promotor de CIMITEC.<\/p>\n<\/div>\n<\/div>\n\n\n\n<div class=\"wp-block-columns alignwide is-layout-flex wp-container-core-columns-is-layout-9d6595d7 wp-block-columns-is-layout-flex\">\n<div class=\"wp-block-column is-layout-flow wp-block-column-is-layout-flow\" style=\"flex-basis:25%\">\n<div class=\"wp-block-buttons is-layout-flex wp-block-buttons-is-layout-flex\">\n<div class=\"wp-block-button has-custom-width wp-block-button__width-100\"><a class=\"wp-block-button__link wp-element-button\" href=\"https:\/\/webs.uab.cat\/cimitec\/miembros\/karl-adolphs\/?lang=es\">&lt;&lt; k. adolphs<\/a><\/div>\n<\/div>\n<\/div>\n\n\n\n<div class=\"wp-block-column is-layout-flow wp-block-column-is-layout-flow\" style=\"flex-basis:50%\">\n<div class=\"wp-block-buttons is-layout-flex wp-block-buttons-is-layout-flex\">\n<div class=\"wp-block-button has-custom-width wp-block-button__width-100 is-style-outline is-style-outline--1\"><a class=\"wp-block-button__link wp-element-button\" href=\"https:\/\/webs.uab.cat\/cimitec\/miembros\/?lang=es\">listado de miembros<\/a><\/div>\n<\/div>\n<\/div>\n\n\n\n<div class=\"wp-block-column is-layout-flow wp-block-column-is-layout-flow\" style=\"flex-basis:25%\">\n<div class=\"wp-block-buttons is-layout-flex wp-block-buttons-is-layout-flex\">\n<div class=\"wp-block-button has-custom-width wp-block-button__width-100\"><a class=\"wp-block-button__link wp-element-button\" href=\"https:\/\/webs.uab.cat\/cimitec\/miembros\/anna-cedenilla\/?lang=es\">a. cedenilla &gt;&gt;<\/a><\/div>\n<\/div>\n<\/div>\n<\/div>\n","protected":false},"excerpt":{"rendered":"<p>Despacho QC-3055Tel. +34 93 581 4803E-mail: Gerard.Siso@uab.cat Gerard Sis\u00f3 naci\u00f3 en Barcelona en 1981. Obtuvo la titulaci\u00f3n de Ingenier\u00eda T\u00e9cnica Industrial, especialidad en Electr\u00f3nica, por la Universitat Polit\u00e8cnica de Catalunya en 2004, el t\u00edtulo de Ingenier\u00eda Electr\u00f3nica por la Universitat Aut\u00f2noma de Barcelona en el 2006 y el Doctorado en Ingenier\u00eda Electr\u00f3nica por la misma [&hellip;]<\/p>\n","protected":false},"author":2651,"featured_media":0,"parent":1180,"menu_order":8,"comment_status":"closed","ping_status":"closed","template":"","meta":{"footnotes":""},"class_list":["post-1619","page","type-page","status-publish","hentry"],"_links":{"self":[{"href":"https:\/\/webs.uab.cat\/cimitec\/wp-json\/wp\/v2\/pages\/1619","targetHints":{"allow":["GET"]}}],"collection":[{"href":"https:\/\/webs.uab.cat\/cimitec\/wp-json\/wp\/v2\/pages"}],"about":[{"href":"https:\/\/webs.uab.cat\/cimitec\/wp-json\/wp\/v2\/types\/page"}],"author":[{"embeddable":true,"href":"https:\/\/webs.uab.cat\/cimitec\/wp-json\/wp\/v2\/users\/2651"}],"replies":[{"embeddable":true,"href":"https:\/\/webs.uab.cat\/cimitec\/wp-json\/wp\/v2\/comments?post=1619"}],"version-history":[{"count":10,"href":"https:\/\/webs.uab.cat\/cimitec\/wp-json\/wp\/v2\/pages\/1619\/revisions"}],"predecessor-version":[{"id":2786,"href":"https:\/\/webs.uab.cat\/cimitec\/wp-json\/wp\/v2\/pages\/1619\/revisions\/2786"}],"up":[{"embeddable":true,"href":"https:\/\/webs.uab.cat\/cimitec\/wp-json\/wp\/v2\/pages\/1180"}],"wp:attachment":[{"href":"https:\/\/webs.uab.cat\/cimitec\/wp-json\/wp\/v2\/media?parent=1619"}],"curies":[{"name":"wp","href":"https:\/\/api.w.org\/{rel}","templated":true}]}}