{"id":2,"date":"2023-06-06T12:33:17","date_gmt":"2023-06-06T10:33:17","guid":{"rendered":"https:\/\/webs.uab.cat\/gemmacimitec\/?page_id=2"},"modified":"2026-02-13T17:42:07","modified_gmt":"2026-02-13T15:42:07","slug":"pagina-exemple","status":"publish","type":"page","link":"https:\/\/webs.uab.cat\/cimitec\/","title":{"rendered":""},"content":{"rendered":"\n<div class=\"wp-block-columns alignwide is-layout-flex wp-container-core-columns-is-layout-9d6595d7 wp-block-columns-is-layout-flex\">\n<div class=\"wp-block-column is-layout-flow wp-block-column-is-layout-flow\" style=\"flex-basis:66.66%\"><div class=\"wp-block-image\">\n<figure class=\"aligncenter size-medium\"><img loading=\"lazy\" decoding=\"async\" width=\"300\" height=\"105\" src=\"https:\/\/webs.uab.cat\/cimitec\/wp-content\/uploads\/sites\/445\/2026\/02\/Presentacio1__verd_OK_cimitec_net-300x105.png\" alt=\"\" class=\"wp-image-2661\" srcset=\"https:\/\/webs.uab.cat\/cimitec\/wp-content\/uploads\/sites\/445\/2026\/02\/Presentacio1__verd_OK_cimitec_net-300x105.png 300w, https:\/\/webs.uab.cat\/cimitec\/wp-content\/uploads\/sites\/445\/2026\/02\/Presentacio1__verd_OK_cimitec_net.png 574w\" sizes=\"auto, (max-width: 300px) 100vw, 300px\" \/><\/figure>\n<\/div>\n\n\n<p class=\"has-text-align-center has-verd-tropic-color has-text-color has-normal-font-size\"><strong>Circuits i Sistemes Intel\u00b7ligents de Microones per a la Innovaci\u00f3 Tecnol\u00f2gica<\/strong><\/p>\n\n\n\n<p>CIMITEC \u00e9s un grup pioner en l&#8217;aplicaci\u00f3 dels Metamaterials (i altres estructures) al <strong>desenvolupament de circuits de radiofreq\u00fc\u00e8ncia\/microones d&#8217;altes prestacions i baix cost, reduint les seves dimensions i\/o afegint noves funcionalitats<\/strong>. CIMITEC combina la recerca b\u00e0sica i l&#8217;aplicada. Explorem nous conceptes, idees i estructures per a adaptar-les a les necessitats de la ind\u00fastria, permetent optimitzar sistemes i cobrir noves necessitats en \u00e0mbits com les <strong>telecomunicacions, sistemes industrials, &#8220;Internet of Things&#8221; o salut<\/strong>, entre d&#8217;altres.<\/p>\n\n\n\n<h2 class=\"wp-block-heading\">\u00c0rees de treball<\/h2>\n\n\n\n<div class=\"wp-block-columns are-vertically-aligned-center is-layout-flex wp-container-core-columns-is-layout-9d6595d7 wp-block-columns-is-layout-flex\">\n<div class=\"wp-block-column is-vertically-aligned-center is-layout-flow wp-block-column-is-layout-flow\">\n<div class=\"wp-block-group has-verd-tropic-transparent-background-color has-background\"><div class=\"wp-block-group__inner-container is-layout-constrained wp-block-group-is-layout-constrained\">\n<p class=\"has-text-align-center has-large-font-size\"><strong>Sensors<\/strong><\/p>\n\n\n\n<p class=\"has-text-align-center\"><strong>Desenvolupament de sensors basats en circuits de RF\/microones, amb elevada sensibilitat<\/strong><\/p>\n\n\n\n<p class=\"has-text-align-center\">Aplicacions en caracteritzaci\u00f3 de materials, determinaci\u00f3 de composici\u00f3 o detecci\u00f3 de defectes, entre d&#8217;altres<\/p>\n\n\n\n<p class=\"has-text-align-center\"><kbd><a href=\"https:\/\/webs.uab.cat\/cimitec\/linies-de-recerca\/\" data-type=\"link\" data-id=\"https:\/\/webs.uab.cat\/cimitec\/linies-de-recerca\/\">+m\u00e9s<\/a><\/kbd><\/p>\n<\/div><\/div>\n<\/div>\n\n\n\n<div class=\"wp-block-column is-vertically-aligned-center is-layout-flow wp-block-column-is-layout-flow\">\n<div class=\"wp-block-group\"><div class=\"wp-block-group__inner-container is-layout-constrained wp-block-group-is-layout-constrained\">\n<div class=\"wp-block-group has-marro-stradivari-transparent-background-color has-background\"><div class=\"wp-block-group__inner-container is-layout-constrained wp-block-group-is-layout-constrained\">\n<p class=\"has-text-align-center has-large-font-size\"><strong>Antenes i RFID<\/strong><\/p>\n\n\n\n<p class=\"has-text-align-center\"><strong>Desenvolupament de sistemes d&#8217;identificaci\u00f3 per radiofreq\u00fc\u00e8ncia sense xip (Chipless-RFID)<\/strong><\/p>\n\n\n\n<p class=\"has-text-align-center\">Etiquetes amb gran nombre de bits i de baix cost per aplicacions d&#8217;identificaci\u00f3, log\u00edstica i &#8220;Smart Packaging&#8221;<\/p>\n\n\n\n<p class=\"has-text-align-center\"><kbd><a href=\"https:\/\/webs.uab.cat\/cimitec\/linies-de-recerca\/\" data-type=\"link\" data-id=\"https:\/\/webs.uab.cat\/cimitec\/linies-de-recerca\/\">+m\u00e9s<\/a><\/kbd><\/p>\n<\/div><\/div>\n<\/div><\/div>\n<\/div>\n<\/div>\n<\/div>\n\n\n\n<div class=\"wp-block-column is-layout-flow wp-block-column-is-layout-flow\" style=\"flex-basis:33.33%\">\n<p class=\"has-text-align-center has-verd-tropic-transparent-background-color has-background has-normal-font-size\"><strong>\u00daLTIMES NOVETATS<\/strong><\/p>\n\n\n\n<p>06\/05\/2024:<strong> A LA VENDA EL LLIBRE \u201cCOUPLED STRUCTURES FOR MICROWAVE SENSING\u201d, SPRINGER<\/strong><\/p>\n\n\n\n<p>El llibre, editat Ferran Mart\u00edn i Enrique Bronchalo, presenta l\u2019estat de l\u2019art dels sensors planars de microones, aix\u00ed com diferents m\u00e8todes per a incrementar la seva sensibilitat.<\/p>\n\n\n\n<p><a href=\"https:\/\/link.springer.com\/book\/10.1007\/978-3-031-53861-2\" target=\"_blank\" rel=\"noreferrer noopener\">Coupled Structures for Microwave Sensing<\/a><br>Editors: Ferran Mart\u00edn, Enrique Bronchalo<br>Springer<br>ISBN: 978-3-031-53860-5 (Hardcover) \/ 978-3-031-53863-6 (Softcover) \/ 978-3-031-53861-2 (eBook)<br>466 pages.<br>2024<\/p>\n\n\n<div class=\"wp-block-image\">\n<figure class=\"aligncenter size-medium\"><img loading=\"lazy\" decoding=\"async\" width=\"199\" height=\"300\" src=\"https:\/\/webs.uab.cat\/gemmacimitec\/wp-content\/uploads\/sites\/445\/2024\/05\/978-3-031-53861-2-199x300.webp\" alt=\"\" class=\"wp-image-2197\" srcset=\"https:\/\/webs.uab.cat\/cimitec\/wp-content\/uploads\/sites\/445\/2024\/05\/978-3-031-53861-2-199x300.webp 199w, https:\/\/webs.uab.cat\/cimitec\/wp-content\/uploads\/sites\/445\/2024\/05\/978-3-031-53861-2-680x1024.webp 680w, https:\/\/webs.uab.cat\/cimitec\/wp-content\/uploads\/sites\/445\/2024\/05\/978-3-031-53861-2-768x1157.webp 768w, https:\/\/webs.uab.cat\/cimitec\/wp-content\/uploads\/sites\/445\/2024\/05\/978-3-031-53861-2.webp 827w\" sizes=\"auto, (max-width: 199px) 100vw, 199px\" \/><\/figure>\n<\/div>\n\n\n<hr class=\"wp-block-separator aligncenter has-alpha-channel-opacity\" \/>\n\n\n<div class=\"wp-block-image\">\n<figure class=\"aligncenter size-full\"><img loading=\"lazy\" decoding=\"async\" width=\"2560\" height=\"1703\" src=\"https:\/\/webs.uab.cat\/gemmacimitec\/wp-content\/uploads\/sites\/445\/2023\/07\/230629_coit_premios_a_la_excelencia_021-scaled.jpg\" alt=\"\" class=\"wp-image-832\" srcset=\"https:\/\/webs.uab.cat\/cimitec\/wp-content\/uploads\/sites\/445\/2023\/07\/230629_coit_premios_a_la_excelencia_021-scaled.jpg 2560w, https:\/\/webs.uab.cat\/cimitec\/wp-content\/uploads\/sites\/445\/2023\/07\/230629_coit_premios_a_la_excelencia_021-300x200.jpg 300w, https:\/\/webs.uab.cat\/cimitec\/wp-content\/uploads\/sites\/445\/2023\/07\/230629_coit_premios_a_la_excelencia_021-1024x681.jpg 1024w, https:\/\/webs.uab.cat\/cimitec\/wp-content\/uploads\/sites\/445\/2023\/07\/230629_coit_premios_a_la_excelencia_021-768x511.jpg 768w, https:\/\/webs.uab.cat\/cimitec\/wp-content\/uploads\/sites\/445\/2023\/07\/230629_coit_premios_a_la_excelencia_021-1536x1022.jpg 1536w, https:\/\/webs.uab.cat\/cimitec\/wp-content\/uploads\/sites\/445\/2023\/07\/230629_coit_premios_a_la_excelencia_021-2048x1363.jpg 2048w, https:\/\/webs.uab.cat\/cimitec\/wp-content\/uploads\/sites\/445\/2023\/07\/230629_coit_premios_a_la_excelencia_021-1200x798.jpg 1200w, https:\/\/webs.uab.cat\/cimitec\/wp-content\/uploads\/sites\/445\/2023\/07\/230629_coit_premios_a_la_excelencia_021-1980x1317.jpg 1980w\" sizes=\"auto, (max-width: 2560px) 100vw, 2560px\" \/><\/figure>\n<\/div>\n\n\n<p>30\/06\/2023:<strong> JONATHAN MU\u00d1OZ REP EL PREMI A LA MILLOR TESI DOCTORAL ATORGAT PER COIT-AEIT<\/strong><\/p>\n\n\n\n<p>L\u2019investigador post doctoral de GEMMA-CIMITEC Jonathan Mu\u00f1oz Enano ha rebut el <a href=\"https:\/\/www.coit.es\/noticias\/anunciados-los-ganadores-de-los-premios-la-excelencia-en-ingenieria-de-telecomunicacion\" data-type=\"URL\" data-id=\"https:\/\/www.coit.es\/noticias\/anunciados-los-ganadores-de-los-premios-la-excelencia-en-ingenieria-de-telecomunicacion\" target=\"_blank\" rel=\"noreferrer noopener\">Premi COIT-AEIT a la millor tesi doctoral en Tecnologies i Aplicacions de l&#8217;Enginyeria de Telecomunicaci\u00f3<\/a>, per la seva tesi titulada \u201cHighly Sensitive Planar Microwave Sensors for Dielectric Characterization of Solids, Liquids, and Biosamples\u201d. La <a href=\"https:\/\/www.coit.es\/noticias\/ceremonia-de-entrega-de-los-premios-la-excelencia-en-ingenieria-de-telecomunicacion-en-su\" data-type=\"URL\" data-id=\"https:\/\/www.coit.es\/noticias\/ceremonia-de-entrega-de-los-premios-la-excelencia-en-ingenieria-de-telecomunicacion-en-su\" target=\"_blank\" rel=\"noreferrer noopener\">cerim\u00f2nia d\u2019entrega de premis<\/a> va tenir lloc el passat dia 29 de juny a Madrid<\/p>\n\n\n\n<div class=\"wp-block-buttons is-layout-flex wp-block-buttons-is-layout-flex\">\n<div class=\"wp-block-button has-custom-width wp-block-button__width-100 is-style-outline is-style-outline--1\"><a class=\"wp-block-button__link wp-element-button\" href=\"https:\/\/webs.uab.cat\/cimitec\/novetats\/\">m\u00e9s novetats<\/a><\/div>\n<\/div>\n<\/div>\n<\/div>\n","protected":false},"excerpt":{"rendered":"<p>Circuits i Sistemes Intel\u00b7ligents de Microones per a la Innovaci\u00f3 Tecnol\u00f2gica CIMITEC \u00e9s un grup pioner en l&#8217;aplicaci\u00f3 dels Metamaterials (i altres estructures) al desenvolupament de circuits de radiofreq\u00fc\u00e8ncia\/microones d&#8217;altes prestacions i baix cost, reduint les seves dimensions i\/o afegint noves funcionalitats. CIMITEC combina la recerca b\u00e0sica i l&#8217;aplicada. Explorem nous conceptes, idees i estructures [&hellip;]<\/p>\n","protected":false},"author":2651,"featured_media":0,"parent":0,"menu_order":0,"comment_status":"closed","ping_status":"open","template":"","meta":{"footnotes":""},"class_list":["post-2","page","type-page","status-publish","hentry"],"_links":{"self":[{"href":"https:\/\/webs.uab.cat\/cimitec\/wp-json\/wp\/v2\/pages\/2","targetHints":{"allow":["GET"]}}],"collection":[{"href":"https:\/\/webs.uab.cat\/cimitec\/wp-json\/wp\/v2\/pages"}],"about":[{"href":"https:\/\/webs.uab.cat\/cimitec\/wp-json\/wp\/v2\/types\/page"}],"author":[{"embeddable":true,"href":"https:\/\/webs.uab.cat\/cimitec\/wp-json\/wp\/v2\/users\/2651"}],"replies":[{"embeddable":true,"href":"https:\/\/webs.uab.cat\/cimitec\/wp-json\/wp\/v2\/comments?post=2"}],"version-history":[{"count":32,"href":"https:\/\/webs.uab.cat\/cimitec\/wp-json\/wp\/v2\/pages\/2\/revisions"}],"predecessor-version":[{"id":2667,"href":"https:\/\/webs.uab.cat\/cimitec\/wp-json\/wp\/v2\/pages\/2\/revisions\/2667"}],"wp:attachment":[{"href":"https:\/\/webs.uab.cat\/cimitec\/wp-json\/wp\/v2\/media?parent=2"}],"curies":[{"name":"wp","href":"https:\/\/api.w.org\/{rel}","templated":true}]}}