{"id":204,"date":"2023-06-06T12:33:17","date_gmt":"2023-06-06T10:33:17","guid":{"rendered":"https:\/\/webs.uab.cat\/gemmacimitec\/pagina-exemple\/"},"modified":"2026-02-26T15:35:27","modified_gmt":"2026-02-26T13:35:27","slug":"pagina-exemple","status":"publish","type":"page","link":"https:\/\/webs.uab.cat\/cimitec\/pagina-exemple\/?lang=es","title":{"rendered":""},"content":{"rendered":"\n<div class=\"wp-block-columns alignwide is-layout-flex wp-container-core-columns-is-layout-9d6595d7 wp-block-columns-is-layout-flex\">\n<div class=\"wp-block-column is-layout-flow wp-block-column-is-layout-flow\" style=\"flex-basis:66.66%\"><div class=\"wp-block-image\">\n<figure class=\"aligncenter size-medium\"><img loading=\"lazy\" decoding=\"async\" width=\"300\" height=\"105\" src=\"https:\/\/webs.uab.cat\/cimitec\/wp-content\/uploads\/sites\/445\/2026\/02\/Presentacio1__verd_OK_cimitec_net-300x105.png\" alt=\"\" class=\"wp-image-2663\" srcset=\"https:\/\/webs.uab.cat\/cimitec\/wp-content\/uploads\/sites\/445\/2026\/02\/Presentacio1__verd_OK_cimitec_net-300x105.png 300w, https:\/\/webs.uab.cat\/cimitec\/wp-content\/uploads\/sites\/445\/2026\/02\/Presentacio1__verd_OK_cimitec_net.png 574w\" sizes=\"auto, (max-width: 300px) 100vw, 300px\" \/><\/figure>\n<\/div>\n\n\n<p class=\"has-text-align-center has-verd-tropic-color has-text-color has-normal-font-size\"><strong>Circuitos y Sistemas Inteligentes de Microondas para la Innovaci\u00f3n Tecnol\u00f3gica<\/strong><\/p>\n\n\n\n<p>CIMITEC es un grupo pionero en la aplicaci\u00f3n de los Metamateriales (y otras estructuras) al<strong>desarrollo de circuitos de radiofrecuencia\/microondas de altas prestaciones y bajo coste, reduciendo sus dimensiones y\/o a\u00f1adiendo nuevas funcionalidades<\/strong>. CIMITEC combina la investigaci\u00f3n b\u00e1sica y la aplicada. Exploramos nuevos conceptos, ideas y estructuras para adaptarlas a las necesidades de la industria, permitiendo optimizar sistemas y cubrir nuevas necesidades en \u00e1mbitos como las <strong>telecomunicaciones, sistemas industriales, Internet of Things o salud<\/strong>, entre otros.<\/p>\n\n\n\n<h2 class=\"wp-block-heading\">\u00c1reas de trabajo<\/h2>\n\n\n\n<div class=\"wp-block-columns are-vertically-aligned-center is-layout-flex wp-container-core-columns-is-layout-9d6595d7 wp-block-columns-is-layout-flex\">\n<div class=\"wp-block-column is-vertically-aligned-center is-layout-flow wp-block-column-is-layout-flow\">\n<div class=\"wp-block-group has-verd-tropic-transparent-background-color has-background\"><div class=\"wp-block-group__inner-container is-layout-constrained wp-block-group-is-layout-constrained\">\n<p class=\"has-text-align-center has-large-font-size\"><strong>Sensores<\/strong><\/p>\n\n\n\n<p class=\"has-text-align-center\"><strong>Desarrollo de sensores basados en circuitos de RF\/microondas, con elevada sensibilidad<\/strong><\/p>\n\n\n\n<p class=\"has-text-align-center\">Aplicaciones en caracterizaci\u00f3n de materiales, determinaci\u00f3n de composici\u00f3n o detecci\u00f3n de defectos, entre otros<\/p>\n\n\n\n<p class=\"has-text-align-center\"><kbd><a href=\"https:\/\/webs.uab.cat\/cimitec\/lineas-de-investigacion\/?lang=es\" data-type=\"link\" data-id=\"https:\/\/webs.uab.cat\/cimitec\/lineas-de-investigacion\/?lang=es\">+m\u00e1s<\/a><\/kbd><\/p>\n<\/div><\/div>\n<\/div>\n\n\n\n<div class=\"wp-block-column is-vertically-aligned-center is-layout-flow wp-block-column-is-layout-flow\">\n<div class=\"wp-block-group\"><div class=\"wp-block-group__inner-container is-layout-constrained wp-block-group-is-layout-constrained\">\n<div class=\"wp-block-group has-marro-stradivari-transparent-background-color has-background\"><div class=\"wp-block-group__inner-container is-layout-constrained wp-block-group-is-layout-constrained\">\n<p class=\"has-text-align-center has-large-font-size\"><strong>Antenas y RFID<\/strong><\/p>\n\n\n\n<p class=\"has-text-align-center\"><strong>Desarrollo de sistemas de identificaci\u00f3n por radiofrecuencia sin chip (Chipless-RFID)<\/strong><\/p>\n\n\n\n<p class=\"has-text-align-center\">Etiquetas con gran n\u00famero de bits y de bajo coste para aplicaciones de identificaci\u00f3n, log\u00edstica y Smart Packaging<\/p>\n\n\n\n<p class=\"has-text-align-center\"><kbd><a href=\"https:\/\/webs.uab.cat\/cimitec\/lineas-de-investigacion\/?lang=es\" data-type=\"link\" data-id=\"https:\/\/webs.uab.cat\/cimitec\/lineas-de-investigacion\/?lang=es\">+m\u00e1s<\/a><\/kbd><\/p>\n<\/div><\/div>\n<\/div><\/div>\n<\/div>\n<\/div>\n<\/div>\n\n\n\n<div class=\"wp-block-column is-layout-flow wp-block-column-is-layout-flow\" style=\"flex-basis:33.33%\">\n<p class=\"has-text-align-center has-verd-tropic-transparent-background-color has-background has-normal-font-size\"><strong>\u00daLTIMAS NOVEDADES<\/strong><\/p>\n\n\n\n<p>06\/05\/2024:<strong> A LA VENTA EL LIBRO \u201cCOUPLED STRUCTURES FOR MICROWAVE SENSING\u201d, SPRINGER<\/strong><\/p>\n\n\n\n<p>El libro, editado por Ferran Mart\u00edn y Enrique Bronchalo, presenta el estado del arte de los sensores planares de microondas, as\u00ed como diferentes m\u00e9todos peara incrementar su sensibilidad<\/p>\n\n\n\n<p><a href=\"https:\/\/link.springer.com\/book\/10.1007\/978-3-031-53861-2\" target=\"_blank\" rel=\"noreferrer noopener\">Coupled Structures for Microwave Sensing<\/a><br>Editors: Ferran Mart\u00edn, Enrique Bronchalo<br>Springer<br>ISBN: 978-3-031-53860-5 (Hardcover) \/ 978-3-031-53863-6 (Softcover) \/ 978-3-031-53861-2 (eBook)<br>466 pages.<br>2024<\/p>\n\n\n<div class=\"wp-block-image\">\n<figure class=\"aligncenter size-medium\"><img loading=\"lazy\" decoding=\"async\" width=\"199\" height=\"300\" src=\"https:\/\/webs.uab.cat\/gemmacimitec\/wp-content\/uploads\/sites\/445\/2024\/05\/978-3-031-53861-2-199x300.webp\" alt=\"\" class=\"wp-image-2197\" srcset=\"https:\/\/webs.uab.cat\/cimitec\/wp-content\/uploads\/sites\/445\/2024\/05\/978-3-031-53861-2-199x300.webp 199w, https:\/\/webs.uab.cat\/cimitec\/wp-content\/uploads\/sites\/445\/2024\/05\/978-3-031-53861-2-680x1024.webp 680w, https:\/\/webs.uab.cat\/cimitec\/wp-content\/uploads\/sites\/445\/2024\/05\/978-3-031-53861-2-768x1157.webp 768w, https:\/\/webs.uab.cat\/cimitec\/wp-content\/uploads\/sites\/445\/2024\/05\/978-3-031-53861-2.webp 827w\" sizes=\"auto, (max-width: 199px) 100vw, 199px\" \/><\/figure>\n<\/div>\n\n\n<hr class=\"wp-block-separator aligncenter has-alpha-channel-opacity\" \/>\n\n\n<div class=\"wp-block-image\">\n<figure class=\"aligncenter size-full\"><img loading=\"lazy\" decoding=\"async\" width=\"2560\" height=\"1703\" src=\"https:\/\/webs.uab.cat\/gemmacimitec\/wp-content\/uploads\/sites\/445\/2023\/07\/230629_coit_premios_a_la_excelencia_021-scaled.jpg\" alt=\"\" class=\"wp-image-832\" srcset=\"https:\/\/webs.uab.cat\/cimitec\/wp-content\/uploads\/sites\/445\/2023\/07\/230629_coit_premios_a_la_excelencia_021-scaled.jpg 2560w, https:\/\/webs.uab.cat\/cimitec\/wp-content\/uploads\/sites\/445\/2023\/07\/230629_coit_premios_a_la_excelencia_021-300x200.jpg 300w, https:\/\/webs.uab.cat\/cimitec\/wp-content\/uploads\/sites\/445\/2023\/07\/230629_coit_premios_a_la_excelencia_021-1024x681.jpg 1024w, https:\/\/webs.uab.cat\/cimitec\/wp-content\/uploads\/sites\/445\/2023\/07\/230629_coit_premios_a_la_excelencia_021-768x511.jpg 768w, https:\/\/webs.uab.cat\/cimitec\/wp-content\/uploads\/sites\/445\/2023\/07\/230629_coit_premios_a_la_excelencia_021-1536x1022.jpg 1536w, https:\/\/webs.uab.cat\/cimitec\/wp-content\/uploads\/sites\/445\/2023\/07\/230629_coit_premios_a_la_excelencia_021-2048x1363.jpg 2048w, https:\/\/webs.uab.cat\/cimitec\/wp-content\/uploads\/sites\/445\/2023\/07\/230629_coit_premios_a_la_excelencia_021-1200x798.jpg 1200w, https:\/\/webs.uab.cat\/cimitec\/wp-content\/uploads\/sites\/445\/2023\/07\/230629_coit_premios_a_la_excelencia_021-1980x1317.jpg 1980w\" sizes=\"auto, (max-width: 2560px) 100vw, 2560px\" \/><\/figure>\n<\/div>\n\n\n<p>30\/06\/2023: <strong>JONATHAN MU\u00d1OZ RECIBE EL PREMIO A LA MEJOR TESIS DOCTORAL OTORGADO POR COIT-AEIT <\/strong><\/p>\n\n\n\n<p>El investigador post doctoral de GEMMA-CIMITEC Jonathan Mu\u00f1oz Enano ha recibido el <a href=\"https:\/\/www.coit.es\/noticias\/anunciados-los-ganadores-de-los-premios-la-excelencia-en-ingenieria-de-telecomunicacion\" data-type=\"URL\" data-id=\"https:\/\/www.coit.es\/noticias\/anunciados-los-ganadores-de-los-premios-la-excelencia-en-ingenieria-de-telecomunicacion\" target=\"_blank\" rel=\"noreferrer noopener\">Premio COIT-AEIT a la mejor tesis doctoral en Tecnolog\u00edas y Aplicaciones de la Ingenier\u00eda de Telecomunicaci\u00f3n<\/a>, por su tesis titulada \u201cHighly Sensitive Planar Microwave Sensores para Dielectric Characterization of Solids, Liquids, and Biosamples\u201d. La <a href=\"https:\/\/www.coit.es\/noticias\/ceremonia-de-entrega-de-los-premios-la-excelencia-en-ingenieria-de-telecomunicacion-en-su\" data-type=\"URL\" data-id=\"https:\/\/www.coit.es\/noticias\/ceremonia-de-entrega-de-los-premios-la-excelencia-en-ingenieria-de-telecomunicacion-en-su\" target=\"_blank\" rel=\"noreferrer noopener\">ceremonia de entrega de premios<\/a> tuvo lugar el pasado d\u00eda 29 de junio en Madrid.<\/p>\n\n\n\n<div class=\"wp-block-buttons is-layout-flex wp-block-buttons-is-layout-flex\">\n<div class=\"wp-block-button has-custom-width wp-block-button__width-100 is-style-outline is-style-outline--1\"><a class=\"wp-block-button__link wp-element-button\" href=\"https:\/\/webs.uab.cat\/cimitec\/novedades\/?lang=es\">m\u00e1s novedades<\/a><\/div>\n<\/div>\n<\/div>\n<\/div>\n","protected":false},"excerpt":{"rendered":"<p>Circuitos y Sistemas Inteligentes de Microondas para la Innovaci\u00f3n Tecnol\u00f3gica CIMITEC es un grupo pionero en la aplicaci\u00f3n de los Metamateriales (y otras estructuras) aldesarrollo de circuitos de radiofrecuencia\/microondas de altas prestaciones y bajo coste, reduciendo sus dimensiones y\/o a\u00f1adiendo nuevas funcionalidades. CIMITEC combina la investigaci\u00f3n b\u00e1sica y la aplicada. Exploramos nuevos conceptos, ideas y [&hellip;]<\/p>\n","protected":false},"author":2651,"featured_media":0,"parent":0,"menu_order":0,"comment_status":"closed","ping_status":"closed","template":"","meta":{"footnotes":""},"class_list":["post-204","page","type-page","status-publish","hentry"],"_links":{"self":[{"href":"https:\/\/webs.uab.cat\/cimitec\/wp-json\/wp\/v2\/pages\/204","targetHints":{"allow":["GET"]}}],"collection":[{"href":"https:\/\/webs.uab.cat\/cimitec\/wp-json\/wp\/v2\/pages"}],"about":[{"href":"https:\/\/webs.uab.cat\/cimitec\/wp-json\/wp\/v2\/types\/page"}],"author":[{"embeddable":true,"href":"https:\/\/webs.uab.cat\/cimitec\/wp-json\/wp\/v2\/users\/2651"}],"replies":[{"embeddable":true,"href":"https:\/\/webs.uab.cat\/cimitec\/wp-json\/wp\/v2\/comments?post=204"}],"version-history":[{"count":37,"href":"https:\/\/webs.uab.cat\/cimitec\/wp-json\/wp\/v2\/pages\/204\/revisions"}],"predecessor-version":[{"id":2881,"href":"https:\/\/webs.uab.cat\/cimitec\/wp-json\/wp\/v2\/pages\/204\/revisions\/2881"}],"wp:attachment":[{"href":"https:\/\/webs.uab.cat\/cimitec\/wp-json\/wp\/v2\/media?parent=204"}],"curies":[{"name":"wp","href":"https:\/\/api.w.org\/{rel}","templated":true}]}}