{"id":2068,"date":"2024-02-27T15:24:57","date_gmt":"2024-02-27T13:24:57","guid":{"rendered":"https:\/\/webs.uab.cat\/gemmacimitec\/?page_id=2068"},"modified":"2026-02-20T11:12:53","modified_gmt":"2026-02-20T09:12:53","slug":"2024-2","status":"publish","type":"page","link":"https:\/\/webs.uab.cat\/cimitec\/articles-en-revistes\/2024-2\/","title":{"rendered":"2024"},"content":{"rendered":"\n<ul class=\"wp-block-list\">\n<li>N. Kurniawati, P. V\u00e9lez, P. Casacuberta, L. Su, X. Canalias and F. Mart\u00edn, &#8220;<a href=\"https:\/\/doi.org\/10.1109\/JSEN.2024.3483965\" data-type=\"link\" data-id=\"https:\/\/doi.org\/10.1109\/JSEN.2024.3483965\" target=\"_blank\" rel=\"noreferrer noopener\">Highly Sensitive Phase-Variation Microwave Sensor Operating in Transmission Based on an Open Split Ring Resonator (OSRR)<\/a>,&#8221; IEEE Sensors Journal, vol. 24, no. 24, pp. 40749-40763, 15 Dec.15, 2024, https:\/\/doi.org\/10.1109\/JSEN.2024.3483965. <a href=\"https:\/\/ddd.uab.cat\/record\/311740\" data-type=\"link\" data-id=\"https:\/\/ddd.uab.cat\/record\/311740\" target=\"_blank\" rel=\"noreferrer noopener\">Open Access Version<\/a><\/li>\n\n\n\n<li>P. Casacuberta, P. V\u00e9lez, L. Su, X. Canalias, F. Mart\u00edn, &#8220;<a href=\"https:\/\/doi.org\/10.1109\/LMWT.2024.3475210\" data-type=\"link\" data-id=\"https:\/\/doi.org\/10.1109\/LMWT.2024.3475210\" target=\"_blank\" rel=\"noreferrer noopener\">Sensitive Microfluidic Sensor With Weakly Coupled Dumbbell Defect-Ground-Structure Resonators for Volume Fraction Determination in Liquid Mixtures<\/a>,&#8221; &nbsp;IEEE Microwave and Wireless Technology Letters, vol. 34, no. 12, pp. 1411-1414, Dec. 2024 https:\/\/doi.org\/10.1109\/LMWT.2024.3475210<\/li>\n\n\n\n<li>A. Karami-Horestani, F. Paredes, G. Sis\u00f3 and F. Mart\u00edn, &#8220;<a href=\"https:\/\/doi.org\/10.1109\/JSEN.2024.3398420\" data-type=\"link\" data-id=\"https:\/\/doi.org\/10.1109\/JSEN.2024.3398420\" target=\"_blank\" rel=\"noreferrer noopener\">Microwave Displacement Sensor With Good Linearity and Dynamic Range Based on a Microstrip Line Pair Loaded With Movable Electric-LC Resonators<\/a>,&#8221;  IEEE Sensors Journal, vol. 24, no. 13, pp. 20529-20538, 1 July1, 2024, https:\/\/doi.org\/10.1109\/JSEN.2024.3398420. <a href=\"https:\/\/ddd.uab.cat\/record\/294971\" data-type=\"link\" data-id=\"https:\/\/ddd.uab.cat\/record\/294971\" target=\"_blank\" rel=\"noreferrer noopener\">Open Access Version<\/a><\/li>\n\n\n\n<li>P. Casacuberta, P. V\u00e9lez, L. Su, X. Canalias and F. Mart\u00edn, &#8220;<a href=\"https:\/\/doi.org\/10.1109\/LMWT.2024.3383162\" data-type=\"link\" data-id=\"https:\/\/doi.org\/10.1109\/LMWT.2024.3383162\" target=\"_blank\" rel=\"noreferrer noopener\">Highly Sensitive Lossy Tunable Permittivity Sensor<\/a>,&#8221; IEEE Microwave and Wireless Technology Letters, vol. 34, no. 6, pp. 687-690, June 2024, https:\/\/doi.org\/10.1109\/LMWT.2024.3383162. <a href=\"https:\/\/ddd.uab.cat\/record\/294899\" data-type=\"link\" data-id=\"https:\/\/ddd.uab.cat\/record\/294899\" target=\"_blank\" rel=\"noreferrer noopener\">Open Access Version<\/a><\/li>\n\n\n\n<li>A. Karami-Horestani, F. Paredes and F. Mart\u00edn, &#8220;<a href=\"https:\/\/doi.org\/10.1109\/JRFID.2024.3366309\" data-type=\"link\" data-id=\"https:\/\/doi.org\/10.1109\/JRFID.2024.3366309\" target=\"_blank\" rel=\"noreferrer noopener\">Hybrid Time\/Phase\/Frequency Domain Linear Electromagnetic Encoders for Displacement Sensing and Near-Field Chipless-RFID<\/a>,&#8221; IEEE Journal of Radio Frequency Identification,  vol. 8, pp. 134-144, 2024. https:\/\/doi.org\/10.1109\/JRFID.2024.3366309. <a href=\"https:\/\/ddd.uab.cat\/record\/291943\" data-type=\"link\" data-id=\"https:\/\/ddd.uab.cat\/record\/291943\" target=\"_blank\" rel=\"noreferrer noopener\">Open Access Version<\/a><\/li>\n\n\n\n<li>M. Elgeziry, F. Costa, P. V\u00e9lez, F. Paredes, F. Mart\u00edn and S. Genovesi, &#8220;<a href=\"https:\/\/doi.org\/10.1109\/TIM.2023.3338651\" data-type=\"link\" data-id=\"https:\/\/doi.org\/10.1109\/TIM.2023.3338651\" target=\"_blank\" rel=\"noreferrer noopener\">Toward a Low-cost Portable Reader for Reflective-Mode Microwave Sensors<\/a>,&#8221; IEEE Transactions on Instrumentation and Measurement, vol. 73, pp. 1-9, 2024, Art no. 8000309, https:\/\/doi.org\/10.1109\/TIM.2023.3338651. <a href=\"https:\/\/ddd.uab.cat\/record\/289880\" data-type=\"link\" data-id=\"https:\/\/ddd.uab.cat\/record\/289880\" target=\"_blank\" rel=\"noreferrer noopener\">Open Access Version<\/a><\/li>\n\n\n\n<li>J. Mu\u00f1oz-Enano, P. V\u00e9lez, P. Casacuberta, L. Su and F. Mart\u00edn, &#8220;<a href=\"https:\/\/doi.org\/10.1109\/TMTT.2023.3315832\" data-type=\"URL\" data-id=\"https:\/\/doi.org\/10.1109\/TMTT.2023.3315832\" target=\"_blank\" rel=\"noreferrer noopener\">Reflective-Mode Phase-Variation Permittivity Sensor Based on a Step-Impedance Microstrip Line Terminated With a Slot Resonator for Solid and Liquid Characterization<\/a>,&#8221; IEEE Transactions on Microwave Theory and Techniques, vol. 72, no. 4, pp. 2519-2533, April 2024. https:\/\/doi.org\/10.1109\/TMTT.2023.3315832. <a href=\"https:\/\/ddd.uab.cat\/record\/289248\" data-type=\"link\" data-id=\"https:\/\/ddd.uab.cat\/record\/289248\" target=\"_blank\" rel=\"noreferrer noopener\">Open Access Version<\/a><\/li>\n\n\n\n<li>P. Casacuberta, P. V\u00e9lez, J. Mu\u00f1oz-Enano, L. Su and F. Mart\u00edn, &#8220;<a href=\"https:\/\/doi.org\/10.1109\/TMTT.2023.3308200\" data-type=\"URL\" data-id=\"https:\/\/doi.org\/10.1109\/TMTT.2023.3308200\" target=\"_blank\" rel=\"noreferrer noopener\">Highly Sensitive Coplanar Waveguide (CPW) Reflective-Mode Phase-Variation Permittivity Sensors Based on Weakly Coupled Step-Impedance Resonators (SIRs)<\/a>,&#8221; IEEE Transactions on Microwave Theory and Techniques, vol. 72, no. 3, pp. 1739-1753, March 2024. https:\/\/doi.org\/10.1109\/TMTT.2023.3308200. <a href=\"https:\/\/ddd.uab.cat\/record\/289881\" data-type=\"link\" data-id=\"https:\/\/ddd.uab.cat\/record\/289881\" target=\"_blank\" rel=\"noreferrer noopener\">Open Access Version<\/a><\/li>\n\n\n\n<li>P. V\u00e9lez, X. Canalias, J. Mu\u00f1oz-Enano, P. Casacuberta, L. Su and F. Mart\u00edn, &#8220;<a href=\"https:\/\/doi.org\/10.1109\/TMTT.2023.3308586\" data-type=\"URL\" data-id=\"https:\/\/doi.org\/10.1109\/TMTT.2023.3308586\" target=\"_blank\" rel=\"noreferrer noopener\">Effects of Losses on the Sensitivity of Reflective-Mode Phase-Variation Liquid Sensors<\/a>,&#8221; IEEE Transactions on Microwave Theory and Techniques, vol. 72, no. 2, pp. 903-918, Feb. 2024. https:\/\/doi.org\/10.1109\/TMTT.2023.3308586. <a href=\"https:\/\/ddd.uab.cat\/record\/289879\" data-type=\"link\" data-id=\"https:\/\/ddd.uab.cat\/record\/289879\" target=\"_blank\" rel=\"noreferrer noopener\">Open Access Version<\/a><\/li>\n<\/ul>\n\n\n\n<div class=\"wp-block-columns is-layout-flex wp-container-core-columns-is-layout-9d6595d7 wp-block-columns-is-layout-flex\">\n<div class=\"wp-block-column is-layout-flow wp-block-column-is-layout-flow\" style=\"flex-basis:25%\">\n<div class=\"wp-block-buttons is-layout-flex wp-block-buttons-is-layout-flex\">\n<div class=\"wp-block-button has-custom-width wp-block-button__width-100 is-style-fill\"><a class=\"wp-block-button__link wp-element-button\" href=\"https:\/\/webs.uab.cat\/cimitec\/articles-en-revistes\/2025-2\/\">&lt;&lt; 2025<\/a><\/div>\n<\/div>\n<\/div>\n\n\n\n<div class=\"wp-block-column is-layout-flow wp-block-column-is-layout-flow\" style=\"flex-basis:50%\">\n<div class=\"wp-block-buttons is-layout-flex wp-block-buttons-is-layout-flex\">\n<div class=\"wp-block-button has-custom-width wp-block-button__width-100 is-style-outline is-style-outline--1\"><a class=\"wp-block-button__link wp-element-button\" href=\"https:\/\/webs.uab.cat\/cimitec\/articles-en-revistes\/\">\u00edndex<\/a><\/div>\n<\/div>\n<\/div>\n\n\n\n<div class=\"wp-block-column is-layout-flow wp-block-column-is-layout-flow\" style=\"flex-basis:25%\">\n<div class=\"wp-block-buttons is-layout-flex wp-block-buttons-is-layout-flex\">\n<div class=\"wp-block-button has-custom-width wp-block-button__width-100\"><a class=\"wp-block-button__link wp-element-button\" href=\"https:\/\/webs.uab.cat\/cimitec\/articles-en-revistes\/2023-2\/\">2023 &gt;&gt;<\/a><\/div>\n<\/div>\n<\/div>\n<\/div>\n\n\n\n<p><\/p>\n","protected":false},"excerpt":{"rendered":"","protected":false},"author":2651,"featured_media":0,"parent":28,"menu_order":-1,"comment_status":"closed","ping_status":"closed","template":"","meta":{"footnotes":""},"class_list":["post-2068","page","type-page","status-publish","hentry"],"_links":{"self":[{"href":"https:\/\/webs.uab.cat\/cimitec\/wp-json\/wp\/v2\/pages\/2068","targetHints":{"allow":["GET"]}}],"collection":[{"href":"https:\/\/webs.uab.cat\/cimitec\/wp-json\/wp\/v2\/pages"}],"about":[{"href":"https:\/\/webs.uab.cat\/cimitec\/wp-json\/wp\/v2\/types\/page"}],"author":[{"embeddable":true,"href":"https:\/\/webs.uab.cat\/cimitec\/wp-json\/wp\/v2\/users\/2651"}],"replies":[{"embeddable":true,"href":"https:\/\/webs.uab.cat\/cimitec\/wp-json\/wp\/v2\/comments?post=2068"}],"version-history":[{"count":21,"href":"https:\/\/webs.uab.cat\/cimitec\/wp-json\/wp\/v2\/pages\/2068\/revisions"}],"predecessor-version":[{"id":2682,"href":"https:\/\/webs.uab.cat\/cimitec\/wp-json\/wp\/v2\/pages\/2068\/revisions\/2682"}],"up":[{"embeddable":true,"href":"https:\/\/webs.uab.cat\/cimitec\/wp-json\/wp\/v2\/pages\/28"}],"wp:attachment":[{"href":"https:\/\/webs.uab.cat\/cimitec\/wp-json\/wp\/v2\/media?parent=2068"}],"curies":[{"name":"wp","href":"https:\/\/api.w.org\/{rel}","templated":true}]}}