{"id":2128,"date":"2024-03-13T13:31:29","date_gmt":"2024-03-13T11:31:29","guid":{"rendered":"https:\/\/webs.uab.cat\/gemmacimitec\/?page_id=2128"},"modified":"2026-02-20T13:37:05","modified_gmt":"2026-02-20T11:37:05","slug":"xavier-canalias","status":"publish","type":"page","link":"https:\/\/webs.uab.cat\/cimitec\/membres\/xavier-canalias\/","title":{"rendered":"Xavier Canalias"},"content":{"rendered":"\n<div class=\"wp-block-columns alignwide is-layout-flex wp-container-core-columns-is-layout-9d6595d7 wp-block-columns-is-layout-flex\">\n<div class=\"wp-block-column is-layout-flow wp-block-column-is-layout-flow\" style=\"flex-basis:33.33%\">\n<figure class=\"wp-block-image size-full is-resized\"><img loading=\"lazy\" decoding=\"async\" width=\"371\" height=\"436\" src=\"https:\/\/webs.uab.cat\/gemmacimitec\/wp-content\/uploads\/sites\/445\/2024\/09\/xcanalias.png\" alt=\"\" class=\"wp-image-2325\" style=\"aspect-ratio:1;object-fit:contain;width:350px\" srcset=\"https:\/\/webs.uab.cat\/cimitec\/wp-content\/uploads\/sites\/445\/2024\/09\/xcanalias.png 371w, https:\/\/webs.uab.cat\/cimitec\/wp-content\/uploads\/sites\/445\/2024\/09\/xcanalias-255x300.png 255w\" sizes=\"auto, (max-width: 371px) 100vw, 371px\" \/><\/figure>\n<\/div>\n\n\n\n<div class=\"wp-block-column is-layout-flow wp-block-column-is-layout-flow\" style=\"flex-basis:66.66%\">\n<p><strong>Despatx QC-3093A<br>Tel. +34 93 581 3570<br>E-mail: Xavier.Canalias@uab.cat<\/strong><\/p>\n\n\n\n<p><a href=\"https:\/\/portalrecerca.uab.cat\/en\/persons\/xavier-canalias-ferreros\" data-type=\"link\" data-id=\"https:\/\/portalrecerca.uab.cat\/en\/persons\/xavier-canalias-ferreros\" target=\"_blank\" rel=\"noreferrer noopener\">Producci\u00f3 cient\u00edfica<\/a><\/p>\n\n\n\n<p><strong>Biografia<\/strong><\/p>\n\n\n\n<p>Xavier Canalias va n\u00e9ixer a Sabadell, Barcelona, \u200b\u200bEspanya, l&#8217;any 1999. Va obtenir el grau en enginyeria electr\u00f2nica de telecomunicacions i el m\u00e0ster en enginyeria de telecomunicacions per la Universitat Aut\u00f2noma de Barcelona (UAB), Espanya, l&#8217;any 2021 i 2023, respectivament. Actualment est\u00e0 realitzant la seva tesi doctoral, centrada en el desenvolupament de sensors planars de microones implementats mitjan\u00e7ant components semi-discrets i distribu\u00efts per a la caracteritzaci\u00f3 de s\u00f2lids i l\u00edquids.<\/p>\n<\/div>\n<\/div>\n\n\n\n<div class=\"wp-block-columns alignwide is-layout-flex wp-container-core-columns-is-layout-9d6595d7 wp-block-columns-is-layout-flex\">\n<div class=\"wp-block-column is-layout-flow wp-block-column-is-layout-flow\" style=\"flex-basis:25%\">\n<div class=\"wp-block-buttons is-layout-flex wp-block-buttons-is-layout-flex\">\n<div class=\"wp-block-button has-custom-width wp-block-button__width-100\"><a class=\"wp-block-button__link wp-element-button\" href=\"https:\/\/webs.uab.cat\/cimitec\/membres\/nazmia-kurniawati\/\">&lt;&lt; n. kurniawati<\/a><\/div>\n<\/div>\n<\/div>\n\n\n\n<div class=\"wp-block-column is-layout-flow wp-block-column-is-layout-flow\" style=\"flex-basis:50%\">\n<div class=\"wp-block-buttons is-layout-flex wp-block-buttons-is-layout-flex\">\n<div class=\"wp-block-button has-custom-width wp-block-button__width-100 is-style-outline is-style-outline--1\"><a class=\"wp-block-button__link wp-element-button\" href=\"https:\/\/webs.uab.cat\/cimitec\/membres\/\">llistat de membres<\/a><\/div>\n<\/div>\n<\/div>\n\n\n\n<div class=\"wp-block-column is-layout-flow wp-block-column-is-layout-flow\" style=\"flex-basis:25%\">\n<div class=\"wp-block-buttons is-layout-flex wp-block-buttons-is-layout-flex\">\n<div class=\"wp-block-button has-custom-width wp-block-button__width-100\"><a class=\"wp-block-button__link wp-element-button\" href=\"https:\/\/webs.uab.cat\/cimitec\/membres\/karl-adolphs\/\">K. ADOLPHS &gt;&gt;<\/a><\/div>\n<\/div>\n<\/div>\n<\/div>\n","protected":false},"excerpt":{"rendered":"<p>Despatx QC-3093ATel. +34 93 581 3570E-mail: Xavier.Canalias@uab.cat Producci\u00f3 cient\u00edfica Biografia Xavier Canalias va n\u00e9ixer a Sabadell, Barcelona, \u200b\u200bEspanya, l&#8217;any 1999. Va obtenir el grau en enginyeria electr\u00f2nica de telecomunicacions i el m\u00e0ster en enginyeria de telecomunicacions per la Universitat Aut\u00f2noma de Barcelona (UAB), Espanya, l&#8217;any 2021 i 2023, respectivament. Actualment est\u00e0 realitzant la seva tesi [&hellip;]<\/p>\n","protected":false},"author":2651,"featured_media":0,"parent":25,"menu_order":10,"comment_status":"closed","ping_status":"closed","template":"","meta":{"footnotes":""},"class_list":["post-2128","page","type-page","status-publish","hentry"],"_links":{"self":[{"href":"https:\/\/webs.uab.cat\/cimitec\/wp-json\/wp\/v2\/pages\/2128","targetHints":{"allow":["GET"]}}],"collection":[{"href":"https:\/\/webs.uab.cat\/cimitec\/wp-json\/wp\/v2\/pages"}],"about":[{"href":"https:\/\/webs.uab.cat\/cimitec\/wp-json\/wp\/v2\/types\/page"}],"author":[{"embeddable":true,"href":"https:\/\/webs.uab.cat\/cimitec\/wp-json\/wp\/v2\/users\/2651"}],"replies":[{"embeddable":true,"href":"https:\/\/webs.uab.cat\/cimitec\/wp-json\/wp\/v2\/comments?post=2128"}],"version-history":[{"count":7,"href":"https:\/\/webs.uab.cat\/cimitec\/wp-json\/wp\/v2\/pages\/2128\/revisions"}],"predecessor-version":[{"id":2772,"href":"https:\/\/webs.uab.cat\/cimitec\/wp-json\/wp\/v2\/pages\/2128\/revisions\/2772"}],"up":[{"embeddable":true,"href":"https:\/\/webs.uab.cat\/cimitec\/wp-json\/wp\/v2\/pages\/25"}],"wp:attachment":[{"href":"https:\/\/webs.uab.cat\/cimitec\/wp-json\/wp\/v2\/media?parent=2128"}],"curies":[{"name":"wp","href":"https:\/\/api.w.org\/{rel}","templated":true}]}}