{"id":2148,"date":"2024-03-13T13:31:29","date_gmt":"2024-03-13T11:31:29","guid":{"rendered":"https:\/\/webs.uab.cat\/gemmacimitec\/miembros\/xavier-canalias\/"},"modified":"2026-02-20T13:56:09","modified_gmt":"2026-02-20T11:56:09","slug":"xavier-canalias","status":"publish","type":"page","link":"https:\/\/webs.uab.cat\/cimitec\/miembros\/xavier-canalias\/?lang=es","title":{"rendered":"Xavier Canalias"},"content":{"rendered":"\n<div class=\"wp-block-columns alignwide is-layout-flex wp-container-core-columns-is-layout-9d6595d7 wp-block-columns-is-layout-flex\">\n<div class=\"wp-block-column is-layout-flow wp-block-column-is-layout-flow\" style=\"flex-basis:33.33%\">\n<figure class=\"wp-block-image size-full is-resized\"><img loading=\"lazy\" decoding=\"async\" width=\"371\" height=\"436\" src=\"https:\/\/webs.uab.cat\/gemmacimitec\/wp-content\/uploads\/sites\/445\/2024\/09\/xcanalias.png\" alt=\"\" class=\"wp-image-2325\" style=\"aspect-ratio:1;object-fit:contain;width:350px\" srcset=\"https:\/\/webs.uab.cat\/cimitec\/wp-content\/uploads\/sites\/445\/2024\/09\/xcanalias.png 371w, https:\/\/webs.uab.cat\/cimitec\/wp-content\/uploads\/sites\/445\/2024\/09\/xcanalias-255x300.png 255w\" sizes=\"auto, (max-width: 371px) 100vw, 371px\" \/><\/figure>\n<\/div>\n\n\n\n<div class=\"wp-block-column is-layout-flow wp-block-column-is-layout-flow\" style=\"flex-basis:66.66%\">\n<p><strong>Despacho QC-3093A<br>Tel. +34 93 581 3570<br>E-mail: Xavier.Canalias@uab.cat<\/strong><\/p>\n\n\n\n<p><a href=\"https:\/\/portalrecerca.uab.cat\/en\/persons\/xavier-canalias-ferreros\" data-type=\"link\" data-id=\"https:\/\/portalrecerca.uab.cat\/en\/persons\/xavier-canalias-ferreros\" target=\"_blank\" rel=\"noreferrer noopener\">Producci\u00f3n cient\u00edfica<\/a><\/p>\n\n\n\n<p><strong>Biograf\u00eda<\/strong><\/p>\n\n\n\n<p>Xavier Canalias naci\u00f3 en Sabadell, Barcelona, \u200b\u200bEspa\u00f1a, en 1999. Recibi\u00f3 el t\u00edtulo de grado en ingenier\u00eda electr\u00f3nica de telecomunicaciones y el m\u00e1ster en ingenier\u00eda de telecomunicaciones de la Universitat Aut\u00f2noma de Barcelona (UAB), Espa\u00f1a, en 2021 y 2023, respectivamente. Actualmente est\u00e1 realizando su tesis doctoral, que se centra en el desarrollo de sensores de microondas planares implementados mediante componentes semi-discretos y distribuidos para la caracterizaci\u00f3n de s\u00f3lidos y l\u00edquidos.<\/p>\n<\/div>\n<\/div>\n\n\n\n<div class=\"wp-block-columns alignwide is-layout-flex wp-container-core-columns-is-layout-9d6595d7 wp-block-columns-is-layout-flex\">\n<div class=\"wp-block-column is-layout-flow wp-block-column-is-layout-flow\" style=\"flex-basis:25%\">\n<div class=\"wp-block-buttons is-layout-flex wp-block-buttons-is-layout-flex\">\n<div class=\"wp-block-button has-custom-width wp-block-button__width-100\"><a class=\"wp-block-button__link wp-element-button\" href=\"https:\/\/webs.uab.cat\/cimitec\/miembros\/nazmia-kurniawati\/?lang=es\">&lt;&lt; n. kurniawati<\/a><\/div>\n<\/div>\n<\/div>\n\n\n\n<div class=\"wp-block-column is-layout-flow wp-block-column-is-layout-flow\" style=\"flex-basis:50%\">\n<div class=\"wp-block-buttons is-layout-flex wp-block-buttons-is-layout-flex\">\n<div class=\"wp-block-button has-custom-width wp-block-button__width-100 is-style-outline is-style-outline--1\"><a class=\"wp-block-button__link wp-element-button\" href=\"https:\/\/webs.uab.cat\/cimitec\/miembros\/?lang=es\">listado de miembros<\/a><\/div>\n<\/div>\n<\/div>\n\n\n\n<div class=\"wp-block-column is-layout-flow wp-block-column-is-layout-flow\" style=\"flex-basis:25%\">\n<div class=\"wp-block-buttons is-layout-flex wp-block-buttons-is-layout-flex\">\n<div class=\"wp-block-button has-custom-width wp-block-button__width-100\"><a class=\"wp-block-button__link wp-element-button\" href=\"https:\/\/webs.uab.cat\/cimitec\/miembros\/karl-adolphs\/?lang=es\">K. ADOLPHS &gt;&gt;<\/a><\/div>\n<\/div>\n<\/div>\n<\/div>\n","protected":false},"excerpt":{"rendered":"<p>Despacho QC-3093ATel. +34 93 581 3570E-mail: Xavier.Canalias@uab.cat Producci\u00f3n cient\u00edfica Biograf\u00eda Xavier Canalias naci\u00f3 en Sabadell, Barcelona, \u200b\u200bEspa\u00f1a, en 1999. Recibi\u00f3 el t\u00edtulo de grado en ingenier\u00eda electr\u00f3nica de telecomunicaciones y el m\u00e1ster en ingenier\u00eda de telecomunicaciones de la Universitat Aut\u00f2noma de Barcelona (UAB), Espa\u00f1a, en 2021 y 2023, respectivamente. Actualmente est\u00e1 realizando su tesis doctoral, [&hellip;]<\/p>\n","protected":false},"author":2651,"featured_media":0,"parent":1180,"menu_order":10,"comment_status":"closed","ping_status":"closed","template":"","meta":{"footnotes":""},"class_list":["post-2148","page","type-page","status-publish","hentry"],"_links":{"self":[{"href":"https:\/\/webs.uab.cat\/cimitec\/wp-json\/wp\/v2\/pages\/2148","targetHints":{"allow":["GET"]}}],"collection":[{"href":"https:\/\/webs.uab.cat\/cimitec\/wp-json\/wp\/v2\/pages"}],"about":[{"href":"https:\/\/webs.uab.cat\/cimitec\/wp-json\/wp\/v2\/types\/page"}],"author":[{"embeddable":true,"href":"https:\/\/webs.uab.cat\/cimitec\/wp-json\/wp\/v2\/users\/2651"}],"replies":[{"embeddable":true,"href":"https:\/\/webs.uab.cat\/cimitec\/wp-json\/wp\/v2\/comments?post=2148"}],"version-history":[{"count":10,"href":"https:\/\/webs.uab.cat\/cimitec\/wp-json\/wp\/v2\/pages\/2148\/revisions"}],"predecessor-version":[{"id":2784,"href":"https:\/\/webs.uab.cat\/cimitec\/wp-json\/wp\/v2\/pages\/2148\/revisions\/2784"}],"up":[{"embeddable":true,"href":"https:\/\/webs.uab.cat\/cimitec\/wp-json\/wp\/v2\/pages\/1180"}],"wp:attachment":[{"href":"https:\/\/webs.uab.cat\/cimitec\/wp-json\/wp\/v2\/media?parent=2148"}],"curies":[{"name":"wp","href":"https:\/\/api.w.org\/{rel}","templated":true}]}}