{"id":24,"date":"2023-06-06T13:18:30","date_gmt":"2023-06-06T11:18:30","guid":{"rendered":"https:\/\/webs.uab.cat\/gemmacimitec\/?page_id=24"},"modified":"2023-07-19T12:39:20","modified_gmt":"2023-07-19T10:39:20","slug":"linies-de-recerca","status":"publish","type":"page","link":"https:\/\/webs.uab.cat\/cimitec\/linies-de-recerca\/","title":{"rendered":"L\u00ednies de recerca"},"content":{"rendered":"\n<p>El Grup GEMMA-CIMITEC combina la <strong>recerca disruptiva<\/strong> amb la <strong>transfer\u00e8ncia de tecnologia <\/strong>basada en aquestes activitats de recerca, m\u00e9s enll\u00e0 de l&#8217;estat de la t\u00e8cnica. L&#8217;activitat de GEMMA-CIMITEC des de la seva creaci\u00f3 l&#8217;any 2006 s&#8217;ha centrat en l&#8217;<strong>enginyeria de RF\/microones<\/strong>, amb \u00e8mfasi en l&#8217;aplicaci\u00f3 de conceptes i tecnologies avan\u00e7ades (per exemple, <strong>metamaterials, propietats de simetria electromagn\u00e8tica, electr\u00f2nica impresa i impressi\u00f3 3D, microflu\u00eddica<\/strong>, etc.) al <strong>disseny de dispositius\/sistemes avan\u00e7ats<\/strong> amb noves o millorades funcionalitats i\/o amb mida\/cost redu\u00efts.<\/p>\n\n\n\n<p>Les principals l\u00ednies de recerca actualment s\u00f3n:<\/p>\n\n\n\n<h2 class=\"wp-block-heading\">Sensors de microones i sistemes de detecci\u00f3<\/h2>\n\n\n\n<p>Desenvolupament de <strong><a href=\"https:\/\/doi.org\/10.3390\/app10072615\" data-type=\"URL\" data-id=\"https:\/\/doi.org\/10.3390\/app10072615\" target=\"_blank\" rel=\"noreferrer noopener\">sensors de permitivitat, basats en circuits de RF\/microones<\/a>, amb alta sensibilitat<\/strong>, \u00fatils <strong>per a la <a rel=\"noreferrer noopener\" href=\"https:\/\/doi.org\/10.3390\/s21041542\" data-type=\"URL\" data-id=\"https:\/\/doi.org\/10.3390\/s21041542\" target=\"_blank\">caracteritzaci\u00f3 diel\u00e8ctrica de s\u00f2lids i l\u00edquids<\/a><\/strong>, per a la determinaci\u00f3 de la <strong>composici\u00f3 de materials<\/strong>, per a la <strong>detecci\u00f3 de defectes<\/strong> i, en general, per a la mesura de les moltes variables relacionades amb la permitivitat (temperatura, humitat, etc.). Aquests sensors es poden aplicar en diversos camps, com ara<strong><a rel=\"noreferrer noopener\" href=\"https:\/\/doi.org\/10.1109\/JSEN.2022.3181542\" data-type=\"URL\" data-id=\"https:\/\/doi.org\/10.1109\/JSEN.2022.3181542\" target=\"_blank\"> biodetecci\u00f3<\/a><\/strong>, sensors per a l&#8217;<strong>assist\u00e8ncia m\u00e8dica<\/strong>, sensors per al seguiment de<strong> processos industrials<\/strong> o sensors per mesurar <strong>variables ambientals<\/strong>, entre d&#8217;altres, compatibles amb els paradigmes actuals d&#8217;Ind\u00fastria 4.0 i Internet de les coses (IoT).<\/p>\n\n\n\n<p>Desenvolupament de <strong>codificadors electromagn\u00e8tics<\/strong> (microones) per a <strong><a rel=\"noreferrer noopener\" href=\"https:\/\/doi.org\/10.1109\/TIM.2023.3271758\" data-type=\"URL\" data-id=\"https:\/\/doi.org\/10.1109\/TIM.2023.3271758\" target=\"_blank\">aplicacions de control de moviment<\/a> (sensors de despla\u00e7ament i velocitat)<\/strong>. Els <a href=\"https:\/\/doi.org\/10.3390\/s21082738\" data-type=\"URL\" data-id=\"https:\/\/doi.org\/10.3390\/s21082738\" target=\"_blank\" rel=\"noreferrer noopener\">codificadors electromagn\u00e8tics<\/a> constitueixen una bona alternativa als coneguts codificadors \u00f2ptics, amb molt bona resoluci\u00f3 espacial, per\u00f2 amb una robustesa limitada per al funcionament en condicions dures\/hostils, o en entorns sotmesos a contaminaci\u00f3 o brut\u00edcia, com els que es troben en molts escenaris industrials. Els codificadors magn\u00e8tics i els sensors d&#8217;efecte Hall tamb\u00e9 s\u00f3n d&#8217;inter\u00e8s per al control de moviment, per\u00f2 aquests sensors es basen en elements inductius o imants, la qual cosa representa una soluci\u00f3 de major cost, en comparaci\u00f3 amb els codificadors electromagn\u00e8tics.<\/p>\n\n\n\n<h2 class=\"wp-block-heading\">Identificaci\u00f3 per radiofreq\u00fc\u00e8ncia sense xip (Chipless-RFID)<\/h2>\n\n\n\n<p>La <a href=\"https:\/\/doi.org\/10.1109\/MMM.2019.2941634\" data-type=\"URL\" data-id=\"https:\/\/doi.org\/10.1109\/MMM.2019.2941634\" target=\"_blank\" rel=\"noreferrer noopener\">tecnologia RFID sense xip de proximitat<\/a>, o de camp proper, permet obtenir <strong>etiquetes amb un gran nombre de bits i de baix cost<\/strong> per a diferents aplicacions, com ara:<\/p>\n\n\n\n<p>&#8211; <strong>Identificaci\u00f3 i seguretat documental<\/strong> (Paper segur): Tra\u00e7abilitat i verificaci\u00f3 de documents especials on s&#8217;ha de fer servir suport f\u00edsic (paper certificat, actes notarials, declaracions jurades, receptes m\u00e8diques, material electoral&#8230;)<\/p>\n\n\n\n<p>&#8211; <strong>Smart Packaging:<\/strong> Embalatge d&#8217;elements de baix cost que requereixen un control de tra\u00e7abilitat, com alguns tipus de medicaments. Tamb\u00e9, \u00fatil per establir sistemes de control en la gesti\u00f3 de residus.<\/p>\n\n\n\n<p>Les tasques de recerca estan orientades a:<\/p>\n\n\n\n<p>Implementaci\u00f3 de <strong>sistemes RFID sense xip de camp proper<\/strong> basats en <a href=\"https:\/\/doi.org\/10.1109\/JSEN.2022.3216199\" data-type=\"URL\" data-id=\"https:\/\/doi.org\/10.1109\/JSEN.2022.3216199\" target=\"_blank\" rel=\"noreferrer noopener\">esquemes h\u00edbrids de codificaci\u00f3 temps\/freq\u00fc\u00e8ncia<\/a>, amb una <strong>densitat de dades<\/strong> potencialment <strong>molt alta<\/strong>, superior a la dels sistemes basats en el domini temporal o freq\u00fcencial.<\/p>\n\n\n\n<p>Desenvolupament de <strong>noves etiquetes RFID sense xip ecol\u00f2giques<\/strong>, implementades en pl\u00e0stics flexibles i substrats org\u00e0nics\/biodegradables, com <a href=\"https:\/\/doi.org\/10.3390\/app11177832\" data-type=\"URL\" data-id=\"https:\/\/doi.org\/10.3390\/app11177832\" target=\"_blank\" rel=\"noreferrer noopener\">papers i t\u00e8xtils mitjan\u00e7ant tintes conductores i org\u00e0niques<\/a>, o basades en inclusions d&#8217;etiquetes implementades mitjan\u00e7ant materials diel\u00e8ctrics.<\/p>\n","protected":false},"excerpt":{"rendered":"<p>El Grup GEMMA-CIMITEC combina la recerca disruptiva amb la transfer\u00e8ncia de tecnologia basada en aquestes activitats de recerca, m\u00e9s enll\u00e0 de l&#8217;estat de la t\u00e8cnica. L&#8217;activitat de GEMMA-CIMITEC des de la seva creaci\u00f3 l&#8217;any 2006 s&#8217;ha centrat en l&#8217;enginyeria de RF\/microones, amb \u00e8mfasi en l&#8217;aplicaci\u00f3 de conceptes i tecnologies avan\u00e7ades (per exemple, metamaterials, propietats de [&hellip;]<\/p>\n","protected":false},"author":2651,"featured_media":0,"parent":0,"menu_order":0,"comment_status":"closed","ping_status":"closed","template":"","meta":{"footnotes":""},"class_list":["post-24","page","type-page","status-publish","hentry"],"_links":{"self":[{"href":"https:\/\/webs.uab.cat\/cimitec\/wp-json\/wp\/v2\/pages\/24","targetHints":{"allow":["GET"]}}],"collection":[{"href":"https:\/\/webs.uab.cat\/cimitec\/wp-json\/wp\/v2\/pages"}],"about":[{"href":"https:\/\/webs.uab.cat\/cimitec\/wp-json\/wp\/v2\/types\/page"}],"author":[{"embeddable":true,"href":"https:\/\/webs.uab.cat\/cimitec\/wp-json\/wp\/v2\/users\/2651"}],"replies":[{"embeddable":true,"href":"https:\/\/webs.uab.cat\/cimitec\/wp-json\/wp\/v2\/comments?post=24"}],"version-history":[{"count":5,"href":"https:\/\/webs.uab.cat\/cimitec\/wp-json\/wp\/v2\/pages\/24\/revisions"}],"predecessor-version":[{"id":1221,"href":"https:\/\/webs.uab.cat\/cimitec\/wp-json\/wp\/v2\/pages\/24\/revisions\/1221"}],"wp:attachment":[{"href":"https:\/\/webs.uab.cat\/cimitec\/wp-json\/wp\/v2\/media?parent=24"}],"curies":[{"name":"wp","href":"https:\/\/api.w.org\/{rel}","templated":true}]}}