{"id":2405,"date":"2025-01-09T12:42:20","date_gmt":"2025-01-09T10:42:20","guid":{"rendered":"https:\/\/webs.uab.cat\/gemmacimitec\/?page_id=2405"},"modified":"2026-02-20T11:01:10","modified_gmt":"2026-02-20T09:01:10","slug":"2025-2","status":"publish","type":"page","link":"https:\/\/webs.uab.cat\/cimitec\/articles-en-revistes\/2025-2\/","title":{"rendered":"2025"},"content":{"rendered":"\n<ul class=\"wp-block-list\">\n<li>F. Niknahad, P. Casacuberta, A. M. Gargari, F. Mart\u00edn and M. H. Zarifi, &#8220;<a href=\"https:\/\/doi.org\/10.1109\/LSENS.2025.3600532\" data-type=\"link\" data-id=\"https:\/\/doi.org\/10.1109\/LSENS.2025.3600532\" target=\"_blank\" rel=\"noreferrer noopener\">Next-Generation Passive Sensing of Hazardous Liquid Dispersion Events Using Frequency-Selective Surfaces<\/a>,&#8221; IEEE Sensors Letters, vol. 9, no. 10, pp. 1-4, Oct. 2025, Art no. 3504704, https:\/\/doi.org\/10.1109\/LSENS.2025.3600532<\/li>\n\n\n\n<li>X. Canalias, P. V\u00e9lez, P. Casacuberta, L. Su, N. Kurniawati and F. Martin, &#8220;<a href=\"https:\/\/doi.org\/10.1109\/LSENS.2025.3609453\" data-type=\"link\" data-id=\"https:\/\/doi.org\/10.1109\/LSENS.2025.3609453\" target=\"_blank\" rel=\"noreferrer noopener\">Transmission-Mode Phase-Variation Sensor Based on Weakly Coupled Distributed Resonators and Phase Detector for High Sensitivity Applications<\/a>,&#8221; IEEE Sensors Letters, vol. 9, no. 10, pp. 1-4, Oct. 2025, Art no. 3505604 https:\/\/doi.org\/10.1109\/LSENS.2025.3609453. Open Access Version<\/li>\n\n\n\n<li>A. Karami-Horestani, F. Paredes, K. Adolphs-Saura and F. Mart\u00edn, &#8220;<a href=\"https:\/\/doi.org\/10.1109\/JERM.2025.3600350\" data-type=\"link\" data-id=\"https:\/\/doi.org\/10.1109\/JERM.2025.3600350\" target=\"_blank\" rel=\"noreferrer noopener\">Monitoring Wrist Pulse Wave With a Cantilever-Type Microwave Capacitive Sensor<\/a>,&#8221; IEEE Journal of Electromagnetics, RF and Microwaves in Medicine and Biology, vol. 9, no. 4, pp. 517-524, Dec. 2025, https:\/\/doi.org\/10.1109\/JERM.2025.3600350<\/li>\n\n\n\n<li>C. G. Juan, K. Grenier, M. H. Zarifi, A. Ebrahimi and F. Martin, &#8220;<a href=\"https:\/\/doi.org\/10.1109\/ACCESS.2025.3599112\" data-type=\"link\" data-id=\"https:\/\/doi.org\/10.1109\/ACCESS.2025.3599112\" target=\"_blank\" rel=\"noreferrer noopener\">Planar Microwave Sensors: State of the Art and Applications<\/a>,&#8221; IEEE Access, vol. 13, pp. 143985-144038, 2025, https:\/\/doi.org\/10.1109\/ACCESS.2025.3599112<\/li>\n\n\n\n<li>N. Kurniawati, P. V\u00e9lez, P. Casacuberta, L. Su, X. Canalias, G. Sis\u00f3 and F. Mart\u00edn, &#8220;<a href=\"https:\/\/doi.org\/10.1109\/JSEN.2025.3587339\" data-type=\"link\" data-id=\"https:\/\/doi.org\/10.1109\/JSEN.2025.3587339\" target=\"_blank\" rel=\"noreferrer noopener\">A Versatile Reflective-Mode Phase-Variation Microwave Sensor Based on a Dumbbell Defect-Ground-Structure (DB-DGS) Resonator for Solid and Liquid Characterization<\/a>,&#8221; IEEE Sensors Journal, vol. 25, no. 16, pp. 30676-30691, 15 Aug.15, 2025, https:\/\/doi.org\/10.1109\/JSEN.2025.3587339<\/li>\n\n\n\n<li>P. Casacuberta, P. V\u00e9lez, F. Paredes and F. Mart\u00edn, &#8220;<a href=\"https:\/\/doi.org\/10.1109\/LSENS.2025.3593122\" data-type=\"link\" data-id=\"https:\/\/doi.org\/10.1109\/LSENS.2025.3593122\" target=\"_blank\" rel=\"noreferrer noopener\">Artificial Intelligence (AI)-Assisted Measurement of Glucose, Sodium, and Potassium Concentrations in Diluted Aqueous Solutions Using Microwaves<\/a>,&#8221; IEEE Sensors Letters, vol. 9, no. 8, pp. 1-4, Aug. 2025, Art no. 3503804, https:\/\/doi.org\/10.1109\/LSENS.2025.3593122. <a href=\"https:\/\/ddd.uab.cat\/record\/318693\" data-type=\"link\" data-id=\"https:\/\/ddd.uab.cat\/record\/318693\" target=\"_blank\" rel=\"noreferrer noopener\">Open Access Version<\/a><\/li>\n\n\n\n<li>I. Piekarz, J. Sorocki, W. Skowro\u0144ski, S. G\u00f3rska, S. Gruszczynski, K. Wincza, P. Casacuberta, P. V\u00e9lez, F. Mart\u00edn, &#8220;<a href=\"https:\/\/doi.org\/10.1109\/ACCESS.2025.3583631\" data-type=\"link\" data-id=\"https:\/\/doi.org\/10.1109\/ACCESS.2025.3583631\" target=\"_blank\" rel=\"noreferrer noopener\">Low-Cost and Highly Sensitive Reflective-Mode Phase-Variation Sensor for Bacteria Detection<\/a>,&#8221; IEEE Access, vol. 13, pp. 111567-111576, 2025, https:\/\/doi.org\/10.1109\/ACCESS.2025.3583631 <\/li>\n\n\n\n<li>X. Canalias, P. V\u00e9lez, P. Casacuberta, L. Su, N. Kurniawati and F. Mart\u00edn, &#8220;<a href=\"https:\/\/doi.org\/10.1109\/JSEN.2025.3569406\" data-type=\"link\" data-id=\"https:\/\/doi.org\/10.1109\/JSEN.2025.3569406\" target=\"_blank\" rel=\"noreferrer noopener\">Transmission-Mode Phase-Variation Microwave Sensor Applied to Highly Sensitive Micrometer-Scale Thickness Measurements<\/a>,&#8221; IEEE Sensors Journal, vol. 25, no. 13, pp. 24152-24164, 1 July1, 2025, https:\/\/doi.org\/10.1109\/JSEN.2025.3569406. <a href=\"https:\/\/ddd.uab.cat\/record\/318392\" data-type=\"link\" data-id=\"https:\/\/ddd.uab.cat\/record\/318392\" target=\"_blank\" rel=\"noreferrer noopener\">Open Access Version<\/a><\/li>\n\n\n\n<li>J. Borr\u00e0s-Sarsa, P. Casacuberta, P. V\u00e9lez, L. Su, X. Canalias and F. Mart\u00edn, &#8220;<a href=\"https:\/\/doi.org\/10.1109\/ACCESS.2025.3569452\" data-type=\"link\" data-id=\"https:\/\/doi.org\/10.1109\/ACCESS.2025.3569452\" target=\"_blank\" rel=\"noreferrer noopener\">Microstrip Configurations of Reflective-Mode Phase-Variation Permittivity Sensors Based on Weakly Coupled Step Impedance Resonators (SIR): an Analysis to the Light of Circuit Duality<\/a>,&#8221; IEEE Access, vol. 13, pp. 85838-85856, 2025, https:\/\/doi.org\/10.1109\/ACCESS.2025.3569452<\/li>\n\n\n\n<li>P. V\u00e9lez, F. Paredes, P. Casacuberta, X. Canalias, L. Su and F. Mart\u00edn, &#8220;<a href=\"https:\/\/doi.org\/10.1109\/JSEN.2025.3564003\" data-type=\"link\" data-id=\"https:\/\/doi.org\/10.1109\/JSEN.2025.3564003\" target=\"_blank\" rel=\"noreferrer noopener\">A Microwave Sensor System for the Unattended Control of Corrosion in Urban Metallic Infrastructures<\/a>,&#8221; &nbsp;IEEE Sensors Journal, vol. 25, no. 11, pp. 20455-20465, 1 June1, 2025, https:\/\/doi.org\/10.1109\/JSEN.2025.3564003. <a href=\"https:\/\/ddd.uab.cat\/record\/318346\" data-type=\"link\" data-id=\"https:\/\/ddd.uab.cat\/record\/318346\" target=\"_blank\" rel=\"noreferrer noopener\">Open Access Version<\/a><\/li>\n\n\n\n<li>N. Kurniawati, P. V\u00e9lez, P. Casacuberta, L. Su, X. Canalias and F. Mart\u00edn, &#8220;<a href=\"https:\/\/doi.org\/10.1109\/LSENS.2025.3567134\" data-type=\"link\" data-id=\"https:\/\/doi.org\/10.1109\/LSENS.2025.3567134\" target=\"_blank\" rel=\"noreferrer noopener\">Microstrip Line loaded with Series Gap and Dumbbell Defect-Ground-Structure (DB-DGS) Resonator for Highly Sensitive Sensing Based on Resonance\/Antiresonance: Application to Humidity Measurements<\/a>,&#8221; IEEE Sensors Letters, vol. 9, no. 6, pp. 1-4, June 2025, Art no. 3501804https:\/\/doi.org\/10.1109\/LSENS.2025.3567134<\/li>\n\n\n\n<li>K. Adolphs-Saura, F. Paredes, A. Karami-Horestani, P. Casacuberta, P. V\u00e9lez and F. Mart\u00edn, &#8220;<a href=\"https:\/\/doi.org\/10.1109\/JRFID.2025.3560736\" data-type=\"link\" data-id=\"https:\/\/doi.org\/10.1109\/JRFID.2025.3560736\" target=\"_blank\" rel=\"noreferrer noopener\">Phase-Modulation All-Dielectric and \u201cGreen\u201d Electromagnetic Encoders for Motion Sensing and Near-Field Chipless-RFID<\/a>,&#8221; IEEE Journal of Radio Frequency Identification, vol. 9, pp. 146-160, 2025, https:\/\/doi.org\/10.1109\/JRFID.2025.3560736. <a href=\"https:\/\/ddd.uab.cat\/record\/311749\" data-type=\"link\" data-id=\"https:\/\/ddd.uab.cat\/record\/311749\" target=\"_blank\" rel=\"noreferrer noopener\">Open Access Version<\/a><\/li>\n\n\n\n<li>A. Karami Horestani, F. Paredes, and F. Mart\u00edn, &#8220;<a href=\"https:\/\/doi.org\/10.22034\/jsst.2025.1526\" target=\"_blank\" rel=\"noreferrer noopener\">Simultaneous resolution and dynamic range improvement in microwave phasevariation displacement sensors<\/a>,&#8221; Journal of Space Science and Technology, Vol. 18, Special Issue, pp. 34-40, 2025, https:\/\/doi.org\/10.22034\/jsst.2025.1526.<\/li>\n\n\n\n<li>Y. Wang, S. Fu, X. Han, H. Chen, Z. Xu and F. Mart\u00edn, &#8220;<a href=\"https:\/\/doi.org\/10.1109\/TMTT.2025.3558920\" target=\"_blank\" rel=\"noreferrer noopener\">High-Sensitivity Integrated Oscillator-Based Differential Microfluidic Sensor<\/a>,&#8221; IEEE Transactions on Microwave Theory and Techniques, vol. 73, no. 9, pp. 6956-6963, Sept. 2025, https:\/\/doi.org\/10.1109\/TMTT.2025.3558920<\/li>\n\n\n\n<li>P. Casacuberta, F. Niknahad, A. Maleki Gargari, F. Mart\u00edn and M. H. Zarifi, &#8220;<a href=\"https:\/\/doi.org\/10.1109\/LMWT.2025.3556170\" data-type=\"link\" data-id=\"https:\/\/doi.org\/10.1109\/LMWT.2025.3556170\" target=\"_blank\" rel=\"noreferrer noopener\">AI-Driven Battery-Free Wireless Sensing of Hazardous Liquid Spills via a Frequency-Selective Surface in a Monostatic Antenna Configuration<\/a>,&#8221; IEEE Microwave and Wireless Technology Letters, vol. 35, no. 7, pp. 1093-1096, July 2025. https:\/\/doi.org\/10.1109\/LMWT.2025.3556170<\/li>\n\n\n\n<li>P. Casacuberta, P. V\u00e9lez, L. Su, X. Canalias and F. Mart\u00edn, &#8220;<a href=\"https:\/\/doi.org\/10.1109\/MMM.2024.3474636\" data-type=\"link\" data-id=\"https:\/\/doi.org\/10.1109\/MMM.2024.3474636\" target=\"_blank\" rel=\"noreferrer noopener\">Engineering With Loss to Enhance Sensitivity in Microwave Sensors<\/a>,&#8221; IEEE Microwave Magazine, vol. 26, no. 5, pp. 52-66, May 2025, https:\/\/doi.org\/10.1109\/MMM.2024.3474636. <a href=\"https:\/\/ddd.uab.cat\/record\/311747\" data-type=\"link\" data-id=\"https:\/\/ddd.uab.cat\/record\/311747\" target=\"_blank\" rel=\"noreferrer noopener\">Open Access Version<\/a><\/li>\n\n\n\n<li>L. Su, P. V\u00e9lez, P. Casacuberta, X. Canalias, N. Kurniawati, F. Mart\u00edn. &#8220;<a href=\"https:\/\/doi.org\/10.3390\/s25030735\" data-type=\"link\" data-id=\"https:\/\/doi.org\/10.3390\/s25030735\" target=\"_blank\" rel=\"noreferrer noopener\">A Discussion on Sensitivity Optimization in Reflective-Mode Phase-Variation Permittivity Sensors Based on Semi-Lumped Resonators<\/a>&#8220;.&nbsp;Sensors. 2025; 25(3):735. https:\/\/doi.org\/10.3390\/s25030735<\/li>\n\n\n\n<li>X. Canalias, P. Casacuberta, P. V\u00e9lez, L. Su and F. Mart\u00edn, &#8220;<a href=\"https:\/\/doi.org\/10.1109\/TMTT.2024.3454343\" data-type=\"link\" data-id=\"https:\/\/doi.org\/10.1109\/TMTT.2024.3454343\" target=\"_blank\" rel=\"noreferrer noopener\">Highly Sensitive Transmission-Mode Phase-Variation Permittivity Sensor Based on Resonance and Antiresonance<\/a>,&#8221; IEEE Transactions on Microwave Theory and Techniques, vol. 73, no. 3, pp. 1619-1631, March 2025. https:\/\/doi.org\/10.1109\/TMTT.2024.3454343. <a href=\"https:\/\/ddd.uab.cat\/record\/311744\" data-type=\"link\" data-id=\"https:\/\/ddd.uab.cat\/record\/311744\" target=\"_blank\" rel=\"noreferrer noopener\">Open Access Version<\/a>.<\/li>\n\n\n\n<li>P. Casacuberta, A. Ebrahimi, P. V\u00e9lez, L. Su, X. Canalias, K. Ghorbani, F. Mart\u00edn, &#8220;<a href=\"https:\/\/doi.org\/10.1109\/TMTT.2024.3452433\" data-type=\"link\" data-id=\"https:\/\/doi.org\/10.1109\/TMTT.2024.3452433\" target=\"_blank\" rel=\"noreferrer noopener\">Sensitivity Optimization in Single-Frequency Planar Microwave Sensors for Solid and Liquid Characterization and Microfluidics<\/a>,&#8221; &nbsp;IEEE Transactions on Microwave Theory and Techniques, vol. 73, no. 3, pp. 1581-1609, March 2025 https:\/\/doi.org\/10.1109\/TMTT.2024.3452433<\/li>\n\n\n\n<li>X. Canalias, P. V\u00e9lez, P. Casacuberta, L. Su and F. Mart\u00edn, &#8220;<a href=\"https:\/\/doi.org\/10.1109\/TMTT.2024.3429536\" data-type=\"link\" data-id=\"https:\/\/doi.org\/10.1109\/TMTT.2024.3429536\" target=\"_blank\" rel=\"noreferrer noopener\">Transmission-Mode Phase-Variation Planar Microwave Sensor Based on a Step-Impedance Shunt Stub for High Sensitivity Defect Detection, Dielectric Constant, and Proximity Measurements<\/a>,&#8221; &nbsp;IEEE Transactions on Microwave Theory and Techniques, vol. 73, no. 2, pp. 1017-1028, Feb. 2025. https:\/\/doi.org\/10.1109\/TMTT.2024.3429536. <a href=\"https:\/\/ddd.uab.cat\/record\/311743\" data-type=\"link\" data-id=\"https:\/\/ddd.uab.cat\/record\/311743\" target=\"_blank\" rel=\"noreferrer noopener\">Open Access Version<\/a>.<\/li>\n\n\n\n<li>A. Karami-Horestani, F. Paredes, P. Casacuberta, A. Ebrahimi, P. V\u00e9lez, K. Adolphs Saura, K. Ghorbani and F. Mart\u00edn, &nbsp;&#8220;<a href=\"https:\/\/doi.org\/10.1109\/TMTT.2024.3423407\" data-type=\"link\" data-id=\"https:\/\/doi.org\/10.1109\/TMTT.2024.3423407\" target=\"_blank\" rel=\"noreferrer noopener\">Reflective-Mode Phase-Variation Sensors Based on a Movable Step Impedance Resonator (SIR) and Application to Micrometer-Scale Motion Sensing<\/a>,&#8221; IEEE Transactions on Microwave Theory and Techniques, vol. 73, no. 1, pp. 592-605, Jan. 2025. https:\/\/doi.org\/10.1109\/TMTT.2024.3423407. <a href=\"https:\/\/ddd.uab.cat\/record\/306115\" data-type=\"link\" data-id=\"https:\/\/ddd.uab.cat\/record\/306115\" target=\"_blank\" rel=\"noreferrer noopener\">Open Access Version<\/a><\/li>\n\n\n\n<li>A. Karami-Horestani, S. Rodini, S. Genovesi, F. Paredes, F. Costa and F. Mart\u00edn, &#8220;<a href=\"https:\/\/doi.org\/10.1109\/JSEN.2024.3510657\" data-type=\"link\" data-id=\"https:\/\/doi.org\/10.1109\/JSEN.2024.3510657\" target=\"_blank\" rel=\"noreferrer noopener\">Microwave Capacitive Pressure Sensor Based on an Additively Manufactured Elastic Layer<\/a>,&#8221; IEEE Sensors Journal, vol. 25, no. 2, pp. 2618-2628, 15 Jan.15, 2025 https:\/\/doi.org\/10.1109\/JSEN.2024.3510657. <a href=\"https:\/\/ddd.uab.cat\/record\/305973\" data-type=\"link\" data-id=\"https:\/\/ddd.uab.cat\/record\/305973\" target=\"_blank\" rel=\"noreferrer noopener\">Open Access Version<\/a>.<\/li>\n<\/ul>\n\n\n\n<div class=\"wp-block-columns is-layout-flex wp-container-core-columns-is-layout-9d6595d7 wp-block-columns-is-layout-flex\">\n<div class=\"wp-block-column is-layout-flow wp-block-column-is-layout-flow\" style=\"flex-basis:25%\">\n<div class=\"wp-block-buttons is-content-justification-left is-layout-flex wp-container-core-buttons-is-layout-fdcfc74e wp-block-buttons-is-layout-flex\">\n<div class=\"wp-block-button has-custom-width wp-block-button__width-100\"><a class=\"wp-block-button__link wp-element-button\" href=\"https:\/\/webs.uab.cat\/cimitec\/articles-en-revistes\/2026-2\/\">&lt;&lt; 2026<\/a><\/div>\n<\/div>\n<\/div>\n\n\n\n<div class=\"wp-block-column is-layout-flow wp-block-column-is-layout-flow\" style=\"flex-basis:50%\">\n<div class=\"wp-block-buttons is-layout-flex wp-block-buttons-is-layout-flex\">\n<div class=\"wp-block-button has-custom-width wp-block-button__width-100 is-style-outline is-style-outline--1\"><a class=\"wp-block-button__link wp-element-button\" href=\"https:\/\/webs.uab.cat\/cimitec\/articles-en-revistes\/\">\u00edndex<\/a><\/div>\n<\/div>\n<\/div>\n\n\n\n<div class=\"wp-block-column is-layout-flow wp-block-column-is-layout-flow\" style=\"flex-basis:25%\">\n<div class=\"wp-block-buttons is-layout-flex wp-block-buttons-is-layout-flex\">\n<div class=\"wp-block-button has-custom-width wp-block-button__width-100\"><a class=\"wp-block-button__link wp-element-button\" href=\"https:\/\/webs.uab.cat\/cimitec\/articles-en-revistes\/2024-2\/\">2024 &gt;&gt;<\/a><\/div>\n<\/div>\n<\/div>\n<\/div>\n\n\n\n<p><\/p>\n","protected":false},"excerpt":{"rendered":"","protected":false},"author":2651,"featured_media":0,"parent":28,"menu_order":-2,"comment_status":"closed","ping_status":"closed","template":"","meta":{"footnotes":""},"class_list":["post-2405","page","type-page","status-publish","hentry"],"_links":{"self":[{"href":"https:\/\/webs.uab.cat\/cimitec\/wp-json\/wp\/v2\/pages\/2405","targetHints":{"allow":["GET"]}}],"collection":[{"href":"https:\/\/webs.uab.cat\/cimitec\/wp-json\/wp\/v2\/pages"}],"about":[{"href":"https:\/\/webs.uab.cat\/cimitec\/wp-json\/wp\/v2\/types\/page"}],"author":[{"embeddable":true,"href":"https:\/\/webs.uab.cat\/cimitec\/wp-json\/wp\/v2\/users\/2651"}],"replies":[{"embeddable":true,"href":"https:\/\/webs.uab.cat\/cimitec\/wp-json\/wp\/v2\/comments?post=2405"}],"version-history":[{"count":26,"href":"https:\/\/webs.uab.cat\/cimitec\/wp-json\/wp\/v2\/pages\/2405\/revisions"}],"predecessor-version":[{"id":2678,"href":"https:\/\/webs.uab.cat\/cimitec\/wp-json\/wp\/v2\/pages\/2405\/revisions\/2678"}],"up":[{"embeddable":true,"href":"https:\/\/webs.uab.cat\/cimitec\/wp-json\/wp\/v2\/pages\/28"}],"wp:attachment":[{"href":"https:\/\/webs.uab.cat\/cimitec\/wp-json\/wp\/v2\/media?parent=2405"}],"curies":[{"name":"wp","href":"https:\/\/api.w.org\/{rel}","templated":true}]}}